{"id":36034,"date":"2024-02-08T18:55:18","date_gmt":"2024-02-08T17:55:18","guid":{"rendered":"https:\/\/memorabilia-germany.de\/memorabilia-showcases\/"},"modified":"2025-02-05T12:36:19","modified_gmt":"2025-02-05T11:36:19","slug":"memorabilia-showcases","status":"publish","type":"page","link":"https:\/\/memorabilia-germany.de\/fr\/memorabilia-showcases\/","title":{"rendered":"MEMORABILIA SHOWCASES"},"content":{"rendered":"\t\t<div data-elementor-type=\"wp-page\" data-elementor-id=\"36034\" class=\"elementor elementor-36034 elementor-11662\" data-elementor-post-type=\"page\">\n\t\t\t\t\t\t<section class=\"elementor-section elementor-top-section elementor-element elementor-element-fa80332 elementor-section-boxed elementor-section-height-default elementor-section-height-default\" data-id=\"fa80332\" data-element_type=\"section\" data-e-type=\"section\">\n\t\t\t\t\t\t<div class=\"elementor-container elementor-column-gap-no\">\n\t\t\t\t\t<div class=\"elementor-column elementor-col-100 elementor-top-column elementor-element elementor-element-160e1cc\" data-id=\"160e1cc\" data-element_type=\"column\" data-e-type=\"column\">\n\t\t\t<div class=\"elementor-widget-wrap elementor-element-populated\">\n\t\t\t\t\t\t<div class=\"elementor-element elementor-element-471aa95 elementor-widget elementor-widget-heading\" data-id=\"471aa95\" data-element_type=\"widget\" data-e-type=\"widget\" data-widget_type=\"heading.default\">\n\t\t\t\t<div class=\"elementor-widget-container\">\n\t\t\t\t\t<h1 class=\"elementor-heading-title elementor-size-default\">Memorabilia Showcase<\/h1>\t\t\t\t<\/div>\n\t\t\t\t<\/div>\n\t\t\t\t\t<\/div>\n\t\t<\/div>\n\t\t\t\t\t<\/div>\n\t\t<\/section>\n\t\t\t\t<section class=\"elementor-section elementor-top-section elementor-element elementor-element-731020e elementor-section-boxed elementor-section-height-default elementor-section-height-default\" data-id=\"731020e\" data-element_type=\"section\" data-e-type=\"section\">\n\t\t\t\t\t\t<div class=\"elementor-container elementor-column-gap-no\">\n\t\t\t\t\t<div class=\"elementor-column elementor-col-100 elementor-top-column elementor-element elementor-element-ecebf6d\" data-id=\"ecebf6d\" data-element_type=\"column\" data-e-type=\"column\">\n\t\t\t<div class=\"elementor-widget-wrap elementor-element-populated\">\n\t\t\t\t\t\t<div class=\"elementor-element elementor-element-9e48b2e elementor-widget elementor-widget-text-editor\" data-id=\"9e48b2e\" data-element_type=\"widget\" data-e-type=\"widget\" data-widget_type=\"text-editor.default\">\n\t\t\t\t<div class=\"elementor-widget-container\">\n\t\t\t\t\t\t\t\t\t<p>Dans nos vitrines Memorabilia, vous trouverez vos Memorabilia pr\u00e9f\u00e9r\u00e9s parfaitement mis en valeur. Chaque objet est plac\u00e9 dans une vitrine en verre de s\u00e9curit\u00e9 avec diff\u00e9rentes fonctionnalit\u00e9s telles que les porte-balles, Trading Cards ou Name Plates. <\/p>\n\t\t\t\t\t\t\t\t<\/div>\n\t\t\t\t<\/div>\n\t\t\t\t\t<\/div>\n\t\t<\/div>\n\t\t\t\t\t<\/div>\n\t\t<\/section>\n\t\t\t\t<section class=\"elementor-section elementor-top-section elementor-element elementor-element-f01d810 elementor-section-boxed elementor-section-height-default elementor-section-height-default\" data-id=\"f01d810\" data-element_type=\"section\" data-e-type=\"section\">\n\t\t\t\t\t\t<div class=\"elementor-container elementor-column-gap-no\">\n\t\t\t\t\t<div class=\"elementor-column elementor-col-100 elementor-top-column elementor-element elementor-element-0d580c2\" data-id=\"0d580c2\" data-element_type=\"column\" data-e-type=\"column\">\n\t\t\t<div class=\"elementor-widget-wrap elementor-element-populated\">\n\t\t\t\t\t\t<div class=\"elementor-element elementor-element-df2e2a4 elementor-grid-3 elementor-product-loop-item--align-center elementor-grid-mobile-2 elementor-grid-tablet-3 elementor-products-grid elementor-wc-products elementor-widget elementor-widget-wc-categories\" data-id=\"df2e2a4\" data-element_type=\"widget\" data-e-type=\"widget\" data-widget_type=\"wc-categories.default\">\n\t\t\t\t<div class=\"elementor-widget-container\">\n\t\t\t\t\t<div class=\"woocommerce columns-3\">\r\n<ul class=\"products elementor-grid oceanwp-row clr grid tablet-col tablet-2-col mobile-col mobile-1-col\">\r\n<li class=\"product-category product first col span_1_of_3\">\n\t<a aria-label=\"Acc\u00e9der \u00e0 la cat\u00e9gorie de produits FOOTBALL AM\u00c9RICAIN SHOWCASE\" href=\"https:\/\/memorabilia-germany.de\/fr\/produkt-kategorie\/football-americain-memorabilia\/football-americain-showcase\/\"><div class=\"product-inner clr\"><div class=\"woo-entry-image clr\"><a href=\"https:\/\/memorabilia-germany.de\/fr\/produkt-kategorie\/football-americain-memorabilia\/football-americain-showcase\/\"><img decoding=\"async\" src=\"https:\/\/memorabilia-germany.de\/wp-content\/uploads\/nfl-autogramme-300x300.jpg\" alt=\"FOOTBALL AM\u00c9RICAIN SHOWCASE\" width=\"300\" height=\"\" srcset=\"https:\/\/memorabilia-germany.de\/wp-content\/uploads\/nfl-autogramme-300x300.jpg 300w, https:\/\/memorabilia-germany.de\/wp-content\/uploads\/elementor\/thumbs\/nfl-autogramme-prba0ch29q9iaeu8ludrjhiqyiwkac3eb0hskkhka0.jpg 100w, https:\/\/memorabilia-germany.de\/wp-content\/uploads\/elementor\/thumbs\/nfl-autogramme-r306r0bcwz3fmnkclfww2igisjun6xggw5o6ynk4fo.jpg 50w, https:\/\/memorabilia-germany.de\/wp-content\/uploads\/elementor\/thumbs\/nfl-autogramme-prba0ch20yi7yt7hq27j49r2r228jzg94nkrcae49s.jpg 80w, https:\/\/memorabilia-germany.de\/wp-content\/uploads\/elementor\/thumbs\/nfl-autogramme-prba0ch1s6qxn7kqua1ap1zejl7wtmt3yanq40ao9k.jpg 60w, https:\/\/memorabilia-germany.de\/wp-content\/uploads\/elementor\/thumbs\/nfl-autogramme-qvsgehpbkr379hqld2h15riez11t9rcj354gntmm5s.jpg 120w, https:\/\/memorabilia-germany.de\/wp-content\/uploads\/nfl-autogramme.jpg 400w\" sizes=\"(max-width: 300px) 100vw, 300px\" \/><\/a><\/div><div class=\"woo-entry-inner clr\"><a href=\"https:\/\/memorabilia-germany.de\/fr\/produkt-kategorie\/football-americain-memorabilia\/football-americain-showcase\/\"><\/a><\/div><\/div><\/a><\/li>\n<li class=\"product-category product col span_1_of_3\">\n\t<a aria-label=\"Acc\u00e9der \u00e0 la cat\u00e9gorie de produits SHOWCASE DE BOXE\" href=\"https:\/\/memorabilia-germany.de\/fr\/produkt-kategorie\/boxe-memorabilia\/showcase-de-boxe\/\"><div class=\"product-inner clr\"><div class=\"woo-entry-image clr\"><a href=\"https:\/\/memorabilia-germany.de\/fr\/produkt-kategorie\/boxe-memorabilia\/showcase-de-boxe\/\"><img decoding=\"async\" src=\"https:\/\/memorabilia-germany.de\/wp-content\/uploads\/boxing-memorabilia-300x300.jpg\" alt=\"SHOWCASE DE BOXE\" width=\"300\" height=\"\" srcset=\"https:\/\/memorabilia-germany.de\/wp-content\/uploads\/boxing-memorabilia-300x300.jpg 300w, https:\/\/memorabilia-germany.de\/wp-content\/uploads\/elementor\/thumbs\/boxing-memorabilia-prb9zwht1jnmt1hg75h3v3jwuz3bnhbyktejev597s.jpg 100w, https:\/\/memorabilia-germany.de\/wp-content\/uploads\/elementor\/thumbs\/boxing-memorabilia-r306qvm5ysx00lr6cvvr81n7tmht4fxt7ierk9r3as.jpg 50w, https:\/\/memorabilia-germany.de\/wp-content\/uploads\/elementor\/thumbs\/boxing-memorabilia-qvsgeftn730mm9tbo1ns0rzhs9b2ud52evthp9pei8.jpg 120w, https:\/\/memorabilia-germany.de\/wp-content\/uploads\/boxing-memorabilia.jpg 400w\" sizes=\"(max-width: 300px) 100vw, 300px\" \/><\/a><\/div><div class=\"woo-entry-inner clr\"><a href=\"https:\/\/memorabilia-germany.de\/fr\/produkt-kategorie\/boxe-memorabilia\/showcase-de-boxe\/\"><\/a><\/div><\/div><\/a><\/li>\n<li class=\"product-category product last col span_1_of_3\">\n\t<a aria-label=\"Acc\u00e9der \u00e0 la cat\u00e9gorie de produits MOVIE SHOWCASE\" href=\"https:\/\/memorabilia-germany.de\/fr\/produkt-kategorie\/entertainment-memorabilia-fr\/movie-showcase-fr\/\"><div class=\"product-inner clr\"><div class=\"woo-entry-image clr\"><a href=\"https:\/\/memorabilia-germany.de\/fr\/produkt-kategorie\/entertainment-memorabilia-fr\/movie-showcase-fr\/\"><img decoding=\"async\" src=\"https:\/\/memorabilia-germany.de\/wp-content\/uploads\/star-autogramme-300x300.jpg\" alt=\"MOVIE SHOWCASE\" width=\"300\" height=\"\" srcset=\"https:\/\/memorabilia-germany.de\/wp-content\/uploads\/star-autogramme-300x300.jpg 300w, https:\/\/memorabilia-germany.de\/wp-content\/uploads\/elementor\/thumbs\/star-autogramme-prb9zdp18uxwcu8r8xckh8aoz9nzdj9bu8cttbx4o8.jpg 100w, https:\/\/memorabilia-germany.de\/wp-content\/uploads\/elementor\/thumbs\/star-autogramme-prb9zdp1036m18m0d56c20j0rstnn6m6nvfsl1too0.jpg 80w, https:\/\/memorabilia-germany.de\/wp-content\/uploads\/elementor\/thumbs\/star-autogramme-r306r34vhh7alhg94z4rrzqwkpgqu0rnwjmnehfxx0.jpg 50w, https:\/\/memorabilia-germany.de\/wp-content\/uploads\/elementor\/thumbs\/star-autogramme-qvsgejkzyf5rwpnv23aaar1c5ssjp5jzreffmdjttc.jpg 120w, https:\/\/memorabilia-germany.de\/wp-content\/uploads\/star-autogramme.jpg 400w\" sizes=\"(max-width: 300px) 100vw, 300px\" \/><\/a><\/div><div class=\"woo-entry-inner clr\"><a href=\"https:\/\/memorabilia-germany.de\/fr\/produkt-kategorie\/entertainment-memorabilia-fr\/movie-showcase-fr\/\"><\/a><\/div><\/div><\/a><\/li>\n<li class=\"product-category product first col span_1_of_3\">\n\t<a aria-label=\"Acc\u00e9der \u00e0 la cat\u00e9gorie de produits BASKET-BALL SHOWCASE\" href=\"https:\/\/memorabilia-germany.de\/fr\/produkt-kategorie\/basket-ball-memorabilia\/basket-ball-showcase\/\"><div class=\"product-inner clr\"><div class=\"woo-entry-image clr\"><a href=\"https:\/\/memorabilia-germany.de\/fr\/produkt-kategorie\/basket-ball-memorabilia\/basket-ball-showcase\/\"><img decoding=\"async\" src=\"https:\/\/memorabilia-germany.de\/wp-content\/uploads\/nba-memorabilia-300x300.jpg\" alt=\"BASKET-BALL SHOWCASE\" width=\"300\" height=\"\" srcset=\"https:\/\/memorabilia-germany.de\/wp-content\/uploads\/nba-memorabilia-300x300.jpg 300w, https:\/\/memorabilia-germany.de\/wp-content\/uploads\/elementor\/thumbs\/nba-memorabilia-prb9zwht1jnmt1hg75h3v3jwuz3bnhbyktejev597s.jpg 100w, https:\/\/memorabilia-germany.de\/wp-content\/uploads\/elementor\/thumbs\/nba-memorabilia-prb9zwhssrwchfupbdavfvs8ni8zx4oteghi6l1t7k.jpg 80w, https:\/\/memorabilia-germany.de\/wp-content\/uploads\/elementor\/thumbs\/nba-memorabilia-r306qxhucgzkntog1wp0d1650e8jju59vrpqitoayc.jpg 50w, https:\/\/memorabilia-germany.de\/wp-content\/uploads\/elementor\/thumbs\/nba-memorabilia-prb9zwhtnh1um1kbelwox4z3dn74zcxtipp4hkdv8c.jpg 150w, https:\/\/memorabilia-germany.de\/wp-content\/uploads\/elementor\/thumbs\/nba-memorabilia-qvsgegrhdx1wxvryik2el9qydn6g228sr0gz6jo0c0.jpg 120w, https:\/\/memorabilia-germany.de\/wp-content\/uploads\/nba-memorabilia.jpg 400w\" sizes=\"(max-width: 300px) 100vw, 300px\" \/><\/a><\/div><div class=\"woo-entry-inner clr\"><a href=\"https:\/\/memorabilia-germany.de\/fr\/produkt-kategorie\/basket-ball-memorabilia\/basket-ball-showcase\/\"><\/a><\/div><\/div><\/a><\/li>\n<\/ul>\n<\/div>\t\t\t\t<\/div>\n\t\t\t\t<\/div>\n\t\t\t\t\t<\/div>\n\t\t<\/div>\n\t\t\t\t\t<\/div>\n\t\t<\/section>\n\t\t\t\t<section class=\"elementor-section elementor-top-section elementor-element elementor-element-7b3c623 elementor-section-boxed elementor-section-height-default elementor-section-height-default\" data-id=\"7b3c623\" data-element_type=\"section\" data-e-type=\"section\">\n\t\t\t\t\t\t<div class=\"elementor-container elementor-column-gap-no\">\n\t\t\t\t\t<div class=\"elementor-column elementor-col-100 elementor-top-column elementor-element elementor-element-5ffbf1b\" data-id=\"5ffbf1b\" data-element_type=\"column\" data-e-type=\"column\">\n\t\t\t<div class=\"elementor-widget-wrap elementor-element-populated\">\n\t\t\t\t\t\t<div class=\"elementor-element elementor-element-ceebb3d elementor-widget elementor-widget-text-editor\" data-id=\"ceebb3d\" data-element_type=\"widget\" data-e-type=\"widget\" data-widget_type=\"text-editor.default\">\n\t\t\t\t<div class=\"elementor-widget-container\">\n\t\t\t\t\t\t\t\t\tMemorabilia Showcase:\nun Memorabilia Showcase est le point fort visuel dans l&rsquo;appartement de chaque fan de sport ou de cin\u00e9ma.\nVos Memorabilia se trouvent dans une belle vitrine en verre de s\u00e9curit\u00e9 avec une plaque signal\u00e9tique en aluminium.\nParfaitement prot\u00e9g\u00e9 et id\u00e9alement pr\u00e9sent\u00e9.\nNotre gamme de showcases comprend des cases dans les domaines suivants <strong><a href=\"https:\/\/memorabilia-germany.de\/fr\/produkt-kategorie\/football-americain-memorabilia\/football-americain-showcase\/\">Football Am\u00e9ricain<\/a><\/strong>, <strong><a href=\"https:\/\/memorabilia-germany.de\/fr\/produkt-kategorie\/basket-ball-memorabilia\/basket-ball-showcase\/\">Basket-ball<\/a><\/strong>, <strong><a href=\"\/de?product_cat=showcase-de-box\">Boxe<\/a><\/strong> et <strong><a href=\"https:\/\/memorabilia-germany.de\/fr\/produkt-kategorie\/entertainment-memorabilia-fr\/movie-showcase-fr\/\">Movie<\/a><\/strong>.\nDes ballons aux mini-casques, en passant par les gants de boxe et les masques de personnages de films c\u00e9l\u00e8bres, vous trouverez chez nous des raret\u00e9s sign\u00e9es,\nqui vous feront vibrer !\nChaque Memorabilia Showcase est exp\u00e9di\u00e9 gratuitement en Allemagne et vous parvient le plus rapidement possible.\nNous proposons \u00e9galement une exp\u00e9dition tr\u00e8s rapide en dehors de l\u2019Allemagne.\nBien entendu, tous les autographes figurant sur le site Memorabilia dans les showcases sont sign\u00e9s par l&rsquo;un des principaux authentificateurs mondiaux comme <strong><a href=\"https:\/\/memorabilia-germany.de\/fr\/authentification-des-signatures\/#signature-authentication-beckett\">Beckett<\/a><\/strong>, \n<strong><a href=\"https:\/\/memorabilia-germany.de\/fr\/authentification-des-signatures\/#signature-authentication-james-spence\">James Spence Authentication<\/a><\/strong> ou <strong><a href=\"https:\/\/memorabilia-germany.de\/fr\/authentification-des-signatures\/#signature-authentication-psa-dna\">PSA\/DNA<\/a><\/strong>.\n\nVous pouvez trouver plus de Sports Memorabilia <strong><a href=\"https:\/\/memorabilia-germany.de\/fr\">ici<\/a><\/strong>.\t\t\t\t\t\t\t\t<\/div>\n\t\t\t\t<\/div>\n\t\t\t\t\t<\/div>\n\t\t<\/div>\n\t\t\t\t\t<\/div>\n\t\t<\/section>\n\t\t\t\t<\/div>\n\t\t","protected":false},"excerpt":{"rendered":"<p>Memorabilia Showcase Dans nos vitrines Memorabilia, vous trouverez vos Memorabilia pr\u00e9f\u00e9r\u00e9s parfaitement mis en valeur. Chaque objet est plac\u00e9 dans une vitrine en verre de s\u00e9curit\u00e9 avec diff\u00e9rentes fonctionnalit\u00e9s telles que les porte-balles, Trading Cards ou Name Plates. Memorabilia Showcase: un Memorabilia Showcase est le point fort visuel dans l&rsquo;appartement de chaque fan de sport [&hellip;]<\/p>\n","protected":false},"author":1,"featured_media":0,"parent":0,"menu_order":0,"comment_status":"closed","ping_status":"closed","template":"elementor_header_footer","meta":{"_acf_changed":false,"ocean_post_layout":"","ocean_both_sidebars_style":"","ocean_both_sidebars_content_width":0,"ocean_both_sidebars_sidebars_width":0,"ocean_sidebar":"0","ocean_second_sidebar":"0","ocean_disable_margins":"enable","ocean_add_body_class":"","ocean_shortcode_before_top_bar":"","ocean_shortcode_after_top_bar":"","ocean_shortcode_before_header":"","ocean_shortcode_after_header":"","ocean_has_shortcode":"","ocean_shortcode_after_title":"","ocean_shortcode_before_footer_widgets":"","ocean_shortcode_after_footer_widgets":"","ocean_shortcode_before_footer_bottom":"","ocean_shortcode_after_footer_bottom":"","ocean_display_top_bar":"default","ocean_display_header":"default","ocean_header_style":"","ocean_center_header_left_menu":"0","ocean_custom_header_template":"0","ocean_custom_logo":0,"ocean_custom_retina_logo":0,"ocean_custom_logo_max_width":0,"ocean_custom_logo_tablet_max_width":0,"ocean_custom_logo_mobile_max_width":0,"ocean_custom_logo_max_height":0,"ocean_custom_logo_tablet_max_height":0,"ocean_custom_logo_mobile_max_height":0,"ocean_header_custom_menu":"0","ocean_menu_typo_font_family":"0","ocean_menu_typo_font_subset":"","ocean_menu_typo_font_size":0,"ocean_menu_typo_font_size_tablet":0,"ocean_menu_typo_font_size_mobile":0,"ocean_menu_typo_font_size_unit":"px","ocean_menu_typo_font_weight":"","ocean_menu_typo_font_weight_tablet":"","ocean_menu_typo_font_weight_mobile":"","ocean_menu_typo_transform":"","ocean_menu_typo_transform_tablet":"","ocean_menu_typo_transform_mobile":"","ocean_menu_typo_line_height":0,"ocean_menu_typo_line_height_tablet":0,"ocean_menu_typo_line_height_mobile":0,"ocean_menu_typo_line_height_unit":"","ocean_menu_typo_spacing":0,"ocean_menu_typo_spacing_tablet":0,"ocean_menu_typo_spacing_mobile":0,"ocean_menu_typo_spacing_unit":"","ocean_menu_link_color":"","ocean_menu_link_color_hover":"","ocean_menu_link_color_active":"","ocean_menu_link_background":"","ocean_menu_link_hover_background":"","ocean_menu_link_active_background":"","ocean_menu_social_links_bg":"","ocean_menu_social_hover_links_bg":"","ocean_menu_social_links_color":"","ocean_menu_social_hover_links_color":"","ocean_disable_title":"default","ocean_disable_heading":"default","ocean_post_title":"","ocean_post_subheading":"","ocean_post_title_style":"","ocean_post_title_background_color":"","ocean_post_title_background":0,"ocean_post_title_bg_image_position":"","ocean_post_title_bg_image_attachment":"","ocean_post_title_bg_image_repeat":"","ocean_post_title_bg_image_size":"","ocean_post_title_height":0,"ocean_post_title_bg_overlay":0.5,"ocean_post_title_bg_overlay_color":"","ocean_disable_breadcrumbs":"default","ocean_breadcrumbs_color":"","ocean_breadcrumbs_separator_color":"","ocean_breadcrumbs_links_color":"","ocean_breadcrumbs_links_hover_color":"","ocean_display_footer_widgets":"default","ocean_display_footer_bottom":"default","ocean_custom_footer_template":"0","ofc_enable_fullscreen":"disable","ofc_fullscreen_speed":0,"ofc_fullscreen_nav":"enable","ofc_fullscreen_nav_pos":"right","ofc_fullscreen_nav_color":"","ofc_fullscreen_nav_tooltip_color":"","ofc_fullscreen_responsive":0,"footnotes":""},"class_list":["post-36034","page","type-page","status-publish","hentry","entry","owp-thumbs-layout-horizontal","owp-btn-normal","owp-tabs-layout-horizontal","has-no-thumbnails"],"acf":[],"_links":{"self":[{"href":"https:\/\/memorabilia-germany.de\/fr\/wp-json\/wp\/v2\/pages\/36034","targetHints":{"allow":["GET"]}}],"collection":[{"href":"https:\/\/memorabilia-germany.de\/fr\/wp-json\/wp\/v2\/pages"}],"about":[{"href":"https:\/\/memorabilia-germany.de\/fr\/wp-json\/wp\/v2\/types\/page"}],"author":[{"embeddable":true,"href":"https:\/\/memorabilia-germany.de\/fr\/wp-json\/wp\/v2\/users\/1"}],"replies":[{"embeddable":true,"href":"https:\/\/memorabilia-germany.de\/fr\/wp-json\/wp\/v2\/comments?post=36034"}],"version-history":[{"count":0,"href":"https:\/\/memorabilia-germany.de\/fr\/wp-json\/wp\/v2\/pages\/36034\/revisions"}],"wp:attachment":[{"href":"https:\/\/memorabilia-germany.de\/fr\/wp-json\/wp\/v2\/media?parent=36034"}],"curies":[{"name":"wp","href":"https:\/\/api.w.org\/{rel}","templated":true}]}}