{"id":35982,"date":"2024-02-07T17:00:57","date_gmt":"2024-02-07T16:00:57","guid":{"rendered":"https:\/\/memorabilia-germany.de\/nous-memorabilia-germany\/"},"modified":"2024-04-02T12:29:59","modified_gmt":"2024-04-02T10:29:59","slug":"nous-memorabilia-germany","status":"publish","type":"page","link":"https:\/\/memorabilia-germany.de\/fr\/nous-memorabilia-germany\/","title":{"rendered":"NOUS MEMORABILIA GERMANY"},"content":{"rendered":"\t\t<div data-elementor-type=\"wp-page\" data-elementor-id=\"35982\" class=\"elementor elementor-35982 elementor-13973\" data-elementor-post-type=\"page\">\n\t\t\t\t\t\t<section class=\"elementor-section elementor-top-section elementor-element elementor-element-0089453 elementor-section-boxed elementor-section-height-default elementor-section-height-default\" data-id=\"0089453\" data-element_type=\"section\" data-e-type=\"section\">\n\t\t\t\t\t\t<div class=\"elementor-container elementor-column-gap-no\">\n\t\t\t\t\t<div class=\"elementor-column elementor-col-100 elementor-top-column elementor-element elementor-element-6d4f7bd\" data-id=\"6d4f7bd\" data-element_type=\"column\" data-e-type=\"column\">\n\t\t\t<div class=\"elementor-widget-wrap elementor-element-populated\">\n\t\t\t\t\t\t<div class=\"elementor-element elementor-element-790ec02 elementor-widget elementor-widget-heading\" data-id=\"790ec02\" data-element_type=\"widget\" data-e-type=\"widget\" data-widget_type=\"heading.default\">\n\t\t\t\t<div class=\"elementor-widget-container\">\n\t\t\t\t\t<h1 class=\"elementor-heading-title elementor-size-default\">\u00c0 propos de Memorabilia Germany<\/h1>\t\t\t\t<\/div>\n\t\t\t\t<\/div>\n\t\t\t\t\t<\/div>\n\t\t<\/div>\n\t\t\t\t\t<\/div>\n\t\t<\/section>\n\t\t\t\t<section class=\"elementor-section elementor-top-section elementor-element elementor-element-4ab7acd elementor-section-boxed elementor-section-height-default elementor-section-height-default\" data-id=\"4ab7acd\" data-element_type=\"section\" data-e-type=\"section\">\n\t\t\t\t\t\t<div class=\"elementor-container elementor-column-gap-custom\">\n\t\t\t\t\t<div class=\"elementor-column elementor-col-50 elementor-top-column elementor-element elementor-element-50415a6\" data-id=\"50415a6\" data-element_type=\"column\" data-e-type=\"column\">\n\t\t\t<div class=\"elementor-widget-wrap elementor-element-populated\">\n\t\t\t\t\t\t<div class=\"elementor-element elementor-element-30848bb elementor-widget elementor-widget-text-editor\" data-id=\"30848bb\" data-element_type=\"widget\" data-e-type=\"widget\" data-widget_type=\"text-editor.default\">\n\t\t\t\t<div class=\"elementor-widget-container\">\n\t\t\t\t\t\t\t\t\t<p>Merci de vous renseigner sur Memorabilia Germany. Car cela signifie que vous nous avez trouv\u00e9s sur le web et que vous voulez en savoir plus sur nous et nos Sports Memorabilia ! Soyez donc les bienvenus sur notre site ! Nous vous donnons ici quelques informations sur nous-m\u00eames, mais nous aimerions aussi vous rappeler que vous pouvez consulter les <strong><br \/>\n  <a href=\"https:\/\/memorabilia-germany.de\/fr\/sports-memorabilia-faq\">FAQs<\/a><br \/>\n<\/strong> et dans la section \u00ab\u00a0<strong><br \/>\n  <a href=\"https:\/\/memorabilia-germany.de\/fr\/authentification-des-signatures\">Authentification de la signature<\/a><br \/>\n<\/strong>\u00ab\u00a0Vous y trouverez de nombreuses informations importantes sur le th\u00e8me des Memorabilia. Car, m\u00eame si la collecte d&rsquo;objets sign\u00e9s est agr\u00e9able. Il y a beaucoup de dangers \u00e0 ne pas conna\u00eetre le vendeur des objets et il y a beaucoup de d\u00e9tails auxquels il faut faire attention. Vous pouvez donc non seulement faire vos achats sans crainte, mais aussi vous informer sur le hobby Sports Memorabilia en g\u00e9n\u00e9ral.<\/p>\n\t\t\t\t\t\t\t\t<\/div>\n\t\t\t\t<\/div>\n\t\t\t\t\t<\/div>\n\t\t<\/div>\n\t\t\t\t<div class=\"elementor-column elementor-col-50 elementor-top-column elementor-element elementor-element-cd6c83a\" data-id=\"cd6c83a\" data-element_type=\"column\" data-e-type=\"column\">\n\t\t\t<div class=\"elementor-widget-wrap elementor-element-populated\">\n\t\t\t\t\t\t<div class=\"elementor-element elementor-element-639dea8 elementor-widget elementor-widget-text-editor\" data-id=\"639dea8\" data-element_type=\"widget\" data-e-type=\"widget\" data-widget_type=\"text-editor.default\">\n\t\t\t\t<div class=\"elementor-widget-container\">\n\t\t\t\t\t\t\t\t\t<p><iframe title=\"Lecteur vid\u00e9o YouTube\" src=\"https:\/\/www.youtube-nocookie.com\/embed\/UdqTnQ2LPjU?rel=0\" width=\"400\" height=\"225\" frameborder=\"0\" allowfullscreen=\"allowfullscreen\"><\/iframe><\/p>\n\t\t\t\t\t\t\t\t<\/div>\n\t\t\t\t<\/div>\n\t\t\t\t\t<\/div>\n\t\t<\/div>\n\t\t\t\t\t<\/div>\n\t\t<\/section>\n\t\t\t\t<section class=\"elementor-section elementor-top-section elementor-element elementor-element-e6583e5 elementor-section-boxed elementor-section-height-default elementor-section-height-default\" data-id=\"e6583e5\" data-element_type=\"section\" data-e-type=\"section\">\n\t\t\t\t\t\t<div class=\"elementor-container elementor-column-gap-default\">\n\t\t\t\t\t<div class=\"elementor-column elementor-col-100 elementor-top-column elementor-element elementor-element-3381a80\" data-id=\"3381a80\" data-element_type=\"column\" data-e-type=\"column\">\n\t\t\t<div class=\"elementor-widget-wrap elementor-element-populated\">\n\t\t\t\t\t\t<div class=\"elementor-element elementor-element-0c26753 elementor-widget elementor-widget-text-editor\" data-id=\"0c26753\" data-element_type=\"widget\" data-e-type=\"widget\" data-widget_type=\"text-editor.default\">\n\t\t\t\t<div class=\"elementor-widget-container\">\n\t\t\t\t\t\t\t\t\t<h2>Memorabilia Germany de Mayence sur le Rhin<\/h2>\nChez Memorabilia Germany, nous vendons des Memorabilia sign\u00e9s dans les domaines du sport, du cin\u00e9ma et de la musique. Nous sommes heureux d&rsquo;avoir d\u00e9j\u00e0 pu gagner des clients dans plus de 30 pays sur trois continents au cours de notre existence relativement courte depuis fin 2020. De la Finlande au Portugal et de l\u2019Irlande \u00e0 la Gr\u00e8ce, partout, on nous a d\u00e9j\u00e0 trouv\u00e9s. Des commandes ont m\u00eame d\u00e9j\u00e0 \u00e9t\u00e9 pass\u00e9es depuis les \u00c9tats-Unis. Notre si\u00e8ge se trouve \u00e0 Mayence sur le Rhin.\n\nNous sommes nous-m\u00eames fans. Fans de sports d&rsquo;influence am\u00e9ricaine, comme la <strong><a href=\"https:\/\/www.nfl.com\" target=\"\u201d_blank\u201d\" rel=\"\u201dnoopener\u201d noopener\">NFL<\/a><\/strong> ou la <strong><a href=\"https:\/\/www.nba.com\" target=\"\u201d_blank\u201d\" rel=\"\u201dnoopener\u201d noopener\">NBA<\/a><\/strong>, mais bien s\u00fbr aussi fans de sports europ\u00e9ens et internationaux. En premier lieu, il y a bien s\u00fbr le sport-roi, le football.\n\nNous sommes donc nous-m\u00eames collectionneurs de Sports Memorabilia sign\u00e9s et avons acquis au fil des ans une connaissance approfondie de la sc\u00e8ne internationale. Sur la base de bonnes et de mauvaises exp\u00e9riences, nous avons pris la d\u00e9cision, en d\u00e9cembre 2020, c\u2019est-\u00e0-dire en pleine pand\u00e9mie, de mettre en avant la sc\u00e8ne europ\u00e9enne des Memorabilia et de cr\u00e9er Memorabilia Germany, un revendeur sp\u00e9cialis\u00e9 dans les articles de fans sign\u00e9s. Une possibilit\u00e9 pour vous d&rsquo;obtenir des Sports Memorabilia sign\u00e9s d&rsquo;origine sans les risques inh\u00e9rents au commerce international, sans gestion des douanes et sans attente interminable. S\u00fbr pour l&rsquo;achat et s\u00fbr pour l&rsquo;authentification des autographes.<\/br><\/br>\n<h2>Memorabilia Germany, un havre de paix pour tous les fans en Europe<\/h2>\nNous sommes un havre de paix pour les Sports Memorabilia en Allemagne ou en Europe. Une source fiable d\u2019articles de supporters de la meilleure qualit\u00e9 sign\u00e9s de vos \u00e9quipes. Pas de contrefa\u00e7on, pas de marchandise de mauvaise qualit\u00e9 et un interlocuteur ferme et tangible.\n\nMemorabilia Germany est bas\u00e9e \u00e0 Mayence (Allemagne) et vend depuis l\u2019Allemagne. Les articles command\u00e9s sont envoy\u00e9s rapidement et en toute s\u00e9curit\u00e9 dans toute l&rsquo;Europe et au-del\u00e0 gr\u00e2ce \u00e0 notre r\u00e9seau de fournisseurs.\nSi vous avez des questions auxquelles vous ne trouvez pas de r\u00e9ponse dans la FAQ, n&rsquo;h\u00e9sitez pas \u00e0 nous envoyer un e-mail ou \u00e0 nous contacter par un autre moyen. Nous vous attendons avec impatience !\t\t\t\t\t\t\t\t<\/div>\n\t\t\t\t<\/div>\n\t\t\t\t<div class=\"elementor-element elementor-element-4b4f8da elementor-widget elementor-widget-image\" data-id=\"4b4f8da\" data-element_type=\"widget\" data-e-type=\"widget\" data-widget_type=\"image.default\">\n\t\t\t\t<div class=\"elementor-widget-container\">\n\t\t\t\t\t\t\t\t\t\t\t\t\t\t\t<img fetchpriority=\"high\" decoding=\"async\" width=\"2000\" height=\"800\" src=\"https:\/\/memorabilia-germany.de\/wp-content\/uploads\/memorabilia-germany-us.jpg\" class=\"attachment-full size-full wp-image-18063\" alt=\"\" srcset=\"https:\/\/memorabilia-germany.de\/wp-content\/uploads\/memorabilia-germany-us.jpg 2000w, https:\/\/memorabilia-germany.de\/wp-content\/uploads\/memorabilia-germany-us-300x120.jpg 300w, https:\/\/memorabilia-germany.de\/wp-content\/uploads\/memorabilia-germany-us-400x160.jpg 400w\" sizes=\"(max-width: 2000px) 100vw, 2000px\" \/>\t\t\t\t\t\t\t\t\t\t\t\t\t\t\t<\/div>\n\t\t\t\t<\/div>\n\t\t\t\t<div class=\"elementor-element elementor-element-1a429f9 elementor-widget elementor-widget-spacer\" data-id=\"1a429f9\" data-element_type=\"widget\" data-e-type=\"widget\" data-widget_type=\"spacer.default\">\n\t\t\t\t<div class=\"elementor-widget-container\">\n\t\t\t\t\t\t\t<div class=\"elementor-spacer\">\n\t\t\t<div class=\"elementor-spacer-inner\"><\/div>\n\t\t<\/div>\n\t\t\t\t\t\t<\/div>\n\t\t\t\t<\/div>\n\t\t\t\t\t<\/div>\n\t\t<\/div>\n\t\t\t\t\t<\/div>\n\t\t<\/section>\n\t\t\t\t<\/div>\n\t\t","protected":false},"excerpt":{"rendered":"<p>\u00c0 propos de Memorabilia Germany Merci de vous renseigner sur Memorabilia Germany. Car cela signifie que vous nous avez trouv\u00e9s sur le web et que vous voulez en savoir plus sur nous et nos Sports Memorabilia ! Soyez donc les bienvenus sur notre site ! Nous vous donnons ici quelques informations sur nous-m\u00eames, mais nous [&hellip;]<\/p>\n","protected":false},"author":1,"featured_media":0,"parent":0,"menu_order":0,"comment_status":"closed","ping_status":"closed","template":"","meta":{"_acf_changed":false,"ocean_post_layout":"","ocean_both_sidebars_style":"","ocean_both_sidebars_content_width":0,"ocean_both_sidebars_sidebars_width":0,"ocean_sidebar":"0","ocean_second_sidebar":"0","ocean_disable_margins":"enable","ocean_add_body_class":"","ocean_shortcode_before_top_bar":"","ocean_shortcode_after_top_bar":"","ocean_shortcode_before_header":"","ocean_shortcode_after_header":"","ocean_has_shortcode":"","ocean_shortcode_after_title":"","ocean_shortcode_before_footer_widgets":"","ocean_shortcode_after_footer_widgets":"","ocean_shortcode_before_footer_bottom":"","ocean_shortcode_after_footer_bottom":"","ocean_display_top_bar":"default","ocean_display_header":"default","ocean_header_style":"","ocean_center_header_left_menu":"0","ocean_custom_header_template":"0","ocean_custom_logo":0,"ocean_custom_retina_logo":0,"ocean_custom_logo_max_width":0,"ocean_custom_logo_tablet_max_width":0,"ocean_custom_logo_mobile_max_width":0,"ocean_custom_logo_max_height":0,"ocean_custom_logo_tablet_max_height":0,"ocean_custom_logo_mobile_max_height":0,"ocean_header_custom_menu":"0","ocean_menu_typo_font_family":"0","ocean_menu_typo_font_subset":"","ocean_menu_typo_font_size":0,"ocean_menu_typo_font_size_tablet":0,"ocean_menu_typo_font_size_mobile":0,"ocean_menu_typo_font_size_unit":"px","ocean_menu_typo_font_weight":"","ocean_menu_typo_font_weight_tablet":"","ocean_menu_typo_font_weight_mobile":"","ocean_menu_typo_transform":"","ocean_menu_typo_transform_tablet":"","ocean_menu_typo_transform_mobile":"","ocean_menu_typo_line_height":0,"ocean_menu_typo_line_height_tablet":0,"ocean_menu_typo_line_height_mobile":0,"ocean_menu_typo_line_height_unit":"","ocean_menu_typo_spacing":0,"ocean_menu_typo_spacing_tablet":0,"ocean_menu_typo_spacing_mobile":0,"ocean_menu_typo_spacing_unit":"","ocean_menu_link_color":"","ocean_menu_link_color_hover":"","ocean_menu_link_color_active":"","ocean_menu_link_background":"","ocean_menu_link_hover_background":"","ocean_menu_link_active_background":"","ocean_menu_social_links_bg":"","ocean_menu_social_hover_links_bg":"","ocean_menu_social_links_color":"","ocean_menu_social_hover_links_color":"","ocean_disable_title":"default","ocean_disable_heading":"default","ocean_post_title":"","ocean_post_subheading":"","ocean_post_title_style":"","ocean_post_title_background_color":"","ocean_post_title_background":0,"ocean_post_title_bg_image_position":"","ocean_post_title_bg_image_attachment":"","ocean_post_title_bg_image_repeat":"","ocean_post_title_bg_image_size":"","ocean_post_title_height":0,"ocean_post_title_bg_overlay":0.5,"ocean_post_title_bg_overlay_color":"","ocean_disable_breadcrumbs":"default","ocean_breadcrumbs_color":"","ocean_breadcrumbs_separator_color":"","ocean_breadcrumbs_links_color":"","ocean_breadcrumbs_links_hover_color":"","ocean_display_footer_widgets":"default","ocean_display_footer_bottom":"default","ocean_custom_footer_template":"0","ofc_enable_fullscreen":"disable","ofc_fullscreen_speed":0,"ofc_fullscreen_nav":"enable","ofc_fullscreen_nav_pos":"right","ofc_fullscreen_nav_color":"","ofc_fullscreen_nav_tooltip_color":"","ofc_fullscreen_responsive":0,"footnotes":""},"class_list":["post-35982","page","type-page","status-publish","hentry","entry","owp-thumbs-layout-horizontal","owp-btn-normal","owp-tabs-layout-horizontal","has-no-thumbnails"],"acf":[],"_links":{"self":[{"href":"https:\/\/memorabilia-germany.de\/fr\/wp-json\/wp\/v2\/pages\/35982","targetHints":{"allow":["GET"]}}],"collection":[{"href":"https:\/\/memorabilia-germany.de\/fr\/wp-json\/wp\/v2\/pages"}],"about":[{"href":"https:\/\/memorabilia-germany.de\/fr\/wp-json\/wp\/v2\/types\/page"}],"author":[{"embeddable":true,"href":"https:\/\/memorabilia-germany.de\/fr\/wp-json\/wp\/v2\/users\/1"}],"replies":[{"embeddable":true,"href":"https:\/\/memorabilia-germany.de\/fr\/wp-json\/wp\/v2\/comments?post=35982"}],"version-history":[{"count":0,"href":"https:\/\/memorabilia-germany.de\/fr\/wp-json\/wp\/v2\/pages\/35982\/revisions"}],"wp:attachment":[{"href":"https:\/\/memorabilia-germany.de\/fr\/wp-json\/wp\/v2\/media?parent=35982"}],"curies":[{"name":"wp","href":"https:\/\/api.w.org\/{rel}","templated":true}]}}