{"id":35849,"date":"2024-01-27T16:19:11","date_gmt":"2024-01-27T15:30:14","guid":{"rendered":"https:\/\/memorabilia-germany.de\/produkt\/pokemon-tcg-pocket-pack-scarlet-violet-edition-5-unopened-packs\/"},"modified":"2024-09-13T14:22:19","modified_gmt":"2024-09-13T12:22:19","slug":"pokemon-tcg-pocket-pack-scarlet-violet-edition-5-unopened-packs","status":"publish","type":"product","link":"https:\/\/memorabilia-germany.de\/en\/produkt\/pokemon-tcg-pocket-pack-scarlet-violet-edition-5-unopened-packs\/","title":{"rendered":"Pok\u00e9mon TCG Pocket Pack<\/br>\u201cScarlet &amp; Violet Edition\u201d (5 unopened packs)"},"content":{"rendered":"<p style=\"text-align: center;\"><strong>All packages in this series come exclusively from the following Pok\u00e9mon Trading Card Boxes:<\/strong><br \/>\nScarlet &amp; Violet: Paldean Fates (Elite Trainer Box)<br \/>\nScarlet &amp; Violet: 151 Ultra (Premium Collection Box)<br \/>\nScarlet &amp; Violet: Paradox Rift (Booster Box)<br \/>\nScarlet &amp; Violet: Obsidian Flames (Elite Trainer Box)<br \/>\nScarlet &amp; Violet (Elite Trainer Box)<br \/>\nScarlet &amp; Violet (Booster Box)<br \/>\nScarlet &amp; Violet: Paldea Evolved (Booster Box)<br \/>\nScarlet &amp; Violet: Paradox Rift (Elite Trainer Box)<\/p>\n<p>How does a Mystery Box work?<br \/>\nFind out more about this in our <strong><a href=\"https:\/\/memorabilia-germany.de\/en\/sports-memorabilia-faq\/#memorabilia-mystery-box\"><u>FAQ<\/u><\/a><\/strong>!<\/p>\n","protected":false},"excerpt":{"rendered":"<p><strong>This series is limited to a total of 50 Pok\u00e9mon TCG Pocket Packs. Each pack is sealed and has a serial number. This series is all about the latest expansion of the Pok\u00e9mon Trading Card Game: Scarlet &amp; Violet. Find the rarest Pok\u00e9mon from the Paldea region and discover new Pok\u00e9mon-ex, almost 20 years after their appearance in EX Ruby and Sapphire.<\/strong><\/p>\n<p><strong>The packs contain unopened booster packs from a wide variety of Scarlet &amp; Violet boxes up to the current \u201cPaldean Fates\u201d edition. In addition, you can find <a href=\"https:\/\/memorabilia-germany.de\/en\/sports-memorabilia-faq\/#redemption\"><u>Redemption Voucher<\/u><\/a> in this series, which you can exchange for a complete Pok\u00e9mon box from the Scarlet &amp; Violet expansion. Gotta catch &#8217;em all!<\/strong> <\/p>\n<p><i><strong>Note:<\/strong> : The Pok\u00e9mon market offers countless mystery boxes for the Trading Card Game. These boxes can \u2013 let\u2019s put it carefully \u2013 not to be compared to this Pocket Pack series. This series is strictly limited and only includes booster packs from the boxes listed below. All 50 Pocket Packs contain high quality content.<\/i><\/p>\n<p><strong>Product informations:<\/strong><\/p>\n<ul style=\"list-style-type: square;\">\n<li>Content of each pack: 5 unopened booster packs from the latest Pok\u00e9mon TCG expansion Scarlet &amp; Violet (see detailed list below).<\/li>\n<li>All packages come from &#8220;factory sealed&#8221; boxes.<\/li>\n<li>All cards in this series are in English language (maximum collector value).<\/li>\n<li>2 out of 50 boxes contain a Memorabilia Germany <a href=\"https:\/\/memorabilia-germany.de\/en\/sports-memorabilia-faq\/#redemption\"><strong><u>Redemption Voucher<\/u><\/strong><\/a> in addition to the 5 booster packs. A voucher can be exchanged with us for various complete \u201cfactory sealed\u201d Scarlet &amp; Violet boxes with up to 36 booster packs.<\/li>\n<\/ul>\n<p><strong>Highlight Chances:<\/strong><\/p>\n<ul style=\"list-style-type: square;\">\n<li><a href=\"https:\/\/memorabilia-germany.de\/en\/sports-memorabilia-faq\/#redemption\"><strong><u>Redemption Vouchers<\/u><\/strong><\/a>: find Redemption Vouchers and redeem them for complete Pok\u00e9mon Scarlet &amp; Violet TCG boxes with multiple booster packs!<\/li>\n<li>Scarlet &amp; Violet: 151 Ultra Premium Collection:\n<ul style=\"list-style-type: circle;\">\n<li>Mew Specials (incl. Mex-ex)<\/li>\n<li>All Pok\u00e9mon from the Kanto region: new reinterpreted in Paldea!<\/li>\n<\/ul>\n<\/li>\n<li>Scarlet &amp; Violet: Paldean Fates:\n<ul style=\"list-style-type: circle;\">\n<li>Shiny Pikachu, Shiny Ceruledge, Shiny Tinkaton, Shiny Dondozo &amp; Shiny Tatsugiri<\/li>\n<li>Shiny Tera Pokemon ex: Charizard, Forretress &amp; Espathra<\/li>\n<\/ul>\n<\/li>\n<li>Scarlet &amp; Violet Elite Trainer Box:\n<ul style=\"list-style-type: circle;\">\n<li>Rare Pok\u00e9mon Art Work Cards!<\/li>\n<li>Pok\u00e9mon Koraidon &amp; Miraidon as Pokemon ex<\/li>\n<li>Arcanine, Gyarados, Sprigatito, Fuecoco &amp; Quaxly<\/li>\n<\/ul>\n<\/li>\n<li>Scarlet &amp; Violet: Paradox Rift:\n<ul style=\"list-style-type: circle;\">\n<li>Roaring Moon ex, Mela, Gholdengo ex, Iron Valiant &amp; Iron Hands ex<\/li>\n<li>Garchomp ex, Mewtwo ex, Armarouge ex &amp; Gholdengo ex<\/li>\n<\/ul>\n<\/li>\n<\/ul>\n","protected":false},"featured_media":35824,"template":"","meta":{"_acf_changed":false,"ocean_post_layout":"","ocean_both_sidebars_style":"","ocean_both_sidebars_content_width":0,"ocean_both_sidebars_sidebars_width":0,"ocean_sidebar":"0","ocean_second_sidebar":"0","ocean_disable_margins":"enable","ocean_add_body_class":"","ocean_shortcode_before_top_bar":"","ocean_shortcode_after_top_bar":"","ocean_shortcode_before_header":"","ocean_shortcode_after_header":"","ocean_has_shortcode":"","ocean_shortcode_after_title":"","ocean_shortcode_before_footer_widgets":"","ocean_shortcode_after_footer_widgets":"","ocean_shortcode_before_footer_bottom":"","ocean_shortcode_after_footer_bottom":"","ocean_display_top_bar":"default","ocean_display_header":"default","ocean_header_style":"","ocean_center_header_left_menu":"0","ocean_custom_header_template":"0","ocean_custom_logo":0,"ocean_custom_retina_logo":0,"ocean_custom_logo_max_width":0,"ocean_custom_logo_tablet_max_width":0,"ocean_custom_logo_mobile_max_width":0,"ocean_custom_logo_max_height":0,"ocean_custom_logo_tablet_max_height":0,"ocean_custom_logo_mobile_max_height":0,"ocean_header_custom_menu":"0","ocean_menu_typo_font_family":"0","ocean_menu_typo_font_subset":"","ocean_menu_typo_font_size":0,"ocean_menu_typo_font_size_tablet":0,"ocean_menu_typo_font_size_mobile":0,"ocean_menu_typo_font_size_unit":"px","ocean_menu_typo_font_weight":"","ocean_menu_typo_font_weight_tablet":"","ocean_menu_typo_font_weight_mobile":"","ocean_menu_typo_transform":"","ocean_menu_typo_transform_tablet":"","ocean_menu_typo_transform_mobile":"","ocean_menu_typo_line_height":0,"ocean_menu_typo_line_height_tablet":0,"ocean_menu_typo_line_height_mobile":0,"ocean_menu_typo_line_height_unit":"","ocean_menu_typo_spacing":0,"ocean_menu_typo_spacing_tablet":0,"ocean_menu_typo_spacing_mobile":0,"ocean_menu_typo_spacing_unit":"","ocean_menu_link_color":"","ocean_menu_link_color_hover":"","ocean_menu_link_color_active":"","ocean_menu_link_background":"","ocean_menu_link_hover_background":"","ocean_menu_link_active_background":"","ocean_menu_social_links_bg":"","ocean_menu_social_hover_links_bg":"","ocean_menu_social_links_color":"","ocean_menu_social_hover_links_color":"","ocean_disable_title":"default","ocean_disable_heading":"default","ocean_post_title":"","ocean_post_subheading":"","ocean_post_title_style":"","ocean_post_title_background_color":"","ocean_post_title_background":0,"ocean_post_title_bg_image_position":"","ocean_post_title_bg_image_attachment":"","ocean_post_title_bg_image_repeat":"","ocean_post_title_bg_image_size":"","ocean_post_title_height":0,"ocean_post_title_bg_overlay":0.5,"ocean_post_title_bg_overlay_color":"","ocean_disable_breadcrumbs":"default","ocean_breadcrumbs_color":"","ocean_breadcrumbs_separator_color":"","ocean_breadcrumbs_links_color":"","ocean_breadcrumbs_links_hover_color":"","ocean_display_footer_widgets":"default","ocean_display_footer_bottom":"default","ocean_custom_footer_template":"0","ofc_enable_fullscreen":"disable","ofc_fullscreen_speed":0,"ofc_fullscreen_nav":"enable","ofc_fullscreen_nav_pos":"right","ofc_fullscreen_nav_color":"","ofc_fullscreen_nav_tooltip_color":"","ofc_fullscreen_responsive":0},"product_brand":[],"product_cat":[1717],"product_tag":[],"class_list":{"0":"post-35849","1":"product","2":"type-product","3":"status-publish","4":"has-post-thumbnail","6":"product_cat-pokemon-tcg-pocket-pack-scarlet-violet-edition-5-unopened-packs-en","7":"product_shipping_class-shippingclass_a","9":"entry","10":"has-media","12":"first","13":"outofstock","14":"taxable","15":"shipping-taxable","16":"purchasable","17":"product-type-simple","18":"col","19":"span_1_of_4","20":"owp-content-center","21":"owp-thumbs-layout-horizontal","22":"owp-btn-normal","23":"owp-tabs-layout-horizontal"},"acf":[],"_links":{"self":[{"href":"https:\/\/memorabilia-germany.de\/en\/wp-json\/wp\/v2\/product\/35849","targetHints":{"allow":["GET"]}}],"collection":[{"href":"https:\/\/memorabilia-germany.de\/en\/wp-json\/wp\/v2\/product"}],"about":[{"href":"https:\/\/memorabilia-germany.de\/en\/wp-json\/wp\/v2\/types\/product"}],"version-history":[{"count":0,"href":"https:\/\/memorabilia-germany.de\/en\/wp-json\/wp\/v2\/product\/35849\/revisions"}],"wp:featuredmedia":[{"embeddable":true,"href":"https:\/\/memorabilia-germany.de\/en\/wp-json\/wp\/v2\/media\/35824"}],"wp:attachment":[{"href":"https:\/\/memorabilia-germany.de\/en\/wp-json\/wp\/v2\/media?parent=35849"}],"wp:term":[{"taxonomy":"product_brand","embeddable":true,"href":"https:\/\/memorabilia-germany.de\/en\/wp-json\/wp\/v2\/product_brand?post=35849"},{"taxonomy":"product_cat","embeddable":true,"href":"https:\/\/memorabilia-germany.de\/en\/wp-json\/wp\/v2\/product_cat?post=35849"},{"taxonomy":"product_tag","embeddable":true,"href":"https:\/\/memorabilia-germany.de\/en\/wp-json\/wp\/v2\/product_tag?post=35849"}],"curies":[{"name":"wp","href":"https:\/\/api.w.org\/{rel}","templated":true}]}}