{"id":69438,"date":"2026-05-09T16:48:13","date_gmt":"2026-05-09T14:48:13","guid":{"rendered":"https:\/\/memorabilia-germany.de\/?post_type=product&#038;p=69438"},"modified":"2026-05-09T17:05:49","modified_gmt":"2026-05-09T15:05:49","slug":"cameron-boozer-basketball-showcase-duke-blue-devils-signierter-basketball-wilson-authentic-series","status":"publish","type":"product","link":"https:\/\/memorabilia-germany.de\/de\/produkt\/cameron-boozer-basketball-showcase-duke-blue-devils-signierter-basketball-wilson-authentic-series\/","title":{"rendered":"CAMERON BOOZER<\/br>Basketball Showcase (Duke Blue Devils)<\/br>signierter Basketball, Wilson Authentic Series"},"content":{"rendered":"","protected":false},"excerpt":{"rendered":"<p><strong>NBA Draft 2026 Top Pick \u2013 so viel ist sicher. Cameron Boozer gilt als einer der neuen NBA Rookie Superstars und wird im 2026er Draft nicht lange verf\u00fcgbar sein. Viele Experten sehen das Talent der Duke University sogar auf Platz 1. Und schon fr\u00fch wird bei Cameron Boozer deutlich, warum Basketballfans und Scouts weltweit \u00fcber seinen Namen sprechen. Mit seinem starken Allround-Spiel, au\u00dfergew\u00f6hnlichem Basketball-IQ und einer Reife, die weit \u00fcber sein Alter hinausgeht, gilt Boozer als eines der spannendsten Talente seiner Generation. Er spielt mit Selbstvertrauen, \u00dcbersicht und genau jener Pr\u00e4senz, die zuk\u00fcnftige Stars schon fr\u00fch auszeichnet.<\/strong><\/p>\n<p><strong>Dieser signierte Basketball bringt genau dieses au\u00dfergew\u00f6hnliche Potenzial stilvoll zur Geltung \u2013 pr\u00e4sentiert in einem hochwertigen Showcase:<\/strong><\/p>\n<p><strong>Basketball Showcase aus Sicherheitsglas. Signierter Basketball mit NBA Logo von Wilson im Case. Autogramm von Cameron Boozer auf dem Basketball. Alle NBA Autogramme sind authentifiziert und verf\u00fcgen \u00fcber eine Seriennummer. Weitere Infos siehe unten.<\/strong><\/p>\n<ul style=\"padding-left: 30px; list-style-type: circle;\">\n<li>Marke des Basketballs: Wilson<\/li>\n<li>Team: Duke Blue Devils<\/li>\n<li>Modell: NBA Authentic Series Basketball, Full Size<\/li>\n<li>Autogramm: Cameron Boozer, schwarzer Farbstift<\/li>\n<li>Authentifizierung: James Spence Authentication (mit Seriennummer)<\/li>\n<li>Dokumente: Digital Certificate of Authenticity + QR Code Sicherheitshologramm auf dem Basketball<\/li>\n<li>Gr\u00f6\u00dfe Showcase: circa 28 x 27,5 x 31 cm<\/li>\n<li>Trading Card Plakette &amp; Ball-Halterung enthalten<\/li>\n<li>Der Basketball kommt mit einem Basketball Showcase zu Ausstellungszwecken; das Showcase ist von massiver und robuster Qualit\u00e4t. Das Glas ist aus Acryl, der Boden und die R\u00fcckwand sind schwarz gehalten, um den Basketball ideal zur Geltung zu bringen. Das Showcase ist wertig verschraubt und schlie\u00dft komplett. Der Ballhalter ist ebenfalls von massiver Qualit\u00e4t. Das Name Plate an der Vorderseite ist aus Aluminium.<\/li>\n<li>Jeder signierte Basketball wird von einem der marktf\u00fchrenden US Authenticator verifiziert und kommt mit seriennummerierten Sicherheitsmerkmalen, die die Echtheit des Autogramms best\u00e4tigen (Certificate of Authenticity und\/oder Sicherheitshologramm). Authenticator von NBA Autogrammen sind bei <strong><a href=\"https:\/\/memorabilia-germany.de\/de\/wir-memorabilia-germany\/\">Memorabilia Germany<\/a><\/strong> ausschlie\u00dflich: <strong><a href=\"https:\/\/memorabilia-germany.de\/de\/signatur-authentifizierung\/#signatur-authentifizierung-beckett\">Beckett<\/a><\/strong>, <strong><a href=\"https:\/\/memorabilia-germany.de\/de\/signatur-authentifizierung\/#signatur-authentifizierung-james-spence\">James Spence Authentication<\/a><\/strong>, <strong><a href=\"https:\/\/memorabilia-germany.de\/de\/signatur-authentifizierung\/#signatur-authentifizierung-psa-dna\">PSA\/DNA<\/a><\/strong> oder <strong><a href=\"https:\/\/memorabilia-germany.de\/de\/signatur-authentifizierung\/#signatur-authentifizierung-fanatics\">Fanatics<\/a><\/strong>. Mehr Infos zum wichtigen Thema Authentifizierung findet ihr <strong><a href=\"https:\/\/memorabilia-germany.de\/de\/signatur-authentifizierung\/\">hier<\/a><\/strong>.<\/li>\n<\/ul>\n<p>Mehr Basketball Showcases findest du <strong><a href=\"https:\/\/memorabilia-germany.de\/de\/produkt-kategorie\/basketball-memorabilia\/basketball-showcase\/\">hier<\/a><\/strong>.<\/p>\n","protected":false},"featured_media":69394,"template":"","meta":{"_acf_changed":false,"ocean_post_layout":"","ocean_both_sidebars_style":"","ocean_both_sidebars_content_width":0,"ocean_both_sidebars_sidebars_width":0,"ocean_sidebar":"0","ocean_second_sidebar":"0","ocean_disable_margins":"enable","ocean_add_body_class":"","ocean_shortcode_before_top_bar":"","ocean_shortcode_after_top_bar":"","ocean_shortcode_before_header":"","ocean_shortcode_after_header":"","ocean_has_shortcode":"","ocean_shortcode_after_title":"","ocean_shortcode_before_footer_widgets":"","ocean_shortcode_after_footer_widgets":"","ocean_shortcode_before_footer_bottom":"","ocean_shortcode_after_footer_bottom":"","ocean_display_top_bar":"default","ocean_display_header":"default","ocean_header_style":"","ocean_center_header_left_menu":"0","ocean_custom_header_template":"0","ocean_custom_logo":0,"ocean_custom_retina_logo":0,"ocean_custom_logo_max_width":0,"ocean_custom_logo_tablet_max_width":0,"ocean_custom_logo_mobile_max_width":0,"ocean_custom_logo_max_height":0,"ocean_custom_logo_tablet_max_height":0,"ocean_custom_logo_mobile_max_height":0,"ocean_header_custom_menu":"0","ocean_menu_typo_font_family":"0","ocean_menu_typo_font_subset":"","ocean_menu_typo_font_size":0,"ocean_menu_typo_font_size_tablet":0,"ocean_menu_typo_font_size_mobile":0,"ocean_menu_typo_font_size_unit":"px","ocean_menu_typo_font_weight":"","ocean_menu_typo_font_weight_tablet":"","ocean_menu_typo_font_weight_mobile":"","ocean_menu_typo_transform":"","ocean_menu_typo_transform_tablet":"","ocean_menu_typo_transform_mobile":"","ocean_menu_typo_line_height":0,"ocean_menu_typo_line_height_tablet":0,"ocean_menu_typo_line_height_mobile":0,"ocean_menu_typo_line_height_unit":"","ocean_menu_typo_spacing":0,"ocean_menu_typo_spacing_tablet":0,"ocean_menu_typo_spacing_mobile":0,"ocean_menu_typo_spacing_unit":"","ocean_menu_link_color":"","ocean_menu_link_color_hover":"","ocean_menu_link_color_active":"","ocean_menu_link_background":"","ocean_menu_link_hover_background":"","ocean_menu_link_active_background":"","ocean_menu_social_links_bg":"","ocean_menu_social_hover_links_bg":"","ocean_menu_social_links_color":"","ocean_menu_social_hover_links_color":"","ocean_disable_title":"default","ocean_disable_heading":"default","ocean_post_title":"","ocean_post_subheading":"","ocean_post_title_style":"","ocean_post_title_background_color":"","ocean_post_title_background":0,"ocean_post_title_bg_image_position":"","ocean_post_title_bg_image_attachment":"","ocean_post_title_bg_image_repeat":"","ocean_post_title_bg_image_size":"","ocean_post_title_height":0,"ocean_post_title_bg_overlay":0.5,"ocean_post_title_bg_overlay_color":"","ocean_disable_breadcrumbs":"default","ocean_breadcrumbs_color":"","ocean_breadcrumbs_separator_color":"","ocean_breadcrumbs_links_color":"","ocean_breadcrumbs_links_hover_color":"","ocean_display_footer_widgets":"default","ocean_display_footer_bottom":"default","ocean_custom_footer_template":"0","ofc_enable_fullscreen":"disable","ofc_fullscreen_speed":0,"ofc_fullscreen_nav":"enable","ofc_fullscreen_nav_pos":"right","ofc_fullscreen_nav_color":"","ofc_fullscreen_nav_tooltip_color":"","ofc_fullscreen_responsive":0},"product_brand":[],"product_cat":[4410],"product_tag":[],"class_list":{"0":"post-69438","1":"product","2":"type-product","3":"status-publish","4":"has-post-thumbnail","6":"product_cat-cameron-boozer-basketball-showcase-duke-blue-devils-signierter-basketball-wilson-authentic-series","7":"product_shipping_class-versandklasse_a","9":"entry","10":"has-media","12":"first","13":"instock","14":"taxable","15":"shipping-taxable","16":"purchasable","17":"product-type-simple","18":"col","19":"span_1_of_4","20":"owp-content-center","21":"owp-thumbs-layout-horizontal","22":"owp-btn-normal","23":"owp-tabs-layout-horizontal"},"acf":[],"_links":{"self":[{"href":"https:\/\/memorabilia-germany.de\/de\/wp-json\/wp\/v2\/product\/69438","targetHints":{"allow":["GET"]}}],"collection":[{"href":"https:\/\/memorabilia-germany.de\/de\/wp-json\/wp\/v2\/product"}],"about":[{"href":"https:\/\/memorabilia-germany.de\/de\/wp-json\/wp\/v2\/types\/product"}],"version-history":[{"count":0,"href":"https:\/\/memorabilia-germany.de\/de\/wp-json\/wp\/v2\/product\/69438\/revisions"}],"wp:featuredmedia":[{"embeddable":true,"href":"https:\/\/memorabilia-germany.de\/de\/wp-json\/wp\/v2\/media\/69394"}],"wp:attachment":[{"href":"https:\/\/memorabilia-germany.de\/de\/wp-json\/wp\/v2\/media?parent=69438"}],"wp:term":[{"taxonomy":"product_brand","embeddable":true,"href":"https:\/\/memorabilia-germany.de\/de\/wp-json\/wp\/v2\/product_brand?post=69438"},{"taxonomy":"product_cat","embeddable":true,"href":"https:\/\/memorabilia-germany.de\/de\/wp-json\/wp\/v2\/product_cat?post=69438"},{"taxonomy":"product_tag","embeddable":true,"href":"https:\/\/memorabilia-germany.de\/de\/wp-json\/wp\/v2\/product_tag?post=69438"}],"curies":[{"name":"wp","href":"https:\/\/api.w.org\/{rel}","templated":true}]}}