{"id":69070,"date":"2026-05-06T13:55:33","date_gmt":"2026-05-06T11:55:33","guid":{"rendered":"https:\/\/memorabilia-germany.de\/?post_type=product&#038;p=69070"},"modified":"2026-05-06T16:04:27","modified_gmt":"2026-05-06T14:04:27","slug":"nikola-jokic-denver-nuggets-nuggets-pro-style-jersey-icon-edition-custom","status":"publish","type":"product","link":"https:\/\/memorabilia-germany.de\/de\/produkt\/nikola-jokic-denver-nuggets-nuggets-pro-style-jersey-icon-edition-custom\/","title":{"rendered":"NIKOLA JOKIC (Denver Nuggets)<\/br>Nuggets Pro Style Jersey, Icon Edition Custom"},"content":{"rendered":"","protected":false},"excerpt":{"rendered":"<p><strong>Nikola Joki\u0107 spielt Basketball auf eine Art, die beinahe m\u00fchelos wirkt \u2013 und gerade deshalb so au\u00dfergew\u00f6hnlich ist. Mit seinem einzigartigen Spielverst\u00e4ndnis, unglaublicher \u00dcbersicht und einer Ruhe, die selbst in den gr\u00f6\u00dften Momenten sp\u00fcrbar bleibt, kontrolliert er das Spiel wie kaum ein anderer seiner Generation. Jokic steht nicht f\u00fcr laute Inszenierung, sondern f\u00fcr pure Klasse, Effizienz und Basketball-IQ auf h\u00f6chstem Niveau.<\/strong><\/p>\n<p><strong>Dieser hochwertige Show Frame bringt genau diese au\u00dfergew\u00f6hnliche Pr\u00e4senz stilvoll zur Geltung:<\/strong><\/p>\n<p><strong>Signiertes Pro Style Basketball Jersey, gerahmt in einem Show-Frame mit 3D-Look. Autogramm von Nikola Joki\u0107 auf dem Trikot. Alle NBA Autogramme sind authentifiziert und verf\u00fcgen \u00fcber eine Seriennummer. Weitere Infos siehe unten.<\/strong><\/p>\n<ul style=\"padding-left: 25px; list-style-type: square;\">\n<li>Team Style: Denver, Icon Edition Style<\/li>\n<li>Modell: Pro Style <u>Custom Basketball Jersey<\/u> (Namen und Spielernummer sind aufgen\u00e4ht, nicht aufgedruckt)<\/li>\n<li>Autogramm: Nikola Joki\u0107, schwarzer Farbstift<\/li>\n<li>Authentifizierung: Beckett Authentication (mit Seriennummer)<\/li>\n<li>Dokumente: Digital Certificate of Authenticity + QR Code Sicherheitshologramm auf dem Jersey<\/li>\n<li>Gr\u00f6\u00dfe des Jerseys: XL<\/li>\n<li>Gr\u00f6\u00dfe des Show-Frames: circa 75x95x5cm<\/li>\n<li>Das Basketball Jersey kommt in einem schwarzen \u201eShow-Frame\u201c, also einem zu Ausstellungszwecken eingerichteten Objektrahmen aus Holz mit Wandaufh\u00e4ngung an der R\u00fcckseite. Die Glasscheibe an der Front ist aus Sicherheitsgr\u00fcnden aus Acryl-Glas hergestellt, um das Jersey im Falle eines Bruchs vor Schnitt-Sch\u00e4den zu sch\u00fctzen.<\/li>\n<li>Der Rahmen wurde in der \u201eMemorabilia Germany Showframe Manufaktur\u201c eingerichtet und die Materialien sind so verarbeitet, dass ein edler 3D-Look im Rahmen entsteht, um das Jersey ideal zur Geltung zu bringen. Die in den Show-Frame eingearbeitete Plakette ist aus Aluminium und zeigt den Namen des Spielers sowie einige weitere Informationen.<\/li>\n<li>Alle signierten Basketball Jerseys werden von einem der marktf\u00fchrenden US Authenticator verifiziert und kommen mit seriennummerierten Sicherheitsmerkmalen, die die Echtheit der Autogramme best\u00e4tigen (Certificate of Authenticity und\/oder Sicherheitshologramm). Authenticator von NBA Autogrammen sind bei <strong><a href=\"https:\/\/memorabilia-germany.de\/de\/wir-memorabilia-germany\/\">Memorabilia Germany<\/a><\/strong> ausschlie\u00dflich: <strong><a href=\"https:\/\/memorabilia-germany.de\/de\/signatur-authentifizierung\/#signatur-authentifizierung-beckett\">Beckett<\/a><\/strong>, <strong><a href=\"https:\/\/memorabilia-germany.de\/de\/signatur-authentifizierung\/#signatur-authentifizierung-james-spence\">James Spence Authentication<\/a><\/strong>, <strong><a href=\"https:\/\/memorabilia-germany.de\/de\/signatur-authentifizierung\/#signatur-authentifizierung-psa-dna\">PSA\/DNA<\/a><\/strong> oder <strong><a href=\"https:\/\/memorabilia-germany.de\/de\/signatur-authentifizierung\/#signatur-authentifizierung-fanatics\">Fanatics<\/a><\/strong>. Mehr Infos zum wichtigen Thema Authentifizierung findet ihr <strong><a href=\"https:\/\/memorabilia-germany.de\/de\/signatur-authentifizierung\/\">hier<\/a><\/strong>.<\/li>\n<\/ul>\n<p>Was ist der Unterschied zwischen Custom Trikots und Authentic Trikots?<br \/>\nInfos dazu findet ihr in unseren <strong><a href=\"https:\/\/memorabilia-germany.de\/de\/sport-memorabilia-faq\/#faq-trikot-arten\">FAQ<\/a><\/strong><\/p>\n<p>Mehr signierte Basketball Memorabilia findest du <strong><a href=\"https:\/\/memorabilia-germany.de\/de\/basketball-memorabilia\/\">hier<\/a><\/strong>.<\/p>\n","protected":false},"featured_media":69029,"template":"","meta":{"_acf_changed":false,"ocean_post_layout":"","ocean_both_sidebars_style":"","ocean_both_sidebars_content_width":0,"ocean_both_sidebars_sidebars_width":0,"ocean_sidebar":"0","ocean_second_sidebar":"0","ocean_disable_margins":"enable","ocean_add_body_class":"","ocean_shortcode_before_top_bar":"","ocean_shortcode_after_top_bar":"","ocean_shortcode_before_header":"","ocean_shortcode_after_header":"","ocean_has_shortcode":"","ocean_shortcode_after_title":"","ocean_shortcode_before_footer_widgets":"","ocean_shortcode_after_footer_widgets":"","ocean_shortcode_before_footer_bottom":"","ocean_shortcode_after_footer_bottom":"","ocean_display_top_bar":"default","ocean_display_header":"default","ocean_header_style":"","ocean_center_header_left_menu":"0","ocean_custom_header_template":"0","ocean_custom_logo":0,"ocean_custom_retina_logo":0,"ocean_custom_logo_max_width":0,"ocean_custom_logo_tablet_max_width":0,"ocean_custom_logo_mobile_max_width":0,"ocean_custom_logo_max_height":0,"ocean_custom_logo_tablet_max_height":0,"ocean_custom_logo_mobile_max_height":0,"ocean_header_custom_menu":"0","ocean_menu_typo_font_family":"0","ocean_menu_typo_font_subset":"","ocean_menu_typo_font_size":0,"ocean_menu_typo_font_size_tablet":0,"ocean_menu_typo_font_size_mobile":0,"ocean_menu_typo_font_size_unit":"px","ocean_menu_typo_font_weight":"","ocean_menu_typo_font_weight_tablet":"","ocean_menu_typo_font_weight_mobile":"","ocean_menu_typo_transform":"","ocean_menu_typo_transform_tablet":"","ocean_menu_typo_transform_mobile":"","ocean_menu_typo_line_height":0,"ocean_menu_typo_line_height_tablet":0,"ocean_menu_typo_line_height_mobile":0,"ocean_menu_typo_line_height_unit":"","ocean_menu_typo_spacing":0,"ocean_menu_typo_spacing_tablet":0,"ocean_menu_typo_spacing_mobile":0,"ocean_menu_typo_spacing_unit":"","ocean_menu_link_color":"","ocean_menu_link_color_hover":"","ocean_menu_link_color_active":"","ocean_menu_link_background":"","ocean_menu_link_hover_background":"","ocean_menu_link_active_background":"","ocean_menu_social_links_bg":"","ocean_menu_social_hover_links_bg":"","ocean_menu_social_links_color":"","ocean_menu_social_hover_links_color":"","ocean_disable_title":"default","ocean_disable_heading":"default","ocean_post_title":"","ocean_post_subheading":"","ocean_post_title_style":"","ocean_post_title_background_color":"","ocean_post_title_background":0,"ocean_post_title_bg_image_position":"","ocean_post_title_bg_image_attachment":"","ocean_post_title_bg_image_repeat":"","ocean_post_title_bg_image_size":"","ocean_post_title_height":0,"ocean_post_title_bg_overlay":0.5,"ocean_post_title_bg_overlay_color":"","ocean_disable_breadcrumbs":"default","ocean_breadcrumbs_color":"","ocean_breadcrumbs_separator_color":"","ocean_breadcrumbs_links_color":"","ocean_breadcrumbs_links_hover_color":"","ocean_display_footer_widgets":"default","ocean_display_footer_bottom":"default","ocean_custom_footer_template":"0","ofc_enable_fullscreen":"disable","ofc_fullscreen_speed":0,"ofc_fullscreen_nav":"enable","ofc_fullscreen_nav_pos":"right","ofc_fullscreen_nav_color":"","ofc_fullscreen_nav_tooltip_color":"","ofc_fullscreen_responsive":0},"product_brand":[],"product_cat":[4394],"product_tag":[],"class_list":{"0":"post-69070","1":"product","2":"type-product","3":"status-publish","4":"has-post-thumbnail","6":"product_cat-nikola-jokic-denver-nuggets-nuggets-pro-style-jersey-icon-edition-custom","7":"product_shipping_class-versandklasse_a","9":"entry","10":"has-media","12":"first","13":"instock","14":"taxable","15":"shipping-taxable","16":"purchasable","17":"product-type-simple","18":"col","19":"span_1_of_4","20":"owp-content-center","21":"owp-thumbs-layout-horizontal","22":"owp-btn-normal","23":"owp-tabs-layout-horizontal"},"acf":[],"_links":{"self":[{"href":"https:\/\/memorabilia-germany.de\/de\/wp-json\/wp\/v2\/product\/69070","targetHints":{"allow":["GET"]}}],"collection":[{"href":"https:\/\/memorabilia-germany.de\/de\/wp-json\/wp\/v2\/product"}],"about":[{"href":"https:\/\/memorabilia-germany.de\/de\/wp-json\/wp\/v2\/types\/product"}],"version-history":[{"count":0,"href":"https:\/\/memorabilia-germany.de\/de\/wp-json\/wp\/v2\/product\/69070\/revisions"}],"wp:featuredmedia":[{"embeddable":true,"href":"https:\/\/memorabilia-germany.de\/de\/wp-json\/wp\/v2\/media\/69029"}],"wp:attachment":[{"href":"https:\/\/memorabilia-germany.de\/de\/wp-json\/wp\/v2\/media?parent=69070"}],"wp:term":[{"taxonomy":"product_brand","embeddable":true,"href":"https:\/\/memorabilia-germany.de\/de\/wp-json\/wp\/v2\/product_brand?post=69070"},{"taxonomy":"product_cat","embeddable":true,"href":"https:\/\/memorabilia-germany.de\/de\/wp-json\/wp\/v2\/product_cat?post=69070"},{"taxonomy":"product_tag","embeddable":true,"href":"https:\/\/memorabilia-germany.de\/de\/wp-json\/wp\/v2\/product_tag?post=69070"}],"curies":[{"name":"wp","href":"https:\/\/api.w.org\/{rel}","templated":true}]}}