{"id":68946,"date":"2026-05-03T14:18:07","date_gmt":"2026-05-03T12:18:07","guid":{"rendered":"https:\/\/memorabilia-germany.de\/?post_type=product&#038;p=68946"},"modified":"2026-05-03T14:20:08","modified_gmt":"2026-05-03T12:20:08","slug":"dennis-rodman-basketball-showcase-chicago-bulls-signierter-basketball-full-cover-inscription","status":"publish","type":"product","link":"https:\/\/memorabilia-germany.de\/de\/produkt\/dennis-rodman-basketball-showcase-chicago-bulls-signierter-basketball-full-cover-inscription\/","title":{"rendered":"DENNIS RODMAN<\/br>Basketball Showcase (Chicago Bulls)<\/br>signierter Basketball, Full Cover Inscription"},"content":{"rendered":"","protected":false},"excerpt":{"rendered":"<p><strong>Chaos, Energie und kompromissloser Wille \u2013 genau daf\u00fcr steht Dennis Rodman. Kaum ein Spieler hat das Spiel auf seine eigene Art so gepr\u00e4gt wie \u201eThe Worm\u201c. Mit grenzenloser Intensit\u00e4t, legend\u00e4rer Defense und einem unb\u00e4ndigen Kampfgeist wurde Rodman zu einer der ikonischsten Pers\u00f6nlichkeiten der Basketballgeschichte. Jeder Rebound war ein Statement, jeder Auftritt pure Leidenschaft. Viele sagen, dass Rodman seiner Zeit um Jahrzehnte voraus war \u2013 auf und neben dem Court.<\/strong><\/p>\n<p><strong>Dieser Basketball ist nicht nur signiert. Rodman hat hier auf einem international \u00e4u\u00dferst seltenen Sammlerst\u00fcck vollfl\u00e4chig s\u00e4mtliche Highlights seiner unverwechselbaren Karriere festgehalten. Von diversen Rekorden, \u00fcber den legend\u00e4ren Spitznamen, bis hin zur Hall of Fame Aufnahme ist hier alles verewigt, was mit Rodmans schillernder Karriere in Verbindung steht. Eine eindrucksvolle Hommage an eines der ikonischsten Kapitel der NBA-Geschichte -pr\u00e4sentiert in einem hochwertigen Showcase:<\/strong><\/p>\n<p><strong>Basketball Showcase aus Sicherheitsglas. Signierter Basketball mit NBA Logo von Spalding im Case. Autogramm und vollfl\u00e4chige Full Cover Inscription von Dennis Rodman auf dem Basketball. Alle NBA Autogramme sind authentifiziert und verf\u00fcgen \u00fcber eine Seriennummer. Weitere Infos siehe unten.<\/strong><\/p>\n<ul style=\"padding-left: 25px; list-style-type: square;\">\n<li>Marke des Basketballs: Spalding<\/li>\n<li>Team: Chicago Bulls<\/li>\n<li>Modell: NBA Game Ball Series Basketball, Full Size<\/li>\n<li>Autogramm: Dennis Rodman, schwarzer Farbstift<\/li>\n<li>Full Cover Inscription:\n<ul style=\"padding-left: 30px; list-style-type: circle;\">\n<li>\u201cHOF 2011\u201d (Hall of Fame Inscription)<\/li>\n<li>\u201e5 x Champ\u201c (NBA Champion: Pistons + Bulls Dynasty)<\/li>\n<li>\u201c2x DPOY\u201d (Defensive Player of the Year Record)<\/li>\n<li>\u201cThe Worm\u201d (Spitzname)<\/li>\n<li>\u201c7 x All Defense Team\u201d<\/li>\n<\/ul>\n<\/li>\n<li>Doppelte Authentifizierung: Beckett Authentication + James Spence Authentication (mit Seriennummern)<\/li>\n<li>Dokumente: Sicherheitshologramm auf dem Basketball (Beckett Witnessed) + Letter of Authenticity (vollseitiges Dokument mit Bild und Sicherheitshologramm, circa DIN A4 mit Unterschriften eines JSA F\u00fchrungsmitglieds sowie eines Notars des US Bundestaats Florida auf James Spence Authentication Sicherheitspapier)<\/li>\n<li>Gallery Eintrag mit Bild in der JSA Datenbank<\/li>\n<li>Datum: signiert am 15.07.2017<\/li>\n<li>Zertifikatsstatus: Witnessed (signiert in der Anwesenheit eines Beckett Experten)<\/li>\n<li>Gr\u00f6\u00dfe Showcase: circa 28 x 27,5 x 31 cm<\/li>\n<li>Trading Card &amp; Ball-Halterung enthalten<\/li>\n<li>Der Basketball kommt mit einem Basketball Showcase zu Ausstellungszwecken; das Showcase ist von massiver und robuster Qualit\u00e4t. Das Glas ist aus Acryl, der Boden und die R\u00fcckwand sind schwarz gehalten, um den Basketball ideal zur Geltung zu bringen. Das Showcase ist wertig verschraubt und schlie\u00dft komplett. Der Ballhalter ist ebenfalls von massiver Qualit\u00e4t. Das Name Plate an der Vorderseite ist aus Aluminium.<\/li>\n<li>Jeder signierte Basketball wird von einem der marktf\u00fchrenden US Authenticator verifiziert und kommt mit seriennummerierten Sicherheitsmerkmalen, die die Echtheit des Autogramms best\u00e4tigen (Certificate of Authenticity und\/oder Sicherheitshologramm). Authenticator von NBA Autogrammen sind bei <strong><a href=\"https:\/\/memorabilia-germany.de\/de\/wir-memorabilia-germany\/\">Memorabilia Germany<\/a><\/strong> ausschlie\u00dflich: <strong><a href=\"https:\/\/memorabilia-germany.de\/de\/signatur-authentifizierung\/#signatur-authentifizierung-beckett\">Beckett<\/a><\/strong>, <strong><a href=\"https:\/\/memorabilia-germany.de\/de\/signatur-authentifizierung\/#signatur-authentifizierung-james-spence\">James Spence Authentication<\/a><\/strong>, <strong><a href=\"https:\/\/memorabilia-germany.de\/de\/signatur-authentifizierung\/#signatur-authentifizierung-psa-dna\">PSA\/DNA<\/a><\/strong> oder <strong><a href=\"https:\/\/memorabilia-germany.de\/de\/signatur-authentifizierung\/#signatur-authentifizierung-fanatics\">Fanatics<\/a><\/strong>. Mehr Infos zum wichtigen Thema Authentifizierung findet ihr <strong><a href=\"https:\/\/memorabilia-germany.de\/de\/signatur-authentifizierung\/\">hier<\/a><\/strong>.<\/li>\n<\/ul>\n<p>Mehr Basketball Showcases findest du <strong><a href=\"https:\/\/memorabilia-germany.de\/de\/produkt-kategorie\/basketball-memorabilia\/basketball-showcase\/\">hier<\/a><\/strong>.<\/p>\n","protected":false},"featured_media":68897,"template":"","meta":{"_acf_changed":false,"ocean_post_layout":"","ocean_both_sidebars_style":"","ocean_both_sidebars_content_width":0,"ocean_both_sidebars_sidebars_width":0,"ocean_sidebar":"0","ocean_second_sidebar":"0","ocean_disable_margins":"enable","ocean_add_body_class":"","ocean_shortcode_before_top_bar":"","ocean_shortcode_after_top_bar":"","ocean_shortcode_before_header":"","ocean_shortcode_after_header":"","ocean_has_shortcode":"","ocean_shortcode_after_title":"","ocean_shortcode_before_footer_widgets":"","ocean_shortcode_after_footer_widgets":"","ocean_shortcode_before_footer_bottom":"","ocean_shortcode_after_footer_bottom":"","ocean_display_top_bar":"default","ocean_display_header":"default","ocean_header_style":"","ocean_center_header_left_menu":"0","ocean_custom_header_template":"0","ocean_custom_logo":0,"ocean_custom_retina_logo":0,"ocean_custom_logo_max_width":0,"ocean_custom_logo_tablet_max_width":0,"ocean_custom_logo_mobile_max_width":0,"ocean_custom_logo_max_height":0,"ocean_custom_logo_tablet_max_height":0,"ocean_custom_logo_mobile_max_height":0,"ocean_header_custom_menu":"0","ocean_menu_typo_font_family":"0","ocean_menu_typo_font_subset":"","ocean_menu_typo_font_size":0,"ocean_menu_typo_font_size_tablet":0,"ocean_menu_typo_font_size_mobile":0,"ocean_menu_typo_font_size_unit":"px","ocean_menu_typo_font_weight":"","ocean_menu_typo_font_weight_tablet":"","ocean_menu_typo_font_weight_mobile":"","ocean_menu_typo_transform":"","ocean_menu_typo_transform_tablet":"","ocean_menu_typo_transform_mobile":"","ocean_menu_typo_line_height":0,"ocean_menu_typo_line_height_tablet":0,"ocean_menu_typo_line_height_mobile":0,"ocean_menu_typo_line_height_unit":"","ocean_menu_typo_spacing":0,"ocean_menu_typo_spacing_tablet":0,"ocean_menu_typo_spacing_mobile":0,"ocean_menu_typo_spacing_unit":"","ocean_menu_link_color":"","ocean_menu_link_color_hover":"","ocean_menu_link_color_active":"","ocean_menu_link_background":"","ocean_menu_link_hover_background":"","ocean_menu_link_active_background":"","ocean_menu_social_links_bg":"","ocean_menu_social_hover_links_bg":"","ocean_menu_social_links_color":"","ocean_menu_social_hover_links_color":"","ocean_disable_title":"default","ocean_disable_heading":"default","ocean_post_title":"","ocean_post_subheading":"","ocean_post_title_style":"","ocean_post_title_background_color":"","ocean_post_title_background":0,"ocean_post_title_bg_image_position":"","ocean_post_title_bg_image_attachment":"","ocean_post_title_bg_image_repeat":"","ocean_post_title_bg_image_size":"","ocean_post_title_height":0,"ocean_post_title_bg_overlay":0.5,"ocean_post_title_bg_overlay_color":"","ocean_disable_breadcrumbs":"default","ocean_breadcrumbs_color":"","ocean_breadcrumbs_separator_color":"","ocean_breadcrumbs_links_color":"","ocean_breadcrumbs_links_hover_color":"","ocean_display_footer_widgets":"default","ocean_display_footer_bottom":"default","ocean_custom_footer_template":"0","ofc_enable_fullscreen":"disable","ofc_fullscreen_speed":0,"ofc_fullscreen_nav":"enable","ofc_fullscreen_nav_pos":"right","ofc_fullscreen_nav_color":"","ofc_fullscreen_nav_tooltip_color":"","ofc_fullscreen_responsive":0},"product_brand":[],"product_cat":[4386],"product_tag":[],"class_list":{"0":"post-68946","1":"product","2":"type-product","3":"status-publish","4":"has-post-thumbnail","6":"product_cat-dennis-rodman-basketball-showcase-chicago-bulls-signierter-basketball-full-cover-inscription","7":"product_shipping_class-versandklasse_a","9":"entry","10":"has-media","12":"first","13":"instock","14":"taxable","15":"shipping-taxable","16":"purchasable","17":"product-type-simple","18":"col","19":"span_1_of_4","20":"owp-content-center","21":"owp-thumbs-layout-horizontal","22":"owp-btn-normal","23":"owp-tabs-layout-horizontal"},"acf":[],"_links":{"self":[{"href":"https:\/\/memorabilia-germany.de\/de\/wp-json\/wp\/v2\/product\/68946","targetHints":{"allow":["GET"]}}],"collection":[{"href":"https:\/\/memorabilia-germany.de\/de\/wp-json\/wp\/v2\/product"}],"about":[{"href":"https:\/\/memorabilia-germany.de\/de\/wp-json\/wp\/v2\/types\/product"}],"version-history":[{"count":0,"href":"https:\/\/memorabilia-germany.de\/de\/wp-json\/wp\/v2\/product\/68946\/revisions"}],"wp:featuredmedia":[{"embeddable":true,"href":"https:\/\/memorabilia-germany.de\/de\/wp-json\/wp\/v2\/media\/68897"}],"wp:attachment":[{"href":"https:\/\/memorabilia-germany.de\/de\/wp-json\/wp\/v2\/media?parent=68946"}],"wp:term":[{"taxonomy":"product_brand","embeddable":true,"href":"https:\/\/memorabilia-germany.de\/de\/wp-json\/wp\/v2\/product_brand?post=68946"},{"taxonomy":"product_cat","embeddable":true,"href":"https:\/\/memorabilia-germany.de\/de\/wp-json\/wp\/v2\/product_cat?post=68946"},{"taxonomy":"product_tag","embeddable":true,"href":"https:\/\/memorabilia-germany.de\/de\/wp-json\/wp\/v2\/product_tag?post=68946"}],"curies":[{"name":"wp","href":"https:\/\/api.w.org\/{rel}","templated":true}]}}