{"id":68638,"date":"2026-04-22T18:12:22","date_gmt":"2026-04-22T16:12:22","guid":{"rendered":"https:\/\/memorabilia-germany.de\/?post_type=product&#038;p=68638"},"modified":"2026-04-23T13:27:35","modified_gmt":"2026-04-23T11:27:35","slug":"2026-keepsake-pieces-of-the-past-roaring-20s-one-time-edition-hobby-box","status":"publish","type":"product","link":"https:\/\/memorabilia-germany.de\/de\/produkt\/2026-keepsake-pieces-of-the-past-roaring-20s-one-time-edition-hobby-box\/","title":{"rendered":"2026 Keepsake Pieces of the Past Roaring 20&#8217;s<\/br>One Time Edition (Hobby Box)"},"content":{"rendered":"<p style=\"text-align: center;\"><strong>Hier bekommt ihr eine \u00dcbersicht \u00fcber einige der ber\u00fchmten Namen dieser Serie:<\/strong><\/p>\n<p style=\"text-align: center;\">Ernest Hemingway<br \/>\nAlbert Einstein<br \/>\nFranklin D. Roosevelt<br \/>\nWinston Churchill<br \/>\nAl Capone<br \/>\nCharlie Chaplin<br \/>\nNikola Tesla<br \/>\nMarie Curie<br \/>\nSigmund Freud<br \/>\nThomas Edison<br \/>\nNiels Bohr<br \/>\nHenry Ford<br \/>\nLucky Luciano<br \/>\nBugsy Siegel<br \/>\nAmelia Earhart<br \/>\nJoseph Pulitzer<br \/>\nHoward Carter<br \/>\nRoald Amundsen<br \/>\nMeyer Lansky<br \/>\nEdwin Hubble<br \/>\nJohn B. Watson<br \/>\nFrank Costello<br \/>\nWilliam Randolph Hearst<br \/>\nRichard Warren Sears<br \/>\nScott Fitzgerald<br \/>\nT.S. Eliot<br \/>\nLangston Hughes<br \/>\nRoger Babson<br \/>\nGeorge Paish<\/p>\n<p>Mehr Trading Cards findest du <strong><a href=\"https:\/\/memorabilia-germany.de\/de\/trading-cards\">hier<\/a><\/strong>.<\/p>\n","protected":false},"excerpt":{"rendered":"<p><strong>Die \u201eRoaring 20\u2019s\u201c \u2013 ein Jahrzehnt, das bis heute nachhallt wie ein ferner Jazz-Sound aus einer verrauchten Bar. Es war die Zeit des Aufbruchs, der Extreme und des puren Lebensgef\u00fchls. Zwischen flimmernden Lichtern, verbotenen Partys und einer Welt im Wandel entstand eine \u00c4ra, in der Tr\u00e4ume gr\u00f6\u00dfer gedacht wurden als je zuvor. Eleganz traf auf Rebellion, Glamour auf Geheimnisse \u2013 und Geschichte wurde nicht geschrieben, sondern gelebt.<\/strong><\/p>\n<p><strong>Genau dieses Gef\u00fchl fangen die Karten dieser Edition ein. Sie sind mehr als nur Sammelobjekte \u2013 sie sind Fragmente einer Zeit, in der jede Nacht unendlich schien und jeder Moment Bedeutung hatte. Jede Karte erz\u00e4hlt ihre eigene Geschichte aus einer Welt voller Ikonen, Legenden und unvergesslicher Augenblicke.<\/strong><\/p>\n<p><strong>Der etablierte US Marktf\u00fchrer f\u00fcr Entertainment Trading Cards Super Break bietet in dieser Edition einen exklusiven Zugang zu den Legenden der Roaring 20\u2019s \u2013 eingefangen in seltenen Relikten, originalen Autogrammen und au\u00dfergew\u00f6hnlichen Dokumenten mit authentischem Geschichtsbezug.<\/strong><\/p>\n<ul style=\"list-style-type: square;\">\n<li>Inhalt der Box: 1 Keepsake Relic Card (garantiert)<\/li>\n<li>Zustand: unge\u00f6ffnet und original in Folie verschwei\u00dft<\/li>\n<li>Thema: Prominente &amp; Pers\u00f6nlichkeiten der Geschichte (Entertainment, Politik, Kunst, Wissenschaft etc.)<\/li>\n<li>Folie: Factory sealed. Die Box ist in der original Folie des Herstellers verschwei\u00dft.<\/li>\n<li>Marke: Super Break<\/li>\n<li>Land: USA<\/li>\n<li>Finde Relic Cards, Cut Autographs und handgeschriebene Dokumente von ber\u00fchmten Pers\u00f6nlichkeiten wie Albert Einstein, Charlie Chaplin, Winston Churchill, Al Capone, Sigmund Freud oder Ernest Hemingway.<\/li>\n<li>Die Serie enth\u00e4lt aufregende Relics wie Aktienpapiere, originale Pr\u00e4sidenten-Dokumente, B\u00f6rsencrash-Relics, alte handgeschriebene Briefe und viele mehr!<\/li>\n<li>Finde zudem seltene Triples, Quadruples &amp; Jumbo Relics!<\/li>\n<\/ul>\n","protected":false},"featured_media":68622,"template":"","meta":{"_acf_changed":false,"ocean_post_layout":"","ocean_both_sidebars_style":"","ocean_both_sidebars_content_width":0,"ocean_both_sidebars_sidebars_width":0,"ocean_sidebar":"0","ocean_second_sidebar":"0","ocean_disable_margins":"enable","ocean_add_body_class":"","ocean_shortcode_before_top_bar":"","ocean_shortcode_after_top_bar":"","ocean_shortcode_before_header":"","ocean_shortcode_after_header":"","ocean_has_shortcode":"","ocean_shortcode_after_title":"","ocean_shortcode_before_footer_widgets":"","ocean_shortcode_after_footer_widgets":"","ocean_shortcode_before_footer_bottom":"","ocean_shortcode_after_footer_bottom":"","ocean_display_top_bar":"default","ocean_display_header":"default","ocean_header_style":"","ocean_center_header_left_menu":"0","ocean_custom_header_template":"0","ocean_custom_logo":0,"ocean_custom_retina_logo":0,"ocean_custom_logo_max_width":0,"ocean_custom_logo_tablet_max_width":0,"ocean_custom_logo_mobile_max_width":0,"ocean_custom_logo_max_height":0,"ocean_custom_logo_tablet_max_height":0,"ocean_custom_logo_mobile_max_height":0,"ocean_header_custom_menu":"0","ocean_menu_typo_font_family":"0","ocean_menu_typo_font_subset":"","ocean_menu_typo_font_size":0,"ocean_menu_typo_font_size_tablet":0,"ocean_menu_typo_font_size_mobile":0,"ocean_menu_typo_font_size_unit":"px","ocean_menu_typo_font_weight":"","ocean_menu_typo_font_weight_tablet":"","ocean_menu_typo_font_weight_mobile":"","ocean_menu_typo_transform":"","ocean_menu_typo_transform_tablet":"","ocean_menu_typo_transform_mobile":"","ocean_menu_typo_line_height":0,"ocean_menu_typo_line_height_tablet":0,"ocean_menu_typo_line_height_mobile":0,"ocean_menu_typo_line_height_unit":"","ocean_menu_typo_spacing":0,"ocean_menu_typo_spacing_tablet":0,"ocean_menu_typo_spacing_mobile":0,"ocean_menu_typo_spacing_unit":"","ocean_menu_link_color":"","ocean_menu_link_color_hover":"","ocean_menu_link_color_active":"","ocean_menu_link_background":"","ocean_menu_link_hover_background":"","ocean_menu_link_active_background":"","ocean_menu_social_links_bg":"","ocean_menu_social_hover_links_bg":"","ocean_menu_social_links_color":"","ocean_menu_social_hover_links_color":"","ocean_disable_title":"default","ocean_disable_heading":"default","ocean_post_title":"","ocean_post_subheading":"","ocean_post_title_style":"","ocean_post_title_background_color":"","ocean_post_title_background":0,"ocean_post_title_bg_image_position":"","ocean_post_title_bg_image_attachment":"","ocean_post_title_bg_image_repeat":"","ocean_post_title_bg_image_size":"","ocean_post_title_height":0,"ocean_post_title_bg_overlay":0.5,"ocean_post_title_bg_overlay_color":"","ocean_disable_breadcrumbs":"default","ocean_breadcrumbs_color":"","ocean_breadcrumbs_separator_color":"","ocean_breadcrumbs_links_color":"","ocean_breadcrumbs_links_hover_color":"","ocean_display_footer_widgets":"default","ocean_display_footer_bottom":"default","ocean_custom_footer_template":"0","ofc_enable_fullscreen":"disable","ofc_fullscreen_speed":0,"ofc_fullscreen_nav":"enable","ofc_fullscreen_nav_pos":"right","ofc_fullscreen_nav_color":"","ofc_fullscreen_nav_tooltip_color":"","ofc_fullscreen_responsive":0},"product_brand":[],"product_cat":[4369],"product_tag":[],"class_list":{"0":"post-68638","1":"product","2":"type-product","3":"status-publish","4":"has-post-thumbnail","6":"product_cat-2026-keepsake-pieces-of-the-past-roaring-20s-one-time-edition-hobby-box","7":"product_shipping_class-versandklasse_a","9":"entry","10":"has-media","12":"first","13":"instock","14":"taxable","15":"shipping-taxable","16":"purchasable","17":"product-type-simple","18":"col","19":"span_1_of_4","20":"owp-content-center","21":"owp-thumbs-layout-horizontal","22":"owp-btn-normal","23":"owp-tabs-layout-horizontal"},"acf":[],"_links":{"self":[{"href":"https:\/\/memorabilia-germany.de\/de\/wp-json\/wp\/v2\/product\/68638","targetHints":{"allow":["GET"]}}],"collection":[{"href":"https:\/\/memorabilia-germany.de\/de\/wp-json\/wp\/v2\/product"}],"about":[{"href":"https:\/\/memorabilia-germany.de\/de\/wp-json\/wp\/v2\/types\/product"}],"version-history":[{"count":0,"href":"https:\/\/memorabilia-germany.de\/de\/wp-json\/wp\/v2\/product\/68638\/revisions"}],"wp:featuredmedia":[{"embeddable":true,"href":"https:\/\/memorabilia-germany.de\/de\/wp-json\/wp\/v2\/media\/68622"}],"wp:attachment":[{"href":"https:\/\/memorabilia-germany.de\/de\/wp-json\/wp\/v2\/media?parent=68638"}],"wp:term":[{"taxonomy":"product_brand","embeddable":true,"href":"https:\/\/memorabilia-germany.de\/de\/wp-json\/wp\/v2\/product_brand?post=68638"},{"taxonomy":"product_cat","embeddable":true,"href":"https:\/\/memorabilia-germany.de\/de\/wp-json\/wp\/v2\/product_cat?post=68638"},{"taxonomy":"product_tag","embeddable":true,"href":"https:\/\/memorabilia-germany.de\/de\/wp-json\/wp\/v2\/product_tag?post=68638"}],"curies":[{"name":"wp","href":"https:\/\/api.w.org\/{rel}","templated":true}]}}