{"id":68562,"date":"2026-04-22T16:27:25","date_gmt":"2026-04-22T14:27:25","guid":{"rendered":"https:\/\/memorabilia-germany.de\/?post_type=product&#038;p=68562"},"modified":"2026-04-22T17:11:38","modified_gmt":"2026-04-22T15:11:38","slug":"maxi-kleber-los-angeles-lakers-jordan-nba-authentics-swingman-jersey-statement-edition","status":"publish","type":"product","link":"https:\/\/memorabilia-germany.de\/de\/produkt\/maxi-kleber-los-angeles-lakers-jordan-nba-authentics-swingman-jersey-statement-edition\/","title":{"rendered":"MAXI KLEBER (Los Angeles Lakers)<\/br>Jordan NBA Authentics Swingman Jersey<\/br>(Statement Edition)"},"content":{"rendered":"","protected":false},"excerpt":{"rendered":"<p><strong>Wenn Maxi Kleber auf dem Feld steht, zeigt sich Basketball von seiner intelligentesten Seite. Ohne gro\u00dfes Aufsehen, aber mit maximaler Wirkung pr\u00e4gt er das Spiel mit Timing, \u00dcbersicht und kompromissloser Defense. Ob wichtiger Stop, kluger Pass oder sicherer Wurf von au\u00dfen \u2013 Kleber ist der Spieler, der genau dann liefert, wenn es darauf ankommt. Ein Profi, der den Unterschied macht, ohne ihn laut anzuk\u00fcndigen.<\/strong><\/p>\n<p><strong>Dieses Trikot bringt genau diese Verl\u00e4sslichkeit auf den Punkt:<\/strong><\/p>\n<p><strong>Signiertes Los Angeles Lakers Trikot von Jordan mit Autogramm von Maxi Kleber. Alle NBA Autogramme sind authentifiziert und verf\u00fcgen \u00fcber eine Seriennummer. Weitere Infos siehe unten.<\/strong><\/p>\n<ul style=\"list-style-type: square;\">\n<li>Marke: Jordan<\/li>\n<li>Modell: NBA Authentics Swingman &#8211; Statement Edition<\/li>\n<li>Art des Trikot: <strong><a href=\"https:\/\/memorabilia-germany.de\/de\/sport-memorabilia-faq\/#faq-trikot-arten\">Authentic Jersey (NBA licensed)<\/a><\/strong><\/li>\n<li>Team: Los Angeles Lakers<\/li>\n<li>Autogramm: Maximilian Kleber, schwarzer Farbstift<\/li>\n<li>Inscription: \u201e#14\u201c (Player Number)<\/li>\n<li>Authentifizierung: PSA\/DNA (mit Seriennummer)<\/li>\n<li>Dokumente: Digital Certificate of Authenticity + Sicherheitshologramm auf dem Trikot<\/li>\n<li>Gr\u00f6\u00dfe: 52 (XL)<\/li>\n<li>Alle signierten Trikots werden von einem der marktf\u00fchrenden US Authenticator verifiziert und kommen mit seriennummerierten Sicherheitsmerkmalen, die die Echtheit des Autogramms best\u00e4tigen (Certificate of Authenticity und\/oder Sicherheitshologramm). Authenticator von NBA Autogrammen sind bei <strong><a href=\"https:\/\/memorabilia-germany.de\/de\/wir-memorabilia-germany\/\">Memorabilia Germany<\/a><\/strong> ausschlie\u00dflich: <strong><a href=\"https:\/\/memorabilia-germany.de\/de\/signatur-authentifizierung\/#signatur-authentifizierung-beckett\">Beckett<\/a><\/strong>, <strong><a href=\"https:\/\/memorabilia-germany.de\/de\/signatur-authentifizierung\/#signatur-authentifizierung-james-spence\">James Spence Authentication<\/a><\/strong>, <strong><a href=\"https:\/\/memorabilia-germany.de\/de\/signatur-authentifizierung\/#signatur-authentifizierung-psa-dna\">PSA\/DNA<\/a><\/strong> oder <strong><a href=\"https:\/\/memorabilia-germany.de\/de\/signatur-authentifizierung\/#signatur-authentifizierung-fanatics\">Fanatics<\/a><\/strong>. Mehr Infos zum wichtigen Thema Authentifizierung findet ihr <strong><a href=\"https:\/\/memorabilia-germany.de\/de\/signatur-authentifizierung\/\">hier<\/a><\/strong>.<\/li>\n<\/ul>\n<p>Mehr signierte Trikots von NBA Legenden findest du <strong><a href=\"https:\/\/memorabilia-germany.de\/de\/produkt-kategorie\/basketball-memorabilia\/signiertes-trikot-basketball\/\">hier<\/a><\/strong>.<\/p>\n","protected":false},"featured_media":68526,"template":"","meta":{"_acf_changed":false,"ocean_post_layout":"","ocean_both_sidebars_style":"","ocean_both_sidebars_content_width":0,"ocean_both_sidebars_sidebars_width":0,"ocean_sidebar":"0","ocean_second_sidebar":"0","ocean_disable_margins":"enable","ocean_add_body_class":"","ocean_shortcode_before_top_bar":"","ocean_shortcode_after_top_bar":"","ocean_shortcode_before_header":"","ocean_shortcode_after_header":"","ocean_has_shortcode":"","ocean_shortcode_after_title":"","ocean_shortcode_before_footer_widgets":"","ocean_shortcode_after_footer_widgets":"","ocean_shortcode_before_footer_bottom":"","ocean_shortcode_after_footer_bottom":"","ocean_display_top_bar":"default","ocean_display_header":"default","ocean_header_style":"","ocean_center_header_left_menu":"0","ocean_custom_header_template":"0","ocean_custom_logo":0,"ocean_custom_retina_logo":0,"ocean_custom_logo_max_width":0,"ocean_custom_logo_tablet_max_width":0,"ocean_custom_logo_mobile_max_width":0,"ocean_custom_logo_max_height":0,"ocean_custom_logo_tablet_max_height":0,"ocean_custom_logo_mobile_max_height":0,"ocean_header_custom_menu":"0","ocean_menu_typo_font_family":"0","ocean_menu_typo_font_subset":"","ocean_menu_typo_font_size":0,"ocean_menu_typo_font_size_tablet":0,"ocean_menu_typo_font_size_mobile":0,"ocean_menu_typo_font_size_unit":"px","ocean_menu_typo_font_weight":"","ocean_menu_typo_font_weight_tablet":"","ocean_menu_typo_font_weight_mobile":"","ocean_menu_typo_transform":"","ocean_menu_typo_transform_tablet":"","ocean_menu_typo_transform_mobile":"","ocean_menu_typo_line_height":0,"ocean_menu_typo_line_height_tablet":0,"ocean_menu_typo_line_height_mobile":0,"ocean_menu_typo_line_height_unit":"","ocean_menu_typo_spacing":0,"ocean_menu_typo_spacing_tablet":0,"ocean_menu_typo_spacing_mobile":0,"ocean_menu_typo_spacing_unit":"","ocean_menu_link_color":"","ocean_menu_link_color_hover":"","ocean_menu_link_color_active":"","ocean_menu_link_background":"","ocean_menu_link_hover_background":"","ocean_menu_link_active_background":"","ocean_menu_social_links_bg":"","ocean_menu_social_hover_links_bg":"","ocean_menu_social_links_color":"","ocean_menu_social_hover_links_color":"","ocean_disable_title":"default","ocean_disable_heading":"default","ocean_post_title":"","ocean_post_subheading":"","ocean_post_title_style":"","ocean_post_title_background_color":"","ocean_post_title_background":0,"ocean_post_title_bg_image_position":"","ocean_post_title_bg_image_attachment":"","ocean_post_title_bg_image_repeat":"","ocean_post_title_bg_image_size":"","ocean_post_title_height":0,"ocean_post_title_bg_overlay":0.5,"ocean_post_title_bg_overlay_color":"","ocean_disable_breadcrumbs":"default","ocean_breadcrumbs_color":"","ocean_breadcrumbs_separator_color":"","ocean_breadcrumbs_links_color":"","ocean_breadcrumbs_links_hover_color":"","ocean_display_footer_widgets":"default","ocean_display_footer_bottom":"default","ocean_custom_footer_template":"0","ofc_enable_fullscreen":"disable","ofc_fullscreen_speed":0,"ofc_fullscreen_nav":"enable","ofc_fullscreen_nav_pos":"right","ofc_fullscreen_nav_color":"","ofc_fullscreen_nav_tooltip_color":"","ofc_fullscreen_responsive":0},"product_brand":[],"product_cat":[4359],"product_tag":[],"class_list":{"0":"post-68562","1":"product","2":"type-product","3":"status-publish","4":"has-post-thumbnail","6":"product_cat-maxi-kleber-los-angeles-lakers-jordan-nba-authentics-swingman-jersey-statement-edition","7":"product_shipping_class-versandklasse_a","9":"entry","10":"has-media","12":"first","13":"instock","14":"taxable","15":"shipping-taxable","16":"purchasable","17":"product-type-simple","18":"col","19":"span_1_of_4","20":"owp-content-center","21":"owp-thumbs-layout-horizontal","22":"owp-btn-normal","23":"owp-tabs-layout-horizontal"},"acf":[],"_links":{"self":[{"href":"https:\/\/memorabilia-germany.de\/de\/wp-json\/wp\/v2\/product\/68562","targetHints":{"allow":["GET"]}}],"collection":[{"href":"https:\/\/memorabilia-germany.de\/de\/wp-json\/wp\/v2\/product"}],"about":[{"href":"https:\/\/memorabilia-germany.de\/de\/wp-json\/wp\/v2\/types\/product"}],"version-history":[{"count":0,"href":"https:\/\/memorabilia-germany.de\/de\/wp-json\/wp\/v2\/product\/68562\/revisions"}],"wp:featuredmedia":[{"embeddable":true,"href":"https:\/\/memorabilia-germany.de\/de\/wp-json\/wp\/v2\/media\/68526"}],"wp:attachment":[{"href":"https:\/\/memorabilia-germany.de\/de\/wp-json\/wp\/v2\/media?parent=68562"}],"wp:term":[{"taxonomy":"product_brand","embeddable":true,"href":"https:\/\/memorabilia-germany.de\/de\/wp-json\/wp\/v2\/product_brand?post=68562"},{"taxonomy":"product_cat","embeddable":true,"href":"https:\/\/memorabilia-germany.de\/de\/wp-json\/wp\/v2\/product_cat?post=68562"},{"taxonomy":"product_tag","embeddable":true,"href":"https:\/\/memorabilia-germany.de\/de\/wp-json\/wp\/v2\/product_tag?post=68562"}],"curies":[{"name":"wp","href":"https:\/\/api.w.org\/{rel}","templated":true}]}}