{"id":68028,"date":"2026-04-09T18:37:38","date_gmt":"2026-04-09T16:37:38","guid":{"rendered":"https:\/\/memorabilia-germany.de\/?post_type=product&#038;p=68028"},"modified":"2026-04-14T20:08:20","modified_gmt":"2026-04-14T18:08:20","slug":"nba-graded-cards-mystery-box-dirty-slabs-club-level-edition","status":"publish","type":"product","link":"https:\/\/memorabilia-germany.de\/de\/produkt\/nba-graded-cards-mystery-box-dirty-slabs-club-level-edition\/","title":{"rendered":"NBA Graded Cards Mystery Box<\/br>(Dirty Slabs \u2013 Club Level Edition)"},"content":{"rendered":"","protected":false},"excerpt":{"rendered":"<p><strong>Club Level \u2013 right in the action!<\/strong><\/p>\n<p><strong>Jede Box ist versiegelt und enth\u00e4lt eine NBA Trading Card im \u201eSlab\u201c. Das Grading der Karten erfolgte ausnahmslos durch die Grading Companies PSA, CGC oder Beckett.<\/strong><\/p>\n<p><strong>Dar\u00fcber hinaus kannst du in dieser Edition mit etwas Gl\u00fcck signierte NBA Memorabilia finden! Von XL Photographs bis hin zu Jerseys und \u00dcberraschungs-Highlights aus der Welt der Trading Cards und signierten Memorabilia: deine Chancen auf Hits standen wohl noch nie so gut! Weitere Infos findest du weiter unten.<\/strong><\/p>\n<p><strong>Produktinfos:<\/strong><\/p>\n<ul style=\"padding-left: 25px; list-style-type: square;\">\n<li>Inhalt jeder Box: 1 gegradete Karte im Slab<\/li>\n<li>Club Level Edition: diese Edition zeichnet sich durch ein solides Hit-Level aus. Chase Values up to 2.500\u20ac<\/li>\n<li>Grading Companies dieser Serie sind ausschlie\u00dflich: PSA, CGC und Beckett<\/li>\n<li>Diese Serie enth\u00e4lt ausschlie\u00dflich Trading Cards von topps, Panini und Upper Deck<\/li>\n<li>High-Grades only: Alle gegradeten Trading Cards dieser Serie haben eine Grading Note von 9 oder besser!<\/li>\n<li><strong>Chancen:<\/strong>\n<ul style=\"padding-left: 30px; list-style-type: circle;\">\n<li><strong>Rookie Cards\/Parallels\/Inserts\/Numbered Cards<\/strong><\/li>\n<li><strong>On Card Autographs<\/strong><\/li>\n<li><strong>Memorabilia Cards<\/strong><\/li>\n<li><strong>Signierte &amp; authentifizierte NBA Memorabilia<\/strong><\/li>\n<li><strong>Vintage Trading Card Packs<\/strong><\/li>\n<li><strong>Surprise Redemption Vouchers (Hobby Boxen, Basketballs und einige andere Specials)<\/strong><\/li>\n<\/ul>\n<\/li>\n<li>Card Release Dates: ein Gro\u00dfteil der Cards stammt aus modernen Editions wie Donruss Optic, SP Authentic, Immaculate, Prizm, Chrome, Spectra, Select oder National Treasures. Tats\u00e4chlich verstecken wir aber auch ein paar alte Sch\u00e4tze in den Boxen, die bis in die 70er Jahre zur\u00fcckgehen k\u00f6nnen.<\/li>\n<li>\u201eNo Trash\u201c Versprechen: in den Boxen befinden sich keine langweiligen 08\/15-Base Cards von Random Spielern<\/li>\n<li>Besonderheiten:\n<ul style=\"padding-left: 30px; list-style-type: circle;\">\n<li>On Card Autograph Hinweis: in einigen Boxen k\u00f6nnen sich Karten verbergen, die nachtr\u00e4glich \u201eon card\u201c von einem NBA Star signiert wurden. Diese Karten sind ebenfalls in einem Grading Slab gesichert, es kann aber sein, dass die Karte nicht gegradet wurde, das Label daf\u00fcr aber einen Authentication Status und\/oder eine Signature Grading Note anzeigt (z.B. \u201eBeckett Witnessed\u201c\/Autograph 10).<\/li>\n<li>Vintage Card Grading Notes: in einigen Boxen k\u00f6nnen sich gegradete Karten verbergen, die vor 1990 erschienen. Die Grading Noten f\u00fcr diese Karten k\u00f6nnen unter dem Grade 9 liegen, werden euch aber mit Sicherheit trotzdem begeistern!<\/li>\n<\/ul>\n<\/li>\n<\/ul>\n","protected":false},"featured_media":68122,"template":"","meta":{"_acf_changed":false,"ocean_post_layout":"","ocean_both_sidebars_style":"","ocean_both_sidebars_content_width":0,"ocean_both_sidebars_sidebars_width":0,"ocean_sidebar":"0","ocean_second_sidebar":"0","ocean_disable_margins":"enable","ocean_add_body_class":"","ocean_shortcode_before_top_bar":"","ocean_shortcode_after_top_bar":"","ocean_shortcode_before_header":"","ocean_shortcode_after_header":"","ocean_has_shortcode":"","ocean_shortcode_after_title":"","ocean_shortcode_before_footer_widgets":"","ocean_shortcode_after_footer_widgets":"","ocean_shortcode_before_footer_bottom":"","ocean_shortcode_after_footer_bottom":"","ocean_display_top_bar":"default","ocean_display_header":"default","ocean_header_style":"","ocean_center_header_left_menu":"0","ocean_custom_header_template":"0","ocean_custom_logo":0,"ocean_custom_retina_logo":0,"ocean_custom_logo_max_width":0,"ocean_custom_logo_tablet_max_width":0,"ocean_custom_logo_mobile_max_width":0,"ocean_custom_logo_max_height":0,"ocean_custom_logo_tablet_max_height":0,"ocean_custom_logo_mobile_max_height":0,"ocean_header_custom_menu":"0","ocean_menu_typo_font_family":"0","ocean_menu_typo_font_subset":"","ocean_menu_typo_font_size":0,"ocean_menu_typo_font_size_tablet":0,"ocean_menu_typo_font_size_mobile":0,"ocean_menu_typo_font_size_unit":"px","ocean_menu_typo_font_weight":"","ocean_menu_typo_font_weight_tablet":"","ocean_menu_typo_font_weight_mobile":"","ocean_menu_typo_transform":"","ocean_menu_typo_transform_tablet":"","ocean_menu_typo_transform_mobile":"","ocean_menu_typo_line_height":0,"ocean_menu_typo_line_height_tablet":0,"ocean_menu_typo_line_height_mobile":0,"ocean_menu_typo_line_height_unit":"","ocean_menu_typo_spacing":0,"ocean_menu_typo_spacing_tablet":0,"ocean_menu_typo_spacing_mobile":0,"ocean_menu_typo_spacing_unit":"","ocean_menu_link_color":"","ocean_menu_link_color_hover":"","ocean_menu_link_color_active":"","ocean_menu_link_background":"","ocean_menu_link_hover_background":"","ocean_menu_link_active_background":"","ocean_menu_social_links_bg":"","ocean_menu_social_hover_links_bg":"","ocean_menu_social_links_color":"","ocean_menu_social_hover_links_color":"","ocean_disable_title":"default","ocean_disable_heading":"default","ocean_post_title":"","ocean_post_subheading":"","ocean_post_title_style":"","ocean_post_title_background_color":"","ocean_post_title_background":0,"ocean_post_title_bg_image_position":"","ocean_post_title_bg_image_attachment":"","ocean_post_title_bg_image_repeat":"","ocean_post_title_bg_image_size":"","ocean_post_title_height":0,"ocean_post_title_bg_overlay":0.5,"ocean_post_title_bg_overlay_color":"","ocean_disable_breadcrumbs":"default","ocean_breadcrumbs_color":"","ocean_breadcrumbs_separator_color":"","ocean_breadcrumbs_links_color":"","ocean_breadcrumbs_links_hover_color":"","ocean_display_footer_widgets":"default","ocean_display_footer_bottom":"default","ocean_custom_footer_template":"0","ofc_enable_fullscreen":"disable","ofc_fullscreen_speed":0,"ofc_fullscreen_nav":"enable","ofc_fullscreen_nav_pos":"right","ofc_fullscreen_nav_color":"","ofc_fullscreen_nav_tooltip_color":"","ofc_fullscreen_responsive":0},"product_brand":[],"product_cat":[4351],"product_tag":[],"class_list":{"0":"post-68028","1":"product","2":"type-product","3":"status-publish","4":"has-post-thumbnail","6":"product_cat-nba-graded-cards-mystery-box-dirty-slabs-club-level-edition","7":"product_shipping_class-versandklasse_a","9":"entry","10":"has-media","12":"first","13":"instock","14":"taxable","15":"shipping-taxable","16":"purchasable","17":"product-type-simple","18":"col","19":"span_1_of_4","20":"owp-content-center","21":"owp-thumbs-layout-horizontal","22":"owp-btn-normal","23":"owp-tabs-layout-horizontal"},"acf":[],"_links":{"self":[{"href":"https:\/\/memorabilia-germany.de\/de\/wp-json\/wp\/v2\/product\/68028","targetHints":{"allow":["GET"]}}],"collection":[{"href":"https:\/\/memorabilia-germany.de\/de\/wp-json\/wp\/v2\/product"}],"about":[{"href":"https:\/\/memorabilia-germany.de\/de\/wp-json\/wp\/v2\/types\/product"}],"version-history":[{"count":0,"href":"https:\/\/memorabilia-germany.de\/de\/wp-json\/wp\/v2\/product\/68028\/revisions"}],"wp:featuredmedia":[{"embeddable":true,"href":"https:\/\/memorabilia-germany.de\/de\/wp-json\/wp\/v2\/media\/68122"}],"wp:attachment":[{"href":"https:\/\/memorabilia-germany.de\/de\/wp-json\/wp\/v2\/media?parent=68028"}],"wp:term":[{"taxonomy":"product_brand","embeddable":true,"href":"https:\/\/memorabilia-germany.de\/de\/wp-json\/wp\/v2\/product_brand?post=68028"},{"taxonomy":"product_cat","embeddable":true,"href":"https:\/\/memorabilia-germany.de\/de\/wp-json\/wp\/v2\/product_cat?post=68028"},{"taxonomy":"product_tag","embeddable":true,"href":"https:\/\/memorabilia-germany.de\/de\/wp-json\/wp\/v2\/product_tag?post=68028"}],"curies":[{"name":"wp","href":"https:\/\/api.w.org\/{rel}","templated":true}]}}