{"id":67737,"date":"2026-04-04T14:17:33","date_gmt":"2026-04-04T12:17:33","guid":{"rendered":"https:\/\/memorabilia-germany.de\/?post_type=product&#038;p=67737"},"modified":"2026-04-06T22:54:23","modified_gmt":"2026-04-06T20:54:23","slug":"basketball-trikot-mystery-box-2026-bank-is-open-series-1-nba-draft-pick-special-chances","status":"publish","type":"product","link":"https:\/\/memorabilia-germany.de\/de\/produkt\/basketball-trikot-mystery-box-2026-bank-is-open-series-1-nba-draft-pick-special-chances\/","title":{"rendered":"Basketball Trikot Mystery Box:<\/br>2026 BANK IS OPEN Series<\/br>(#1 NBA Draft Pick Special Chances!)"},"content":{"rendered":"<p><strong>Weitere Informationen zu dieser Trikot Mystery Box Serie:<\/strong><\/p>\n<ul style=\"list-style-type: square;\">\n<li>Hinweis: Custom Basketball Trikots sind Autogramm-Trikots zum Sammeln oder Rahmen, die keine Teamlogos oder Labels zeigen. Die Unterschiede zu Authentic Trikots findet ihr <u>hier<\/u>.<\/li>\n<li>Die Trikots wurden per Zufallsprinzip auf die Boxen verteilt.<\/li>\n<li>Alle Memorabilia in einer Trikot Mystery Box wurden von einem der marktf\u00fchrenden US Authenticator verifiziert und kommen mit seriennummerierten Sicherheitsmerkmalen (Certificate of Authenticity und\/oder Sicherheitshologramm). Authenticator sind ausschlie\u00dflich: Beckett, James Spence Authentication, PSA\/DNA oder Fanatics. Mehr Infos zum wichtigen Thema Authentifizierung findet ihr <u>hier<\/u>.<\/li>\n<li>Bei uns bekommt ihr eine VOLLST\u00c4NDIGE \u00dcbersicht \u00fcber die Liste der Spieler, die in dieser Mystery Box Serie enthalten sind:<\/li>\n<\/ul>\n<p style=\"text-align: center;\">Luka Doncic<br \/>\nVictor Wembanyama<br \/>\nCooper Flagg, Paolo Banchero &amp; Kareem Abdul-Jabbar #1 Pick Special Inserts<br \/>\nShai Gilgeous-Alexander<br \/>\nV. J. Edgecombe<br \/>\nDirk Nowitzki<br \/>\nStephen Curry<br \/>\nKon Knueppel<br \/>\nNikola Jokic<br \/>\nFranz Wagner<br \/>\nDonovan Mitchell<br \/>\nIsaiah Hartenstein<br \/>\nKarl Malone<br \/>\nLarry Bird<br \/>\nShaquille O&#8217;Neal<br \/>\nLaMelo Ball<br \/>\nChet Holmgren<br \/>\nMagic Johnson<br \/>\nDennis Rodman<br \/>\nGiannis Antetokounmpo<br \/>\nKevin Durant<br \/>\nHakeem Olajuwon<br \/>\nJa Morant<br \/>\nAce Bailey<br \/>\nAmen Thompson<br \/>\nJalen Brunson<br \/>\nAllen Iverson<br \/>\nMoses Moody<br \/>\nJerry West<br \/>\nDamian Lillard<br \/>\nDonte DiVincenzo<br \/>\nGary Payton<br \/>\nDerik Queen<br \/>\nGary Payton II<br \/>\nAustin Reaves<br \/>\nTony Parker<br \/>\nDetlef Schrempf<br \/>\nTim Hardaway<br \/>\nDesmond Bane<br \/>\nDylan Harper<br \/>\nTari Eason<br \/>\nRon Holland<br \/>\nAlexandre Sarr<br \/>\nMatas Buzelis<br \/>\nDerrick White<br \/>\nCedric Maxwell<br \/>\nToni Kukoc<br \/>\nJoe Dumars<br \/>\nChristian Braun<br \/>\nSpud Webb<br \/>\nTyler Herro<br \/>\nJrue Holiday<br \/>\nChris Mullin<br \/>\nAlonzo Mourning<br \/>\nPenny Hardaway<br \/>\nLarry Johnson<br \/>\nRobert Horry<br \/>\nGrayson Allen<br \/>\nDamon Stoudamire<br \/>\nDominique Wilkins<br \/>\nDuncan Robinson<br \/>\nDerek Harper<br \/>\nStephon Marbury<br \/>\nShawn Kemp<br \/>\nRalph Sampson<br \/>\nGlen Rice<br \/>\nMichael Cooper<br \/>\nTy Jerome<br \/>\nBernard King<br \/>\nArtis Gilmore<br \/>\nAl Horford<\/p>\n<p>Sollte eine Serie mehr als ein Basketball Memorabilia vom gleichen Spieler beinhalten, bekommt ihr eine \u201eNo Double Option\u201c. Das hei\u00dft, dass ihr mit Sicherheit keinen Spieler doppelt erhaltet, wenn ihr mehr als eine Box kauft.<\/p>\n<p>Wie funktioniert eine Trikot Mystery Box?<\/p>\n<p>Infos dazu findet ihr in unseren <strong><a href=\"https:\/\/memorabilia-germany.de\/de\/sport-memorabilia-faq\/#memorabilia-mystery-box\"><u>FAQ<\/u><\/a><\/strong>!<\/p>\n<p>Was ist der Unterschied zwischen Custom Trikots und Authentic Trikots?<\/p>\n<p>Infos dazu findet ihr in unseren <strong><a href=\"https:\/\/memorabilia-germany.de\/de\/sport-memorabilia-faq\/#faq-trikot-arten\"><u>FAQ<\/u><\/a><\/strong>!<\/p>\n<p>Mehr Basketball Memorabilia findest du <strong><a href=\"https:\/\/memorabilia-germany.de\/de\/basketball-memorabilia\/\">hier<\/a><\/strong>.<\/p>\n","protected":false},"excerpt":{"rendered":"<p><strong>The bank is open, ladies and gentlemen! Die NBA ist das, was uns nachts wach h\u00e4lt \u2013 Nail Biters, Legenden, unvergessliche Plays. Es ist mehr als ein Sport, es ist ein Gef\u00fchl, das uns alle verbindet. Und genau dieses Gef\u00fchl steckt in jeder Box dieser Mystery Edition.<\/strong><\/p>\n<p><strong>Die Serie ist auf insgesamt nur 100 Trikot <a href=\"https:\/\/memorabilia-germany.de\/de\/sport-memorabilia-faq\/#memorabilia-mystery-box\"><u>Mystery Boxen<\/u><\/a> limitiert. Jede Box ist individuell nummeriert. Finde signierte Basketball Trikots von aktuellen NBA Superstars wie Victor Wembanyama, V.J. Edgecombe, Shai Gilgeous-Alexander oder Luka Doncic und NBA Legenden wie Karl Malone oder Allen Iverson in dieser Serie.<\/strong><\/p>\n<p><strong>Dar\u00fcber hinaus haben wir in dieser Serie einige signierte Special Inserts von NBA Draft First Overall Picks versteckt, unter anderem mit Autogramm von NBA Rookie Superstar Cooper Flagg!<\/strong><\/p>\n<p><strong>Schnell\u00fcbersicht:<\/strong><\/p>\n<ul style=\"list-style-type: square;\">\n<li>Inhalt jeder Box: signiertes <a href=\"https:\/\/memorabilia-germany.de\/de\/sport-memorabilia-faq\/#faq-trikot-arten\"><strong><u>Custom Basketball Trikot<\/u><\/strong><\/a>. Die Bilder gestatten euch einen kleinen Einblick in das Geheimnis der Serie!<\/li>\n<li>Alle Trikots sind von mindestens einem aktuellen NBA Star oder einer NBA Legende signiert. Dar\u00fcber hinaus sind viele Trikots zus\u00e4tzlich mit Inscriptions der Spieler signiert!<\/li>\n<li>Special Chances: einige Boxen enthalten signierte NBA Jerseys von Nike, Jordan und Mitchell &amp; Ness, unter anderem von Clubs wie den Los Angeles Lakers, Orlando Magic, Chicago Bulls oder den Oklahoma City Thunder mit Autogrammen der Spieler.<\/li>\n<li>#1 NBA Draft Pick Mystery: finde eines von drei Special Inserts, signiert von den First Overall Picks Cooper Flagg, Paolo Banchero oder Kareem Abdul-Jabbar, zus\u00e4tzlich zu einem Trikot in drei der Boxen!<\/li>\n<li>Authentifizierung der Autogramme (ausschlie\u00dflich): <strong><a href=\"https:\/\/memorabilia-germany.de\/de\/signatur-authentifizierung\/#signatur-authentifizierung-beckett\">Beckett<\/a><\/strong>, <strong><a href=\"https:\/\/memorabilia-germany.de\/de\/signatur-authentifizierung\/#signatur-authentifizierung-james-spence\">James Spence Authentication<\/a><\/strong>, <strong><a href=\"https:\/\/memorabilia-germany.de\/de\/signatur-authentifizierung\/#signatur-authentifizierung-psa-dna\">PSA\/DNA<\/a><\/strong> oder <strong><a href=\"https:\/\/memorabilia-germany.de\/de\/signatur-authentifizierung\/#signatur-authentifizierung-fanatics\">Fanatics<\/a><\/strong>.<\/li>\n<\/ul>\n","protected":false},"featured_media":67700,"template":"","meta":{"_acf_changed":false,"ocean_post_layout":"","ocean_both_sidebars_style":"","ocean_both_sidebars_content_width":0,"ocean_both_sidebars_sidebars_width":0,"ocean_sidebar":"0","ocean_second_sidebar":"0","ocean_disable_margins":"enable","ocean_add_body_class":"","ocean_shortcode_before_top_bar":"","ocean_shortcode_after_top_bar":"","ocean_shortcode_before_header":"","ocean_shortcode_after_header":"","ocean_has_shortcode":"","ocean_shortcode_after_title":"","ocean_shortcode_before_footer_widgets":"","ocean_shortcode_after_footer_widgets":"","ocean_shortcode_before_footer_bottom":"","ocean_shortcode_after_footer_bottom":"","ocean_display_top_bar":"default","ocean_display_header":"default","ocean_header_style":"","ocean_center_header_left_menu":"0","ocean_custom_header_template":"0","ocean_custom_logo":0,"ocean_custom_retina_logo":0,"ocean_custom_logo_max_width":0,"ocean_custom_logo_tablet_max_width":0,"ocean_custom_logo_mobile_max_width":0,"ocean_custom_logo_max_height":0,"ocean_custom_logo_tablet_max_height":0,"ocean_custom_logo_mobile_max_height":0,"ocean_header_custom_menu":"0","ocean_menu_typo_font_family":"0","ocean_menu_typo_font_subset":"","ocean_menu_typo_font_size":0,"ocean_menu_typo_font_size_tablet":0,"ocean_menu_typo_font_size_mobile":0,"ocean_menu_typo_font_size_unit":"px","ocean_menu_typo_font_weight":"","ocean_menu_typo_font_weight_tablet":"","ocean_menu_typo_font_weight_mobile":"","ocean_menu_typo_transform":"","ocean_menu_typo_transform_tablet":"","ocean_menu_typo_transform_mobile":"","ocean_menu_typo_line_height":0,"ocean_menu_typo_line_height_tablet":0,"ocean_menu_typo_line_height_mobile":0,"ocean_menu_typo_line_height_unit":"","ocean_menu_typo_spacing":0,"ocean_menu_typo_spacing_tablet":0,"ocean_menu_typo_spacing_mobile":0,"ocean_menu_typo_spacing_unit":"","ocean_menu_link_color":"","ocean_menu_link_color_hover":"","ocean_menu_link_color_active":"","ocean_menu_link_background":"","ocean_menu_link_hover_background":"","ocean_menu_link_active_background":"","ocean_menu_social_links_bg":"","ocean_menu_social_hover_links_bg":"","ocean_menu_social_links_color":"","ocean_menu_social_hover_links_color":"","ocean_disable_title":"default","ocean_disable_heading":"default","ocean_post_title":"","ocean_post_subheading":"","ocean_post_title_style":"","ocean_post_title_background_color":"","ocean_post_title_background":0,"ocean_post_title_bg_image_position":"","ocean_post_title_bg_image_attachment":"","ocean_post_title_bg_image_repeat":"","ocean_post_title_bg_image_size":"","ocean_post_title_height":0,"ocean_post_title_bg_overlay":0.5,"ocean_post_title_bg_overlay_color":"","ocean_disable_breadcrumbs":"default","ocean_breadcrumbs_color":"","ocean_breadcrumbs_separator_color":"","ocean_breadcrumbs_links_color":"","ocean_breadcrumbs_links_hover_color":"","ocean_display_footer_widgets":"default","ocean_display_footer_bottom":"default","ocean_custom_footer_template":"0","ofc_enable_fullscreen":"disable","ofc_fullscreen_speed":0,"ofc_fullscreen_nav":"enable","ofc_fullscreen_nav_pos":"right","ofc_fullscreen_nav_color":"","ofc_fullscreen_nav_tooltip_color":"","ofc_fullscreen_responsive":0},"product_brand":[],"product_cat":[4323],"product_tag":[],"class_list":{"0":"post-67737","1":"product","2":"type-product","3":"status-publish","4":"has-post-thumbnail","6":"product_cat-basketball-trikot-mystery-box-2026-bank-is-open-series-1-nba-draft-pick-special-chances","7":"product_shipping_class-versandklasse_a","9":"entry","10":"has-media","12":"first","13":"instock","14":"taxable","15":"shipping-taxable","16":"purchasable","17":"product-type-simple","18":"col","19":"span_1_of_4","20":"owp-content-center","21":"owp-thumbs-layout-horizontal","22":"owp-btn-normal","23":"owp-tabs-layout-horizontal"},"acf":[],"_links":{"self":[{"href":"https:\/\/memorabilia-germany.de\/de\/wp-json\/wp\/v2\/product\/67737","targetHints":{"allow":["GET"]}}],"collection":[{"href":"https:\/\/memorabilia-germany.de\/de\/wp-json\/wp\/v2\/product"}],"about":[{"href":"https:\/\/memorabilia-germany.de\/de\/wp-json\/wp\/v2\/types\/product"}],"version-history":[{"count":0,"href":"https:\/\/memorabilia-germany.de\/de\/wp-json\/wp\/v2\/product\/67737\/revisions"}],"wp:featuredmedia":[{"embeddable":true,"href":"https:\/\/memorabilia-germany.de\/de\/wp-json\/wp\/v2\/media\/67700"}],"wp:attachment":[{"href":"https:\/\/memorabilia-germany.de\/de\/wp-json\/wp\/v2\/media?parent=67737"}],"wp:term":[{"taxonomy":"product_brand","embeddable":true,"href":"https:\/\/memorabilia-germany.de\/de\/wp-json\/wp\/v2\/product_brand?post=67737"},{"taxonomy":"product_cat","embeddable":true,"href":"https:\/\/memorabilia-germany.de\/de\/wp-json\/wp\/v2\/product_cat?post=67737"},{"taxonomy":"product_tag","embeddable":true,"href":"https:\/\/memorabilia-germany.de\/de\/wp-json\/wp\/v2\/product_tag?post=67737"}],"curies":[{"name":"wp","href":"https:\/\/api.w.org\/{rel}","templated":true}]}}