{"id":66912,"date":"2026-02-27T16:25:16","date_gmt":"2026-02-27T15:25:16","guid":{"rendered":"https:\/\/memorabilia-germany.de\/?post_type=product&#038;p=66912"},"modified":"2026-04-02T17:48:53","modified_gmt":"2026-04-02T15:48:53","slug":"uefa-fussball-trading-cards-pocket-pack-black-edition-2026-5-unopened-packs","status":"publish","type":"product","link":"https:\/\/memorabilia-germany.de\/de\/produkt\/uefa-fussball-trading-cards-pocket-pack-black-edition-2026-5-unopened-packs\/","title":{"rendered":"UEFA Fu\u00dfball Trading Cards Pocket Pack<\/br>\u201cBlack Edition 2026\u201d<\/br>(5 unopened packs)"},"content":{"rendered":"<p style=\"text-align: center;\"><strong>Alle P\u00e4ckchen dieser Serie stammen ausschlie\u00dflich aus folgenden Trading Card Boxes:<\/strong><\/p>\n<p style=\"text-align: center;\">2026 Topps Chrome Premier League EPL Soccer (Hobby Box)<br \/>\n2024\/25 Topps Chrome Merlin UEFA Club Competitions Soccer (Hobby Box)<br \/>\n2022\/23 Topps Platinum UEFA Club Competitions Jamal Musiala (Hobby Box)<br \/>\n2025\/26 Topps UEFA Club Competitions Soccer Flagship Edition (Hobby Box)<br \/>\n2024\/25 Topps Chrome UEFA Club Competitions Soccer (Hobby Box)<br \/>\n2025 Panini Prizm FIFA Club World Cup Soccer (Hobby Box)<br \/>\n2021\/22 Topps Chrome Merlin UEFA Club Competitions Soccer (Hobby Box)<br \/>\n2024-25 Topps Chrome Bundesliga Soccer (Hobby Box)<br \/>\n2022\/23 Topps Finest Bundesliga Soccer (Hobby Box)<br \/>\n2023\/24 Panini Select La Liga Soccer (Hobby Box)<br \/>\n2023\/24 Topps UEFA Club Competitions Jade Edition Soccer (Hobby Box)<br \/>\n2023\/24 Panini Select Serie A Soccer (Hobby Box)<br \/>\n2022\/23 Topps Chrome UEFA Club Competitions Soccer (Hobby Box Light)<br \/>\n2023\/24 Panini Select Premier League Soccer (Hobby Box)<br \/>\n2026 Topps Chrome Premier League EPL Soccer (Value Blaster Box)<br \/>\n2023\/24 Panini PRIZM Premier League (Hobby Box)<br \/>\n2023\/24 Topps Bundesliga Jade Edition Soccer (Hobby Box)<br \/>\n2022\/23 Topps Bundesliga Jade Edition Soccer (Hobby Box)<br \/>\n2024\/25 Topps Chrome Merlin UEFA Club Competitions Soccer (Blaster Box)<br \/>\n2024\/25 Topps Chrome UEFA Club Competitions Soccer (Blaster Box)<br \/>\n2023\/24 Panini Select FIFA Soccer (Mega &amp; Blaster Box)<br \/>\n2023\/24 Panini Score Serie A Soccer (Retail Box)<br \/>\n2023\/24 Panini Score FIFA Soccer (Retail Box)<br \/>\n2023\/24 Panini Score Premier League Soccer (Retail Box)<br \/>\n2023\/24 Panini PRIZM Premier League (Retail Box)<br \/>\n2023\/24 Panini Select Premier League Soccer (Mega &amp; Blaster Box)<br \/>\n2023\/24 Panini Select Serie A Soccer (Mega &amp; Blaster Box)<br \/>\n2023\/24 Panini Select La Liga Soccer (Mega &amp; Blaster Box)<br \/>\n2023\/24 Panini Select Premier League Soccer (Mega &amp; Blaster Box)<br \/>\n2023\/24 Topps UEFA Superstars Soccer (Hobby Box)<br \/>\n2023\/24 Topps Match Attax (Display Box)<br \/>\n2025 Panini Prizm FIFA Club World Cup Soccer (Mega &amp; Blaster Box)<\/p>\n<p>Wie funktioniert eine Mystery Box?<br \/>\nInfos dazu findet ihr in unseren <strong><a href=\"https:\/\/memorabilia-germany.de\/de\/sport-memorabilia-faq\/#memorabilia-mystery-box\"><u>FAQ<\/u><\/a><\/strong>!<\/p>\n","protected":false},"excerpt":{"rendered":"<p><strong>Diese Serie ist auf insgesamt 100 Fu\u00dfball Trading Cards Pocket Packs limitiert. Jedes Pack ist versiegelt und hat eine Seriennummer. Die Packs enthalten unge\u00f6ffnete P\u00e4ckchen der weltweit exklusivsten Trading Card Editions. Finde P\u00e4ckchen mit Karten der Stars aus der Champions League, der europ\u00e4ischen Top Ligen, der Nationalmannschaften und der UEFA Europe und Conference League.<\/strong><br \/>\n<strong>F\u00fcr diese Edition haben wir exklusive Boxen der laufenden Saison verwendet und als Highlight um einige Editions vergangener Jahre erg\u00e4nzt. Von Select bis Platinum und von Chrome bis PRIZM haben wir eine wundersch\u00f6ne Selektion der Top-Marken von topps und Panini dabei.<\/strong><\/p>\n<p><strong>Produktinfos:<\/strong><\/p>\n<ul style=\"list-style-type: square; margin-left: 20px;\">\n<li>Inhalt jedes Packs: : 5 unge\u00f6ffnete P\u00e4ckchen aus dem Zeitraum von 2021 bis heute (detaillierte Liste siehe unten).<\/li>\n<li>Ausschlie\u00dflich alle P\u00e4ckchen stammen aus \u201efactory sealed\u201c Boxen.<\/li>\n<li>Finde Trading Cards der aktuellen Fu\u00dfball Stars wie Lamine Yamal, Erling Haaland, Lennart Karl, Cristiano Ronaldo, Florian Wirtz, Ronaldo, Jamal Musiala, Lionel Messi, Robert Lewandowski, Kylian Mbapp\u00e9, Arda G\u00fcler, Vinicius Junior, Harry Kane oder Pau Cubarsi sowie von Fu\u00dfball-Legenden wie David Beckham oder Ronaldinho.<\/li>\n<\/ul>\n<p>&nbsp;<\/p>\n<p><strong>Highlight Chances:<\/strong><\/p>\n<ul style=\"list-style-type: square;\">\n<li>2026 Topps Chrome Premier League Soccer Autographs, Inserts &amp; Hobby Exclusives:\n<ul style=\"list-style-type: circle; margin-left: 30px;\">\n<li>A Cold and Rainy Night in Chrome<\/li>\n<li>Superstar Sensations &#8211; Autograph Edition<\/li>\n<li>Give Him His Flowers<\/li>\n<li>Zero Hours On-Card Autographs<\/li>\n<li>Cold Battle &#8211; Frozenfractor On-Card Dual Autograph<\/li>\n<li>Triple Platinum<\/li>\n<li>Chrome Anime + Genius Chrome<\/li>\n<\/ul>\n<\/li>\n<li>2022\/23 Topps Platinum UEFA Club Competitions Jamal Musiala Autographs:\n<ul style=\"list-style-type: circle; margin-left: 30px;\">\n<li>Icon Autographs (incl. Lionel Messi)<\/li>\n<li>Musiala Moments<\/li>\n<li>Wonderkid + Wunderkind Autos<\/li>\n<li>Current Stars<\/li>\n<li>Technique<\/li>\n<\/ul>\n<\/li>\n<li>2025 Panini Prizm FIFA Club World Cup Autographs, Parallels &amp; Inserts:\n<ul style=\"list-style-type: circle; margin-left: 30px;\">\n<li>World Cup Dual Signatures<\/li>\n<li>Velocity Autography<\/li>\n<li>Flashback Autographs<\/li>\n<li>Global Graphs<\/li>\n<li>En Fuego + Prizmatics<\/li>\n<li>Color Blast Duals<\/li>\n<\/ul>\n<\/li>\n<li>2024\/25 Topps Chrome Merlin UEFA Club Competitions Soccer Autograph Cards &amp; Inserts:\n<ul style=\"list-style-type: circle; margin-left: 30px;\">\n<li>Merlin&#8217;s Dual Match Ball Signature Cards<\/li>\n<li>Marks of Excellence On-Card Autographs<\/li>\n<li>Ageless Alchemy Autographs<\/li>\n<li>Mystics Nights Autographs, Sorcerers Autographs + Autograph Wizard Variations<\/li>\n<li>Renaissance Stained Glass + The Grail<\/li>\n<li>Merlin 1995 30th Anniversary Cards<\/li>\n<li>Merlin&#8217;s Chosen One + Elite Society<\/li>\n<\/ul>\n<\/li>\n<li>2024\/25 Topps Chrome UEFA Club Competitions Soccer Autograph Cards, Limiteds &amp; Inserts:\n<ul style=\"list-style-type: circle; margin-left: 30px;\">\n<li>Marks of Excellence On Card Autographs<\/li>\n<li>Campeone Autograph Books<\/li>\n<li>Chrome Autographs (incl. Doubles + Triples)<\/li>\n<li>Quad Autograph Pundit Cards<\/li>\n<li>Wonderkids Autograph Variations + Future Stars Autographs<\/li>\n<li>Circle of Power + \u201cMunich at Night\u201d Inserts<\/li>\n<li>Topps Chrome White Noise SSPs<\/li>\n<li>TIFO + Shadow Etch<\/li>\n<li>Radiating Rookies + The Grail<\/li>\n<\/ul>\n<\/li>\n<li>2023\/24 Panini Select Soccer (La Liga, Serie A + Premier League Editions!) Autographs, Memorabilia Cards &amp; Special Inserts:\n<ul style=\"list-style-type: circle; margin-left: 30px;\">\n<li>Pitchside Signatures<\/li>\n<li>Autographed Memorabilia + Memorabilia Gold<\/li>\n<li>Jumbo Swatches<\/li>\n<li>Stained Glass<\/li>\n<li>Artistic Impressions<\/li>\n<li>Visionary<\/li>\n<\/ul>\n<\/li>\n<li>2024\/25 Topps Chrome Bundesliga Soccer Autographs, Relics, Inserts &amp; Anniversary Specials:\n<ul style=\"list-style-type: circle; margin-left: 30px;\">\n<li>First Taste Autograph<\/li>\n<li>Chrome Autographs (incl. Doubles + Triples)<\/li>\n<li>Der Kaiser + Der Musiala + Der Wirtz Autographs<\/li>\n<li>Verve! Autograph<\/li>\n<li>History is Now Dual Autograph<\/li>\n<li>Ultrabeam Autograph<\/li>\n<li>Wild Jungle<\/li>\n<li>Meisterschale<\/li>\n<li>Diamond Etch + Top XI<\/li>\n<\/ul>\n<\/li>\n<\/ul>\n","protected":false},"featured_media":66872,"template":"","meta":{"_acf_changed":false,"ocean_post_layout":"","ocean_both_sidebars_style":"","ocean_both_sidebars_content_width":0,"ocean_both_sidebars_sidebars_width":0,"ocean_sidebar":"0","ocean_second_sidebar":"0","ocean_disable_margins":"enable","ocean_add_body_class":"","ocean_shortcode_before_top_bar":"","ocean_shortcode_after_top_bar":"","ocean_shortcode_before_header":"","ocean_shortcode_after_header":"","ocean_has_shortcode":"","ocean_shortcode_after_title":"","ocean_shortcode_before_footer_widgets":"","ocean_shortcode_after_footer_widgets":"","ocean_shortcode_before_footer_bottom":"","ocean_shortcode_after_footer_bottom":"","ocean_display_top_bar":"default","ocean_display_header":"default","ocean_header_style":"","ocean_center_header_left_menu":"0","ocean_custom_header_template":"0","ocean_custom_logo":0,"ocean_custom_retina_logo":0,"ocean_custom_logo_max_width":0,"ocean_custom_logo_tablet_max_width":0,"ocean_custom_logo_mobile_max_width":0,"ocean_custom_logo_max_height":0,"ocean_custom_logo_tablet_max_height":0,"ocean_custom_logo_mobile_max_height":0,"ocean_header_custom_menu":"0","ocean_menu_typo_font_family":"0","ocean_menu_typo_font_subset":"","ocean_menu_typo_font_size":0,"ocean_menu_typo_font_size_tablet":0,"ocean_menu_typo_font_size_mobile":0,"ocean_menu_typo_font_size_unit":"px","ocean_menu_typo_font_weight":"","ocean_menu_typo_font_weight_tablet":"","ocean_menu_typo_font_weight_mobile":"","ocean_menu_typo_transform":"","ocean_menu_typo_transform_tablet":"","ocean_menu_typo_transform_mobile":"","ocean_menu_typo_line_height":0,"ocean_menu_typo_line_height_tablet":0,"ocean_menu_typo_line_height_mobile":0,"ocean_menu_typo_line_height_unit":"","ocean_menu_typo_spacing":0,"ocean_menu_typo_spacing_tablet":0,"ocean_menu_typo_spacing_mobile":0,"ocean_menu_typo_spacing_unit":"","ocean_menu_link_color":"","ocean_menu_link_color_hover":"","ocean_menu_link_color_active":"","ocean_menu_link_background":"","ocean_menu_link_hover_background":"","ocean_menu_link_active_background":"","ocean_menu_social_links_bg":"","ocean_menu_social_hover_links_bg":"","ocean_menu_social_links_color":"","ocean_menu_social_hover_links_color":"","ocean_disable_title":"default","ocean_disable_heading":"default","ocean_post_title":"","ocean_post_subheading":"","ocean_post_title_style":"","ocean_post_title_background_color":"","ocean_post_title_background":0,"ocean_post_title_bg_image_position":"","ocean_post_title_bg_image_attachment":"","ocean_post_title_bg_image_repeat":"","ocean_post_title_bg_image_size":"","ocean_post_title_height":0,"ocean_post_title_bg_overlay":0.5,"ocean_post_title_bg_overlay_color":"","ocean_disable_breadcrumbs":"default","ocean_breadcrumbs_color":"","ocean_breadcrumbs_separator_color":"","ocean_breadcrumbs_links_color":"","ocean_breadcrumbs_links_hover_color":"","ocean_display_footer_widgets":"default","ocean_display_footer_bottom":"default","ocean_custom_footer_template":"0","ofc_enable_fullscreen":"disable","ofc_fullscreen_speed":0,"ofc_fullscreen_nav":"enable","ofc_fullscreen_nav_pos":"right","ofc_fullscreen_nav_color":"","ofc_fullscreen_nav_tooltip_color":"","ofc_fullscreen_responsive":0},"product_brand":[],"product_cat":[4237],"product_tag":[],"class_list":{"0":"post-66912","1":"product","2":"type-product","3":"status-publish","4":"has-post-thumbnail","6":"product_cat-uefa-fussball-trading-cards-pocket-pack-black-edition-2026-5-unopened-packs","7":"product_shipping_class-versandklasse_a","9":"entry","10":"has-media","12":"first","13":"instock","14":"taxable","15":"shipping-taxable","16":"purchasable","17":"product-type-simple","18":"col","19":"span_1_of_4","20":"owp-content-center","21":"owp-thumbs-layout-horizontal","22":"owp-btn-normal","23":"owp-tabs-layout-horizontal"},"acf":[],"_links":{"self":[{"href":"https:\/\/memorabilia-germany.de\/de\/wp-json\/wp\/v2\/product\/66912","targetHints":{"allow":["GET"]}}],"collection":[{"href":"https:\/\/memorabilia-germany.de\/de\/wp-json\/wp\/v2\/product"}],"about":[{"href":"https:\/\/memorabilia-germany.de\/de\/wp-json\/wp\/v2\/types\/product"}],"version-history":[{"count":0,"href":"https:\/\/memorabilia-germany.de\/de\/wp-json\/wp\/v2\/product\/66912\/revisions"}],"wp:featuredmedia":[{"embeddable":true,"href":"https:\/\/memorabilia-germany.de\/de\/wp-json\/wp\/v2\/media\/66872"}],"wp:attachment":[{"href":"https:\/\/memorabilia-germany.de\/de\/wp-json\/wp\/v2\/media?parent=66912"}],"wp:term":[{"taxonomy":"product_brand","embeddable":true,"href":"https:\/\/memorabilia-germany.de\/de\/wp-json\/wp\/v2\/product_brand?post=66912"},{"taxonomy":"product_cat","embeddable":true,"href":"https:\/\/memorabilia-germany.de\/de\/wp-json\/wp\/v2\/product_cat?post=66912"},{"taxonomy":"product_tag","embeddable":true,"href":"https:\/\/memorabilia-germany.de\/de\/wp-json\/wp\/v2\/product_tag?post=66912"}],"curies":[{"name":"wp","href":"https:\/\/api.w.org\/{rel}","templated":true}]}}