{"id":66268,"date":"2026-02-12T14:20:25","date_gmt":"2026-02-12T13:20:25","guid":{"rendered":"https:\/\/memorabilia-germany.de\/?post_type=product&#038;p=66268"},"modified":"2026-03-10T17:13:59","modified_gmt":"2026-03-10T16:13:59","slug":"nhl-trading-cards-pocket-pack-gold-edition-2026-5-unopened-packs","status":"publish","type":"product","link":"https:\/\/memorabilia-germany.de\/de\/produkt\/nhl-trading-cards-pocket-pack-gold-edition-2026-5-unopened-packs\/","title":{"rendered":"NHL Trading Cards Pocket Pack<\/br>\u201cGold Edition 2026\u201d<\/br>(5 unopened packs)"},"content":{"rendered":"<p style=\"text-align: center;\"><strong>Alle P\u00e4ckchen dieser Serie stammen ausschlie\u00dflich aus folgenden Trading Card Boxes:<\/strong><br \/>\n&nbsp;<br \/>\n2025\/26 Upper Deck Artifacts Hockey (Hobby Box)<br \/>\n2019\/20 Upper Deck Trilogy Hockey (Hobby Box)<br \/>\n2013\/14 Panini Crown Royale Hockey (Hobby Box)<br \/>\n2000\/01 Upper Deck Series 1 Hockey (Hobby Box)<br \/>\n2025\/26 Upper Deck O-Pee-Chee Hockey (Hobby Box)<br \/>\n2024\/25 Upper Deck Artifacts Hockey (Hobby Box)<br \/>\n2022\/23 Upper Deck SP Authentic Hockey (Hobby Box)<br \/>\n2025\/26 Upper Deck Hockey (Hobby Box)<br \/>\n2010\/11 Playoff Contenders Hockey (Hobby Box)<br \/>\n2012\/13 Panini Certified Hockey (Hobby Box)<br \/>\n1999\/00 Upper Deck SP Authentic Hockey (Hobby Box)<br \/>\n2025\/26 Upper Deck MVP Hockey Silver Collection (Hobby Box)<br \/>\n2017\/18 Upper Deck Series 2 Hockey (Hobby Box)<br \/>\n1998\/99 Upper Deck MVP Hockey (Hobby Box)<br \/>\n2019\/20 Upper Deck Synergy Hockey (Hobby Box)<br \/>\n2009\/10 Upper Deck O-Pee-Chee Hockey (Retail Box)<br \/>\n2024\/25 Upper Deck MVP Hockey (Hobby Box)<br \/>\n1996\/97 Upper Deck Hockey (Retail Box)<br \/>\n2022\/23 Upper Deck Allure Hockey (Hobby Box)<br \/>\n2025\/26 Upper Deck Artifacts Hockey (Blaster Box)<br \/>\n2024\/25 Upper Deck Artifacts Hockey (Blaster Box)<br \/>\n2023\/24 Upper Deck SP Hockey (Blaster Box)<br \/>\n2025\/26 Upper Deck Hockey (Blaster Box)<br \/>\n2020\/21 Upper Deck Extended Series (Hobby Box)<br \/>\n1994\/95 Upper Deck SP Hockey (Hobby Box)<br \/>\n2024\/25 Upper Deck SP Hockey (Blaster Box)<br \/>\n2008\/09 Upper Deck Victory (Hobby Box)<br \/>\n2017\/18 Upper Deck O-Pee-Chee Hockey (Hobby Box)<br \/>\n1991 Topps Hockey Picture Cards (Wax Box)<br \/>\n1990\/91 Bowman Premier Edition Hockey Bubble Gum Cards (Wax Box)<br \/>\n2016\/17 Upper Deck MVP Hockey (Hobby Box)<br \/>\n1991\/92 Pinnacle U.S. Hockey (Wax Box)<br \/>\n2006\/07 Fleer Hockey (Hobby Box)<br \/>\n1994\/95 Classic Hockey Cards (Hobby Box)<br \/>\n1995\/96 Fleer Premiere Edition NHL Hockey (Hobby Box)<br \/>\n1993\/94 Fleer Ultra Hockey (Hobby Box)<br \/>\n2008\/09 Upper Deck MVP Hockey (Retail Box)<\/p>\n<p><strong>Hinweis:<\/strong> Alle Trading Card P\u00e4ckchen wurden von Memorabilia Germany auf ihren Zustand kontrolliert und die Mystery Boxen enthalten ausnahmslos P\u00e4ckchen in neuwertigem Zustand, die nie ge\u00f6ffnet wurden. Bitte beachtet trotzdem, dass die Karten bis zu 35 Jahre alt sind und wir daher keine Garantie \u00fcber den Zustand innerhalb der P\u00e4ckchen \u00fcbernehmen k\u00f6nnen.<\/p>\n<p>Wie funktioniert eine Mystery Box?<br \/>\nInfos dazu findet ihr in unseren <strong><a href=\"https:\/\/memorabilia-germany.de\/de\/sport-memorabilia-faq\/#memorabilia-mystery-box\"><u>FAQ<\/u><\/a><\/strong>!<\/p>\n","protected":false},"excerpt":{"rendered":"<p><strong>Diese Serie ist auf insgesamt 100 NHL Trading Cards Pocket Packs limitiert. Jedes Pack ist versiegelt und hat eine Seriennummer. Die Packs enthalten unge\u00f6ffnete P\u00e4ckchen der exklusivsten Trading Card Editions von heute sowie von weltweit ausverkauften Editionen aus l\u00e4ngst vergangenen Jahrzehnten. Du kannst hier seltene Autograph Cards, Parallels oder andere Inserts der alten NHL Legenden und Superstars von heute finden!<\/strong><br \/>\n<strong>Von SP Authentic bis Trilogy und von Certified bis Artifacts &#8211; f\u00fcr diese Edition haben wir ganz besonders exklusive Trading Card P\u00e4ckchen von Upper Deck, topps und Panini zusammengestellt. Dar\u00fcber hinaus k\u00f6nnt ihr in dieser Serie <a href=\"https:\/\/memorabilia-germany.de\/de\/sport-memorabilia-faq\/#redemption\"><u>Redemption Vouchers<\/u><\/a> finden, die ihr gegen ein Practice Used Reebok Jersey der New York Rangers, das von einem Rangers Spieler im Madison Square Garden getragen und von Fanatics authentifiziert wurde oder gegen eine NHL Modern Superstars Mystery Box eintauschen k\u00f6nnt!<\/strong><\/p>\n<p><strong>Produktinfos:<\/strong><\/p>\n<ul style=\"list-style-type: square;\">\n<li>Inhalt jedes Packs: 5 unge\u00f6ffnete P\u00e4ckchen aus dem Zeitraum der fr\u00fchen 1990er bis zur aktuellen NHL Season (detaillierte Liste siehe unten).<\/li>\n<li>Ausschlie\u00dflich alle P\u00e4ckchen stammen aus \u201efactory sealed\u201c Boxen.<\/li>\n<li>Zwei Packs enthalten zus\u00e4tzlich einen <a href=\"https:\/\/memorabilia-germany.de\/de\/sport-memorabilia-faq\/#redemption\"><u>Redemption Voucher<\/u><\/a> f\u00fcr ein Practice Used Reebok Jersey der New York Rangers oder eine Mystery Box der NHL Modern Superstars Serie!<\/li>\n<li>Finde originale Trading Cards der NHL Stars von den 90er Jahren bis zur aktuellen Saison. Die Karten umfassen Namen wie Wayne Gretzky, Jaromir Jagr, Mario Lemieux, Bobby Orr, Logan Stankoven, Leon Draisaitl, Sidney Crosby, Alexander Ovechkin, Joe Sakic, Steve Yzerman, Brett Hull, Connor McDavid, Mark Messier, David Pastrnak, Mike Modano, Connor Bedard oder Ivan Demidov.<\/li>\n<\/ul>\n<p>&nbsp;<br \/>\n<strong>Highlight Chances:<\/strong><\/p>\n<ul style=\"list-style-type: square;\">\n<li><a href=\"https:\/\/memorabilia-germany.de\/de\/sport-memorabilia-faq\/#redemption\"><u>Redemption Vouchers:<\/u><\/a> Practice Used Reebok New York Rangers Jersey aus dem Madison Square Garden + NHL Modern Superstars Mystery Box<\/li>\n<li>2025\/26 Upper Deck Artifacts Premium Autographs, Memorabilia Cards &amp; Hobby Exclusives:\n<ul style=\"list-style-type: circle;\">\n<li>Rookie Relic Redemptions &amp; Acetate Cards<\/li>\n<li>Admirable Impressions<\/li>\n<li>Antiquity Rookies<\/li>\n<li>Arena Artifacts + History Lesson Signatures<\/li>\n<li>Signature Apparel + Puck Luck Memorabilia<\/li>\n<li>Top Tier Rookie Signatures<\/li>\n<li>Tundra Teammates (Duos + Quads!)<\/li>\n<\/ul>\n<\/li>\n<li>2013\/14 Panini Crown Royale Fans of the Game Autographs! Hollywood Stars, Rock Stars + TV Personalities!<\/li>\n<li>2025\/26 Upper Deck Hockey Inserts &amp; Parallels:\n<ul style=\"list-style-type: circle;\">\n<li>Bootleg Chase Cards + Encore Revival Inserts<\/li>\n<li>Hobby Exclusive Young Guns &#8211; Clear Cut Parallels<\/li>\n<li>UD Canvas Young Guns Black &amp; White Parallels<\/li>\n<li>Gold Dazzlers<\/li>\n<li>Sizzle Reel + Tracking Systems Printing Plates<\/li>\n<\/ul>\n<\/li>\n<li>2019\/20 Upper Deck Trilogy Autographs &amp; Inserts:\n<ul style=\"list-style-type: circle;\">\n<li>Rookie Renditions (inkl. 1\/1 Purple Auto Parallels, Jersey Parallels &amp; Patch Auto Parallels)<\/li>\n<li>Common, Rare &amp; Uncommon Rookies: Jersey + Auto Parallels<\/li>\n<li>Triple Rookies: Auto + Tag Patch Parallels<\/li>\n<li>Rookie &amp; All-Star Signature Pucks: NHL Logo Parallels<\/li>\n<li>HHOF Signature Pucks: HHOF Parallels<\/li>\n<li>Hard-Signed Plexiglass, Honorary Triple Swatches &amp; Triple Relics!<\/li>\n<\/ul>\n<\/li>\n<li>2012\/13 Panini Certified Autograph Cards &amp; Memorabilia Variations:\n<ul style=\"list-style-type: circle;\">\n<li>Freshman Fabrics<\/li>\n<li>Goalie Pulls<\/li>\n<li>Face Off Dual Sticks<\/li>\n<li>Freshman Signature Rookies<\/li>\n<\/ul>\n<\/li>\n<li>2000\/01 Upper Deck Hockey:\n<ul style=\"list-style-type: circle;\">\n<li>Autographed 500 Goal Club: Piece of History Jersey Inserts (Wayne Gretzky!)<\/li>\n<li>UD Exclusive Game Jersey Patch + UD Exclusive Autographed Game Jersey<\/li>\n<li>Combo Game Jersey Cards, Fantastic Finishers &amp; Dignitaries<\/li>\n<\/ul>\n<\/li>\n<\/ul>\n","protected":false},"featured_media":66223,"template":"","meta":{"_acf_changed":false,"ocean_post_layout":"","ocean_both_sidebars_style":"","ocean_both_sidebars_content_width":0,"ocean_both_sidebars_sidebars_width":0,"ocean_sidebar":"0","ocean_second_sidebar":"0","ocean_disable_margins":"enable","ocean_add_body_class":"","ocean_shortcode_before_top_bar":"","ocean_shortcode_after_top_bar":"","ocean_shortcode_before_header":"","ocean_shortcode_after_header":"","ocean_has_shortcode":"","ocean_shortcode_after_title":"","ocean_shortcode_before_footer_widgets":"","ocean_shortcode_after_footer_widgets":"","ocean_shortcode_before_footer_bottom":"","ocean_shortcode_after_footer_bottom":"","ocean_display_top_bar":"default","ocean_display_header":"default","ocean_header_style":"","ocean_center_header_left_menu":"0","ocean_custom_header_template":"0","ocean_custom_logo":0,"ocean_custom_retina_logo":0,"ocean_custom_logo_max_width":0,"ocean_custom_logo_tablet_max_width":0,"ocean_custom_logo_mobile_max_width":0,"ocean_custom_logo_max_height":0,"ocean_custom_logo_tablet_max_height":0,"ocean_custom_logo_mobile_max_height":0,"ocean_header_custom_menu":"0","ocean_menu_typo_font_family":"0","ocean_menu_typo_font_subset":"","ocean_menu_typo_font_size":0,"ocean_menu_typo_font_size_tablet":0,"ocean_menu_typo_font_size_mobile":0,"ocean_menu_typo_font_size_unit":"px","ocean_menu_typo_font_weight":"","ocean_menu_typo_font_weight_tablet":"","ocean_menu_typo_font_weight_mobile":"","ocean_menu_typo_transform":"","ocean_menu_typo_transform_tablet":"","ocean_menu_typo_transform_mobile":"","ocean_menu_typo_line_height":0,"ocean_menu_typo_line_height_tablet":0,"ocean_menu_typo_line_height_mobile":0,"ocean_menu_typo_line_height_unit":"","ocean_menu_typo_spacing":0,"ocean_menu_typo_spacing_tablet":0,"ocean_menu_typo_spacing_mobile":0,"ocean_menu_typo_spacing_unit":"","ocean_menu_link_color":"","ocean_menu_link_color_hover":"","ocean_menu_link_color_active":"","ocean_menu_link_background":"","ocean_menu_link_hover_background":"","ocean_menu_link_active_background":"","ocean_menu_social_links_bg":"","ocean_menu_social_hover_links_bg":"","ocean_menu_social_links_color":"","ocean_menu_social_hover_links_color":"","ocean_disable_title":"default","ocean_disable_heading":"default","ocean_post_title":"","ocean_post_subheading":"","ocean_post_title_style":"","ocean_post_title_background_color":"","ocean_post_title_background":0,"ocean_post_title_bg_image_position":"","ocean_post_title_bg_image_attachment":"","ocean_post_title_bg_image_repeat":"","ocean_post_title_bg_image_size":"","ocean_post_title_height":0,"ocean_post_title_bg_overlay":0.5,"ocean_post_title_bg_overlay_color":"","ocean_disable_breadcrumbs":"default","ocean_breadcrumbs_color":"","ocean_breadcrumbs_separator_color":"","ocean_breadcrumbs_links_color":"","ocean_breadcrumbs_links_hover_color":"","ocean_display_footer_widgets":"default","ocean_display_footer_bottom":"default","ocean_custom_footer_template":"0","ofc_enable_fullscreen":"disable","ofc_fullscreen_speed":0,"ofc_fullscreen_nav":"enable","ofc_fullscreen_nav_pos":"right","ofc_fullscreen_nav_color":"","ofc_fullscreen_nav_tooltip_color":"","ofc_fullscreen_responsive":0},"product_brand":[],"product_cat":[4217],"product_tag":[],"class_list":{"0":"post-66268","1":"product","2":"type-product","3":"status-publish","4":"has-post-thumbnail","6":"product_cat-nhl-trading-cards-pocket-pack-gold-edition-2026-5-unopened-packs","7":"product_shipping_class-versandklasse_a","9":"entry","10":"has-media","12":"first","13":"instock","14":"taxable","15":"shipping-taxable","16":"purchasable","17":"product-type-simple","18":"col","19":"span_1_of_4","20":"owp-content-center","21":"owp-thumbs-layout-horizontal","22":"owp-btn-normal","23":"owp-tabs-layout-horizontal"},"acf":[],"_links":{"self":[{"href":"https:\/\/memorabilia-germany.de\/de\/wp-json\/wp\/v2\/product\/66268","targetHints":{"allow":["GET"]}}],"collection":[{"href":"https:\/\/memorabilia-germany.de\/de\/wp-json\/wp\/v2\/product"}],"about":[{"href":"https:\/\/memorabilia-germany.de\/de\/wp-json\/wp\/v2\/types\/product"}],"version-history":[{"count":0,"href":"https:\/\/memorabilia-germany.de\/de\/wp-json\/wp\/v2\/product\/66268\/revisions"}],"wp:featuredmedia":[{"embeddable":true,"href":"https:\/\/memorabilia-germany.de\/de\/wp-json\/wp\/v2\/media\/66223"}],"wp:attachment":[{"href":"https:\/\/memorabilia-germany.de\/de\/wp-json\/wp\/v2\/media?parent=66268"}],"wp:term":[{"taxonomy":"product_brand","embeddable":true,"href":"https:\/\/memorabilia-germany.de\/de\/wp-json\/wp\/v2\/product_brand?post=66268"},{"taxonomy":"product_cat","embeddable":true,"href":"https:\/\/memorabilia-germany.de\/de\/wp-json\/wp\/v2\/product_cat?post=66268"},{"taxonomy":"product_tag","embeddable":true,"href":"https:\/\/memorabilia-germany.de\/de\/wp-json\/wp\/v2\/product_tag?post=66268"}],"curies":[{"name":"wp","href":"https:\/\/api.w.org\/{rel}","templated":true}]}}