{"id":65439,"date":"2026-01-12T15:28:45","date_gmt":"2026-01-12T14:28:45","guid":{"rendered":"https:\/\/memorabilia-germany.de\/?post_type=product&#038;p=65439"},"modified":"2026-04-04T14:45:49","modified_gmt":"2026-04-04T12:45:49","slug":"nba-used-teamwear-mystery-box-on-court-edition-find-lebron","status":"publish","type":"product","link":"https:\/\/memorabilia-germany.de\/de\/produkt\/nba-used-teamwear-mystery-box-on-court-edition-find-lebron\/","title":{"rendered":"NBA Used Teamwear Mystery Box:<\/br>On Court Edition<\/br>(Find LeBron!)"},"content":{"rendered":"<p><strong>Weitere Informationen zu dieser Team Issued NBA Teamwear Mystery Box Serie:<\/strong><\/p>\n<ul style=\"list-style-type: square;\">\n<li>Die Items wurden per Zufallsprinzip auf die Boxen verteilt.<\/li>\n<li>NBA Franchises, deren Team Wear in den Mystery Boxen dieser Serie zu finden sind, sind unter anderem: Los Angeles Lakers, Chicago Bulls, Boston Celtics, Detroit Pistons, New York Knicks, Brooklyn Nets, Golden State Warriors, Cleveland Cavaliers, Utah Jazz, Atlanta Hawks, Philadelphia 76ers.<\/li>\n<li>Alle Memorabilia in dieser Mystery Box wurden von einem der marktf\u00fchrenden US Authenticator verifiziert und kommen mit seriennummerierten Sicherheitsmerkmalen (Certificate of Authenticity und\/oder Sicherheitshologramm). Authenticator sind ausschlie\u00dflich: Fanatics, PSA\/DNA oder MEARS. Mehr Infos zum wichtigen Thema Authentifizierung findet ihr <strong><a href=\"https:\/\/memorabilia-germany.de\/de\/signatur-authentifizierung\/\">hier<\/a><\/strong>.<\/li>\n<\/ul>\n<p>Wie funktioniert eine <a href=\"https:\/\/memorabilia-germany.de\/de\/sport-memorabilia-faq\/#memorabilia-mystery-box\"><u>Mystery Box<\/u><\/a>?<\/p>\n<p>Infos dazu findet ihr in unseren <strong><a href=\"https:\/\/memorabilia-germany.de\/de\/sport-memorabilia-faq\/#memorabilia-mystery-box\"><u>FAQ<\/u><\/a><\/strong>!<\/p>\n<p>Mehr Basketball Memorabilia findest du <strong><a href=\"https:\/\/memorabilia-germany.de\/de\/basketball-memorabilia\/\">hier<\/a><\/strong>.<\/p>\n","protected":false},"excerpt":{"rendered":"<p><strong>Die absolute Rarit\u00e4t unter den Mystery Boxen! Diese Serie ist auf nur 70 NBA Used Teamwear <a href=\"https:\/\/memorabilia-germany.de\/de\/sport-memorabilia-faq\/#memorabilia-mystery-box\"><u>Mystery Boxen<\/u><\/a> limitiert. Jede Box enth\u00e4lt ein originales St\u00fcck NBA Teamwear. Finde Jerseys, T-Shirts, Sweater und sogar Jacken, die von den NBA Franchises direkt f\u00fcr ihre Spieler bereitgestellt und nicht als Fan Merchandise vertrieben wurden. Viele St\u00fccke wurden von den NBA Stars sogar am Gameday getragen.<\/strong><\/p>\n<p><strong>Highlights der Serie sind ein LeBron James Cavaliers Jersey aus der 2016\/17 NBA Season, ein Shaq Jersey vom 2003 NBA All-Star Game in Atlanta sowie ein Dennis Schr\u00f6der Game-Worn Jersey, das Dennis am 11. November 2024 im Spiel der Brooklyn Nets gegen die New Orleans Pelicans getragen hat. Aber jede einzelne Box enth\u00e4lt ein originales St\u00fcck NBA! Und auch in dieser Mystery Box Serie gilt: alle Items wurden von einem US Marktf\u00fchrer authentifiziert, jede Box hat eine Seriennummer.<\/strong><\/p>\n<p><strong>Schnell\u00fcbersicht:<\/strong><\/p>\n<ul style=\"list-style-type: square;\">\n<li>Inhalt jeder Box: originales team-issued oder player-worn NBA Kleidungsst\u00fcck. Die Bilder gestatten euch einen kleinen Einblick in das Geheimnis der Serie!<\/li>\n<li>Alle Items sind Markenprodukte von Marken wie Nike, Reebok, adidas oder Jordan. Immer so, wie sie vom jeweiligen NBA Franchise f\u00fcr das Team ausgegeben wurden.<\/li>\n<li>Alle Items sind wertige Marken \u201eTopwear\u201c, also Oberteile. Manche Trainingsanz\u00fcge sind komplett und kommen mit der passenden Hose.<\/li>\n<li>Find LeBron: eine Box dieser Serie enth\u00e4lt ein adidas Team-Issued LeBron James Jersey der Cleveland Cavaliers aus der 2016\/17 NBA Season. LeBron\u2019s Jersey hat einen Larry O\u2019Brien Trophy Patch im Nacken, da die Cavs in dieser Saison als amtierender NBA Champion an den Start gingen!<\/li>\n<li>Weitere Highlights dieser Mystery Box Serie: Shaquille O&#8217;Neal Team-Issued All-Star Game Jersey vom NBA All-Star Game, das am 09. Februar 2003 in der Philips Arena in Atlanta ausgetragen wurde (Western Confernce\/Los Angeles Lakers Jersey) sowie ein Game-Worn Dennis Schr\u00f6der Jordan-Jersey, das Dennis am 11. November 2024 im Spiel der Brooklyn Nets gegen die New Orleans Pelicans getragen hat.<\/li>\n<\/ul>\n<p>Authentifizierung der Items (ausschlie\u00dflich): Fanatics, PSA\/DNA oder MEARS.<\/p>\n","protected":false},"featured_media":65403,"template":"","meta":{"_acf_changed":false,"ocean_post_layout":"","ocean_both_sidebars_style":"","ocean_both_sidebars_content_width":0,"ocean_both_sidebars_sidebars_width":0,"ocean_sidebar":"0","ocean_second_sidebar":"0","ocean_disable_margins":"enable","ocean_add_body_class":"","ocean_shortcode_before_top_bar":"","ocean_shortcode_after_top_bar":"","ocean_shortcode_before_header":"","ocean_shortcode_after_header":"","ocean_has_shortcode":"","ocean_shortcode_after_title":"","ocean_shortcode_before_footer_widgets":"","ocean_shortcode_after_footer_widgets":"","ocean_shortcode_before_footer_bottom":"","ocean_shortcode_after_footer_bottom":"","ocean_display_top_bar":"default","ocean_display_header":"default","ocean_header_style":"","ocean_center_header_left_menu":"0","ocean_custom_header_template":"0","ocean_custom_logo":0,"ocean_custom_retina_logo":0,"ocean_custom_logo_max_width":0,"ocean_custom_logo_tablet_max_width":0,"ocean_custom_logo_mobile_max_width":0,"ocean_custom_logo_max_height":0,"ocean_custom_logo_tablet_max_height":0,"ocean_custom_logo_mobile_max_height":0,"ocean_header_custom_menu":"0","ocean_menu_typo_font_family":"0","ocean_menu_typo_font_subset":"","ocean_menu_typo_font_size":0,"ocean_menu_typo_font_size_tablet":0,"ocean_menu_typo_font_size_mobile":0,"ocean_menu_typo_font_size_unit":"px","ocean_menu_typo_font_weight":"","ocean_menu_typo_font_weight_tablet":"","ocean_menu_typo_font_weight_mobile":"","ocean_menu_typo_transform":"","ocean_menu_typo_transform_tablet":"","ocean_menu_typo_transform_mobile":"","ocean_menu_typo_line_height":0,"ocean_menu_typo_line_height_tablet":0,"ocean_menu_typo_line_height_mobile":0,"ocean_menu_typo_line_height_unit":"","ocean_menu_typo_spacing":0,"ocean_menu_typo_spacing_tablet":0,"ocean_menu_typo_spacing_mobile":0,"ocean_menu_typo_spacing_unit":"","ocean_menu_link_color":"","ocean_menu_link_color_hover":"","ocean_menu_link_color_active":"","ocean_menu_link_background":"","ocean_menu_link_hover_background":"","ocean_menu_link_active_background":"","ocean_menu_social_links_bg":"","ocean_menu_social_hover_links_bg":"","ocean_menu_social_links_color":"","ocean_menu_social_hover_links_color":"","ocean_disable_title":"default","ocean_disable_heading":"default","ocean_post_title":"","ocean_post_subheading":"","ocean_post_title_style":"","ocean_post_title_background_color":"","ocean_post_title_background":0,"ocean_post_title_bg_image_position":"","ocean_post_title_bg_image_attachment":"","ocean_post_title_bg_image_repeat":"","ocean_post_title_bg_image_size":"","ocean_post_title_height":0,"ocean_post_title_bg_overlay":0.5,"ocean_post_title_bg_overlay_color":"","ocean_disable_breadcrumbs":"default","ocean_breadcrumbs_color":"","ocean_breadcrumbs_separator_color":"","ocean_breadcrumbs_links_color":"","ocean_breadcrumbs_links_hover_color":"","ocean_display_footer_widgets":"default","ocean_display_footer_bottom":"default","ocean_custom_footer_template":"0","ofc_enable_fullscreen":"disable","ofc_fullscreen_speed":0,"ofc_fullscreen_nav":"enable","ofc_fullscreen_nav_pos":"right","ofc_fullscreen_nav_color":"","ofc_fullscreen_nav_tooltip_color":"","ofc_fullscreen_responsive":0},"product_brand":[],"product_cat":[4189],"product_tag":[],"class_list":{"0":"post-65439","1":"product","2":"type-product","3":"status-publish","4":"has-post-thumbnail","6":"product_cat-nba-used-teamwear-mystery-box-on-court-edition-find-lebron","7":"product_shipping_class-versandklasse_a","9":"entry","10":"has-media","12":"first","13":"instock","14":"taxable","15":"shipping-taxable","16":"purchasable","17":"product-type-simple","18":"col","19":"span_1_of_4","20":"owp-content-center","21":"owp-thumbs-layout-horizontal","22":"owp-btn-normal","23":"owp-tabs-layout-horizontal"},"acf":[],"_links":{"self":[{"href":"https:\/\/memorabilia-germany.de\/de\/wp-json\/wp\/v2\/product\/65439","targetHints":{"allow":["GET"]}}],"collection":[{"href":"https:\/\/memorabilia-germany.de\/de\/wp-json\/wp\/v2\/product"}],"about":[{"href":"https:\/\/memorabilia-germany.de\/de\/wp-json\/wp\/v2\/types\/product"}],"version-history":[{"count":0,"href":"https:\/\/memorabilia-germany.de\/de\/wp-json\/wp\/v2\/product\/65439\/revisions"}],"wp:featuredmedia":[{"embeddable":true,"href":"https:\/\/memorabilia-germany.de\/de\/wp-json\/wp\/v2\/media\/65403"}],"wp:attachment":[{"href":"https:\/\/memorabilia-germany.de\/de\/wp-json\/wp\/v2\/media?parent=65439"}],"wp:term":[{"taxonomy":"product_brand","embeddable":true,"href":"https:\/\/memorabilia-germany.de\/de\/wp-json\/wp\/v2\/product_brand?post=65439"},{"taxonomy":"product_cat","embeddable":true,"href":"https:\/\/memorabilia-germany.de\/de\/wp-json\/wp\/v2\/product_cat?post=65439"},{"taxonomy":"product_tag","embeddable":true,"href":"https:\/\/memorabilia-germany.de\/de\/wp-json\/wp\/v2\/product_tag?post=65439"}],"curies":[{"name":"wp","href":"https:\/\/api.w.org\/{rel}","templated":true}]}}