{"id":65003,"date":"2025-12-30T15:20:07","date_gmt":"2025-12-30T14:20:07","guid":{"rendered":"https:\/\/memorabilia-germany.de\/?post_type=product&#038;p=65003"},"modified":"2026-03-31T12:20:14","modified_gmt":"2026-03-31T10:20:14","slug":"taylor-swift-signiertes-album-the-life-of-a-showgirl","status":"publish","type":"product","link":"https:\/\/memorabilia-germany.de\/de\/produkt\/taylor-swift-signiertes-album-the-life-of-a-showgirl\/","title":{"rendered":"TAYLOR SWIFT signiertes Album<\/br> The Life of a Showgirl"},"content":{"rendered":"","protected":false},"excerpt":{"rendered":"<p><strong>Signiertes Exemplar des Albums \u201eThe Life of a Showgirl\u201d. Autogramm von Superstar Taylor Swift auf dem CD-Insert.<\/strong><\/p>\n<p><strong>Taylor Swift ist eine der weltweit erfolgreichsten Musikerinnen. Sie ist die erfolgreichste Tourneek\u00fcnstlerin und die reichste Musikerin der Welt. Sieben ihrer Alben verkauften sich in der ersten Woche nach Release alleine in den USA mehr als eine Million Mal, womit sie den alleinigen Rekord aller Musik Acts weltweit h\u00e4lt. Das Rolling Stone Magazine z\u00e4hlt Swift zu den gr\u00f6\u00dften K\u00fcnstlern der Geschichte, zudem ist sie die einzige K\u00fcnstlerin, die jemals zur Person of the Year des ber\u00fchmten Time Magazines gew\u00e4hlt wurde.<\/strong><\/p>\n<p><strong>Bei \u201eThe Life of a Showgirl\u201c handelt es sich um das brandneue Album von Taylor Swift, das im Oktober 2025 ver\u00f6ffentlicht wurde. Taylor Swift gab an, dass die Musik auf dem neuen Album von ihren Erlebnissen auf der Eras-Tour sowie ihrer Beziehung zu Kansas City Tight End Travis Kelce gepr\u00e4gt wurde. The Life of a Showgirl drang sofort an die Spitze der Charts in Europa, Asien und den USA und wurde dar\u00fcber hinaus zum schnellst verkauftesten US Album aller Zeiten. Alle Autogramme von Musikern sind authentifiziert und verf\u00fcgen \u00fcber eine Seriennummer. Weitere Infos siehe unten.<\/strong><\/p>\n<ul style=\"list-style-type: square;\">\n<li>Name des Albums: The Life of a Showgirl<\/li>\n<li>Art des Tontr\u00e4gers: CD<\/li>\n<li>Autogramm: Taylor Swift, schwarzer Farbstift<\/li>\n<li>Platzierung des Autogramms: CD Insert<\/li>\n<li>Authentifizierung: James Spence Authentication (mit Seriennummer)<\/li>\n<li>Dokumente: Digital Certificate of Authenticity + QR Code Sicherheitshologramm auf dem Inlet<\/li>\n<li>Jedes signierte Musik Memorabilia wird von einem der marktf\u00fchrenden US Authenticator verifiziert und kommt mit seriennummerierten Sicherheitsmerkmalen, die die Echtheit des Autogramms best\u00e4tigen (Certificate\/Letter of Authenticity und\/oder Sicherheitshologramm). Authenticator von Musiker Autogrammen sind bei Memorabilia Germany ausschlie\u00dflich: <strong><a href=\"https:\/\/memorabilia-germany.de\/de\/signatur-authentifizierung\/#signatur-authentifizierung-beckett\">Beckett<\/a><\/strong>, <strong><a href=\"https:\/\/memorabilia-germany.de\/de\/signatur-authentifizierung\/#signatur-authentifizierung-james-spence\">James Spence Authentication<\/a><\/strong>, <strong><a href=\"https:\/\/memorabilia-germany.de\/de\/signatur-authentifizierung\/#signatur-authentifizierung-psa-dna\">PSA\/DNA<\/a><\/strong> oder <strong><a href=\"https:\/\/memorabilia-germany.de\/de\/signatur-authentifizierung\/#signatur-authentifizierung-fanatics\">Fanatics<\/a><\/strong>. Mehr Infos zum wichtigen Thema Authentifizierung findet ihr <strong><a href=\"https:\/\/memorabilia-germany.de\/de\/signatur-authentifizierung\/\">hier<\/a><\/strong>.<\/li>\n<\/ul>\n<p>Mehr Musik Memorabilia findest du <strong><a href=\"https:\/\/memorabilia-germany.de\/de\/musik-memorabilia\/\">hier<\/a><\/strong>.<\/p>\n","protected":false},"featured_media":64979,"template":"","meta":{"_acf_changed":false,"ocean_post_layout":"","ocean_both_sidebars_style":"","ocean_both_sidebars_content_width":0,"ocean_both_sidebars_sidebars_width":0,"ocean_sidebar":"0","ocean_second_sidebar":"0","ocean_disable_margins":"enable","ocean_add_body_class":"","ocean_shortcode_before_top_bar":"","ocean_shortcode_after_top_bar":"","ocean_shortcode_before_header":"","ocean_shortcode_after_header":"","ocean_has_shortcode":"","ocean_shortcode_after_title":"","ocean_shortcode_before_footer_widgets":"","ocean_shortcode_after_footer_widgets":"","ocean_shortcode_before_footer_bottom":"","ocean_shortcode_after_footer_bottom":"","ocean_display_top_bar":"default","ocean_display_header":"default","ocean_header_style":"","ocean_center_header_left_menu":"0","ocean_custom_header_template":"0","ocean_custom_logo":0,"ocean_custom_retina_logo":0,"ocean_custom_logo_max_width":0,"ocean_custom_logo_tablet_max_width":0,"ocean_custom_logo_mobile_max_width":0,"ocean_custom_logo_max_height":0,"ocean_custom_logo_tablet_max_height":0,"ocean_custom_logo_mobile_max_height":0,"ocean_header_custom_menu":"0","ocean_menu_typo_font_family":"0","ocean_menu_typo_font_subset":"","ocean_menu_typo_font_size":0,"ocean_menu_typo_font_size_tablet":0,"ocean_menu_typo_font_size_mobile":0,"ocean_menu_typo_font_size_unit":"px","ocean_menu_typo_font_weight":"","ocean_menu_typo_font_weight_tablet":"","ocean_menu_typo_font_weight_mobile":"","ocean_menu_typo_transform":"","ocean_menu_typo_transform_tablet":"","ocean_menu_typo_transform_mobile":"","ocean_menu_typo_line_height":0,"ocean_menu_typo_line_height_tablet":0,"ocean_menu_typo_line_height_mobile":0,"ocean_menu_typo_line_height_unit":"","ocean_menu_typo_spacing":0,"ocean_menu_typo_spacing_tablet":0,"ocean_menu_typo_spacing_mobile":0,"ocean_menu_typo_spacing_unit":"","ocean_menu_link_color":"","ocean_menu_link_color_hover":"","ocean_menu_link_color_active":"","ocean_menu_link_background":"","ocean_menu_link_hover_background":"","ocean_menu_link_active_background":"","ocean_menu_social_links_bg":"","ocean_menu_social_hover_links_bg":"","ocean_menu_social_links_color":"","ocean_menu_social_hover_links_color":"","ocean_disable_title":"default","ocean_disable_heading":"default","ocean_post_title":"","ocean_post_subheading":"","ocean_post_title_style":"","ocean_post_title_background_color":"","ocean_post_title_background":0,"ocean_post_title_bg_image_position":"","ocean_post_title_bg_image_attachment":"","ocean_post_title_bg_image_repeat":"","ocean_post_title_bg_image_size":"","ocean_post_title_height":0,"ocean_post_title_bg_overlay":0.5,"ocean_post_title_bg_overlay_color":"","ocean_disable_breadcrumbs":"default","ocean_breadcrumbs_color":"","ocean_breadcrumbs_separator_color":"","ocean_breadcrumbs_links_color":"","ocean_breadcrumbs_links_hover_color":"","ocean_display_footer_widgets":"default","ocean_display_footer_bottom":"default","ocean_custom_footer_template":"0","ofc_enable_fullscreen":"disable","ofc_fullscreen_speed":0,"ofc_fullscreen_nav":"enable","ofc_fullscreen_nav_pos":"right","ofc_fullscreen_nav_color":"","ofc_fullscreen_nav_tooltip_color":"","ofc_fullscreen_responsive":0},"product_brand":[],"product_cat":[4153],"product_tag":[],"class_list":{"0":"post-65003","1":"product","2":"type-product","3":"status-publish","4":"has-post-thumbnail","6":"product_cat-taylor-swift-signiertes-album-the-life-of-a-showgirl","7":"product_shipping_class-versandklasse_a","9":"entry","10":"has-media","12":"first","13":"instock","14":"taxable","15":"shipping-taxable","16":"purchasable","17":"product-type-simple","18":"col","19":"span_1_of_4","20":"owp-content-center","21":"owp-thumbs-layout-horizontal","22":"owp-btn-normal","23":"owp-tabs-layout-horizontal"},"acf":[],"_links":{"self":[{"href":"https:\/\/memorabilia-germany.de\/de\/wp-json\/wp\/v2\/product\/65003","targetHints":{"allow":["GET"]}}],"collection":[{"href":"https:\/\/memorabilia-germany.de\/de\/wp-json\/wp\/v2\/product"}],"about":[{"href":"https:\/\/memorabilia-germany.de\/de\/wp-json\/wp\/v2\/types\/product"}],"version-history":[{"count":0,"href":"https:\/\/memorabilia-germany.de\/de\/wp-json\/wp\/v2\/product\/65003\/revisions"}],"wp:featuredmedia":[{"embeddable":true,"href":"https:\/\/memorabilia-germany.de\/de\/wp-json\/wp\/v2\/media\/64979"}],"wp:attachment":[{"href":"https:\/\/memorabilia-germany.de\/de\/wp-json\/wp\/v2\/media?parent=65003"}],"wp:term":[{"taxonomy":"product_brand","embeddable":true,"href":"https:\/\/memorabilia-germany.de\/de\/wp-json\/wp\/v2\/product_brand?post=65003"},{"taxonomy":"product_cat","embeddable":true,"href":"https:\/\/memorabilia-germany.de\/de\/wp-json\/wp\/v2\/product_cat?post=65003"},{"taxonomy":"product_tag","embeddable":true,"href":"https:\/\/memorabilia-germany.de\/de\/wp-json\/wp\/v2\/product_tag?post=65003"}],"curies":[{"name":"wp","href":"https:\/\/api.w.org\/{rel}","templated":true}]}}