{"id":64330,"date":"2025-11-20T14:46:28","date_gmt":"2025-11-20T13:46:28","guid":{"rendered":"https:\/\/memorabilia-germany.de\/?post_type=product&#038;p=64330"},"modified":"2026-02-06T08:59:08","modified_gmt":"2026-02-06T07:59:08","slug":"mike-tyson-vs-evander-holyfield-boxing-xxl-showcase-boxhandschuh-everlast-red","status":"publish","type":"product","link":"https:\/\/memorabilia-germany.de\/de\/produkt\/mike-tyson-vs-evander-holyfield-boxing-xxl-showcase-boxhandschuh-everlast-red\/","title":{"rendered":"MIKE TYSON vs EVANDER HOLYFIELD<\/br>Boxing XXL Showcase<\/br>Boxhandschuh (Everlast) red"},"content":{"rendered":"","protected":false},"excerpt":{"rendered":"<p><strong>Boxing Showcase im XXL Format aus Sicherheitsglas. Zwei signierte Boxhandschuhe von Everlast im Case. Autogramm von Mike Tyson auf dem einen und Autogramm von Evander Holyfield auf dem anderen Boxhandschuh. Dieses Showcase ehrt die Rivalit\u00e4t zwischen \u201cIron\u201c Mike und \u201cReal Deal\u201c Holyfield. Eine Rivalit\u00e4t, die von einem riesigen Skandal gepr\u00e4gt wurde, aber nach vielen Jahren doch in einer engen Freundschaft endete. Weitere Infos siehe unten.<\/strong><\/p>\n<p><strong>Mike Tyson vs. Evander Holyfield \u2013 das Duell dieser beiden Boxlegenden, das sich zwischen 1996 und 1997 \u00fcber zwei K\u00e4mpfe in der MGM Grand Garden Arena in Las Vegas erstreckte, gilt wohl als eines der legend\u00e4rsten Duelle in der Geschichte des Boxsports. Obwohl beide Boxer wohl unbestritten zu den besten Schwergewichtlern aller Zeiten z\u00e4hlen wurde Mike Tyson bei den Buchmachern als klarer Favorit gef\u00fchrt. Und das, obwohl er nur ein Jahr zuvor aus dem Gef\u00e4ngnis entlassen wurde. Trotzdem gelang es Holyfield den ersten Kampf zu gewinnen und damit als erster Boxer seit Muhammad Ali drei Mal Heavyweight Champion zu werden.<br \/>\nDer zweite Kampf, sieben Monate sp\u00e4ter, endete im gr\u00f6\u00dften Boxskandal aller Zeiten: der \u201cBite Fight\u201c wurde nach drei Runden abgebrochen, weil Tyson seinem Gegner ein St\u00fcck des Ohres abbiss und es auf den Boden des Boxrings spuckte. Der Abend endete im puren Chaos, ging aber gleichzeitig in die Boxgeschichte ein.<br \/>\nTrotz aller Vorkommnisse verbindet beide Boxer heute, viele Jahre nach ihren legend\u00e4ren Karrieren, eine enge Freundschaft.<\/strong><\/p>\n<ul style=\"list-style-type: square;\">\n<li>Marke der Boxhandschuhe: Everlast<\/li>\n<li>Modell: Red Boxing Glove, Full Size (Links- und Rechtsausleger)<\/li>\n<li>Autogramme: \u201cIron\u201c Mike Tyson + Evander Holyfield, schwarzer Farbstift<\/li>\n<li>Inscription: \u201ePHIL 4:13\u201c (Holyfield: Bezug auf Bibel-Vers Philippians 4:11\u201313: \u201cI can do all things through Christ which strengthens me.\u201d)<\/li>\n<li>Authentifizierung: Beckett Authentication (beide Handschuhe, mit Seriennummer)<\/li>\n<li>Dokumente: Digital Certificate of Authenticity + QR Code Sicherheitshologramm auf dem Boxhandschuh<\/li>\n<li>Zertifikatsstatus: Witnessed (signiert in der Anwesenheit eines Beckett Experten)<\/li>\n<li>XXL Showcase: circa 36 x 27 x 28 cm<\/li>\n<li>Passende Halterung zur besseren Pr\u00e4sentation der Handschuhe auf zwei Ebenene im Showcase enthalten<\/li>\n<li>Die Boxhandschuhe kommen mit einem Boxing Showcase zu Ausstellungszwecken; das Showcase ist von massiver und robuster Qualit\u00e4t. Das Glas ist aus Acryl. Der Boden ist schwarz gehalten und die R\u00fcckwand ist mit einem Spiegel verziert, um die Boxhandschuhe ideal zur Geltung zu bringen. Das Showcase ist wertig verschraubt und schlie\u00dft komplett. Das Name Plate an der Vorderseite ist aus Aluminium.<\/li>\n<li>Alle signierten Boxhandschuhe werden von einem der marktf\u00fchrenden US Authenticator verifiziert und kommen mit seriennummerierten Sicherheitsmerkmalen, die die Echtheit der Autogramme best\u00e4tigen (Certificate of Authenticity und\/oder Sicherheitshologramm). Authenticator von Autogrammen von Boxern sind bei <strong><a href=\"https:\/\/memorabilia-germany.de\/de\/wir-memorabilia-germany\/\">Memorabilia Germany<\/a><\/strong> ausschlie\u00dflich: <strong><a href=\"https:\/\/memorabilia-germany.de\/de\/signatur-authentifizierung\/#signatur-authentifizierung-beckett\">Beckett<\/a><\/strong>, <strong><a href=\"https:\/\/memorabilia-germany.de\/de\/signatur-authentifizierung\/#signatur-authentifizierung-james-spence\">James Spence Authentication<\/a><\/strong>, <strong><a href=\"https:\/\/memorabilia-germany.de\/de\/signatur-authentifizierung\/#signatur-authentifizierung-psa-dna\">PSA\/DNA<\/a><\/strong> oder <strong><a href=\"https:\/\/memorabilia-germany.de\/de\/signatur-authentifizierung\/#signatur-authentifizierung-fanatics\">Fanatics<\/a><\/strong>. Mehr Infos zum wichtigen Thema Authentifizierung findet ihr <strong><a href=\"https:\/\/memorabilia-germany.de\/de\/signatur-authentifizierung\/\">hier<\/a><\/strong>.<\/li>\n<\/ul>\n<p>Mehr Boxing Showcases findest du <strong><a href=\"https:\/\/memorabilia-germany.de\/de\/produkt-kategorie\/boxing-memorabilia\/boxing-showcase\/\">hier<\/a><\/strong>.<\/p>\n","protected":false},"featured_media":64282,"template":"","meta":{"_acf_changed":false,"ocean_post_layout":"","ocean_both_sidebars_style":"","ocean_both_sidebars_content_width":0,"ocean_both_sidebars_sidebars_width":0,"ocean_sidebar":"0","ocean_second_sidebar":"0","ocean_disable_margins":"enable","ocean_add_body_class":"","ocean_shortcode_before_top_bar":"","ocean_shortcode_after_top_bar":"","ocean_shortcode_before_header":"","ocean_shortcode_after_header":"","ocean_has_shortcode":"","ocean_shortcode_after_title":"","ocean_shortcode_before_footer_widgets":"","ocean_shortcode_after_footer_widgets":"","ocean_shortcode_before_footer_bottom":"","ocean_shortcode_after_footer_bottom":"","ocean_display_top_bar":"default","ocean_display_header":"default","ocean_header_style":"","ocean_center_header_left_menu":"0","ocean_custom_header_template":"0","ocean_custom_logo":0,"ocean_custom_retina_logo":0,"ocean_custom_logo_max_width":0,"ocean_custom_logo_tablet_max_width":0,"ocean_custom_logo_mobile_max_width":0,"ocean_custom_logo_max_height":0,"ocean_custom_logo_tablet_max_height":0,"ocean_custom_logo_mobile_max_height":0,"ocean_header_custom_menu":"0","ocean_menu_typo_font_family":"0","ocean_menu_typo_font_subset":"","ocean_menu_typo_font_size":0,"ocean_menu_typo_font_size_tablet":0,"ocean_menu_typo_font_size_mobile":0,"ocean_menu_typo_font_size_unit":"px","ocean_menu_typo_font_weight":"","ocean_menu_typo_font_weight_tablet":"","ocean_menu_typo_font_weight_mobile":"","ocean_menu_typo_transform":"","ocean_menu_typo_transform_tablet":"","ocean_menu_typo_transform_mobile":"","ocean_menu_typo_line_height":0,"ocean_menu_typo_line_height_tablet":0,"ocean_menu_typo_line_height_mobile":0,"ocean_menu_typo_line_height_unit":"","ocean_menu_typo_spacing":0,"ocean_menu_typo_spacing_tablet":0,"ocean_menu_typo_spacing_mobile":0,"ocean_menu_typo_spacing_unit":"","ocean_menu_link_color":"","ocean_menu_link_color_hover":"","ocean_menu_link_color_active":"","ocean_menu_link_background":"","ocean_menu_link_hover_background":"","ocean_menu_link_active_background":"","ocean_menu_social_links_bg":"","ocean_menu_social_hover_links_bg":"","ocean_menu_social_links_color":"","ocean_menu_social_hover_links_color":"","ocean_disable_title":"default","ocean_disable_heading":"default","ocean_post_title":"","ocean_post_subheading":"","ocean_post_title_style":"","ocean_post_title_background_color":"","ocean_post_title_background":0,"ocean_post_title_bg_image_position":"","ocean_post_title_bg_image_attachment":"","ocean_post_title_bg_image_repeat":"","ocean_post_title_bg_image_size":"","ocean_post_title_height":0,"ocean_post_title_bg_overlay":0.5,"ocean_post_title_bg_overlay_color":"","ocean_disable_breadcrumbs":"default","ocean_breadcrumbs_color":"","ocean_breadcrumbs_separator_color":"","ocean_breadcrumbs_links_color":"","ocean_breadcrumbs_links_hover_color":"","ocean_display_footer_widgets":"default","ocean_display_footer_bottom":"default","ocean_custom_footer_template":"0","ofc_enable_fullscreen":"disable","ofc_fullscreen_speed":0,"ofc_fullscreen_nav":"enable","ofc_fullscreen_nav_pos":"right","ofc_fullscreen_nav_color":"","ofc_fullscreen_nav_tooltip_color":"","ofc_fullscreen_responsive":0},"product_brand":[],"product_cat":[4133],"product_tag":[],"class_list":{"0":"post-64330","1":"product","2":"type-product","3":"status-publish","4":"has-post-thumbnail","6":"product_cat-mike-tyson-vs-evander-holyfield-boxing-xxl-showcase-boxhandschuh-everlast-red","7":"product_shipping_class-versandklasse_a","9":"entry","10":"has-media","12":"first","13":"instock","14":"taxable","15":"shipping-taxable","16":"purchasable","17":"product-type-simple","18":"col","19":"span_1_of_4","20":"owp-content-center","21":"owp-thumbs-layout-horizontal","22":"owp-btn-normal","23":"owp-tabs-layout-horizontal"},"acf":[],"_links":{"self":[{"href":"https:\/\/memorabilia-germany.de\/de\/wp-json\/wp\/v2\/product\/64330","targetHints":{"allow":["GET"]}}],"collection":[{"href":"https:\/\/memorabilia-germany.de\/de\/wp-json\/wp\/v2\/product"}],"about":[{"href":"https:\/\/memorabilia-germany.de\/de\/wp-json\/wp\/v2\/types\/product"}],"version-history":[{"count":0,"href":"https:\/\/memorabilia-germany.de\/de\/wp-json\/wp\/v2\/product\/64330\/revisions"}],"wp:featuredmedia":[{"embeddable":true,"href":"https:\/\/memorabilia-germany.de\/de\/wp-json\/wp\/v2\/media\/64282"}],"wp:attachment":[{"href":"https:\/\/memorabilia-germany.de\/de\/wp-json\/wp\/v2\/media?parent=64330"}],"wp:term":[{"taxonomy":"product_brand","embeddable":true,"href":"https:\/\/memorabilia-germany.de\/de\/wp-json\/wp\/v2\/product_brand?post=64330"},{"taxonomy":"product_cat","embeddable":true,"href":"https:\/\/memorabilia-germany.de\/de\/wp-json\/wp\/v2\/product_cat?post=64330"},{"taxonomy":"product_tag","embeddable":true,"href":"https:\/\/memorabilia-germany.de\/de\/wp-json\/wp\/v2\/product_tag?post=64330"}],"curies":[{"name":"wp","href":"https:\/\/api.w.org\/{rel}","templated":true}]}}