{"id":63203,"date":"2025-08-08T18:07:22","date_gmt":"2025-08-08T16:07:22","guid":{"rendered":"https:\/\/memorabilia-germany.de\/?post_type=product&#038;p=63203"},"modified":"2025-08-18T22:46:09","modified_gmt":"2025-08-18T20:46:09","slug":"1992-batman-returns-movie-photo-cards-wax-pack","status":"publish","type":"product","link":"https:\/\/memorabilia-germany.de\/de\/produkt\/1992-batman-returns-movie-photo-cards-wax-pack\/","title":{"rendered":"1992 Batman Returns<\/br>Movie Photo Cards, Wax Pack"},"content":{"rendered":"","protected":false},"excerpt":{"rendered":"<p><strong>Unge\u00f6ffnetes P\u00e4ckchen Movie Trading Cards zum Film \u201eBatman Returns\u201c, original aus dem Jahr 1992. Unter den Fans des dunklen Ritters gilt Tim Burton\u2019s zweiter Batman Kinofilm mit Michael Keaton, Michelle Pfeiffer und Danny DeVito in den Hauptrollen nach wie vor als einer der beliebtesten Filme. Diese Trading Cards wurden von topps auf den Markt gebracht und sind offiziell von DC Comics lizensiert. Weitere Infos siehe unten.<\/strong><\/p>\n<ul style=\"list-style-type: square;\">\n<li>Inhalt des P\u00e4ckchens: 8 Cards + 1 Batman Returns Stadium Club Card<\/li>\n<li>Erscheinungsjahr: 1992 (Topps Lizenz 1991)<\/li>\n<li>Marke: Topps<\/li>\n<li>Land: USA<\/li>\n<li>Das P\u00e4ckchen (\u201eWax Pack\u201c) stammt aus einer \u201eWax Box\u201c, die insgesamt 36 P\u00e4ckchen enth\u00e4lt. Alle P\u00e4ckchen sind trotz ihres Alters in einem makellosen Zustand.<\/li>\n<li>Finde originale Karten zum Batman-Klassiker aus dem Jahr 1992 mit Motiven von Michael Keaton als Batman, Michelle Pfeiffer als Catwoman, Christopher Walken als Max Shreck und Danny DeVito als Penguin.<\/li>\n<li>Die Karten umfassen Behind-the scenes-Material, Interviews, Souvenir Inserts und einiges mehr an interessantem Background-Material f\u00fcr nostalgische Batman- und Film-Fans.<\/li>\n<li>Background Infos 1992: Prinz Charles und Lady Diana gehen getrennte Wege, im Fernsehen l\u00e4uft die letzte Folge der Golden Girls und in den Charts streiten sich Michael Jackson, Madonna und Whitney Houston um die besten Platzierungen. Unsere \u201eVintage\u201c Trading Cards sind ein Traum f\u00fcr jeden Nostalgiker und f\u00fcr jeden Sammler, da es sich nicht um Nachproduktionen der fr\u00fcheren Karten handelt, sondern alle P\u00e4ckchen original aus der Zeit entstammen, in der sie damals ver\u00f6ffentlicht wurden.<\/li>\n<\/ul>\n<p>Mehr Trading Cards von fr\u00fcher findest du <strong><a href=\"https:\/\/memorabilia-germany.de\/de\/trading-cards\">hier<\/a><\/strong>.<\/p>\n","protected":false},"featured_media":63175,"template":"","meta":{"_acf_changed":false,"ocean_post_layout":"","ocean_both_sidebars_style":"","ocean_both_sidebars_content_width":0,"ocean_both_sidebars_sidebars_width":0,"ocean_sidebar":"0","ocean_second_sidebar":"0","ocean_disable_margins":"enable","ocean_add_body_class":"","ocean_shortcode_before_top_bar":"","ocean_shortcode_after_top_bar":"","ocean_shortcode_before_header":"","ocean_shortcode_after_header":"","ocean_has_shortcode":"","ocean_shortcode_after_title":"","ocean_shortcode_before_footer_widgets":"","ocean_shortcode_after_footer_widgets":"","ocean_shortcode_before_footer_bottom":"","ocean_shortcode_after_footer_bottom":"","ocean_display_top_bar":"default","ocean_display_header":"default","ocean_header_style":"","ocean_center_header_left_menu":"0","ocean_custom_header_template":"0","ocean_custom_logo":0,"ocean_custom_retina_logo":0,"ocean_custom_logo_max_width":0,"ocean_custom_logo_tablet_max_width":0,"ocean_custom_logo_mobile_max_width":0,"ocean_custom_logo_max_height":0,"ocean_custom_logo_tablet_max_height":0,"ocean_custom_logo_mobile_max_height":0,"ocean_header_custom_menu":"0","ocean_menu_typo_font_family":"0","ocean_menu_typo_font_subset":"","ocean_menu_typo_font_size":0,"ocean_menu_typo_font_size_tablet":0,"ocean_menu_typo_font_size_mobile":0,"ocean_menu_typo_font_size_unit":"px","ocean_menu_typo_font_weight":"","ocean_menu_typo_font_weight_tablet":"","ocean_menu_typo_font_weight_mobile":"","ocean_menu_typo_transform":"","ocean_menu_typo_transform_tablet":"","ocean_menu_typo_transform_mobile":"","ocean_menu_typo_line_height":0,"ocean_menu_typo_line_height_tablet":0,"ocean_menu_typo_line_height_mobile":0,"ocean_menu_typo_line_height_unit":"","ocean_menu_typo_spacing":0,"ocean_menu_typo_spacing_tablet":0,"ocean_menu_typo_spacing_mobile":0,"ocean_menu_typo_spacing_unit":"","ocean_menu_link_color":"","ocean_menu_link_color_hover":"","ocean_menu_link_color_active":"","ocean_menu_link_background":"","ocean_menu_link_hover_background":"","ocean_menu_link_active_background":"","ocean_menu_social_links_bg":"","ocean_menu_social_hover_links_bg":"","ocean_menu_social_links_color":"","ocean_menu_social_hover_links_color":"","ocean_disable_title":"default","ocean_disable_heading":"default","ocean_post_title":"","ocean_post_subheading":"","ocean_post_title_style":"","ocean_post_title_background_color":"","ocean_post_title_background":0,"ocean_post_title_bg_image_position":"","ocean_post_title_bg_image_attachment":"","ocean_post_title_bg_image_repeat":"","ocean_post_title_bg_image_size":"","ocean_post_title_height":0,"ocean_post_title_bg_overlay":0.5,"ocean_post_title_bg_overlay_color":"","ocean_disable_breadcrumbs":"default","ocean_breadcrumbs_color":"","ocean_breadcrumbs_separator_color":"","ocean_breadcrumbs_links_color":"","ocean_breadcrumbs_links_hover_color":"","ocean_display_footer_widgets":"default","ocean_display_footer_bottom":"default","ocean_custom_footer_template":"0","ofc_enable_fullscreen":"disable","ofc_fullscreen_speed":0,"ofc_fullscreen_nav":"enable","ofc_fullscreen_nav_pos":"right","ofc_fullscreen_nav_color":"","ofc_fullscreen_nav_tooltip_color":"","ofc_fullscreen_responsive":0},"product_brand":[],"product_cat":[4106],"product_tag":[],"class_list":{"0":"post-63203","1":"product","2":"type-product","3":"status-publish","4":"has-post-thumbnail","6":"product_cat-1992-batman-returns-movie-photo-cards-wax-pack","7":"product_shipping_class-versandklasse_a","9":"entry","10":"has-media","12":"first","13":"instock","14":"taxable","15":"shipping-taxable","16":"purchasable","17":"product-type-simple","18":"col","19":"span_1_of_4","20":"owp-content-center","21":"owp-thumbs-layout-horizontal","22":"owp-btn-normal","23":"owp-tabs-layout-horizontal"},"acf":[],"_links":{"self":[{"href":"https:\/\/memorabilia-germany.de\/de\/wp-json\/wp\/v2\/product\/63203","targetHints":{"allow":["GET"]}}],"collection":[{"href":"https:\/\/memorabilia-germany.de\/de\/wp-json\/wp\/v2\/product"}],"about":[{"href":"https:\/\/memorabilia-germany.de\/de\/wp-json\/wp\/v2\/types\/product"}],"version-history":[{"count":0,"href":"https:\/\/memorabilia-germany.de\/de\/wp-json\/wp\/v2\/product\/63203\/revisions"}],"wp:featuredmedia":[{"embeddable":true,"href":"https:\/\/memorabilia-germany.de\/de\/wp-json\/wp\/v2\/media\/63175"}],"wp:attachment":[{"href":"https:\/\/memorabilia-germany.de\/de\/wp-json\/wp\/v2\/media?parent=63203"}],"wp:term":[{"taxonomy":"product_brand","embeddable":true,"href":"https:\/\/memorabilia-germany.de\/de\/wp-json\/wp\/v2\/product_brand?post=63203"},{"taxonomy":"product_cat","embeddable":true,"href":"https:\/\/memorabilia-germany.de\/de\/wp-json\/wp\/v2\/product_cat?post=63203"},{"taxonomy":"product_tag","embeddable":true,"href":"https:\/\/memorabilia-germany.de\/de\/wp-json\/wp\/v2\/product_tag?post=63203"}],"curies":[{"name":"wp","href":"https:\/\/api.w.org\/{rel}","templated":true}]}}