{"id":63068,"date":"2025-08-08T16:12:28","date_gmt":"2025-08-08T14:12:28","guid":{"rendered":"https:\/\/memorabilia-germany.de\/?post_type=product&#038;p=63068"},"modified":"2025-12-01T16:36:56","modified_gmt":"2025-12-01T15:36:56","slug":"keepsake-bruce-lee-collection-50th-anniversary-edition-hobby-box-series-2","status":"publish","type":"product","link":"https:\/\/memorabilia-germany.de\/de\/produkt\/keepsake-bruce-lee-collection-50th-anniversary-edition-hobby-box-series-2\/","title":{"rendered":"Keepsake Bruce Lee Collection<\/br>(50th Anniversary Edition Hobby Box \u2013 Series 2!)"},"content":{"rendered":"","protected":false},"excerpt":{"rendered":"<p><strong>Bruce Lee \u2013 der Mann, die Legende! Der \u201eKing of Kung-Fu\u201c gilt als gr\u00f6\u00dfter Kampfk\u00fcnstler aller Zeiten und war einer der Martial Artists mit dem gr\u00f6\u00dften Einfluss in der Geschichte des Kinos. Entertainment Trading Card US Marktf\u00fchrer Super Break widmet Bruce Lee diese fantastische \u201eKeepsake\u201c Trading Card Edition.<\/strong><\/p>\n<p><strong>In einer edlen Hobby Box bietet diese Collection exklusive Trading Cards zu Bruce Lee\u2019s Legende.<\/strong><\/p>\n<p><strong>In Relic Cards, Cut Autographs und vielen anderen Inserts wurden originale Requisiten aus den Film-Sets, Signaturen und handschriftliche Werke verarbeitet.<\/strong><\/p>\n<p><strong>So ist es m\u00f6glich neben Autogrammen und On-Set Materialien auch spektakul\u00e4re Reliquien von Bruce Lee direkt zu finden. Trainings-Handschuhe, \u201cJun Fan Gung Fu Institute\u201d Membership Cards oder Schriftst\u00fccke an Lee\u2019s Freund Taky Kimura, um nur einige Beispiele zu nennen. Laut Hersteller in \u201eMuseums Qualit\u00e4t\u201c!<\/strong><\/p>\n<p><strong>Die Hobby Boxen entstammen der deutlich besseren Serie 2! Die durchschnittlichen Hit-Quoten dieser Boxen liegen weit \u00fcber den Quoten der ersten Serie. Jede Hobby Box enth\u00e4lt eine wertvolle Bruce Lee Relic Trading Card, die von einem Hard Card Sleeve gesch\u00fctzt wird sowie ein versiegeltes Pack mit 5 weiteren Trading Cards. Mindestens ein Hit ist also garantiert! Au\u00dferdem enth\u00e4lt jede Box ein Stand Up zur Pr\u00e4sentation deines Boxen-Highlights.<\/strong><\/p>\n<ul style=\"list-style-type: square;\">\n<li>Inhalt der Box: 1 Bruce Lee Relic Card im Hard Card Sleeve + Stand Up + Pack mit 5 Bruce Lee Trading Cards (mind. 1 Hit IN JEDER BOX)<\/li>\n<li>Zustand: unge\u00f6ffnet und original in Folie verschwei\u00dft<\/li>\n<li>Thema: Bruce Lee<\/li>\n<li>Folie: Factory sealed. Die Box ist in der original Folie des Herstellers verschwei\u00dft.<\/li>\n<li>Marke: Super Break<\/li>\n<li>50th Anniversary Keepsake Serie 2 (deutlich bessere Hit-Quote als Serie 1!)<\/li>\n<li>Land: USA<\/li>\n<li>Jede Box verf\u00fcgt \u00fcber eine \u201eLuxury Jewelry Light\u201c Beleuchtung!<\/li>\n<li>Finde Relic Cards, in denen Teile der originalen Filmrequisiten verarbeitet wurden, die in Bruce Lee\u2019s beliebtesten Filmen zum Einsatz kamen. Manche Karten enthalten bis zu 4 Relics!<\/li>\n<li>Die Edition enth\u00e4lt Autographs, Relics &amp; Memorabilia Inserts, die Materialien enthalten, die zur Produktion der Bruce Lee Filme verwendet wurden: handgeschriebene Schriftst\u00fccke an Freunde, Partner und Filmproduzenten sowie Teile der originalen Filmrollen, Martial Arts Equipment aus Bruce Lee\u2019s pers\u00f6nlichem Besitz und vieles mehr.<\/li>\n<li>Relic \u00dcbersicht dieser Edition:\n<ul style=\"list-style-type: circle;\">\n<li>Fight Worn Relics<\/li>\n<li>Cut Autograph One of Ones<\/li>\n<li>Handwritten &#8222;In My Hand&#8220; Relics<\/li>\n<li>Gem Relics<\/li>\n<li>Jumbo Relics<\/li>\n<li>Dual, Triple &amp; Quad Relics<\/li>\n<li>Negative Film Reels<\/li>\n<li>Personally used Relics<\/li>\n<\/ul>\n<\/li>\n<li>Bruce Lee Inserts: Diamonds, Rubies, Opals, Sapphires, Gold &amp; Jade<\/li>\n<\/ul>\n<p>Mehr Trading Cards findest du <strong><a href=\"https:\/\/memorabilia-germany.de\/de\/trading-cards\">hier<\/a><\/strong>.<\/p>\n","protected":false},"featured_media":63020,"template":"","meta":{"_acf_changed":false,"ocean_post_layout":"","ocean_both_sidebars_style":"","ocean_both_sidebars_content_width":0,"ocean_both_sidebars_sidebars_width":0,"ocean_sidebar":"0","ocean_second_sidebar":"0","ocean_disable_margins":"enable","ocean_add_body_class":"","ocean_shortcode_before_top_bar":"","ocean_shortcode_after_top_bar":"","ocean_shortcode_before_header":"","ocean_shortcode_after_header":"","ocean_has_shortcode":"","ocean_shortcode_after_title":"","ocean_shortcode_before_footer_widgets":"","ocean_shortcode_after_footer_widgets":"","ocean_shortcode_before_footer_bottom":"","ocean_shortcode_after_footer_bottom":"","ocean_display_top_bar":"default","ocean_display_header":"default","ocean_header_style":"","ocean_center_header_left_menu":"0","ocean_custom_header_template":"0","ocean_custom_logo":0,"ocean_custom_retina_logo":0,"ocean_custom_logo_max_width":0,"ocean_custom_logo_tablet_max_width":0,"ocean_custom_logo_mobile_max_width":0,"ocean_custom_logo_max_height":0,"ocean_custom_logo_tablet_max_height":0,"ocean_custom_logo_mobile_max_height":0,"ocean_header_custom_menu":"0","ocean_menu_typo_font_family":"0","ocean_menu_typo_font_subset":"","ocean_menu_typo_font_size":0,"ocean_menu_typo_font_size_tablet":0,"ocean_menu_typo_font_size_mobile":0,"ocean_menu_typo_font_size_unit":"px","ocean_menu_typo_font_weight":"","ocean_menu_typo_font_weight_tablet":"","ocean_menu_typo_font_weight_mobile":"","ocean_menu_typo_transform":"","ocean_menu_typo_transform_tablet":"","ocean_menu_typo_transform_mobile":"","ocean_menu_typo_line_height":0,"ocean_menu_typo_line_height_tablet":0,"ocean_menu_typo_line_height_mobile":0,"ocean_menu_typo_line_height_unit":"","ocean_menu_typo_spacing":0,"ocean_menu_typo_spacing_tablet":0,"ocean_menu_typo_spacing_mobile":0,"ocean_menu_typo_spacing_unit":"","ocean_menu_link_color":"","ocean_menu_link_color_hover":"","ocean_menu_link_color_active":"","ocean_menu_link_background":"","ocean_menu_link_hover_background":"","ocean_menu_link_active_background":"","ocean_menu_social_links_bg":"","ocean_menu_social_hover_links_bg":"","ocean_menu_social_links_color":"","ocean_menu_social_hover_links_color":"","ocean_disable_title":"default","ocean_disable_heading":"default","ocean_post_title":"","ocean_post_subheading":"","ocean_post_title_style":"","ocean_post_title_background_color":"","ocean_post_title_background":0,"ocean_post_title_bg_image_position":"","ocean_post_title_bg_image_attachment":"","ocean_post_title_bg_image_repeat":"","ocean_post_title_bg_image_size":"","ocean_post_title_height":0,"ocean_post_title_bg_overlay":0.5,"ocean_post_title_bg_overlay_color":"","ocean_disable_breadcrumbs":"default","ocean_breadcrumbs_color":"","ocean_breadcrumbs_separator_color":"","ocean_breadcrumbs_links_color":"","ocean_breadcrumbs_links_hover_color":"","ocean_display_footer_widgets":"default","ocean_display_footer_bottom":"default","ocean_custom_footer_template":"0","ofc_enable_fullscreen":"disable","ofc_fullscreen_speed":0,"ofc_fullscreen_nav":"enable","ofc_fullscreen_nav_pos":"right","ofc_fullscreen_nav_color":"","ofc_fullscreen_nav_tooltip_color":"","ofc_fullscreen_responsive":0},"product_brand":[],"product_cat":[4098],"product_tag":[],"class_list":{"0":"post-63068","1":"product","2":"type-product","3":"status-publish","4":"has-post-thumbnail","6":"product_cat-keepsake-bruce-lee-collection-50th-anniversary-edition-hobby-box-series-2","7":"product_shipping_class-versandklasse_a","9":"entry","10":"has-media","12":"first","13":"outofstock","14":"taxable","15":"shipping-taxable","16":"purchasable","17":"product-type-simple","18":"col","19":"span_1_of_4","20":"owp-content-center","21":"owp-thumbs-layout-horizontal","22":"owp-btn-normal","23":"owp-tabs-layout-horizontal"},"acf":[],"_links":{"self":[{"href":"https:\/\/memorabilia-germany.de\/de\/wp-json\/wp\/v2\/product\/63068","targetHints":{"allow":["GET"]}}],"collection":[{"href":"https:\/\/memorabilia-germany.de\/de\/wp-json\/wp\/v2\/product"}],"about":[{"href":"https:\/\/memorabilia-germany.de\/de\/wp-json\/wp\/v2\/types\/product"}],"version-history":[{"count":0,"href":"https:\/\/memorabilia-germany.de\/de\/wp-json\/wp\/v2\/product\/63068\/revisions"}],"wp:featuredmedia":[{"embeddable":true,"href":"https:\/\/memorabilia-germany.de\/de\/wp-json\/wp\/v2\/media\/63020"}],"wp:attachment":[{"href":"https:\/\/memorabilia-germany.de\/de\/wp-json\/wp\/v2\/media?parent=63068"}],"wp:term":[{"taxonomy":"product_brand","embeddable":true,"href":"https:\/\/memorabilia-germany.de\/de\/wp-json\/wp\/v2\/product_brand?post=63068"},{"taxonomy":"product_cat","embeddable":true,"href":"https:\/\/memorabilia-germany.de\/de\/wp-json\/wp\/v2\/product_cat?post=63068"},{"taxonomy":"product_tag","embeddable":true,"href":"https:\/\/memorabilia-germany.de\/de\/wp-json\/wp\/v2\/product_tag?post=63068"}],"curies":[{"name":"wp","href":"https:\/\/api.w.org\/{rel}","templated":true}]}}