{"id":62989,"date":"2025-08-08T14:41:02","date_gmt":"2025-08-08T12:41:02","guid":{"rendered":"https:\/\/memorabilia-germany.de\/?post_type=product&#038;p=62989"},"modified":"2026-01-20T23:26:05","modified_gmt":"2026-01-20T22:26:05","slug":"keepsake-rambo-collection-premiere-edition-hobby-box","status":"publish","type":"product","link":"https:\/\/memorabilia-germany.de\/de\/produkt\/keepsake-rambo-collection-premiere-edition-hobby-box\/","title":{"rendered":"Keepsake Rambo Collection<\/br>(Premiere Edition Hobby Box)"},"content":{"rendered":"","protected":false},"excerpt":{"rendered":"<p><strong>Seitdem der erste Rambo Film \u201eFirst Blood\u201c 1982 in die Kinos kam gilt John Rambo als eine der beliebtesten Filmfiguren aller Zeiten. Entertainment Trading Card US Marktf\u00fchrer Super Break widmet diese fantastische \u201eKeepsake\u201c Trading Card Edition dem Rambo Franchise rund um Sylvester Stallone.<\/strong><\/p>\n<p><strong>In einer edlen Hobby Box bietet diese Collection exklusive Trading Cards zu den Rambo Filmen. In Relic Cards und anderen Inserts wurden originale Requisiten verarbeitet, die beim Dreh der Filme verwendet wurden. Au\u00dferdem enth\u00e4lt die Serie Karten, die handgeschriebene Storyboards der Rambo Produzenten und andere aufregende On-Set Materialien enthalten.<\/strong><\/p>\n<p><strong>Jede Hobby Box enth\u00e4lt eine wertvolle Relic Trading Card, die von einem Hard Card Sleeve gesch\u00fctzt wird sowie ein versiegeltes Pack mit 5 weiteren Rambo Trading Cards. Mindestens ein Hit ist also garantiert! Au\u00dferdem enth\u00e4lt jede Box ein Stand Up zur Pr\u00e4sentation deines Boxen-Highlights.<\/strong><\/p>\n<ul style=\"list-style-type: square;\">\n<li>Inhalt der Box: 1 Rambo Relic Card im Hard Card Sleeve + Stand Up + Pack mit 5 Rambo Trading Cards (mind. 1 Hit IN JEDER BOX)<\/li>\n<li>Zustand: unge\u00f6ffnet und original in Folie verschwei\u00dft<\/li>\n<li>Thema: Rambo<\/li>\n<li>Folie: Factory sealed. Die Box ist in der original Folie des Herstellers verschwei\u00dft.<\/li>\n<li>Marke: Super Break<\/li>\n<li>Land: USA<\/li>\n<li>Finde Relic Cards, in denen Teile der originalen Filmrequisiten verarbeitet wurden, die in Rambo I-III zum Einsatz kamen. Manche Karten enthalten bis zu 4 Relics!<\/li>\n<li>Die Edition enth\u00e4lt auch Relics &amp; Memorabilia Inserts, die Materialien enthalten, die zur Produktion der Rambo Filme verwendet wurden: handgeschriebene Storyboards der Filmproduzenten, Teilen der originalen Filmrollen und vieles mehr.<\/li>\n<li>Finde Gem Relics, Jumbo Relics, Laser SignaPatch Relics, Dual Relics, Triple Relics, Quad Relics, Movie Prop Relics, Contact Strip Relics und StoryBoard Relics in diesen Keepsake Hobby Boxen.<\/li>\n<li>Rambo Inserts: Diamonds, Rubies, Emeralds, Sapphires, Topaz &amp; Onyx<\/li>\n<li>Diese Serie enth\u00e4lt seltene Triple Booklets, Dual + Triple + Quadruple Relics, Gold Relics, Autograph Specials, Fossil Relics, Dual Gems und vieles mehr!<\/li>\n<li>Au\u00dfer John Rambo finden auch andere beliebte Charaktere des Rambo Franchises, wie Sam Trautman, Mitch Rogers, Co Bao oder Marshall Murdock einen Platz in dieser Collection.<\/li>\n<\/ul>\n<p>Mehr Trading Cards findest du <strong><a href=\"https:\/\/memorabilia-germany.de\/de\/trading-cards\">hier<\/a><\/strong>.<\/p>\n","protected":false},"featured_media":62944,"template":"","meta":{"_acf_changed":false,"ocean_post_layout":"","ocean_both_sidebars_style":"","ocean_both_sidebars_content_width":0,"ocean_both_sidebars_sidebars_width":0,"ocean_sidebar":"0","ocean_second_sidebar":"0","ocean_disable_margins":"enable","ocean_add_body_class":"","ocean_shortcode_before_top_bar":"","ocean_shortcode_after_top_bar":"","ocean_shortcode_before_header":"","ocean_shortcode_after_header":"","ocean_has_shortcode":"","ocean_shortcode_after_title":"","ocean_shortcode_before_footer_widgets":"","ocean_shortcode_after_footer_widgets":"","ocean_shortcode_before_footer_bottom":"","ocean_shortcode_after_footer_bottom":"","ocean_display_top_bar":"default","ocean_display_header":"default","ocean_header_style":"","ocean_center_header_left_menu":"0","ocean_custom_header_template":"0","ocean_custom_logo":0,"ocean_custom_retina_logo":0,"ocean_custom_logo_max_width":0,"ocean_custom_logo_tablet_max_width":0,"ocean_custom_logo_mobile_max_width":0,"ocean_custom_logo_max_height":0,"ocean_custom_logo_tablet_max_height":0,"ocean_custom_logo_mobile_max_height":0,"ocean_header_custom_menu":"0","ocean_menu_typo_font_family":"0","ocean_menu_typo_font_subset":"","ocean_menu_typo_font_size":0,"ocean_menu_typo_font_size_tablet":0,"ocean_menu_typo_font_size_mobile":0,"ocean_menu_typo_font_size_unit":"px","ocean_menu_typo_font_weight":"","ocean_menu_typo_font_weight_tablet":"","ocean_menu_typo_font_weight_mobile":"","ocean_menu_typo_transform":"","ocean_menu_typo_transform_tablet":"","ocean_menu_typo_transform_mobile":"","ocean_menu_typo_line_height":0,"ocean_menu_typo_line_height_tablet":0,"ocean_menu_typo_line_height_mobile":0,"ocean_menu_typo_line_height_unit":"","ocean_menu_typo_spacing":0,"ocean_menu_typo_spacing_tablet":0,"ocean_menu_typo_spacing_mobile":0,"ocean_menu_typo_spacing_unit":"","ocean_menu_link_color":"","ocean_menu_link_color_hover":"","ocean_menu_link_color_active":"","ocean_menu_link_background":"","ocean_menu_link_hover_background":"","ocean_menu_link_active_background":"","ocean_menu_social_links_bg":"","ocean_menu_social_hover_links_bg":"","ocean_menu_social_links_color":"","ocean_menu_social_hover_links_color":"","ocean_disable_title":"default","ocean_disable_heading":"default","ocean_post_title":"","ocean_post_subheading":"","ocean_post_title_style":"","ocean_post_title_background_color":"","ocean_post_title_background":0,"ocean_post_title_bg_image_position":"","ocean_post_title_bg_image_attachment":"","ocean_post_title_bg_image_repeat":"","ocean_post_title_bg_image_size":"","ocean_post_title_height":0,"ocean_post_title_bg_overlay":0.5,"ocean_post_title_bg_overlay_color":"","ocean_disable_breadcrumbs":"default","ocean_breadcrumbs_color":"","ocean_breadcrumbs_separator_color":"","ocean_breadcrumbs_links_color":"","ocean_breadcrumbs_links_hover_color":"","ocean_display_footer_widgets":"default","ocean_display_footer_bottom":"default","ocean_custom_footer_template":"0","ofc_enable_fullscreen":"disable","ofc_fullscreen_speed":0,"ofc_fullscreen_nav":"enable","ofc_fullscreen_nav_pos":"right","ofc_fullscreen_nav_color":"","ofc_fullscreen_nav_tooltip_color":"","ofc_fullscreen_responsive":0},"product_brand":[],"product_cat":[4094],"product_tag":[],"class_list":{"0":"post-62989","1":"product","2":"type-product","3":"status-publish","4":"has-post-thumbnail","6":"product_cat-keepsake-rambo-collection-premiere-edition-hobby-box","7":"product_shipping_class-versandklasse_a","9":"entry","10":"has-media","12":"first","13":"instock","14":"taxable","15":"shipping-taxable","16":"purchasable","17":"product-type-simple","18":"col","19":"span_1_of_4","20":"owp-content-center","21":"owp-thumbs-layout-horizontal","22":"owp-btn-normal","23":"owp-tabs-layout-horizontal"},"acf":[],"_links":{"self":[{"href":"https:\/\/memorabilia-germany.de\/de\/wp-json\/wp\/v2\/product\/62989","targetHints":{"allow":["GET"]}}],"collection":[{"href":"https:\/\/memorabilia-germany.de\/de\/wp-json\/wp\/v2\/product"}],"about":[{"href":"https:\/\/memorabilia-germany.de\/de\/wp-json\/wp\/v2\/types\/product"}],"version-history":[{"count":0,"href":"https:\/\/memorabilia-germany.de\/de\/wp-json\/wp\/v2\/product\/62989\/revisions"}],"wp:featuredmedia":[{"embeddable":true,"href":"https:\/\/memorabilia-germany.de\/de\/wp-json\/wp\/v2\/media\/62944"}],"wp:attachment":[{"href":"https:\/\/memorabilia-germany.de\/de\/wp-json\/wp\/v2\/media?parent=62989"}],"wp:term":[{"taxonomy":"product_brand","embeddable":true,"href":"https:\/\/memorabilia-germany.de\/de\/wp-json\/wp\/v2\/product_brand?post=62989"},{"taxonomy":"product_cat","embeddable":true,"href":"https:\/\/memorabilia-germany.de\/de\/wp-json\/wp\/v2\/product_cat?post=62989"},{"taxonomy":"product_tag","embeddable":true,"href":"https:\/\/memorabilia-germany.de\/de\/wp-json\/wp\/v2\/product_tag?post=62989"}],"curies":[{"name":"wp","href":"https:\/\/api.w.org\/{rel}","templated":true}]}}