{"id":62324,"date":"2025-07-29T17:44:30","date_gmt":"2025-07-29T15:44:30","guid":{"rendered":"https:\/\/memorabilia-germany.de\/?post_type=product&#038;p=62324"},"modified":"2026-04-02T00:16:02","modified_gmt":"2026-04-01T22:16:02","slug":"pieces-of-the-past-inventors-edition-hobby-box","status":"publish","type":"product","link":"https:\/\/memorabilia-germany.de\/de\/produkt\/pieces-of-the-past-inventors-edition-hobby-box\/","title":{"rendered":"Pieces of the Past<\/br>(Inventors Edition Hobby Box)"},"content":{"rendered":"<p style=\"text-align: center;\"><strong>Hier bekommt ihr eine \u00dcbersicht \u00fcber einige der ber\u00fchmten Namen dieser Serie:<\/strong><br \/>\nAlbert Einstein<br \/>\nGalileo Galilei<br \/>\nJohannes Gutenberg<br \/>\nBenjamin Franklin<br \/>\nThomas Edison<br \/>\nMarie Curie<br \/>\nHenry Ford<br \/>\nAlfred Nobel<br \/>\nNikola Tesla<br \/>\nAlexander Graham Bell<br \/>\nJames Naismith<br \/>\nRosalind Franklin<br \/>\nRudolf Diesel<br \/>\nLouis Pasteur<br \/>\nKatherine Johnson<br \/>\nAlessandro Volta<br \/>\nAlexander Fleming<br \/>\nRobert Fulton<br \/>\nSamuel F. B. Morse<br \/>\nCharles Goodyear<br \/>\nGeorge Washington Carver<br \/>\nGeorge Eastman<br \/>\nGrace Hopper<br \/>\nMaria Beasley<br \/>\nJohn Boyd Dunlop<br \/>\nOrville Wright<br \/>\nJohn Deere<br \/>\nGeorge Mortimer Pullman<br \/>\nSamuel Colt<br \/>\nElizabeth Magie Phillips<br \/>\nRichard Jordan Gatling<br \/>\nWladimir Georgijewitsch Sorokin<br \/>\nAdolphe Sax<br \/>\nChristopher Latham Sholes<br \/>\nMadam C. J. Walker<br \/>\nNancy Johnson<\/p>\n<p>Mehr Trading Cards findest du <u>hier<\/u>.<\/p>\n","protected":false},"excerpt":{"rendered":"<p><strong>Pieces of the Past Hobby Box aus der \u201eInventors Edition\u201d von Super Break. Super Break bzw. die Super Products Inc. ist eines der marktf\u00fchrenden US Unternehmen f\u00fcr Relic &amp; Autograph Trading Cards von historisch relevanten Pers\u00f6nlichkeiten und ber\u00fchmten Stars aus dem Entertainment Bereich.<\/strong><\/p>\n<p><strong>Jede Hobby Box enth\u00e4lt 4 Packs, jedes Pack enth\u00e4lt mindestens 1 Relic Card. 4 Relic Cards der gr\u00f6\u00dften Erfinder und Wissenschaftler aller Zeiten sind also garantiert! Die Serie enth\u00e4lt viele aufregende Extras ber\u00fchmter Erfinder, wie seltene Cut Autographs, Original Handwritings, originale B\u00f6rsenpapiere, originale Patente zu patentierten Erfindungen! Entdecke Trapped Relics, Cracked Ice Foils 1 of 1s, Quadruple Relics, Gold Mirror Parallels und vieles mehr.<\/strong><\/p>\n<p><strong>Das Line Up dieser Serie umfasst viele der gr\u00f6\u00dften Namen in der akademischen Geschichte, die keiner weiteren Vorstellung bed\u00fcrfen. Mit dabei sind Namen wie Galileo Galilei, Johannes Gutenberg, Albert Einstein, Thomas Edison, Benjamin Franklin, Henry Ford oder Alfred Nobel. Factory sealed. Weitere Infos siehe unten.<\/strong><\/p>\n<ul style=\"list-style-type: square;\">\n<li>Inhalt der Box: 4 Packs mit jeweils 4 Trading Cards (mind. 4 Relic Cards IN JEDER BOX)<\/li>\n<li>Zustand: unge\u00f6ffnet und original in Folie verschwei\u00dft<\/li>\n<li>Thema: Die gr\u00f6\u00dften Erfinder aller Zeiten<\/li>\n<li>Folie: Factory sealed. Die Box ist in der original Folie des Herstellers verschwei\u00dft.<\/li>\n<li>Erscheinungsdatum: ca. Januar 2025<\/li>\n<li>Marke: Super Break<\/li>\n<li>Land: USA<\/li>\n<li>Die Serie enth\u00e4lt Redemption Vouchers f\u00fcr vollseitige historische signierte Dokumente sowie f\u00fcr signierte B\u00f6rsen-Zertifikate!<\/li>\n<li>Finde Relic Cards &amp; Cut Autographs von ber\u00fchmten Erfindern und Wissenschaftlern wie Galileo Galilei, Johannes Gutenberg, Albert Einstein, Thomas Edison, Benjamin Franklin, Henry Ford oder Alfred Nobel.<\/li>\n<li>Diese Serie enth\u00e4lt seltene Dual + Triple + Quadruple Relics, Cracked Ice Foils 1 of 1s, Autograph Specials, Gold Mirror Parallels, Trapped Relic Memorabilias, Silver Rainbow Relics und vieles mehr!<\/li>\n<\/ul>\n","protected":false},"featured_media":62304,"template":"","meta":{"_acf_changed":false,"ocean_post_layout":"","ocean_both_sidebars_style":"","ocean_both_sidebars_content_width":0,"ocean_both_sidebars_sidebars_width":0,"ocean_sidebar":"0","ocean_second_sidebar":"0","ocean_disable_margins":"enable","ocean_add_body_class":"","ocean_shortcode_before_top_bar":"","ocean_shortcode_after_top_bar":"","ocean_shortcode_before_header":"","ocean_shortcode_after_header":"","ocean_has_shortcode":"","ocean_shortcode_after_title":"","ocean_shortcode_before_footer_widgets":"","ocean_shortcode_after_footer_widgets":"","ocean_shortcode_before_footer_bottom":"","ocean_shortcode_after_footer_bottom":"","ocean_display_top_bar":"default","ocean_display_header":"default","ocean_header_style":"","ocean_center_header_left_menu":"0","ocean_custom_header_template":"0","ocean_custom_logo":0,"ocean_custom_retina_logo":0,"ocean_custom_logo_max_width":0,"ocean_custom_logo_tablet_max_width":0,"ocean_custom_logo_mobile_max_width":0,"ocean_custom_logo_max_height":0,"ocean_custom_logo_tablet_max_height":0,"ocean_custom_logo_mobile_max_height":0,"ocean_header_custom_menu":"0","ocean_menu_typo_font_family":"0","ocean_menu_typo_font_subset":"","ocean_menu_typo_font_size":0,"ocean_menu_typo_font_size_tablet":0,"ocean_menu_typo_font_size_mobile":0,"ocean_menu_typo_font_size_unit":"px","ocean_menu_typo_font_weight":"","ocean_menu_typo_font_weight_tablet":"","ocean_menu_typo_font_weight_mobile":"","ocean_menu_typo_transform":"","ocean_menu_typo_transform_tablet":"","ocean_menu_typo_transform_mobile":"","ocean_menu_typo_line_height":0,"ocean_menu_typo_line_height_tablet":0,"ocean_menu_typo_line_height_mobile":0,"ocean_menu_typo_line_height_unit":"","ocean_menu_typo_spacing":0,"ocean_menu_typo_spacing_tablet":0,"ocean_menu_typo_spacing_mobile":0,"ocean_menu_typo_spacing_unit":"","ocean_menu_link_color":"","ocean_menu_link_color_hover":"","ocean_menu_link_color_active":"","ocean_menu_link_background":"","ocean_menu_link_hover_background":"","ocean_menu_link_active_background":"","ocean_menu_social_links_bg":"","ocean_menu_social_hover_links_bg":"","ocean_menu_social_links_color":"","ocean_menu_social_hover_links_color":"","ocean_disable_title":"default","ocean_disable_heading":"default","ocean_post_title":"","ocean_post_subheading":"","ocean_post_title_style":"","ocean_post_title_background_color":"","ocean_post_title_background":0,"ocean_post_title_bg_image_position":"","ocean_post_title_bg_image_attachment":"","ocean_post_title_bg_image_repeat":"","ocean_post_title_bg_image_size":"","ocean_post_title_height":0,"ocean_post_title_bg_overlay":0.5,"ocean_post_title_bg_overlay_color":"","ocean_disable_breadcrumbs":"default","ocean_breadcrumbs_color":"","ocean_breadcrumbs_separator_color":"","ocean_breadcrumbs_links_color":"","ocean_breadcrumbs_links_hover_color":"","ocean_display_footer_widgets":"default","ocean_display_footer_bottom":"default","ocean_custom_footer_template":"0","ofc_enable_fullscreen":"disable","ofc_fullscreen_speed":0,"ofc_fullscreen_nav":"enable","ofc_fullscreen_nav_pos":"right","ofc_fullscreen_nav_color":"","ofc_fullscreen_nav_tooltip_color":"","ofc_fullscreen_responsive":0},"product_brand":[],"product_cat":[4053],"product_tag":[],"class_list":{"0":"post-62324","1":"product","2":"type-product","3":"status-publish","4":"has-post-thumbnail","6":"product_cat-pieces-of-the-past-inventors-edition-hobby-box","7":"product_shipping_class-versandklasse_a","9":"entry","10":"has-media","12":"first","13":"outofstock","14":"taxable","15":"shipping-taxable","16":"purchasable","17":"product-type-simple","18":"col","19":"span_1_of_4","20":"owp-content-center","21":"owp-thumbs-layout-horizontal","22":"owp-btn-normal","23":"owp-tabs-layout-horizontal"},"acf":[],"_links":{"self":[{"href":"https:\/\/memorabilia-germany.de\/de\/wp-json\/wp\/v2\/product\/62324","targetHints":{"allow":["GET"]}}],"collection":[{"href":"https:\/\/memorabilia-germany.de\/de\/wp-json\/wp\/v2\/product"}],"about":[{"href":"https:\/\/memorabilia-germany.de\/de\/wp-json\/wp\/v2\/types\/product"}],"version-history":[{"count":0,"href":"https:\/\/memorabilia-germany.de\/de\/wp-json\/wp\/v2\/product\/62324\/revisions"}],"wp:featuredmedia":[{"embeddable":true,"href":"https:\/\/memorabilia-germany.de\/de\/wp-json\/wp\/v2\/media\/62304"}],"wp:attachment":[{"href":"https:\/\/memorabilia-germany.de\/de\/wp-json\/wp\/v2\/media?parent=62324"}],"wp:term":[{"taxonomy":"product_brand","embeddable":true,"href":"https:\/\/memorabilia-germany.de\/de\/wp-json\/wp\/v2\/product_brand?post=62324"},{"taxonomy":"product_cat","embeddable":true,"href":"https:\/\/memorabilia-germany.de\/de\/wp-json\/wp\/v2\/product_cat?post=62324"},{"taxonomy":"product_tag","embeddable":true,"href":"https:\/\/memorabilia-germany.de\/de\/wp-json\/wp\/v2\/product_tag?post=62324"}],"curies":[{"name":"wp","href":"https:\/\/api.w.org\/{rel}","templated":true}]}}