{"id":62289,"date":"2025-07-29T16:46:54","date_gmt":"2025-07-29T14:46:54","guid":{"rendered":"https:\/\/memorabilia-germany.de\/?post_type=product&#038;p=62289"},"modified":"2025-09-01T14:54:34","modified_gmt":"2025-09-01T12:54:34","slug":"pieces-x-keepsake-collection-hobby-box","status":"publish","type":"product","link":"https:\/\/memorabilia-germany.de\/de\/produkt\/pieces-x-keepsake-collection-hobby-box\/","title":{"rendered":"Pieces X Keepsake Collection<\/br>(Hobby Box)"},"content":{"rendered":"<p style=\"text-align: center;\"><strong>Hier bekommt ihr eine \u00dcbersicht \u00fcber einige der ber\u00fchmten Namen dieser Serie:<\/strong><br \/>\n<strong>Sport Superstars (FIFA, NFL, NBA, MLB Boxing und andere)<\/strong><br \/>\nLionel Messi<br \/>\nPel\u00e9<br \/>\nStephen Curry<br \/>\nDan Marino<br \/>\nMagic Johnson<br \/>\nPatrick Mahomes<br \/>\n\u201cIron\u201d Mike Tyson<br \/>\nShedeur Sanders<br \/>\nLarry Bird<br \/>\nErling Haaland<br \/>\nAllen Iverson<br \/>\nFloyd Mayweather<br \/>\nSugar Ray Leonard<br \/>\nIchiro Suzuki<br \/>\nKen Griffey Jr.<\/p>\n<p style=\"text-align: center;\"><strong>Historische Pers\u00f6nlichkeiten &amp; Ber\u00fchmtheiten<\/strong><br \/>\nPythagoras<br \/>\nGeorge Washington<br \/>\nAlbert Einstein<br \/>\nLeonardo Da Vinci<br \/>\nWolfgang Amadeus Mozart<br \/>\nDonald Trump<br \/>\nEnzo Ferrari<br \/>\nVincent Van Gogh<br \/>\nQueen Elisabeth II.<br \/>\nCharles Dickens<br \/>\nSir Lancelot<br \/>\nThomas Jefferson<br \/>\nAbraham Lincoln<br \/>\nBarack Obama<br \/>\nBenjamin Franklin<br \/>\nThomas Edison<br \/>\nCharles Darwin<br \/>\nAlexander Hamilton<br \/>\nDwight D. Eisenhower<\/p>\n<p>Mehr Trading Cards findest du <strong><a href=\"https:\/\/memorabilia-germany.de\/de\/trading-cards\">hier<\/a><\/strong>.<\/p>\n","protected":false},"excerpt":{"rendered":"<p><strong>Der etablierte US Marktf\u00fchrer f\u00fcr Entertainment Trading Cards Super Break bietet in dieser Edition in einem Cross Over seiner beliebten Marken \u201eKeepsake\u201c und \u201ePieces of the Past\u201c einen spannenden Mix an Trading Cards von Sportstars, Prominenten und historischen Pers\u00f6nlichkeiten. Trading Cards von Menschen, die zu den Besten ihres Genres geh\u00f6ren und Weltruhm erlangt haben.<\/strong><\/p>\n<p><strong>Jede Hobby Box enth\u00e4lt 4 Trading Cards und garantiert 4 Hits: 1 Keepsake Relic Card und 3 Pieces Relic Cards. Mindestens jede f\u00fcnfte Box enth\u00e4lt dabei ein Keepsake Autograph!<\/strong><\/p>\n<p><strong>Das Line Up dieser Serie k\u00f6nnte spektakul\u00e4rer nicht sein. Es umfasst viele Superstars und Namen der ber\u00fchmtesten Menschen aller Zeiten. Mit dabei sind Lionel Messi, Leonardo Da Vinci, Donald Trump, Steph Curry, Albert Einstein, Larry Bird, Barack Obama und viele mehr! Factory sealed. Weitere Infos siehe unten.<\/strong><\/p>\n<ul style=\"list-style-type: square;\">\n<li>Inhalt der Box: 1 Keepsake Relic Card + 3 Pieces Relic Cards (1 of 5 Autograph Chance)<\/li>\n<li>Zustand: unge\u00f6ffnet und original in Folie verschwei\u00dft<\/li>\n<li>Thema: Sport Stars &amp; Prominente &amp; Pers\u00f6nlichkeiten der Geschichte (Sport, Politik, Kunst etc.)<\/li>\n<li>Folie: Factory sealed. Die Box ist in der original Folie des Herstellers verschwei\u00dft.<\/li>\n<li>Marke: Super Break<\/li>\n<li>Land: USA<\/li>\n<li>Autograph Chance: mindestens 1 von 5 Hobby Boxen enth\u00e4lt eine Autograph Card von Superstars wie Lionel Messi, Steph Curry, Allen Iverson oder Pel\u00e9!<\/li>\n<li>Die Serie enth\u00e4lt unglaubliche Relics: antike M\u00fcnzen, Jersey Patches, Movie Props, Designer Brands, Gemstones, Car Emblems, Watch Dials und viele mehr!<\/li>\n<li>Finde Relic Cards &amp; Autograph Cards von Sport Superstars, Prominenten und historischen Pers\u00f6nlichkeiten wie Lionel Messi, Leonardo Da Vinci, Donald Trump, Steph Curry, Albert Einstein, Larry Bird, Barack Obama, Magic Johnson, George Washington und Pythagoras.<\/li>\n<li>Diese Serie enth\u00e4lt seltene Triple Booklets, Dual + Triple + Quadruple Relics, Gold Relics, Autograph Specials, Fossil Relics, Dual Gems und vieles mehr!<\/li>\n<\/ul>\n","protected":false},"featured_media":62257,"template":"","meta":{"_acf_changed":false,"ocean_post_layout":"","ocean_both_sidebars_style":"","ocean_both_sidebars_content_width":0,"ocean_both_sidebars_sidebars_width":0,"ocean_sidebar":"0","ocean_second_sidebar":"0","ocean_disable_margins":"enable","ocean_add_body_class":"","ocean_shortcode_before_top_bar":"","ocean_shortcode_after_top_bar":"","ocean_shortcode_before_header":"","ocean_shortcode_after_header":"","ocean_has_shortcode":"","ocean_shortcode_after_title":"","ocean_shortcode_before_footer_widgets":"","ocean_shortcode_after_footer_widgets":"","ocean_shortcode_before_footer_bottom":"","ocean_shortcode_after_footer_bottom":"","ocean_display_top_bar":"default","ocean_display_header":"default","ocean_header_style":"","ocean_center_header_left_menu":"0","ocean_custom_header_template":"0","ocean_custom_logo":0,"ocean_custom_retina_logo":0,"ocean_custom_logo_max_width":0,"ocean_custom_logo_tablet_max_width":0,"ocean_custom_logo_mobile_max_width":0,"ocean_custom_logo_max_height":0,"ocean_custom_logo_tablet_max_height":0,"ocean_custom_logo_mobile_max_height":0,"ocean_header_custom_menu":"0","ocean_menu_typo_font_family":"0","ocean_menu_typo_font_subset":"","ocean_menu_typo_font_size":0,"ocean_menu_typo_font_size_tablet":0,"ocean_menu_typo_font_size_mobile":0,"ocean_menu_typo_font_size_unit":"px","ocean_menu_typo_font_weight":"","ocean_menu_typo_font_weight_tablet":"","ocean_menu_typo_font_weight_mobile":"","ocean_menu_typo_transform":"","ocean_menu_typo_transform_tablet":"","ocean_menu_typo_transform_mobile":"","ocean_menu_typo_line_height":0,"ocean_menu_typo_line_height_tablet":0,"ocean_menu_typo_line_height_mobile":0,"ocean_menu_typo_line_height_unit":"","ocean_menu_typo_spacing":0,"ocean_menu_typo_spacing_tablet":0,"ocean_menu_typo_spacing_mobile":0,"ocean_menu_typo_spacing_unit":"","ocean_menu_link_color":"","ocean_menu_link_color_hover":"","ocean_menu_link_color_active":"","ocean_menu_link_background":"","ocean_menu_link_hover_background":"","ocean_menu_link_active_background":"","ocean_menu_social_links_bg":"","ocean_menu_social_hover_links_bg":"","ocean_menu_social_links_color":"","ocean_menu_social_hover_links_color":"","ocean_disable_title":"default","ocean_disable_heading":"default","ocean_post_title":"","ocean_post_subheading":"","ocean_post_title_style":"","ocean_post_title_background_color":"","ocean_post_title_background":0,"ocean_post_title_bg_image_position":"","ocean_post_title_bg_image_attachment":"","ocean_post_title_bg_image_repeat":"","ocean_post_title_bg_image_size":"","ocean_post_title_height":0,"ocean_post_title_bg_overlay":0.5,"ocean_post_title_bg_overlay_color":"","ocean_disable_breadcrumbs":"default","ocean_breadcrumbs_color":"","ocean_breadcrumbs_separator_color":"","ocean_breadcrumbs_links_color":"","ocean_breadcrumbs_links_hover_color":"","ocean_display_footer_widgets":"default","ocean_display_footer_bottom":"default","ocean_custom_footer_template":"0","ofc_enable_fullscreen":"disable","ofc_fullscreen_speed":0,"ofc_fullscreen_nav":"enable","ofc_fullscreen_nav_pos":"right","ofc_fullscreen_nav_color":"","ofc_fullscreen_nav_tooltip_color":"","ofc_fullscreen_responsive":0},"product_brand":[],"product_cat":[4049],"product_tag":[],"class_list":{"0":"post-62289","1":"product","2":"type-product","3":"status-publish","4":"has-post-thumbnail","6":"product_cat-pieces-x-keepsake-collection-hobby-box","7":"product_shipping_class-versandklasse_a","9":"entry","10":"has-media","12":"first","13":"outofstock","14":"taxable","15":"shipping-taxable","16":"purchasable","17":"product-type-simple","18":"col","19":"span_1_of_4","20":"owp-content-center","21":"owp-thumbs-layout-horizontal","22":"owp-btn-normal","23":"owp-tabs-layout-horizontal"},"acf":[],"_links":{"self":[{"href":"https:\/\/memorabilia-germany.de\/de\/wp-json\/wp\/v2\/product\/62289","targetHints":{"allow":["GET"]}}],"collection":[{"href":"https:\/\/memorabilia-germany.de\/de\/wp-json\/wp\/v2\/product"}],"about":[{"href":"https:\/\/memorabilia-germany.de\/de\/wp-json\/wp\/v2\/types\/product"}],"version-history":[{"count":0,"href":"https:\/\/memorabilia-germany.de\/de\/wp-json\/wp\/v2\/product\/62289\/revisions"}],"wp:featuredmedia":[{"embeddable":true,"href":"https:\/\/memorabilia-germany.de\/de\/wp-json\/wp\/v2\/media\/62257"}],"wp:attachment":[{"href":"https:\/\/memorabilia-germany.de\/de\/wp-json\/wp\/v2\/media?parent=62289"}],"wp:term":[{"taxonomy":"product_brand","embeddable":true,"href":"https:\/\/memorabilia-germany.de\/de\/wp-json\/wp\/v2\/product_brand?post=62289"},{"taxonomy":"product_cat","embeddable":true,"href":"https:\/\/memorabilia-germany.de\/de\/wp-json\/wp\/v2\/product_cat?post=62289"},{"taxonomy":"product_tag","embeddable":true,"href":"https:\/\/memorabilia-germany.de\/de\/wp-json\/wp\/v2\/product_tag?post=62289"}],"curies":[{"name":"wp","href":"https:\/\/api.w.org\/{rel}","templated":true}]}}