{"id":62243,"date":"2025-07-29T15:34:01","date_gmt":"2025-07-29T13:34:01","guid":{"rendered":"https:\/\/memorabilia-germany.de\/?post_type=product&#038;p=62243"},"modified":"2026-04-02T15:01:23","modified_gmt":"2026-04-02T13:01:23","slug":"keepsake-bellissimo-edition-hobby-box","status":"publish","type":"product","link":"https:\/\/memorabilia-germany.de\/de\/produkt\/keepsake-bellissimo-edition-hobby-box\/","title":{"rendered":"Keepsake Bellissimo Edition<\/br>(Hobby Box)"},"content":{"rendered":"<p style=\"text-align: center;\"><strong>Hier bekommt ihr eine \u00dcbersicht \u00fcber einige der ber\u00fchmten Namen dieser Serie:<\/strong><br \/>\nLeonardo Da Vinci<br \/>\nPablo Picasso<br \/>\nMichelangelo<br \/>\nWolfgang Amadeus Mozart<br \/>\nDonald Trump<br \/>\nMartin Luther King<br \/>\nNapoleon Bonaparte<br \/>\nQueen Elizabeth II<br \/>\nMuhammad Ali<br \/>\nJohn F. Kennedy<br \/>\nVincent Van Gogh<br \/>\nClaude Monet<br \/>\nAlbert Einstein<br \/>\nJackie Kennedy<br \/>\nKing Arthur<br \/>\nClaude Monet<br \/>\nSalvador Dali<br \/>\nMahatma Gandhi<br \/>\nGeorge Washington<br \/>\nAl Capone<br \/>\nMickey Mantle<br \/>\nJackie Robinson<br \/>\nAbraham Lincoln<br \/>\nAndy Warhol<br \/>\nLou Gehrig<br \/>\nMarie-Antoinette (\u00d6sterreich-Lothringen)<br \/>\nHenry Ford<br \/>\nThomas Edison<br \/>\nBarack Obama<br \/>\nNikola Tesla<br \/>\nJohn Dillinger<br \/>\nGeronimo<br \/>\nCaptain Blackbeard<br \/>\nHenry Hill<br \/>\nIndira Gandhi<\/p>\n<p>Mehr Trading Cards findest du <strong><a href=\"https:\/\/memorabilia-germany.de\/de\/trading-cards\">hier<\/a><\/strong>.<\/p>\n","protected":false},"excerpt":{"rendered":"<p><strong>Bellissimo! Der etablierte US Marktf\u00fchrer f\u00fcr Entertainment Trading Cards Super Break bietet mit dieser \u201eKeepsake\u201c Edition einen Mix an aufregenden Designer Trading Cards von Pers\u00f6nlichkeiten aus Sport, Politik, Kunst, Musik und anderen Genren. Trading Cards von Menschen, die in die Geschichte der Menschheit eingegangen sind.<\/strong><\/p>\n<p><strong>Jede Hobby Box enth\u00e4lt 2 Trading Cards: eine nummerierte Relic Card und eine nummerierte Base Card. Die Karten sind immer nummeriert und maximal \u201eout of 99\u201c oder weniger \u2013 bis hin zu signierten \u201e1 of 1 Artworks\u201c! In manchen Hobby Boxen verstecken sich dar\u00fcber hinaus Redemption Voucher f\u00fcr wertvolle Canvas Prints zu Werken wie Leonardo da Vinci\u2019s Meisterwerk Mona Lisa, Edvard Munch\u2019s \u201eDer Schrei\u201c, Van Gogh\u2019s \u201eStarry Night\u201c oder Michelangelo\u2018s \u201eDie Erschaffung Adams\u201c.<\/strong><\/p>\n<p><strong>Das Line Up dieser Serie k\u00f6nnte spektakul\u00e4rer nicht sein. Es umfasst viele der gr\u00f6\u00dften Namen in der Geschichte, die keiner weiteren Vorstellung bed\u00fcrfen. Mit dabei sind historische Gr\u00f6\u00dfen wie Leonardo Da Vinci, Pablo Picasso, Albert Einstein, aber auch Muhammad Ali, Donald Trump oder Barack Obama! Factory sealed. Weitere Infos siehe unten.<\/strong><\/p>\n<ul style=\"list-style-type: square;\">\n<li>Inhalt der Box: 1 Relic Card + 1 Base Card (mind. 1 numbered Relic Card IN JEDER BOX)<\/li>\n<li>Zustand: unge\u00f6ffnet und original in Folie verschwei\u00dft<\/li>\n<li>Thema: Die gr\u00f6\u00dften Pers\u00f6nlichkeiten der Geschichte der Menschheit (Sport, Politik, Kunst etc.)<\/li>\n<li>Folie: Factory sealed. Die Box ist in der original Folie des Herstellers verschwei\u00dft.<\/li>\n<li>Marke: Super Break<\/li>\n<li>Land: USA<\/li>\n<li>Die Serie enth\u00e4lt Redemption Vouchers f\u00fcr wertvolle limitierte Leinwand-Prints (Canvas Prints) zu Ehren von Leonardo da Vinci\u2019s Meisterwerk Mona Lisa, Edvard Munch\u2019s \u201eDer Schrei\u201c, Van Gogh\u2019s \u201eStarry Night\u201c, Johannes Vermeer\u2019s \u201eDas M\u00e4dchen mit dem Perlenohrring\u201c oder Michelangelos \u201eDie Erschaffung Adams\u201c aus der Sixtinischen Kapelle im Vatikan!<\/li>\n<li>Finde Relic Cards &amp; Autograph Artworks von modernen und historischen Pers\u00f6nlichkeiten wie Leonardo Da Vinci, Pablo Picasso, Albert Einstein, aber auch Muhammad Ali, Donald Trump oder Barack Obama.<\/li>\n<li>Diese Serie enth\u00e4lt seltene Dual + Triple + Quadruple Relics, Jumbo Relic 1 of 1s, Autograph Specials, Canvas Specials, Signed Artworks und vieles mehr!<\/li>\n<\/ul>\n","protected":false},"featured_media":62207,"template":"","meta":{"_acf_changed":false,"ocean_post_layout":"","ocean_both_sidebars_style":"","ocean_both_sidebars_content_width":0,"ocean_both_sidebars_sidebars_width":0,"ocean_sidebar":"0","ocean_second_sidebar":"0","ocean_disable_margins":"enable","ocean_add_body_class":"","ocean_shortcode_before_top_bar":"","ocean_shortcode_after_top_bar":"","ocean_shortcode_before_header":"","ocean_shortcode_after_header":"","ocean_has_shortcode":"","ocean_shortcode_after_title":"","ocean_shortcode_before_footer_widgets":"","ocean_shortcode_after_footer_widgets":"","ocean_shortcode_before_footer_bottom":"","ocean_shortcode_after_footer_bottom":"","ocean_display_top_bar":"default","ocean_display_header":"default","ocean_header_style":"","ocean_center_header_left_menu":"0","ocean_custom_header_template":"0","ocean_custom_logo":0,"ocean_custom_retina_logo":0,"ocean_custom_logo_max_width":0,"ocean_custom_logo_tablet_max_width":0,"ocean_custom_logo_mobile_max_width":0,"ocean_custom_logo_max_height":0,"ocean_custom_logo_tablet_max_height":0,"ocean_custom_logo_mobile_max_height":0,"ocean_header_custom_menu":"0","ocean_menu_typo_font_family":"0","ocean_menu_typo_font_subset":"","ocean_menu_typo_font_size":0,"ocean_menu_typo_font_size_tablet":0,"ocean_menu_typo_font_size_mobile":0,"ocean_menu_typo_font_size_unit":"px","ocean_menu_typo_font_weight":"","ocean_menu_typo_font_weight_tablet":"","ocean_menu_typo_font_weight_mobile":"","ocean_menu_typo_transform":"","ocean_menu_typo_transform_tablet":"","ocean_menu_typo_transform_mobile":"","ocean_menu_typo_line_height":0,"ocean_menu_typo_line_height_tablet":0,"ocean_menu_typo_line_height_mobile":0,"ocean_menu_typo_line_height_unit":"","ocean_menu_typo_spacing":0,"ocean_menu_typo_spacing_tablet":0,"ocean_menu_typo_spacing_mobile":0,"ocean_menu_typo_spacing_unit":"","ocean_menu_link_color":"","ocean_menu_link_color_hover":"","ocean_menu_link_color_active":"","ocean_menu_link_background":"","ocean_menu_link_hover_background":"","ocean_menu_link_active_background":"","ocean_menu_social_links_bg":"","ocean_menu_social_hover_links_bg":"","ocean_menu_social_links_color":"","ocean_menu_social_hover_links_color":"","ocean_disable_title":"default","ocean_disable_heading":"default","ocean_post_title":"","ocean_post_subheading":"","ocean_post_title_style":"","ocean_post_title_background_color":"","ocean_post_title_background":0,"ocean_post_title_bg_image_position":"","ocean_post_title_bg_image_attachment":"","ocean_post_title_bg_image_repeat":"","ocean_post_title_bg_image_size":"","ocean_post_title_height":0,"ocean_post_title_bg_overlay":0.5,"ocean_post_title_bg_overlay_color":"","ocean_disable_breadcrumbs":"default","ocean_breadcrumbs_color":"","ocean_breadcrumbs_separator_color":"","ocean_breadcrumbs_links_color":"","ocean_breadcrumbs_links_hover_color":"","ocean_display_footer_widgets":"default","ocean_display_footer_bottom":"default","ocean_custom_footer_template":"0","ofc_enable_fullscreen":"disable","ofc_fullscreen_speed":0,"ofc_fullscreen_nav":"enable","ofc_fullscreen_nav_pos":"right","ofc_fullscreen_nav_color":"","ofc_fullscreen_nav_tooltip_color":"","ofc_fullscreen_responsive":0},"product_brand":[],"product_cat":[4045],"product_tag":[],"class_list":{"0":"post-62243","1":"product","2":"type-product","3":"status-publish","4":"has-post-thumbnail","6":"product_cat-keepsake-bellissimo-edition-hobby-box","7":"product_shipping_class-versandklasse_a","9":"entry","10":"has-media","12":"first","13":"instock","14":"taxable","15":"shipping-taxable","16":"purchasable","17":"product-type-simple","18":"col","19":"span_1_of_4","20":"owp-content-center","21":"owp-thumbs-layout-horizontal","22":"owp-btn-normal","23":"owp-tabs-layout-horizontal"},"acf":[],"_links":{"self":[{"href":"https:\/\/memorabilia-germany.de\/de\/wp-json\/wp\/v2\/product\/62243","targetHints":{"allow":["GET"]}}],"collection":[{"href":"https:\/\/memorabilia-germany.de\/de\/wp-json\/wp\/v2\/product"}],"about":[{"href":"https:\/\/memorabilia-germany.de\/de\/wp-json\/wp\/v2\/types\/product"}],"version-history":[{"count":0,"href":"https:\/\/memorabilia-germany.de\/de\/wp-json\/wp\/v2\/product\/62243\/revisions"}],"wp:featuredmedia":[{"embeddable":true,"href":"https:\/\/memorabilia-germany.de\/de\/wp-json\/wp\/v2\/media\/62207"}],"wp:attachment":[{"href":"https:\/\/memorabilia-germany.de\/de\/wp-json\/wp\/v2\/media?parent=62243"}],"wp:term":[{"taxonomy":"product_brand","embeddable":true,"href":"https:\/\/memorabilia-germany.de\/de\/wp-json\/wp\/v2\/product_brand?post=62243"},{"taxonomy":"product_cat","embeddable":true,"href":"https:\/\/memorabilia-germany.de\/de\/wp-json\/wp\/v2\/product_cat?post=62243"},{"taxonomy":"product_tag","embeddable":true,"href":"https:\/\/memorabilia-germany.de\/de\/wp-json\/wp\/v2\/product_tag?post=62243"}],"curies":[{"name":"wp","href":"https:\/\/api.w.org\/{rel}","templated":true}]}}