{"id":62127,"date":"2025-07-28T17:02:14","date_gmt":"2025-07-28T15:02:14","guid":{"rendered":"https:\/\/memorabilia-germany.de\/?post_type=product&#038;p=62127"},"modified":"2025-11-12T13:25:21","modified_gmt":"2025-11-12T12:25:21","slug":"pieces-of-the-past-1700s-edition-hobby-box","status":"publish","type":"product","link":"https:\/\/memorabilia-germany.de\/de\/produkt\/pieces-of-the-past-1700s-edition-hobby-box\/","title":{"rendered":"Pieces of the Past<\/br>(1700s Edition Hobby Box)"},"content":{"rendered":"<p style=\"text-align: center;\"><strong>Hier bekommt ihr eine \u00dcbersicht \u00fcber einige der ber\u00fchmten Namen dieser Serie:<\/strong><br \/>\nGeorge Washington<br \/>\nLudwig van Beethoven<br \/>\nWolfgang Amadeus Mozart<br \/>\nNapol\u00e9on Bonaparte<br \/>\nBenjamin Franklin<br \/>\nJohann Sebastian Bach<br \/>\nIsaac Newton<br \/>\nLudwig XIV<br \/>\nThomas Jefferson<br \/>\nKing George II<br \/>\nSamuel Adams<br \/>\nKatharina die Gro\u00dfe<br \/>\nJoseph Haydn<br \/>\nAlexander Hamilton<br \/>\nMarie-Antoinette (\u00d6sterreich-Lothringen)<br \/>\nMaria Theresia (Habsburg)<br \/>\nCasanova<br \/>\nMeriwether Lewis &amp; William Clark<br \/>\nKaiser Joseph II (Habsburg-Lothringen)<br \/>\nVoltaire<br \/>\nJames Monroe<br \/>\nJethro Tull<br \/>\nJane Austen<br \/>\nHoratio Nelson<br \/>\nBlackbeard<br \/>\nGeorg Friedrich H\u00e4ndel<br \/>\nPirate Captain William Kidd<br \/>\nJames Madison<br \/>\nBetsy Ross<br \/>\nTecumseh (Shawnee Indianer)<br \/>\nCrispus Attucks<br \/>\nGeorges-Louis Leclerc de Buffon<br \/>\nGiovanni da Verrazzano<br \/>\nEli Whitney<br \/>\nDeborah Sampson<br \/>\nJohn Hancock<br \/>\nAntoine Laurent de Lavoisier<br \/>\nJohn Adams<br \/>\nKing Shaka of the Zulu Kingdom<br \/>\nAaron Burr<br \/>\nBartolomeo Cristofori<\/p>\n<p>Mehr Trading Cards findest du <strong><a href=\"https:\/\/memorabilia-germany.de\/de\/trading-cards\">hier<\/a><\/strong>.<\/p>\n","protected":false},"excerpt":{"rendered":"<p><strong>Pieces of the Past Hobby Box aus der \u201e1700s Edition\u201d von Super Break. Super Break bzw. die Super Products Inc. ist eines der marktf\u00fchrenden US Unternehmen f\u00fcr Relic &amp; Autograph Trading Cards von historisch relevanten Pers\u00f6nlichkeiten und ber\u00fchmten Stars aus dem Entertainment Bereich.<\/strong><\/p>\n<p><strong>Jede Hobby Box enth\u00e4lt 4 Packs, jedes Pack enth\u00e4lt mindestens 1 Relic Card. 4 Relic Cards der gr\u00f6\u00dften historischen Pers\u00f6nlichkeiten des 17. &amp; 18. Jahrhunderts sind also garantiert! Dar\u00fcber hinaus enth\u00e4lt die Serie Cut Autographs, Cracked Ice Foils 1 of 1s, Quadruple Relics, Jumbo Relics, Gold Mirror Parallels und vieles mehr.<\/strong><\/p>\n<p><strong>Das Line Up dieser Serie umfasst viele der gr\u00f6\u00dften Namen in der Geschichte, die keiner weiteren Vorstellung bed\u00fcrfen. Mit dabei sind historische Gr\u00f6\u00dfen wie Ludwig van Beethoven, King George II, George Washington, Napoleon Bonaparte, Katharina die Gro\u00dfe, Ludwig XIV, Casanova oder Johann Sebastian Bach. Factory sealed. Weitere Infos siehe unten.<\/strong><\/p>\n<ul style=\"list-style-type: square;\">\n<li>Inhalt der Box: 4 Packs mit jeweils 4 Trading Cards (mind. 4 Relic Cards IN JEDER BOX)<\/li>\n<li>Zustand: unge\u00f6ffnet und original in Folie verschwei\u00dft<\/li>\n<li>Thema: Historische Pers\u00f6nlichkeiten des 17. und 18. Jahrhunderts<\/li>\n<li>Folie: Factory sealed. Die Box ist in der original Folie des Herstellers verschwei\u00dft.<\/li>\n<li>Erscheinungsdatum: ca. Januar 2025<\/li>\n<li>Marke: Super Break<\/li>\n<li>Land: USA<\/li>\n<li>Finde 1700s Edition Silver Mirror Boxes, die Kaleidoscope Mirror Cards beinhalten!<\/li>\n<li>Die Serie beinhaltet nummerierte Historic Pop Art Inserts und \u201eOvalocity\u201c Super Cuts<\/li>\n<li>Finde Relic Cards &amp; Cut Autographs von historischen Pers\u00f6nlichkeiten wie Ludwig van Beethoven, King George II, George Washington, Napoleon Bonaparte, Katharina die Gro\u00dfe, Ludwig XIV, Casanova oder Johann Sebastian Bach.<\/li>\n<li>Diese Serie enth\u00e4lt seltene Dual + Triple + Quadruple Relics, Cracked Ice Foils 1 of 1s, Autograph Specials, Gold Mirror Parallels, Limited Gold Rainbow Basics, Silver Mirror Rainbow Relics und vieles mehr!<\/li>\n<\/ul>\n","protected":false},"featured_media":62136,"template":"","meta":{"_acf_changed":false,"ocean_post_layout":"","ocean_both_sidebars_style":"","ocean_both_sidebars_content_width":0,"ocean_both_sidebars_sidebars_width":0,"ocean_sidebar":"0","ocean_second_sidebar":"0","ocean_disable_margins":"enable","ocean_add_body_class":"","ocean_shortcode_before_top_bar":"","ocean_shortcode_after_top_bar":"","ocean_shortcode_before_header":"","ocean_shortcode_after_header":"","ocean_has_shortcode":"","ocean_shortcode_after_title":"","ocean_shortcode_before_footer_widgets":"","ocean_shortcode_after_footer_widgets":"","ocean_shortcode_before_footer_bottom":"","ocean_shortcode_after_footer_bottom":"","ocean_display_top_bar":"default","ocean_display_header":"default","ocean_header_style":"","ocean_center_header_left_menu":"0","ocean_custom_header_template":"0","ocean_custom_logo":0,"ocean_custom_retina_logo":0,"ocean_custom_logo_max_width":0,"ocean_custom_logo_tablet_max_width":0,"ocean_custom_logo_mobile_max_width":0,"ocean_custom_logo_max_height":0,"ocean_custom_logo_tablet_max_height":0,"ocean_custom_logo_mobile_max_height":0,"ocean_header_custom_menu":"0","ocean_menu_typo_font_family":"0","ocean_menu_typo_font_subset":"","ocean_menu_typo_font_size":0,"ocean_menu_typo_font_size_tablet":0,"ocean_menu_typo_font_size_mobile":0,"ocean_menu_typo_font_size_unit":"px","ocean_menu_typo_font_weight":"","ocean_menu_typo_font_weight_tablet":"","ocean_menu_typo_font_weight_mobile":"","ocean_menu_typo_transform":"","ocean_menu_typo_transform_tablet":"","ocean_menu_typo_transform_mobile":"","ocean_menu_typo_line_height":0,"ocean_menu_typo_line_height_tablet":0,"ocean_menu_typo_line_height_mobile":0,"ocean_menu_typo_line_height_unit":"","ocean_menu_typo_spacing":0,"ocean_menu_typo_spacing_tablet":0,"ocean_menu_typo_spacing_mobile":0,"ocean_menu_typo_spacing_unit":"","ocean_menu_link_color":"","ocean_menu_link_color_hover":"","ocean_menu_link_color_active":"","ocean_menu_link_background":"","ocean_menu_link_hover_background":"","ocean_menu_link_active_background":"","ocean_menu_social_links_bg":"","ocean_menu_social_hover_links_bg":"","ocean_menu_social_links_color":"","ocean_menu_social_hover_links_color":"","ocean_disable_title":"default","ocean_disable_heading":"default","ocean_post_title":"","ocean_post_subheading":"","ocean_post_title_style":"","ocean_post_title_background_color":"","ocean_post_title_background":0,"ocean_post_title_bg_image_position":"","ocean_post_title_bg_image_attachment":"","ocean_post_title_bg_image_repeat":"","ocean_post_title_bg_image_size":"","ocean_post_title_height":0,"ocean_post_title_bg_overlay":0.5,"ocean_post_title_bg_overlay_color":"","ocean_disable_breadcrumbs":"default","ocean_breadcrumbs_color":"","ocean_breadcrumbs_separator_color":"","ocean_breadcrumbs_links_color":"","ocean_breadcrumbs_links_hover_color":"","ocean_display_footer_widgets":"default","ocean_display_footer_bottom":"default","ocean_custom_footer_template":"0","ofc_enable_fullscreen":"disable","ofc_fullscreen_speed":0,"ofc_fullscreen_nav":"enable","ofc_fullscreen_nav_pos":"right","ofc_fullscreen_nav_color":"","ofc_fullscreen_nav_tooltip_color":"","ofc_fullscreen_responsive":0},"product_brand":[],"product_cat":[37],"product_tag":[],"class_list":{"0":"post-62127","1":"product","2":"type-product","3":"status-publish","4":"has-post-thumbnail","6":"product_cat-unkategorisiert","7":"product_shipping_class-versandklasse_a","9":"entry","10":"has-media","12":"first","13":"outofstock","14":"taxable","15":"shipping-taxable","16":"purchasable","17":"product-type-simple","18":"col","19":"span_1_of_4","20":"owp-content-center","21":"owp-thumbs-layout-horizontal","22":"owp-btn-normal","23":"owp-tabs-layout-horizontal"},"acf":[],"_links":{"self":[{"href":"https:\/\/memorabilia-germany.de\/de\/wp-json\/wp\/v2\/product\/62127","targetHints":{"allow":["GET"]}}],"collection":[{"href":"https:\/\/memorabilia-germany.de\/de\/wp-json\/wp\/v2\/product"}],"about":[{"href":"https:\/\/memorabilia-germany.de\/de\/wp-json\/wp\/v2\/types\/product"}],"version-history":[{"count":0,"href":"https:\/\/memorabilia-germany.de\/de\/wp-json\/wp\/v2\/product\/62127\/revisions"}],"wp:featuredmedia":[{"embeddable":true,"href":"https:\/\/memorabilia-germany.de\/de\/wp-json\/wp\/v2\/media\/62136"}],"wp:attachment":[{"href":"https:\/\/memorabilia-germany.de\/de\/wp-json\/wp\/v2\/media?parent=62127"}],"wp:term":[{"taxonomy":"product_brand","embeddable":true,"href":"https:\/\/memorabilia-germany.de\/de\/wp-json\/wp\/v2\/product_brand?post=62127"},{"taxonomy":"product_cat","embeddable":true,"href":"https:\/\/memorabilia-germany.de\/de\/wp-json\/wp\/v2\/product_cat?post=62127"},{"taxonomy":"product_tag","embeddable":true,"href":"https:\/\/memorabilia-germany.de\/de\/wp-json\/wp\/v2\/product_tag?post=62127"}],"curies":[{"name":"wp","href":"https:\/\/api.w.org\/{rel}","templated":true}]}}