{"id":61270,"date":"2025-06-14T15:34:21","date_gmt":"2025-06-14T13:34:21","guid":{"rendered":"https:\/\/memorabilia-germany.de\/?post_type=product&#038;p=61270"},"modified":"2026-04-23T15:47:59","modified_gmt":"2026-04-23T13:47:59","slug":"kobe-bryant-basketball-showcase-los-angeles-lakers-signierter-basketball-rookie-honor-edition","status":"publish","type":"product","link":"https:\/\/memorabilia-germany.de\/de\/produkt\/kobe-bryant-basketball-showcase-los-angeles-lakers-signierter-basketball-rookie-honor-edition\/","title":{"rendered":"KOBE BRYANT<\/br>Basketball Showcase (Los Angeles Lakers)<\/br>signierter Basketball, Rookie Honor Edition"},"content":{"rendered":"","protected":false},"excerpt":{"rendered":"<p><strong>Basketball Showcase aus Sicherheitsglas. Signierter und limitierter Basketball mit NBA Logo und Kobe Rookie Honor Panel von Spalding im Case. Autogramm von NBA Legende Kobe Bryant auf dem Basketball. Seltener Zertifikatsstatus \u2013 Kobe Bryant signierte den Ball im Jahr 2001 bereits vor den Augen eines Experten des Authentication Marktf\u00fchrers PSA\/DNA, was f\u00fcr die damalige Zeit als ausgesrochen selten galt. Alle NBA Autogramme sind authentifiziert und verf\u00fcgen \u00fcber eine Seriennummer.<\/strong><br \/>\n<strong>Preisinformation: Kobe Bryant Memorabilia gelten in Fachkreisen nicht nur als Highlight jeder Collection, sondern viel mehr als finanzielles Investment. Hintergrund ist der sehr hohe Marktwert der signierten St\u00fccke, der im Zusammenhang mit dem tragischen Schicksal des Superstars steht. Bei einem Helikopterabsturz kam Kobe Bryant im Jahr 2020 zusammen mit seiner Tochter Gianna sowie sieben weiteren Passagieren im kalifornischen Calabasas ums Leben. Der NBA All-Star MVP Award wurde zu seinen Ehren umbenannt. Der hier angesetzte Preis wurde sorgf\u00e4ltig kalkuliert und setzt sich aus verschiedenen Faktoren zusammen, wobei Ballmodell, Signaturqualit\u00e4t, Authentifizierung und der Fakt einer bereits vollst\u00e4ndigen Verzollung in die EU eine Rolle gespielt haben. Weitere Infos siehe unten.<\/strong><\/p>\n<ul style=\"list-style-type: square;\">\n<li>Marke des Basketballs: Spalding<\/li>\n<li>Team: Los Angeles Lakers<\/li>\n<li>Modell: Official NBA Game Ball, 1996 Rookie Honor Limited Edition Basketball, Full Size<\/li>\n<li>Autogramm: Kobe Bryant, schwarzer Farbstift<\/li>\n<li>Platzierung der Signatur: vollfl\u00e4chig und mittig \u00fcber das Front-Panel des Balls (\u00fcber dem Spalding Logo)<\/li>\n<li>Authentifizierung: PSA\/DNA (mit Seriennummer)<\/li>\n<li>Datum der Signatur: 22.06.2001 in Streamwood, Illinois, USA<\/li>\n<li>Dokumente: Sicherheitshologramm von PSA\/DNA auf dem Basketball (Digital Certificate of Authenticity only)<\/li>\n<li>Zertifikatsstatus: In-the-presence (signiert in der Anwesenheit eines PSA\/DNA Experten)<\/li>\n<li>Gr\u00f6\u00dfe Showcase: circa 28 x 27,5 x 31 cm<\/li>\n<li>Trading Card &amp; Ball-Halterung enthalten<\/li>\n<li>Besonderheit des Balls: es handelt sich hier aus verschiedenen Gr\u00fcnden um ein seltenes Ball-Exemplar. Ein Grund ist, dass der Ball den 2020 verstorbenen David J. Stern als NBA Commissioner unter dem NBA Logo ausweist. Stern war von 1984 bis 2014 NBA Commissioner und gilt als Vater der modernen NBA. Er wurde 2014 in die Basketball Hall of Fame aufgenommen. Ein weiterer Grund ist, dass es sich um ein limitiertes Ball-Modell handelt, das Kobe\u2019s NBA Draft Selection ehrt. Der Ball verf\u00fcgt \u00fcber ein seltenes Panel, das die Rookie Season von 1996-97 ausweist. Dar\u00fcber hinaus zeigt das Panel die ber\u00fchmte Spielernummer 8 sowie Kobe\u2019s Darft Selection von 1996: 1st Round, 13th Overall, LA Lakers (via Charlotte).<\/li>\n<li>Der Basketball kommt mit einem Basketball Showcase zu Ausstellungszwecken; das Showcase ist von massiver und robuster Qualit\u00e4t. Das Glas ist aus Acryl, der Boden und die R\u00fcckwand sind schwarz gehalten, um den Basketball ideal zur Geltung zu bringen. Das Showcase ist wertig verschraubt und schlie\u00dft komplett. Der Ballhalter ist ebenfalls von massiver Qualit\u00e4t. Das Name Plate an der Vorderseite ist aus Aluminium.<\/li>\n<li>Jeder signierte Basketball wird von einem der marktf\u00fchrenden US Authenticator verifiziert und kommt mit seriennummerierten Sicherheitsmerkmalen, die die Echtheit des Autogramms best\u00e4tigen (Certificate of Authenticity und\/oder Sicherheitshologramm). Authenticator von NBA Autogrammen sind bei <strong><a href=\"https:\/\/memorabilia-germany.de\/de\/wir-memorabilia-germany\/\">Memorabilia Germany<\/a><\/strong> ausschlie\u00dflich: <strong><a href=\"https:\/\/memorabilia-germany.de\/de\/signatur-authentifizierung\/#signatur-authentifizierung-beckett\">Beckett<\/a><\/strong>, <strong><a href=\"https:\/\/memorabilia-germany.de\/de\/signatur-authentifizierung\/#signatur-authentifizierung-james-spence\">James Spence Authentication<\/a><\/strong>, <strong><a href=\"https:\/\/memorabilia-germany.de\/de\/signatur-authentifizierung\/#signatur-authentifizierung-psa-dna\">PSA\/DNA<\/a><\/strong> oder <strong><a href=\"https:\/\/memorabilia-germany.de\/de\/signatur-authentifizierung\/#signatur-authentifizierung-fanatics\">Fanatics<\/a><\/strong>. Mehr Infos zum wichtigen Thema Authentifizierung findet ihr <strong><a href=\"https:\/\/memorabilia-germany.de\/de\/signatur-authentifizierung\/\">hier<\/a><\/strong>.<\/li>\n<\/ul>\n<p>Mehr Basketball Showcases findest du <strong><a href=\"https:\/\/memorabilia-germany.de\/de\/produkt-kategorie\/basketball-memorabilia\/basketball-showcase\/\">hier<\/a><\/strong>.<\/p>\n","protected":false},"featured_media":61218,"template":"","meta":{"_acf_changed":false,"ocean_post_layout":"","ocean_both_sidebars_style":"","ocean_both_sidebars_content_width":0,"ocean_both_sidebars_sidebars_width":0,"ocean_sidebar":"0","ocean_second_sidebar":"0","ocean_disable_margins":"enable","ocean_add_body_class":"","ocean_shortcode_before_top_bar":"","ocean_shortcode_after_top_bar":"","ocean_shortcode_before_header":"","ocean_shortcode_after_header":"","ocean_has_shortcode":"","ocean_shortcode_after_title":"","ocean_shortcode_before_footer_widgets":"","ocean_shortcode_after_footer_widgets":"","ocean_shortcode_before_footer_bottom":"","ocean_shortcode_after_footer_bottom":"","ocean_display_top_bar":"default","ocean_display_header":"default","ocean_header_style":"","ocean_center_header_left_menu":"0","ocean_custom_header_template":"0","ocean_custom_logo":0,"ocean_custom_retina_logo":0,"ocean_custom_logo_max_width":0,"ocean_custom_logo_tablet_max_width":0,"ocean_custom_logo_mobile_max_width":0,"ocean_custom_logo_max_height":0,"ocean_custom_logo_tablet_max_height":0,"ocean_custom_logo_mobile_max_height":0,"ocean_header_custom_menu":"0","ocean_menu_typo_font_family":"0","ocean_menu_typo_font_subset":"","ocean_menu_typo_font_size":0,"ocean_menu_typo_font_size_tablet":0,"ocean_menu_typo_font_size_mobile":0,"ocean_menu_typo_font_size_unit":"px","ocean_menu_typo_font_weight":"","ocean_menu_typo_font_weight_tablet":"","ocean_menu_typo_font_weight_mobile":"","ocean_menu_typo_transform":"","ocean_menu_typo_transform_tablet":"","ocean_menu_typo_transform_mobile":"","ocean_menu_typo_line_height":0,"ocean_menu_typo_line_height_tablet":0,"ocean_menu_typo_line_height_mobile":0,"ocean_menu_typo_line_height_unit":"","ocean_menu_typo_spacing":0,"ocean_menu_typo_spacing_tablet":0,"ocean_menu_typo_spacing_mobile":0,"ocean_menu_typo_spacing_unit":"","ocean_menu_link_color":"","ocean_menu_link_color_hover":"","ocean_menu_link_color_active":"","ocean_menu_link_background":"","ocean_menu_link_hover_background":"","ocean_menu_link_active_background":"","ocean_menu_social_links_bg":"","ocean_menu_social_hover_links_bg":"","ocean_menu_social_links_color":"","ocean_menu_social_hover_links_color":"","ocean_disable_title":"default","ocean_disable_heading":"default","ocean_post_title":"","ocean_post_subheading":"","ocean_post_title_style":"","ocean_post_title_background_color":"","ocean_post_title_background":0,"ocean_post_title_bg_image_position":"","ocean_post_title_bg_image_attachment":"","ocean_post_title_bg_image_repeat":"","ocean_post_title_bg_image_size":"","ocean_post_title_height":0,"ocean_post_title_bg_overlay":0.5,"ocean_post_title_bg_overlay_color":"","ocean_disable_breadcrumbs":"default","ocean_breadcrumbs_color":"","ocean_breadcrumbs_separator_color":"","ocean_breadcrumbs_links_color":"","ocean_breadcrumbs_links_hover_color":"","ocean_display_footer_widgets":"default","ocean_display_footer_bottom":"default","ocean_custom_footer_template":"0","ofc_enable_fullscreen":"disable","ofc_fullscreen_speed":0,"ofc_fullscreen_nav":"enable","ofc_fullscreen_nav_pos":"right","ofc_fullscreen_nav_color":"","ofc_fullscreen_nav_tooltip_color":"","ofc_fullscreen_responsive":0},"product_brand":[],"product_cat":[4015],"product_tag":[],"class_list":{"0":"post-61270","1":"product","2":"type-product","3":"status-publish","4":"has-post-thumbnail","6":"product_cat-kobe-bryant-basketball-showcase-los-angeles-lakers-signierter-basketball-rookie-honor-edition","7":"product_shipping_class-versandklasse_a","9":"entry","10":"has-media","12":"first","13":"instock","14":"taxable","15":"shipping-taxable","16":"purchasable","17":"product-type-simple","18":"col","19":"span_1_of_4","20":"owp-content-center","21":"owp-thumbs-layout-horizontal","22":"owp-btn-normal","23":"owp-tabs-layout-horizontal"},"acf":[],"_links":{"self":[{"href":"https:\/\/memorabilia-germany.de\/de\/wp-json\/wp\/v2\/product\/61270","targetHints":{"allow":["GET"]}}],"collection":[{"href":"https:\/\/memorabilia-germany.de\/de\/wp-json\/wp\/v2\/product"}],"about":[{"href":"https:\/\/memorabilia-germany.de\/de\/wp-json\/wp\/v2\/types\/product"}],"version-history":[{"count":0,"href":"https:\/\/memorabilia-germany.de\/de\/wp-json\/wp\/v2\/product\/61270\/revisions"}],"wp:featuredmedia":[{"embeddable":true,"href":"https:\/\/memorabilia-germany.de\/de\/wp-json\/wp\/v2\/media\/61218"}],"wp:attachment":[{"href":"https:\/\/memorabilia-germany.de\/de\/wp-json\/wp\/v2\/media?parent=61270"}],"wp:term":[{"taxonomy":"product_brand","embeddable":true,"href":"https:\/\/memorabilia-germany.de\/de\/wp-json\/wp\/v2\/product_brand?post=61270"},{"taxonomy":"product_cat","embeddable":true,"href":"https:\/\/memorabilia-germany.de\/de\/wp-json\/wp\/v2\/product_cat?post=61270"},{"taxonomy":"product_tag","embeddable":true,"href":"https:\/\/memorabilia-germany.de\/de\/wp-json\/wp\/v2\/product_tag?post=61270"}],"curies":[{"name":"wp","href":"https:\/\/api.w.org\/{rel}","templated":true}]}}