{"id":61145,"date":"2025-06-11T18:20:39","date_gmt":"2025-06-11T16:20:39","guid":{"rendered":"https:\/\/memorabilia-germany.de\/?post_type=product&#038;p=61145"},"modified":"2025-06-11T18:27:55","modified_gmt":"2025-06-11T16:27:55","slug":"2014-topps-chrome-nfl-trading-cards","status":"publish","type":"product","link":"https:\/\/memorabilia-germany.de\/de\/produkt\/2014-topps-chrome-nfl-trading-cards\/","title":{"rendered":"2014 topps Chrome NFL Trading Cards"},"content":{"rendered":"","protected":false},"excerpt":{"rendered":"<p><strong>Versiegelte topps Chrome NFL Trading Card Box von 2014 mit einer Chance auf Rookie Autographs der Rookie Class sp\u00e4terer NFL Legenden wie Odell Beckham, Jr., Mike Evans, Aaron Donald oder Davante Adams.<\/strong><\/p>\n<p><strong>Warum laufen die den Ball nicht? Genau dieser Gedanke kam so ziemlich jedem Seahawks Fan in den Sinn, als die NFL Season von 2014 quasi in letzter Sekunde im Super Bowl XLIX entschieden wurde. Seattle stand an der 1 Yard Line mit der Chance den Super Bowl mit einem Tochdown ziemlich sicher zu gewinnen. Running Back Marshawn Lynch stand bereit und die Seahawks\u2026passen den Ball und werden von Patriots Corner Malcolm Butler intercepted. Die Saison ist sofort Geschichte \u2013 die Pats gewinnen und der Play Call gilt als schlechtester Call der NFL aller Zeiten!<\/strong><\/p>\n<p><strong>Die eigentliche Saison verlief gewohnt spektakul\u00e4r. Aaron Rodgers, Big Ben Roethlisberger, Tom Brady, Peyton Manning, Michael Vick, Drew Brees. Die Liga war vollgestopft mit legend\u00e4ren Quarterbacks. Und mit Rookies wie Jadeveon Clowney, Khalil Mack, Mike Evans, Derek Carr, Davante Adams oder Odell Beckham Jr. wurde eine ungew\u00f6hnlich starke Draft Class in die Liga aufgenommen. Weitere Infos siehe unten.<\/strong><\/p>\n<ul style=\"list-style-type: square;\">\n<li>Kategorie: Hobby Box<\/li>\n<li>Inhalt der Box: 24 P\u00e4ckchen, 4 Karten pro P\u00e4ckchen<\/li>\n<li>Zustand: unge\u00f6ffnet und original in Folie verschwei\u00dft<\/li>\n<li>Folie: Factory sealed. Die Box ist in der original Folie des Herstellers verschwei\u00dft.<\/li>\n<li>Erscheinungsjahr: 2014<\/li>\n<li>Marke: topps Chrome<\/li>\n<li>Land: USA<\/li>\n<li>Finde originale Karten der NFL Legenden aus dem Jahr 2014 wie Tom Brady, Aaron Rodgers, Drew Brees, J.J. Watt, Rob Gronkowski oder Tony Romo.<\/li>\n<li>Jede Hobby Box enth\u00e4lt mindestens 1 Die-Cut Chrome Rookie Card!<\/li>\n<li>Autographs, Limited Inserts, Patch Cards Highlights &amp; Hobby Exclusives:\n<ul style=\"list-style-type: circle;\">\n<li>Rookie Autograph Patch Cards + Dual &amp; Triple Rookie Autographs<\/li>\n<li>1963 Topps Throwback Football SuperFractors<\/li>\n<li>1965 Topps Throwback Football SuperFractors<\/li>\n<li>1985 Topps Throwback Football Refractor Autographs<\/li>\n<li>Fantasy Focus Superfractors<\/li>\n<li>Chrome Rookie Die-Cut Refractor Autographs<\/li>\n<li>1,000 Yard Club &amp; 4,000 Yard Club Red Refractor Numbered Autographs<\/li>\n<li>Hobby Exclusive 4,000 Yard Club SuperFractor 1 of 1\u2019s<\/li>\n<\/ul>\n<\/li>\n<li>Die Serie ist zudem vollgestopft mit weiteren Parallels und Variation Cards. Rookie und Veteran Variations, Hobby Exclusive Sepia-Tone Refractors, Blue Waves oder BCA Bordered Parallels, um nur einige zu nennen.<\/li>\n<li>Finde Rookie Cards der NFL Draft Class von 2014, die als eine der st\u00e4rksten Jahrg\u00e4nge aller Zeiten gilt. Spieler wie Odell Beckham Jr, Davante Adams, Derek Carr, Khalil Mack, Aaron Donalds, Mike Evans oder Jadeveon Clowney kamen in die Liga.<\/li>\n<li>Background Infos 2014: Deutschland ist endlich wieder Fu\u00dfball-Weltmeister! Nach dem vernichtenden 7:2 gegen den Gastgeber Brasilien kr\u00f6nt sich die DFB-Elf in Rio de Janeiro gegen Argentinien nach langer Wartezeit endlich wieder zur Nummer Eins der Welt. In den Kinos erobern die Guardians of the Galaxy die Herzen der Zuschauer und in Sachen Musik stehen Acts wie Beyonce, Ariana Grande, Eminem oder Coldplay an der Spitze. Unsere \u201eVintage\u201c Trading Cards sind ein Traum f\u00fcr jeden Nostalgiker und f\u00fcr jeden Sammler, da es sich nicht um Nachproduktionen der fr\u00fcheren Karten handelt, sondern alle P\u00e4ckchen original aus der Zeit entstammen, in der sie damals ver\u00f6ffentlicht wurden.<\/li>\n<\/ul>\n<p>&nbsp;<\/p>\n<p>Mehr Trading Cards von fr\u00fcher findest du <strong><a href=\"https:\/\/memorabilia-germany.de\/de\/trading-cards\">hier<\/a><\/strong>.<\/p>\n","protected":false},"featured_media":61113,"template":"","meta":{"_acf_changed":false,"ocean_post_layout":"","ocean_both_sidebars_style":"","ocean_both_sidebars_content_width":0,"ocean_both_sidebars_sidebars_width":0,"ocean_sidebar":"0","ocean_second_sidebar":"0","ocean_disable_margins":"enable","ocean_add_body_class":"","ocean_shortcode_before_top_bar":"","ocean_shortcode_after_top_bar":"","ocean_shortcode_before_header":"","ocean_shortcode_after_header":"","ocean_has_shortcode":"","ocean_shortcode_after_title":"","ocean_shortcode_before_footer_widgets":"","ocean_shortcode_after_footer_widgets":"","ocean_shortcode_before_footer_bottom":"","ocean_shortcode_after_footer_bottom":"","ocean_display_top_bar":"default","ocean_display_header":"default","ocean_header_style":"","ocean_center_header_left_menu":"0","ocean_custom_header_template":"0","ocean_custom_logo":0,"ocean_custom_retina_logo":0,"ocean_custom_logo_max_width":0,"ocean_custom_logo_tablet_max_width":0,"ocean_custom_logo_mobile_max_width":0,"ocean_custom_logo_max_height":0,"ocean_custom_logo_tablet_max_height":0,"ocean_custom_logo_mobile_max_height":0,"ocean_header_custom_menu":"0","ocean_menu_typo_font_family":"0","ocean_menu_typo_font_subset":"","ocean_menu_typo_font_size":0,"ocean_menu_typo_font_size_tablet":0,"ocean_menu_typo_font_size_mobile":0,"ocean_menu_typo_font_size_unit":"px","ocean_menu_typo_font_weight":"","ocean_menu_typo_font_weight_tablet":"","ocean_menu_typo_font_weight_mobile":"","ocean_menu_typo_transform":"","ocean_menu_typo_transform_tablet":"","ocean_menu_typo_transform_mobile":"","ocean_menu_typo_line_height":0,"ocean_menu_typo_line_height_tablet":0,"ocean_menu_typo_line_height_mobile":0,"ocean_menu_typo_line_height_unit":"","ocean_menu_typo_spacing":0,"ocean_menu_typo_spacing_tablet":0,"ocean_menu_typo_spacing_mobile":0,"ocean_menu_typo_spacing_unit":"","ocean_menu_link_color":"","ocean_menu_link_color_hover":"","ocean_menu_link_color_active":"","ocean_menu_link_background":"","ocean_menu_link_hover_background":"","ocean_menu_link_active_background":"","ocean_menu_social_links_bg":"","ocean_menu_social_hover_links_bg":"","ocean_menu_social_links_color":"","ocean_menu_social_hover_links_color":"","ocean_disable_title":"default","ocean_disable_heading":"default","ocean_post_title":"","ocean_post_subheading":"","ocean_post_title_style":"","ocean_post_title_background_color":"","ocean_post_title_background":0,"ocean_post_title_bg_image_position":"","ocean_post_title_bg_image_attachment":"","ocean_post_title_bg_image_repeat":"","ocean_post_title_bg_image_size":"","ocean_post_title_height":0,"ocean_post_title_bg_overlay":0.5,"ocean_post_title_bg_overlay_color":"","ocean_disable_breadcrumbs":"default","ocean_breadcrumbs_color":"","ocean_breadcrumbs_separator_color":"","ocean_breadcrumbs_links_color":"","ocean_breadcrumbs_links_hover_color":"","ocean_display_footer_widgets":"default","ocean_display_footer_bottom":"default","ocean_custom_footer_template":"0","ofc_enable_fullscreen":"disable","ofc_fullscreen_speed":0,"ofc_fullscreen_nav":"enable","ofc_fullscreen_nav_pos":"right","ofc_fullscreen_nav_color":"","ofc_fullscreen_nav_tooltip_color":"","ofc_fullscreen_responsive":0},"product_brand":[],"product_cat":[4007],"product_tag":[],"class_list":{"0":"post-61145","1":"product","2":"type-product","3":"status-publish","4":"has-post-thumbnail","6":"product_cat-2014-topps-chrome-nfl-trading-cards","7":"product_shipping_class-versandklasse_a","9":"entry","10":"has-media","12":"first","13":"instock","14":"taxable","15":"shipping-taxable","16":"purchasable","17":"product-type-simple","18":"col","19":"span_1_of_4","20":"owp-content-center","21":"owp-thumbs-layout-horizontal","22":"owp-btn-normal","23":"owp-tabs-layout-horizontal"},"acf":[],"_links":{"self":[{"href":"https:\/\/memorabilia-germany.de\/de\/wp-json\/wp\/v2\/product\/61145","targetHints":{"allow":["GET"]}}],"collection":[{"href":"https:\/\/memorabilia-germany.de\/de\/wp-json\/wp\/v2\/product"}],"about":[{"href":"https:\/\/memorabilia-germany.de\/de\/wp-json\/wp\/v2\/types\/product"}],"version-history":[{"count":0,"href":"https:\/\/memorabilia-germany.de\/de\/wp-json\/wp\/v2\/product\/61145\/revisions"}],"wp:featuredmedia":[{"embeddable":true,"href":"https:\/\/memorabilia-germany.de\/de\/wp-json\/wp\/v2\/media\/61113"}],"wp:attachment":[{"href":"https:\/\/memorabilia-germany.de\/de\/wp-json\/wp\/v2\/media?parent=61145"}],"wp:term":[{"taxonomy":"product_brand","embeddable":true,"href":"https:\/\/memorabilia-germany.de\/de\/wp-json\/wp\/v2\/product_brand?post=61145"},{"taxonomy":"product_cat","embeddable":true,"href":"https:\/\/memorabilia-germany.de\/de\/wp-json\/wp\/v2\/product_cat?post=61145"},{"taxonomy":"product_tag","embeddable":true,"href":"https:\/\/memorabilia-germany.de\/de\/wp-json\/wp\/v2\/product_tag?post=61145"}],"curies":[{"name":"wp","href":"https:\/\/api.w.org\/{rel}","templated":true}]}}