{"id":59017,"date":"2025-03-18T15:16:36","date_gmt":"2025-03-18T14:16:36","guid":{"rendered":"https:\/\/memorabilia-germany.de\/?post_type=product&#038;p=59017"},"modified":"2026-04-04T14:55:21","modified_gmt":"2026-04-04T12:55:21","slug":"signierter-basketball-mystery-box-basketball-kings-series-2025-bonus-jersey-chance","status":"publish","type":"product","link":"https:\/\/memorabilia-germany.de\/de\/produkt\/signierter-basketball-mystery-box-basketball-kings-series-2025-bonus-jersey-chance\/","title":{"rendered":"Signierter Basketball Mystery Box:<\/br>BASKETBALL KINGS SERIES 2025<\/br>(Bonus Jersey Chance!)"},"content":{"rendered":"<p><strong>Weitere Informationen zu dieser Basketball Mystery Box Serie:<\/strong><\/p>\n<ul style=\"list-style-type: square;\">\n<li>Alle Boxen dieser Serie enthalten Marken-B\u00e4lle von Spalding oder Wilson. Die Serie enth\u00e4lt dabei viele Sonder-Editionen wie Spalding NBA \u201eZI\/O Excel\u201c oder Wilson \u201eGold Edition\u201c Basketb\u00e4lle.<\/li>\n<li>B\u00e4lle mit Autogrammen von mehreren NBA Spielern (2 oder mehr) in dieser Serie enthalten!<\/li>\n<li>Die B\u00e4lle wurden per Zufallsprinzip auf die Boxen verteilt.<\/li>\n<li>Alle Memorabilia in einer Basketball Mystery Box wurden von einem der marktf\u00fchrenden US Authenticator verifiziert und kommen mit seriennummerierten Sicherheitsmerkmalen (Certificate of Authenticity und\/oder Sicherheitshologramm). Authenticator sind ausschlie\u00dflich: Beckett, James Spence Authentication, PSA\/DNA oder Fanatics. Mehr Infos zum wichtigen Thema Authentifizierung findet ihr <strong><a href=\"https:\/\/memorabilia-germany.de\/de\/signatur-authentifizierung\/\">hier<\/a><\/strong>.<\/li>\n<li>Bei uns bekommt ihr eine VOLLST\u00c4NDIGE \u00dcbersicht \u00fcber die Liste der Spieler, die in dieser Mystery Box Serie enthalten sind:<\/li>\n<\/ul>\n<p style=\"text-align: center;\">Victor Wembanyama<br \/>\nDirk Nowitzki<br \/>\nScottie Pippen<br \/>\nStephen Curry<br \/>\nJayson Tatum<br \/>\nLarry Bird<br \/>\nFranz Wagner<br \/>\nShai Gilgeous-Alexander<br \/>\nShaquille O\u2019Neal<br \/>\nKareem Abdul-Jabbar<br \/>\nLuka Doncic<br \/>\nCharles Barkley<br \/>\nZaccharie Risacher<br \/>\n\u201cMagic\u201d Johnson<br \/>\nPaolo Banchero<br \/>\nCade Cunningham<br \/>\nAlex Sarr<br \/>\nZach Edey<br \/>\nGiannis Antetokounmpo<br \/>\nCarmelo Anthony<br \/>\nRon Holland II<br \/>\nDavid Robinson<br \/>\nZion Williamson<br \/>\nJa Morant<br \/>\nJerry \u201cThe Logo\u201d West<br \/>\nTrae Young<br \/>\nJames Harden<br \/>\nDennis Rodman<br \/>\nDamian Lillard<br \/>\nAllen Iverson<br \/>\nBrandon Ingram<br \/>\nJalen Green<br \/>\nAmar&#8217;e Stoudemire<br \/>\nJoe Dumars<br \/>\nCole Anthony<br \/>\nMaurice Cheeks<br \/>\nAustin Reaves<br \/>\nWalt Frazier<br \/>\nGary Payton<br \/>\nKristaps Porzingis<br \/>\nIsaiah Collier<br \/>\nKlay Thompson<br \/>\nRicky Barry<br \/>\nPatrick Williams<br \/>\nJason Kidd<br \/>\nJerry \u201cThe Logo\u201d West<br \/>\nDonte DiVincenzo<br \/>\nDavid \u201cSkywalker\u201d Thompson<br \/>\nStephon Marbury<br \/>\nAlonzo Mourning<br \/>\nToni Kukoc<br \/>\nDemar Derozan<br \/>\nJohn Wall<br \/>\nMichael Cooper<br \/>\nDeandre Ayton<br \/>\nClyde Drexler<br \/>\nAndre Drummond<br \/>\nJonathan Kuminga<br \/>\nLarry Johnson<br \/>\nReggie Jackson<br \/>\nDikembe Mutombo<br \/>\nGlen Rice<br \/>\nSteve Francis<br \/>\nBlake Griffin<br \/>\nDamon Stoudamire<br \/>\nDominique Wilkins<br \/>\nBernard King<br \/>\nTim Hardaway<br \/>\nTyler Herro<br \/>\nShawn Kemp<br \/>\nHakeem Olajuwon<\/p>\n<p>Sollte eine Serie mehr als ein Basketball Memorabilia vom gleichen Spieler beinhalten, bekommt ihr eine \u201eNo Double Option\u201c. Das hei\u00dft, dass ihr mit Sicherheit keinen Spieler doppelt erhaltet, wenn ihr mehr als eine Box kauft.<\/p>\n<p>Wie funktioniert eine Basketball Mystery Box?<\/p>\n<p>Infos dazu findet ihr in unseren <strong><a href=\"https:\/\/memorabilia-germany.de\/de\/sport-memorabilia-faq\/#memorabilia-mystery-box\"><u>FAQ<\/u><\/a><\/strong>!<\/p>\n<p>Mehr Basketball Memorabilia findest du <strong><a href=\"https:\/\/memorabilia-germany.de\/de\/basketball-memorabilia\/\">hier<\/a><\/strong>.<\/p>\n","protected":false},"excerpt":{"rendered":"<p><strong>Diese Serie ist auf insgesamt 100 Basketball <a href=\"https:\/\/memorabilia-germany.de\/de\/sport-memorabilia-faq\/#memorabilia-mystery-box\"><u>Mystery Boxen<\/u><\/a> limitiert.<br \/>\nJede Box hat eine Seriennummer.<br \/>\nFinde signierte Basketb\u00e4lle von aktuellen NBA Superstars wie Victor Wembanyama, Steph Curry, Jayson Tatum oder Luka Doncic und NBA Legenden wie Dirk Nowitzki oder Charles Barkley in dieser Serie.<\/strong><\/p>\n<p><strong>Schnell\u00fcbersicht:<\/strong><\/p>\n<ul style=\"list-style-type: square;\">\n<li>Inhalt jeder Box: signierter Basketball (Full Size, Marke: Spalding oder Wilson). Die Bilder gestatten euch einen kleinen Einblick in das Geheimnis der Serie!<\/li>\n<li>Alle Basketb\u00e4lle sind von mindestens einem aktuellen NBA Star oder einer NBA Legende signiert. Dar\u00fcber hinaus sind viele B\u00e4lle zus\u00e4tzlich mit Inscriptions der Spieler signiert!<\/li>\n<li>NBA Draft Special: die Serie enth\u00e4lt auch einige signierte B\u00e4lle von 1st-Roundern des 2024 NBA Drafts aus ihrer Rookie Season. Viele davon sogar mit Draft Pick Inscription!<\/li>\n<li>Bonus Jersey Chance: einige Boxen dieser Serie enthalten zus\u00e4tzlich ein <a href=\"https:\/\/memorabilia-germany.de\/de\/sport-memorabilia-faq\/#faq-trikot-arten\"><strong><u>Custom Jersey<\/u><\/strong><\/a> mit original Signatur eines NBA Stars gratis!<\/li>\n<li>Authentifizierung der Autogramme (ausschlie\u00dflich): <strong><a href=\"https:\/\/memorabilia-germany.de\/de\/signatur-authentifizierung\/#signatur-authentifizierung-beckett\">Beckett<\/a><\/strong>, <strong><a href=\"https:\/\/memorabilia-germany.de\/de\/signatur-authentifizierung\/#signatur-authentifizierung-james-spence\">James Spence Authentication<\/a><\/strong>, <strong><a href=\"https:\/\/memorabilia-germany.de\/de\/signatur-authentifizierung\/#signatur-authentifizierung-psa-dna\">PSA\/DNA<\/a><\/strong> oder <strong><a href=\"https:\/\/memorabilia-germany.de\/de\/signatur-authentifizierung\/#signatur-authentifizierung-fanatics\">Fanatics<\/a><\/strong>.<\/li>\n<\/ul>\n","protected":false},"featured_media":58985,"template":"","meta":{"_acf_changed":false,"ocean_post_layout":"","ocean_both_sidebars_style":"","ocean_both_sidebars_content_width":0,"ocean_both_sidebars_sidebars_width":0,"ocean_sidebar":"0","ocean_second_sidebar":"0","ocean_disable_margins":"enable","ocean_add_body_class":"","ocean_shortcode_before_top_bar":"","ocean_shortcode_after_top_bar":"","ocean_shortcode_before_header":"","ocean_shortcode_after_header":"","ocean_has_shortcode":"","ocean_shortcode_after_title":"","ocean_shortcode_before_footer_widgets":"","ocean_shortcode_after_footer_widgets":"","ocean_shortcode_before_footer_bottom":"","ocean_shortcode_after_footer_bottom":"","ocean_display_top_bar":"default","ocean_display_header":"default","ocean_header_style":"","ocean_center_header_left_menu":"0","ocean_custom_header_template":"0","ocean_custom_logo":0,"ocean_custom_retina_logo":0,"ocean_custom_logo_max_width":0,"ocean_custom_logo_tablet_max_width":0,"ocean_custom_logo_mobile_max_width":0,"ocean_custom_logo_max_height":0,"ocean_custom_logo_tablet_max_height":0,"ocean_custom_logo_mobile_max_height":0,"ocean_header_custom_menu":"0","ocean_menu_typo_font_family":"0","ocean_menu_typo_font_subset":"","ocean_menu_typo_font_size":0,"ocean_menu_typo_font_size_tablet":0,"ocean_menu_typo_font_size_mobile":0,"ocean_menu_typo_font_size_unit":"px","ocean_menu_typo_font_weight":"","ocean_menu_typo_font_weight_tablet":"","ocean_menu_typo_font_weight_mobile":"","ocean_menu_typo_transform":"","ocean_menu_typo_transform_tablet":"","ocean_menu_typo_transform_mobile":"","ocean_menu_typo_line_height":0,"ocean_menu_typo_line_height_tablet":0,"ocean_menu_typo_line_height_mobile":0,"ocean_menu_typo_line_height_unit":"","ocean_menu_typo_spacing":0,"ocean_menu_typo_spacing_tablet":0,"ocean_menu_typo_spacing_mobile":0,"ocean_menu_typo_spacing_unit":"","ocean_menu_link_color":"","ocean_menu_link_color_hover":"","ocean_menu_link_color_active":"","ocean_menu_link_background":"","ocean_menu_link_hover_background":"","ocean_menu_link_active_background":"","ocean_menu_social_links_bg":"","ocean_menu_social_hover_links_bg":"","ocean_menu_social_links_color":"","ocean_menu_social_hover_links_color":"","ocean_disable_title":"default","ocean_disable_heading":"default","ocean_post_title":"","ocean_post_subheading":"","ocean_post_title_style":"","ocean_post_title_background_color":"","ocean_post_title_background":0,"ocean_post_title_bg_image_position":"","ocean_post_title_bg_image_attachment":"","ocean_post_title_bg_image_repeat":"","ocean_post_title_bg_image_size":"","ocean_post_title_height":0,"ocean_post_title_bg_overlay":0.5,"ocean_post_title_bg_overlay_color":"","ocean_disable_breadcrumbs":"default","ocean_breadcrumbs_color":"","ocean_breadcrumbs_separator_color":"","ocean_breadcrumbs_links_color":"","ocean_breadcrumbs_links_hover_color":"","ocean_display_footer_widgets":"default","ocean_display_footer_bottom":"default","ocean_custom_footer_template":"0","ofc_enable_fullscreen":"disable","ofc_fullscreen_speed":0,"ofc_fullscreen_nav":"enable","ofc_fullscreen_nav_pos":"right","ofc_fullscreen_nav_color":"","ofc_fullscreen_nav_tooltip_color":"","ofc_fullscreen_responsive":0},"product_brand":[],"product_cat":[3891],"product_tag":[],"class_list":{"0":"post-59017","1":"product","2":"type-product","3":"status-publish","4":"has-post-thumbnail","6":"product_cat-signierter-basketball-mystery-box-basketball-kings-series-2025-bonus-jersey-chance","7":"product_shipping_class-versandklasse_a","9":"entry","10":"has-media","12":"first","13":"instock","14":"taxable","15":"shipping-taxable","16":"purchasable","17":"product-type-simple","18":"col","19":"span_1_of_4","20":"owp-content-center","21":"owp-thumbs-layout-horizontal","22":"owp-btn-normal","23":"owp-tabs-layout-horizontal"},"acf":[],"_links":{"self":[{"href":"https:\/\/memorabilia-germany.de\/de\/wp-json\/wp\/v2\/product\/59017","targetHints":{"allow":["GET"]}}],"collection":[{"href":"https:\/\/memorabilia-germany.de\/de\/wp-json\/wp\/v2\/product"}],"about":[{"href":"https:\/\/memorabilia-germany.de\/de\/wp-json\/wp\/v2\/types\/product"}],"version-history":[{"count":0,"href":"https:\/\/memorabilia-germany.de\/de\/wp-json\/wp\/v2\/product\/59017\/revisions"}],"wp:featuredmedia":[{"embeddable":true,"href":"https:\/\/memorabilia-germany.de\/de\/wp-json\/wp\/v2\/media\/58985"}],"wp:attachment":[{"href":"https:\/\/memorabilia-germany.de\/de\/wp-json\/wp\/v2\/media?parent=59017"}],"wp:term":[{"taxonomy":"product_brand","embeddable":true,"href":"https:\/\/memorabilia-germany.de\/de\/wp-json\/wp\/v2\/product_brand?post=59017"},{"taxonomy":"product_cat","embeddable":true,"href":"https:\/\/memorabilia-germany.de\/de\/wp-json\/wp\/v2\/product_cat?post=59017"},{"taxonomy":"product_tag","embeddable":true,"href":"https:\/\/memorabilia-germany.de\/de\/wp-json\/wp\/v2\/product_tag?post=59017"}],"curies":[{"name":"wp","href":"https:\/\/api.w.org\/{rel}","templated":true}]}}