{"id":58076,"date":"2025-02-27T14:59:48","date_gmt":"2025-02-27T13:59:48","guid":{"rendered":"https:\/\/memorabilia-germany.de\/?post_type=product&#038;p=58076"},"modified":"2026-01-23T09:39:41","modified_gmt":"2026-01-23T08:39:41","slug":"1999-upper-deck-nfl-football-retail-pack","status":"publish","type":"product","link":"https:\/\/memorabilia-germany.de\/de\/produkt\/1999-upper-deck-nfl-football-retail-pack\/","title":{"rendered":"1999 Upper Deck NFL Football, Retail Pack"},"content":{"rendered":"","protected":false},"excerpt":{"rendered":"<p><strong>Unge\u00f6ffnetes P\u00e4ckchen NFL Trading Cards, original aus dem Jahr 1999 mit einer Chance auf Autographed Game Jersey Cards. Legenden wie Dan Marino, Kurt Warner, Rod Woodson oder ein junger Peyton Manning spielten in der NFL und die St. Louis Rams besiegten die Tennessee Titans am Ende der Saison im Super Bowl XXXIV. Es war die erste offizielle Saison der Titans, nachdem sich das Franchise zu Beginn der Saison vom Namen \u201eOilers\u201c verabschiedet hatte. Weitere Infos siehe unten.<\/strong><\/p>\n<ul style=\"list-style-type: square;\">\n<li>Inhalt des P\u00e4ckchens: 10 Cards<\/li>\n<li>Erscheinungsjahr: 1999<\/li>\n<li>Marke: Upper Deck<\/li>\n<li>Land: USA<\/li>\n<li>Das P\u00e4ckchen (\u201eRetail Pack\u201c) stammt aus einer durch Memorabilia Germany ge\u00f6ffneten \u201eRetail Box\u201c, die insgesamt 24 P\u00e4ckchen enth\u00e4lt. Alle P\u00e4ckchen sind trotz ihres Alters in einem makellosen Zustand.<\/li>\n<li>Autographed Game Jersey Cards in dieser Serie!<\/li>\n<li>Autographs, Memorabilia &#038; Insert Cards in dieser Serie (viele verschieden nummeriert):\n<ul style=\"list-style-type: circle;\">\n<li>Signed Upper Deck Game Jersey Cards<\/li>\n<li>Game Jersey Patch 1of1\u2019s<\/li>\n<li>Upper Deck Game Jersey Cards<\/li>\n<li>Quantum Silver + Gold Inserts<\/li>\n<li>TD Salute<\/li>\n<li>Highlight Zone<\/li>\n<li>Quarterback Class<\/li>\n<li>Strike Force<\/li>\n<li>Livewires<\/li>\n<\/ul>\n<\/li>\n<li>Finde originale Karten der NFL Legenden aus dem Jahr 1999 wie Dan Marino, Kurt Warner, Rod Woodson oder Peyton Manning.<\/li>\n<li>Die Serie enth\u00e4lt Rookie Karten aus einer der besten Rookie Classes aller Zeiten! Die Karten umfassen erste Karten sp\u00e4terer Superstars wie Donovan McNabb, Ricky Williams, Daunte Culpepper, Jevon Kearse, Akili Smith, Edgerrin James, Kevin Johnson, Torry Holt, Tim Couch, David Boston oder Peerless Price!<\/li>\n<li>Background Infos 1999: Im letzten Jahr des 20. Jahrhunderts bereitet sich die Menschheit auf das Millenium vor. Ger\u00fcchte \u00fcber den Zusammenbruch von IT-Systemen und andere Szenarien machen die Runde, werden sich aber zum Jahreswechsel als falsch erweisen. Eishockey-Legende Wayne Gretzky beendet seine Karriere und gilt bis heute als bester NHL Spieler aller Zeiten. In den Kinos werden auch weiterhin Klassiker wie \u201eBlair Witch Project\u201c oder \u201eMatrix\u201c produziert und in den Charts sind Lieder von Britney Spears, den Backstreet Boys oder Destiny\u2019s Child zu finden. Unsere \u201eVintage\u201c Trading Cards sind ein Traum f\u00fcr jeden Nostalgiker und f\u00fcr jeden Sammler, da es sich nicht um Nachproduktionen der fr\u00fcheren Karten handelt, sondern alle P\u00e4ckchen original aus der Zeit entstammen, in der sie damals ver\u00f6ffentlicht wurden.<\/li>\n<\/ul>\n<p>Mehr Trading Cards von fr\u00fcher findest du <strong><a href=\"https:\/\/memorabilia-germany.de\/de\/trading-cards\">hier<\/a><\/strong>.<\/p>\n","protected":false},"featured_media":58048,"template":"","meta":{"_acf_changed":false,"ocean_post_layout":"","ocean_both_sidebars_style":"","ocean_both_sidebars_content_width":0,"ocean_both_sidebars_sidebars_width":0,"ocean_sidebar":"0","ocean_second_sidebar":"0","ocean_disable_margins":"enable","ocean_add_body_class":"","ocean_shortcode_before_top_bar":"","ocean_shortcode_after_top_bar":"","ocean_shortcode_before_header":"","ocean_shortcode_after_header":"","ocean_has_shortcode":"","ocean_shortcode_after_title":"","ocean_shortcode_before_footer_widgets":"","ocean_shortcode_after_footer_widgets":"","ocean_shortcode_before_footer_bottom":"","ocean_shortcode_after_footer_bottom":"","ocean_display_top_bar":"default","ocean_display_header":"default","ocean_header_style":"","ocean_center_header_left_menu":"0","ocean_custom_header_template":"0","ocean_custom_logo":0,"ocean_custom_retina_logo":0,"ocean_custom_logo_max_width":0,"ocean_custom_logo_tablet_max_width":0,"ocean_custom_logo_mobile_max_width":0,"ocean_custom_logo_max_height":0,"ocean_custom_logo_tablet_max_height":0,"ocean_custom_logo_mobile_max_height":0,"ocean_header_custom_menu":"0","ocean_menu_typo_font_family":"0","ocean_menu_typo_font_subset":"","ocean_menu_typo_font_size":0,"ocean_menu_typo_font_size_tablet":0,"ocean_menu_typo_font_size_mobile":0,"ocean_menu_typo_font_size_unit":"px","ocean_menu_typo_font_weight":"","ocean_menu_typo_font_weight_tablet":"","ocean_menu_typo_font_weight_mobile":"","ocean_menu_typo_transform":"","ocean_menu_typo_transform_tablet":"","ocean_menu_typo_transform_mobile":"","ocean_menu_typo_line_height":0,"ocean_menu_typo_line_height_tablet":0,"ocean_menu_typo_line_height_mobile":0,"ocean_menu_typo_line_height_unit":"","ocean_menu_typo_spacing":0,"ocean_menu_typo_spacing_tablet":0,"ocean_menu_typo_spacing_mobile":0,"ocean_menu_typo_spacing_unit":"","ocean_menu_link_color":"","ocean_menu_link_color_hover":"","ocean_menu_link_color_active":"","ocean_menu_link_background":"","ocean_menu_link_hover_background":"","ocean_menu_link_active_background":"","ocean_menu_social_links_bg":"","ocean_menu_social_hover_links_bg":"","ocean_menu_social_links_color":"","ocean_menu_social_hover_links_color":"","ocean_disable_title":"default","ocean_disable_heading":"default","ocean_post_title":"","ocean_post_subheading":"","ocean_post_title_style":"","ocean_post_title_background_color":"","ocean_post_title_background":0,"ocean_post_title_bg_image_position":"","ocean_post_title_bg_image_attachment":"","ocean_post_title_bg_image_repeat":"","ocean_post_title_bg_image_size":"","ocean_post_title_height":0,"ocean_post_title_bg_overlay":0.5,"ocean_post_title_bg_overlay_color":"","ocean_disable_breadcrumbs":"default","ocean_breadcrumbs_color":"","ocean_breadcrumbs_separator_color":"","ocean_breadcrumbs_links_color":"","ocean_breadcrumbs_links_hover_color":"","ocean_display_footer_widgets":"default","ocean_display_footer_bottom":"default","ocean_custom_footer_template":"0","ofc_enable_fullscreen":"disable","ofc_fullscreen_speed":0,"ofc_fullscreen_nav":"enable","ofc_fullscreen_nav_pos":"right","ofc_fullscreen_nav_color":"","ofc_fullscreen_nav_tooltip_color":"","ofc_fullscreen_responsive":0},"product_brand":[],"product_cat":[3830],"product_tag":[],"class_list":{"0":"post-58076","1":"product","2":"type-product","3":"status-publish","4":"has-post-thumbnail","6":"product_cat-1999-upper-deck-nfl-football-retail-pack","7":"product_shipping_class-versandklasse_b","9":"entry","10":"has-media","12":"first","13":"instock","14":"taxable","15":"shipping-taxable","16":"purchasable","17":"product-type-simple","18":"col","19":"span_1_of_4","20":"owp-content-center","21":"owp-thumbs-layout-horizontal","22":"owp-btn-normal","23":"owp-tabs-layout-horizontal"},"acf":[],"_links":{"self":[{"href":"https:\/\/memorabilia-germany.de\/de\/wp-json\/wp\/v2\/product\/58076","targetHints":{"allow":["GET"]}}],"collection":[{"href":"https:\/\/memorabilia-germany.de\/de\/wp-json\/wp\/v2\/product"}],"about":[{"href":"https:\/\/memorabilia-germany.de\/de\/wp-json\/wp\/v2\/types\/product"}],"version-history":[{"count":0,"href":"https:\/\/memorabilia-germany.de\/de\/wp-json\/wp\/v2\/product\/58076\/revisions"}],"wp:featuredmedia":[{"embeddable":true,"href":"https:\/\/memorabilia-germany.de\/de\/wp-json\/wp\/v2\/media\/58048"}],"wp:attachment":[{"href":"https:\/\/memorabilia-germany.de\/de\/wp-json\/wp\/v2\/media?parent=58076"}],"wp:term":[{"taxonomy":"product_brand","embeddable":true,"href":"https:\/\/memorabilia-germany.de\/de\/wp-json\/wp\/v2\/product_brand?post=58076"},{"taxonomy":"product_cat","embeddable":true,"href":"https:\/\/memorabilia-germany.de\/de\/wp-json\/wp\/v2\/product_cat?post=58076"},{"taxonomy":"product_tag","embeddable":true,"href":"https:\/\/memorabilia-germany.de\/de\/wp-json\/wp\/v2\/product_tag?post=58076"}],"curies":[{"name":"wp","href":"https:\/\/api.w.org\/{rel}","templated":true}]}}