{"id":57952,"date":"2025-02-26T17:29:24","date_gmt":"2025-02-26T16:29:24","guid":{"rendered":"https:\/\/memorabilia-germany.de\/?post_type=product&#038;p=57952"},"modified":"2026-04-01T17:41:54","modified_gmt":"2026-04-01T15:41:54","slug":"2000-topps-nfl-football-cards-single-pack-hobby-box","status":"publish","type":"product","link":"https:\/\/memorabilia-germany.de\/de\/produkt\/2000-topps-nfl-football-cards-single-pack-hobby-box\/","title":{"rendered":"2000 topps NFL Football Cards, Single Pack (Hobby Box)"},"content":{"rendered":"","protected":false},"excerpt":{"rendered":"<p><strong>Unge\u00f6ffnetes P\u00e4ckchen NFL Trading Cards, original aus dem Jahr 2000 mit Chance auf Player Worn Pro Bowl Jersey Cards und Hall of Fame Autographs. Die Saison von 2000 ist heute vor allem f\u00fcr ihren Draft bekannt. Die New England Patriots drafteten in der sechsten Runde einen Quarterback der Michigan Wolverines. Der Pick gilt wahrscheinlich f\u00fcr alle Zeiten als gr\u00f6\u00dfter Steal der Draft Geschichte. Besagter Quarterback gewann in seiner Karriere ganze sieben Mal den Super Bowl, sechs Mal mit den Pats und ein weiteres Mal mit den Tampa Bay Buccaneers. Sein Name ist Tom Brady. Den Super Bowl der 2000er Saison gewannen die Baltimore Ravens durch einen Sieg gegen die New York Giants. Ray Lewis wurde Super Bowl MVP, eine sehr seltene Leistung f\u00fcr einen Linebacker!<\/strong><\/p>\n<ul style=\"list-style-type: square;\">\n<li>Inhalt des P\u00e4ckchens: 10 Cards<\/li>\n<li>Erscheinungsjahr: 2000<\/li>\n<li>Marke: topps<\/li>\n<li>Land: USA<\/li>\n<li>Das P\u00e4ckchen (\u201eSingle Pack\u201c) stammt aus einer durch Memorabilia Germany ge\u00f6ffneten \u201eHobby Box\u201c, die insgesamt 36 P\u00e4ckchen enth\u00e4lt. Alle P\u00e4ckchen sind trotz ihres Alters in einem makellosen Zustand.<\/li>\n<li>Johnny Unitas Autograph Cards in dieser Serie!<\/li>\n<li>Player Worn Pro Bowl Jersey Cards und Hall of Fame Autographs in dieser Serie!<\/li>\n<li>Topps 2000 NFL Memorabilia Cards, Autographs &amp; Special Inserts:\n<ul style=\"list-style-type: circle;\">\n<li>Johnny Unitas Chrome Reprints &amp; Autogtraphed Versions<\/li>\n<li>All-Pros Player Worn Pro Bowl Jersey Cards<\/li>\n<li>Hall of Fame Autographs<\/li>\n<li>Own the Game<\/li>\n<li>MVP Inserts<\/li>\n<li>Topps Combos<\/li>\n<li>Chrome Previews<\/li>\n<li>NFL Draft Picks<\/li>\n<\/ul>\n<\/li>\n<li>Finde originale Karten der NFL Legenden aus dem Jahr 2000 wie Tom Brady, Peyton Manning, Daunte Culpepper, Marshall Faulk, Brett Favre oder Ray Lewis .<\/li>\n<li>Finde Rookie Cards der NFL Draft Class von 2000 mit Namen wie Shaun Alexander, Brian Urlacher, Jamal Lewis, Chad Pennington, Plaxico Burress, Reuben Droughns und Thomas Jones!<\/li>\n<li>Background Infos 2000: Entgegen der Erwartungen einiger Sekten ging die Welt zum Jahreswechsel ins neue Millenium nicht unter. Auch die Computerwelt \u00fcberlebte die Umstellung in die 00er Jahre gut. George W. Bush \u00fcbernahm das Amt des US Pr\u00e4sidenten von Bill Clinton und Bill Gates beendete sein Amt als Microsoft CEO. American Pie und American Beauty z\u00e4hlten zu den erfolgreichsten Kinofilmen und Destiny\u2019s Child, Linkin Park und die Black Eyed Peas waren in den Charts ganz oben vertreten. Unsere \u201eVintage\u201c Trading Cards sind ein Traum f\u00fcr jeden Nostalgiker und f\u00fcr jeden Sammler, da es sich nicht um Nachproduktionen der fr\u00fcheren Karten handelt, sondern alle P\u00e4ckchen original aus der Zeit entstammen, in der sie damals ver\u00f6ffentlicht wurden.<\/li>\n<\/ul>\n<p>Mehr Trading Cards von fr\u00fcher findest du <strong><a href=\"https:\/\/memorabilia-germany.de\/de\/trading-cards\">hier<\/a><\/strong>.<\/p>\n","protected":false},"featured_media":57924,"template":"","meta":{"_acf_changed":false,"ocean_post_layout":"","ocean_both_sidebars_style":"","ocean_both_sidebars_content_width":0,"ocean_both_sidebars_sidebars_width":0,"ocean_sidebar":"0","ocean_second_sidebar":"0","ocean_disable_margins":"enable","ocean_add_body_class":"","ocean_shortcode_before_top_bar":"","ocean_shortcode_after_top_bar":"","ocean_shortcode_before_header":"","ocean_shortcode_after_header":"","ocean_has_shortcode":"","ocean_shortcode_after_title":"","ocean_shortcode_before_footer_widgets":"","ocean_shortcode_after_footer_widgets":"","ocean_shortcode_before_footer_bottom":"","ocean_shortcode_after_footer_bottom":"","ocean_display_top_bar":"default","ocean_display_header":"default","ocean_header_style":"","ocean_center_header_left_menu":"0","ocean_custom_header_template":"0","ocean_custom_logo":0,"ocean_custom_retina_logo":0,"ocean_custom_logo_max_width":0,"ocean_custom_logo_tablet_max_width":0,"ocean_custom_logo_mobile_max_width":0,"ocean_custom_logo_max_height":0,"ocean_custom_logo_tablet_max_height":0,"ocean_custom_logo_mobile_max_height":0,"ocean_header_custom_menu":"0","ocean_menu_typo_font_family":"0","ocean_menu_typo_font_subset":"","ocean_menu_typo_font_size":0,"ocean_menu_typo_font_size_tablet":0,"ocean_menu_typo_font_size_mobile":0,"ocean_menu_typo_font_size_unit":"px","ocean_menu_typo_font_weight":"","ocean_menu_typo_font_weight_tablet":"","ocean_menu_typo_font_weight_mobile":"","ocean_menu_typo_transform":"","ocean_menu_typo_transform_tablet":"","ocean_menu_typo_transform_mobile":"","ocean_menu_typo_line_height":0,"ocean_menu_typo_line_height_tablet":0,"ocean_menu_typo_line_height_mobile":0,"ocean_menu_typo_line_height_unit":"","ocean_menu_typo_spacing":0,"ocean_menu_typo_spacing_tablet":0,"ocean_menu_typo_spacing_mobile":0,"ocean_menu_typo_spacing_unit":"","ocean_menu_link_color":"","ocean_menu_link_color_hover":"","ocean_menu_link_color_active":"","ocean_menu_link_background":"","ocean_menu_link_hover_background":"","ocean_menu_link_active_background":"","ocean_menu_social_links_bg":"","ocean_menu_social_hover_links_bg":"","ocean_menu_social_links_color":"","ocean_menu_social_hover_links_color":"","ocean_disable_title":"default","ocean_disable_heading":"default","ocean_post_title":"","ocean_post_subheading":"","ocean_post_title_style":"","ocean_post_title_background_color":"","ocean_post_title_background":0,"ocean_post_title_bg_image_position":"","ocean_post_title_bg_image_attachment":"","ocean_post_title_bg_image_repeat":"","ocean_post_title_bg_image_size":"","ocean_post_title_height":0,"ocean_post_title_bg_overlay":0.5,"ocean_post_title_bg_overlay_color":"","ocean_disable_breadcrumbs":"default","ocean_breadcrumbs_color":"","ocean_breadcrumbs_separator_color":"","ocean_breadcrumbs_links_color":"","ocean_breadcrumbs_links_hover_color":"","ocean_display_footer_widgets":"default","ocean_display_footer_bottom":"default","ocean_custom_footer_template":"0","ofc_enable_fullscreen":"disable","ofc_fullscreen_speed":0,"ofc_fullscreen_nav":"enable","ofc_fullscreen_nav_pos":"right","ofc_fullscreen_nav_color":"","ofc_fullscreen_nav_tooltip_color":"","ofc_fullscreen_responsive":0},"product_brand":[],"product_cat":[3818],"product_tag":[],"class_list":{"0":"post-57952","1":"product","2":"type-product","3":"status-publish","4":"has-post-thumbnail","6":"product_cat-2000-topps-nfl-football-cards-single-pack-hobby-box","7":"product_shipping_class-versandklasse_b","9":"entry","10":"has-media","12":"first","13":"outofstock","14":"taxable","15":"shipping-taxable","16":"purchasable","17":"product-type-simple","18":"col","19":"span_1_of_4","20":"owp-content-center","21":"owp-thumbs-layout-horizontal","22":"owp-btn-normal","23":"owp-tabs-layout-horizontal"},"acf":[],"_links":{"self":[{"href":"https:\/\/memorabilia-germany.de\/de\/wp-json\/wp\/v2\/product\/57952","targetHints":{"allow":["GET"]}}],"collection":[{"href":"https:\/\/memorabilia-germany.de\/de\/wp-json\/wp\/v2\/product"}],"about":[{"href":"https:\/\/memorabilia-germany.de\/de\/wp-json\/wp\/v2\/types\/product"}],"version-history":[{"count":0,"href":"https:\/\/memorabilia-germany.de\/de\/wp-json\/wp\/v2\/product\/57952\/revisions"}],"wp:featuredmedia":[{"embeddable":true,"href":"https:\/\/memorabilia-germany.de\/de\/wp-json\/wp\/v2\/media\/57924"}],"wp:attachment":[{"href":"https:\/\/memorabilia-germany.de\/de\/wp-json\/wp\/v2\/media?parent=57952"}],"wp:term":[{"taxonomy":"product_brand","embeddable":true,"href":"https:\/\/memorabilia-germany.de\/de\/wp-json\/wp\/v2\/product_brand?post=57952"},{"taxonomy":"product_cat","embeddable":true,"href":"https:\/\/memorabilia-germany.de\/de\/wp-json\/wp\/v2\/product_cat?post=57952"},{"taxonomy":"product_tag","embeddable":true,"href":"https:\/\/memorabilia-germany.de\/de\/wp-json\/wp\/v2\/product_tag?post=57952"}],"curies":[{"name":"wp","href":"https:\/\/api.w.org\/{rel}","templated":true}]}}