{"id":57406,"date":"2025-02-22T11:41:53","date_gmt":"2025-02-22T10:41:53","guid":{"rendered":"https:\/\/memorabilia-germany.de\/?post_type=product&#038;p=57406"},"modified":"2026-03-31T08:10:25","modified_gmt":"2026-03-31T06:10:25","slug":"2012-panini-nba-hoops-basketball-cardshobby-pack","status":"publish","type":"product","link":"https:\/\/memorabilia-germany.de\/de\/produkt\/2012-panini-nba-hoops-basketball-cardshobby-pack\/","title":{"rendered":"2012 Panini NBA HOOPS Basketball Cards<\/br>Hobby Pack"},"content":{"rendered":"","protected":false},"excerpt":{"rendered":"<p><strong>Unge\u00f6ffnetes P\u00e4ckchen NBA Trading Cards, original aus dem Jahr 2012 mit einer Chance auf Champion\u2019s Autographs, Kobe All Rookie Team Rookie Cards und Rookie Impact Signatures. Back2back Champions! Die Miami Heat mit LeBron James und Dwyane Wade packten es in der Saison 2012\/13 erneut, die NBA Krone nach Miami zu holen. Die San Antonio Spurs mussten sich Miami in 7 Spielen geschlagen geben. F\u00fcr LeBron war es die sp\u00e4te Revanche f\u00fcr die verlorenen Finals von 2007, die er als junger Spieler mit den Cavs glatt in vier Spielen per \u201eSweep\u201c  verlor. Tim Duncan schnappte sich LeBron zu dieser Zeit, bedankte sich f\u00fcr die Finals Serie und sagte ihm eine gro\u00dfe NBA Karriere voraus. Wie recht er doch behalten sollte!<\/strong><br \/>\n<strong>Neben LeBron und Wade mischten sich weitere gro\u00dfe Namen unter die Liste der aktiven NBA Stars, viele sind heute noch aktiv, andere haben sich in der Ruhestand verabschiedet: Kevin Durant, Carmelo Anthony, LaMarcus Aldridge, Steph Curry, Dwight Howard oder James Harden. Und nat\u00fcrlich war auch Kobe Bryant noch aktiv. Weitere Infos siehe unten.<\/strong><\/p>\n<ul style=\"list-style-type: square;\">\n<li>Inhalt des P\u00e4ckchens: 8 Karten<\/li>\n<li>Erscheinungsjahr: 2012<\/li>\n<li>Marke: NBA HOOPS (Panini)<\/li>\n<li>Land: USA<\/li>\n<li>Das P\u00e4ckchen (\u201eHobby Pack\u201c) stammt aus einer durch Memorabilia Germany ge\u00f6ffneten \u201eHobby Box\u201c, die insgesamt 36 P\u00e4ckchen enth\u00e4lt. Alle P\u00e4ckchen sind trotz ihres Alters in einem makellosen Zustand.<\/li>\n<li>Diverse HOOPS Autograph Subsets in dieser Serie!<\/li>\n<li>F\u00fcr diese Serie wurden originale HOOPS Karten von 1989 mit originalen Autogrammen der alten NBA Legenden best\u00fcckt und mit einer \u201eRecollection Collection Stamp\u201c gepr\u00e4gt!<\/li>\n<li>Double Draft Kobe Power: finde Rookie Karten aus dem Draft von 2011\/12 und 2012\/13 in einem Special Kobe Set. Die Rookie Class von Anthony Davis, Damian Lillard und Kyrie Irving!<\/li>\n<li>NBA HOOPS 2012 Autographs, Memorabilia Cards &#038; Parallel Highlights:\n<ul style=\"list-style-type: circle;\">\n<li>Rookie Impact Signatures<\/li>\n<li>Draft Night Signatures<\/li>\n<li>NBA Top Player Autographs<\/li>\n<li>Autographed 1989-90 HOOPS Recollection Collection<\/li>\n<li>One of One Artist\u2019s Proof Black Parallels<\/li>\n<li>Kobe All Rookies<\/li>\n<li>Durantula Cards<\/li>\n<li>Spark Plugs<\/li>\n<li>Board Members<\/li>\n<li>SP Miami Heat 2011\/12 Champions Card<\/li>\n<\/ul>\n<\/li>\n<li>Finde originale Karten der NBA Legenden aus dem Jahr 2012 wie Kobe Bryant, Steph Curry, Kevin Durant, James Harden, Carmelo Anthony oder LeBron James. <\/li>\n<li>Die Serie enth\u00e4lt zudem Rookie Cards heutiger NBA Superstars aus dem NBA Draft von 2012, wie Anthony Davis, Damian Lillard, Isaiah Thomas, Kawhi Leonard, Klay Thompson oder Kyrie Irving!<\/li>\n<li>Unsere \u201eVintage\u201c Trading Cards sind ein Traum f\u00fcr jeden Nostalgiker und f\u00fcr jeden Sammler, da es sich nicht um Nachproduktionen der fr\u00fcheren Karten handelt, sondern alle P\u00e4ckchen original aus der Zeit entstammen, in der sie damals ver\u00f6ffentlicht wurden.<\/li>\n<\/ul>\n<p>Mehr Trading Cards von fr\u00fcher findest du <strong><a href=\"https:\/\/memorabilia-germany.de\/de\/trading-cards\">hier<\/a><\/strong>.<\/p>\n","protected":false},"featured_media":57378,"template":"","meta":{"_acf_changed":false,"ocean_post_layout":"","ocean_both_sidebars_style":"","ocean_both_sidebars_content_width":0,"ocean_both_sidebars_sidebars_width":0,"ocean_sidebar":"0","ocean_second_sidebar":"0","ocean_disable_margins":"enable","ocean_add_body_class":"","ocean_shortcode_before_top_bar":"","ocean_shortcode_after_top_bar":"","ocean_shortcode_before_header":"","ocean_shortcode_after_header":"","ocean_has_shortcode":"","ocean_shortcode_after_title":"","ocean_shortcode_before_footer_widgets":"","ocean_shortcode_after_footer_widgets":"","ocean_shortcode_before_footer_bottom":"","ocean_shortcode_after_footer_bottom":"","ocean_display_top_bar":"default","ocean_display_header":"default","ocean_header_style":"","ocean_center_header_left_menu":"0","ocean_custom_header_template":"0","ocean_custom_logo":0,"ocean_custom_retina_logo":0,"ocean_custom_logo_max_width":0,"ocean_custom_logo_tablet_max_width":0,"ocean_custom_logo_mobile_max_width":0,"ocean_custom_logo_max_height":0,"ocean_custom_logo_tablet_max_height":0,"ocean_custom_logo_mobile_max_height":0,"ocean_header_custom_menu":"0","ocean_menu_typo_font_family":"0","ocean_menu_typo_font_subset":"","ocean_menu_typo_font_size":0,"ocean_menu_typo_font_size_tablet":0,"ocean_menu_typo_font_size_mobile":0,"ocean_menu_typo_font_size_unit":"px","ocean_menu_typo_font_weight":"","ocean_menu_typo_font_weight_tablet":"","ocean_menu_typo_font_weight_mobile":"","ocean_menu_typo_transform":"","ocean_menu_typo_transform_tablet":"","ocean_menu_typo_transform_mobile":"","ocean_menu_typo_line_height":0,"ocean_menu_typo_line_height_tablet":0,"ocean_menu_typo_line_height_mobile":0,"ocean_menu_typo_line_height_unit":"","ocean_menu_typo_spacing":0,"ocean_menu_typo_spacing_tablet":0,"ocean_menu_typo_spacing_mobile":0,"ocean_menu_typo_spacing_unit":"","ocean_menu_link_color":"","ocean_menu_link_color_hover":"","ocean_menu_link_color_active":"","ocean_menu_link_background":"","ocean_menu_link_hover_background":"","ocean_menu_link_active_background":"","ocean_menu_social_links_bg":"","ocean_menu_social_hover_links_bg":"","ocean_menu_social_links_color":"","ocean_menu_social_hover_links_color":"","ocean_disable_title":"default","ocean_disable_heading":"default","ocean_post_title":"","ocean_post_subheading":"","ocean_post_title_style":"","ocean_post_title_background_color":"","ocean_post_title_background":0,"ocean_post_title_bg_image_position":"","ocean_post_title_bg_image_attachment":"","ocean_post_title_bg_image_repeat":"","ocean_post_title_bg_image_size":"","ocean_post_title_height":0,"ocean_post_title_bg_overlay":0.5,"ocean_post_title_bg_overlay_color":"","ocean_disable_breadcrumbs":"default","ocean_breadcrumbs_color":"","ocean_breadcrumbs_separator_color":"","ocean_breadcrumbs_links_color":"","ocean_breadcrumbs_links_hover_color":"","ocean_display_footer_widgets":"default","ocean_display_footer_bottom":"default","ocean_custom_footer_template":"0","ofc_enable_fullscreen":"disable","ofc_fullscreen_speed":0,"ofc_fullscreen_nav":"enable","ofc_fullscreen_nav_pos":"right","ofc_fullscreen_nav_color":"","ofc_fullscreen_nav_tooltip_color":"","ofc_fullscreen_responsive":0},"product_brand":[],"product_cat":[3781],"product_tag":[],"class_list":{"0":"post-57406","1":"product","2":"type-product","3":"status-publish","4":"has-post-thumbnail","6":"product_cat-2012-panini-nba-hoops-basketball-cards-hobby-pack","7":"product_shipping_class-versandklasse_b","9":"entry","10":"has-media","12":"first","13":"instock","14":"taxable","15":"shipping-taxable","16":"purchasable","17":"product-type-simple","18":"col","19":"span_1_of_4","20":"owp-content-center","21":"owp-thumbs-layout-horizontal","22":"owp-btn-normal","23":"owp-tabs-layout-horizontal"},"acf":[],"_links":{"self":[{"href":"https:\/\/memorabilia-germany.de\/de\/wp-json\/wp\/v2\/product\/57406","targetHints":{"allow":["GET"]}}],"collection":[{"href":"https:\/\/memorabilia-germany.de\/de\/wp-json\/wp\/v2\/product"}],"about":[{"href":"https:\/\/memorabilia-germany.de\/de\/wp-json\/wp\/v2\/types\/product"}],"version-history":[{"count":0,"href":"https:\/\/memorabilia-germany.de\/de\/wp-json\/wp\/v2\/product\/57406\/revisions"}],"wp:featuredmedia":[{"embeddable":true,"href":"https:\/\/memorabilia-germany.de\/de\/wp-json\/wp\/v2\/media\/57378"}],"wp:attachment":[{"href":"https:\/\/memorabilia-germany.de\/de\/wp-json\/wp\/v2\/media?parent=57406"}],"wp:term":[{"taxonomy":"product_brand","embeddable":true,"href":"https:\/\/memorabilia-germany.de\/de\/wp-json\/wp\/v2\/product_brand?post=57406"},{"taxonomy":"product_cat","embeddable":true,"href":"https:\/\/memorabilia-germany.de\/de\/wp-json\/wp\/v2\/product_cat?post=57406"},{"taxonomy":"product_tag","embeddable":true,"href":"https:\/\/memorabilia-germany.de\/de\/wp-json\/wp\/v2\/product_tag?post=57406"}],"curies":[{"name":"wp","href":"https:\/\/api.w.org\/{rel}","templated":true}]}}