{"id":57367,"date":"2025-02-21T18:52:10","date_gmt":"2025-02-21T17:52:10","guid":{"rendered":"https:\/\/memorabilia-germany.de\/?post_type=product&#038;p=57367"},"modified":"2026-02-15T23:55:34","modified_gmt":"2026-02-15T22:55:34","slug":"2000-upper-deck-pros-prospects-basketball-cardssingle-pack-hobby-box","status":"publish","type":"product","link":"https:\/\/memorabilia-germany.de\/de\/produkt\/2000-upper-deck-pros-prospects-basketball-cardssingle-pack-hobby-box\/","title":{"rendered":"2000 Upper Deck Pros &#038; Prospects Basketball Cards<\/br>Single Pack (Hobby Box)"},"content":{"rendered":"","protected":false},"excerpt":{"rendered":"<p><strong>Unge\u00f6ffnetes P\u00e4ckchen NBA Trading Cards, original aus dem Jahr 2000 mit einer Chance auf Autographed Game Jersey Cards. Legenden wie Allen Iverson, Reggie Miller oder Kobe Bryant spielten in der NBA und auch im neuen Jahrtausend gelang den Lakers am Ende der Saison ein Sieg in den NBA Finals. Back-to-back als amtierender Champion. Diesmal gegen die Philadelphia 76ers. Shaq und Kobe\u2018s Lakers stellten einen neuen Postseason Record von 15-1 auf, der erst in der Saison 2016\/17 von den Golden State Warriors gebrochen werden sollte. Weitere Infos siehe unten.<\/strong><\/p>\n<ul style=\"list-style-type: square;\">\n<li>Inhalt des P\u00e4ckchens: 5 Karten<\/li>\n<li>Erscheinungsjahr: 2000<\/li>\n<li>Marke: Upper Deck Pros &#038; Prospects<\/li>\n<li>Land: USA<\/li>\n<li>Das P\u00e4ckchen (\u201eSingle Pack\u201c) stammt aus einer durch Memorabilia Germany ge\u00f6ffneten \u201eHobby Box\u201c, die insgesamt 24 P\u00e4ckchen enth\u00e4lt. Alle P\u00e4ckchen sind trotz ihres Alters in einem makellosen Zustand.<\/li>\n<li>Jede Game Jersey Memorabilia Card in dieser Serie ist auch original signiert!<\/li>\n<li>Level II Signature Jersey Cards mit Limitierung auf die Nummer des NBA Players! (Beispiel: Michael Jordan Card w\u00e4re auf 23 St\u00fcck limitiert)<\/li>\n<li>Upper Deck Pros &#038; Prospects 2000 Autographs, Memorabilia Cards &#038; Parallels:\n<ul style=\"list-style-type: circle;\">\n<li>Autographed Game Jersey Cards <\/li>\n<li>Level II Signature Jersey Cards \u2013 limited to player\u2019s jersey number<\/li>\n<li>Star Commands<\/li>\n<li>Star Futures<\/li>\n<li>ProActive Cards<\/li>\n<li>ProMotion Cards<\/li>\n<li>UD Prospects<\/li>\n<\/ul>\n<\/li>\n<li>Finde originale Karten der NBA Legenden aus dem Jahr 2000 wie Kobe Bryant, Allen Iverson, Shaquille O\u2019Neal, Michael Jordan oder Reggie Miller. Die Serie enth\u00e4lt zudem Rookie Cards sp\u00e4terer NBA Superstars aus dem NBA Draft von 2000. Die Kenyon Martin und Marcus Fizer Rookie Cards dieser Serie sind ebenfalls Jersey Cards!<\/li>\n<li>Background Infos 2000: Entgegen der Erwartungen einiger Sekten ging die Welt zum Jahreswechsel ins neue Millenium nicht unter. Auch die Computerwelt \u00fcberlebte die Umstellung in die 00er Jahre gut. George W. Bush \u00fcbernahm das Amt des US Pr\u00e4sidenten von Bill Clinton und Bill Gates beendete sein Amt als Microsoft CEO. American Pie und American Beauty z\u00e4hlten zu den erfolgreichsten Kinofilmen und Destiny\u2019s Child, Linkin Park und die Black Eyed Peas waren in den Charts ganz oben vertreten. Unsere \u201eVintage\u201c Trading Cards sind ein Traum f\u00fcr jeden Nostalgiker und f\u00fcr jeden Sammler, da es sich nicht um Nachproduktionen der fr\u00fcheren Karten handelt, sondern alle P\u00e4ckchen original aus der Zeit entstammen, in der sie damals ver\u00f6ffentlicht wurden.<\/li>\n<\/ul>\n<p>Mehr Trading Cards von fr\u00fcher findest du <strong><a href=\"https:\/\/memorabilia-germany.de\/de\/trading-cards\">hier<\/a><\/strong>.<\/p>\n","protected":false},"featured_media":57343,"template":"","meta":{"_acf_changed":false,"ocean_post_layout":"","ocean_both_sidebars_style":"","ocean_both_sidebars_content_width":0,"ocean_both_sidebars_sidebars_width":0,"ocean_sidebar":"0","ocean_second_sidebar":"0","ocean_disable_margins":"enable","ocean_add_body_class":"","ocean_shortcode_before_top_bar":"","ocean_shortcode_after_top_bar":"","ocean_shortcode_before_header":"","ocean_shortcode_after_header":"","ocean_has_shortcode":"","ocean_shortcode_after_title":"","ocean_shortcode_before_footer_widgets":"","ocean_shortcode_after_footer_widgets":"","ocean_shortcode_before_footer_bottom":"","ocean_shortcode_after_footer_bottom":"","ocean_display_top_bar":"default","ocean_display_header":"default","ocean_header_style":"","ocean_center_header_left_menu":"0","ocean_custom_header_template":"0","ocean_custom_logo":0,"ocean_custom_retina_logo":0,"ocean_custom_logo_max_width":0,"ocean_custom_logo_tablet_max_width":0,"ocean_custom_logo_mobile_max_width":0,"ocean_custom_logo_max_height":0,"ocean_custom_logo_tablet_max_height":0,"ocean_custom_logo_mobile_max_height":0,"ocean_header_custom_menu":"0","ocean_menu_typo_font_family":"0","ocean_menu_typo_font_subset":"","ocean_menu_typo_font_size":0,"ocean_menu_typo_font_size_tablet":0,"ocean_menu_typo_font_size_mobile":0,"ocean_menu_typo_font_size_unit":"px","ocean_menu_typo_font_weight":"","ocean_menu_typo_font_weight_tablet":"","ocean_menu_typo_font_weight_mobile":"","ocean_menu_typo_transform":"","ocean_menu_typo_transform_tablet":"","ocean_menu_typo_transform_mobile":"","ocean_menu_typo_line_height":0,"ocean_menu_typo_line_height_tablet":0,"ocean_menu_typo_line_height_mobile":0,"ocean_menu_typo_line_height_unit":"","ocean_menu_typo_spacing":0,"ocean_menu_typo_spacing_tablet":0,"ocean_menu_typo_spacing_mobile":0,"ocean_menu_typo_spacing_unit":"","ocean_menu_link_color":"","ocean_menu_link_color_hover":"","ocean_menu_link_color_active":"","ocean_menu_link_background":"","ocean_menu_link_hover_background":"","ocean_menu_link_active_background":"","ocean_menu_social_links_bg":"","ocean_menu_social_hover_links_bg":"","ocean_menu_social_links_color":"","ocean_menu_social_hover_links_color":"","ocean_disable_title":"default","ocean_disable_heading":"default","ocean_post_title":"","ocean_post_subheading":"","ocean_post_title_style":"","ocean_post_title_background_color":"","ocean_post_title_background":0,"ocean_post_title_bg_image_position":"","ocean_post_title_bg_image_attachment":"","ocean_post_title_bg_image_repeat":"","ocean_post_title_bg_image_size":"","ocean_post_title_height":0,"ocean_post_title_bg_overlay":0.5,"ocean_post_title_bg_overlay_color":"","ocean_disable_breadcrumbs":"default","ocean_breadcrumbs_color":"","ocean_breadcrumbs_separator_color":"","ocean_breadcrumbs_links_color":"","ocean_breadcrumbs_links_hover_color":"","ocean_display_footer_widgets":"default","ocean_display_footer_bottom":"default","ocean_custom_footer_template":"0","ofc_enable_fullscreen":"disable","ofc_fullscreen_speed":0,"ofc_fullscreen_nav":"enable","ofc_fullscreen_nav_pos":"right","ofc_fullscreen_nav_color":"","ofc_fullscreen_nav_tooltip_color":"","ofc_fullscreen_responsive":0},"product_brand":[],"product_cat":[3777],"product_tag":[],"class_list":{"0":"post-57367","1":"product","2":"type-product","3":"status-publish","4":"has-post-thumbnail","6":"product_cat-2000-upper-deck-pros-prospects-basketball-cards-single-pack-hobby-box","7":"product_shipping_class-versandklasse_b","9":"entry","10":"has-media","12":"first","13":"instock","14":"taxable","15":"shipping-taxable","16":"purchasable","17":"product-type-simple","18":"col","19":"span_1_of_4","20":"owp-content-center","21":"owp-thumbs-layout-horizontal","22":"owp-btn-normal","23":"owp-tabs-layout-horizontal"},"acf":[],"_links":{"self":[{"href":"https:\/\/memorabilia-germany.de\/de\/wp-json\/wp\/v2\/product\/57367","targetHints":{"allow":["GET"]}}],"collection":[{"href":"https:\/\/memorabilia-germany.de\/de\/wp-json\/wp\/v2\/product"}],"about":[{"href":"https:\/\/memorabilia-germany.de\/de\/wp-json\/wp\/v2\/types\/product"}],"version-history":[{"count":0,"href":"https:\/\/memorabilia-germany.de\/de\/wp-json\/wp\/v2\/product\/57367\/revisions"}],"wp:featuredmedia":[{"embeddable":true,"href":"https:\/\/memorabilia-germany.de\/de\/wp-json\/wp\/v2\/media\/57343"}],"wp:attachment":[{"href":"https:\/\/memorabilia-germany.de\/de\/wp-json\/wp\/v2\/media?parent=57367"}],"wp:term":[{"taxonomy":"product_brand","embeddable":true,"href":"https:\/\/memorabilia-germany.de\/de\/wp-json\/wp\/v2\/product_brand?post=57367"},{"taxonomy":"product_cat","embeddable":true,"href":"https:\/\/memorabilia-germany.de\/de\/wp-json\/wp\/v2\/product_cat?post=57367"},{"taxonomy":"product_tag","embeddable":true,"href":"https:\/\/memorabilia-germany.de\/de\/wp-json\/wp\/v2\/product_tag?post=57367"}],"curies":[{"name":"wp","href":"https:\/\/api.w.org\/{rel}","templated":true}]}}