{"id":57257,"date":"2025-02-20T12:41:19","date_gmt":"2025-02-20T11:41:19","guid":{"rendered":"https:\/\/memorabilia-germany.de\/?post_type=product&#038;p=57257"},"modified":"2026-02-22T21:00:13","modified_gmt":"2026-02-22T20:00:13","slug":"1999-upper-deck-mvp-basketballsingle-pack-hobby-box","status":"publish","type":"product","link":"https:\/\/memorabilia-germany.de\/de\/produkt\/1999-upper-deck-mvp-basketballsingle-pack-hobby-box\/","title":{"rendered":"1999 Upper Deck MVP Basketball<\/br>Single Pack (Hobby Box)"},"content":{"rendered":"","protected":false},"excerpt":{"rendered":"<p><strong>Unge\u00f6ffnetes P\u00e4ckchen NBA Trading Cards, original aus dem Jahr 1999 mit einer Chance auf Michael Jordan Gold Scripts, Pro Sign Autographs und Hobby Exclusive Game Used Memorabilia Cards. Legenden wie Kobe Bryant, Kevin Garnett oder Shaquille O\u2018Neal spielten in der NBA und die Saison des letzten Jahres des alten Jahrtausends brachte einige \u00c4nderungen mit sich. Charles Barkley verletzte sich schwer, konnte aber f\u00fcr ein letztes Spiel vor dem Ruhestand zur\u00fcckkehren, der legend\u00e4re Patrick Ewing verlies die New York Knicks in Richtung Seattle und eine Reihe an Teams bezog ihre neuen Stadien. So spielten auch die Lakers und Clippers zum ersten Mal in ihrer neuen Arena, dem Staples Center. W\u00e4hrend die Clippers als schlechtestes Team der Liga die Regular Season beendeten, gelang es den Lakers die NBA Finals gegen Indiana zu gewinnen. Weitere Infos siehe unten.<\/strong><\/p>\n<ul style=\"list-style-type: square;\">\n<li>Inhalt des P\u00e4ckchens: 10 Karten<\/li>\n<li>Erscheinungsjahr: 1999<\/li>\n<li>Marke: Upper Deck MVP (Upper Deck)<\/li>\n<li>Land: USA<\/li>\n<li>Das P\u00e4ckchen (\u201eSingle Pack\u201c) stammt aus einer durch Memorabilia Germany ge\u00f6ffneten \u201eHobby Box\u201c, die insgesamt 28 P\u00e4ckchen enth\u00e4lt. Alle P\u00e4ckchen sind trotz ihres Alters in einem makellosen Zustand.<\/li>\n<li>Finde Michael Jordan Gold Scripts, Game Used Memorabilia Cards &#038; Autograph Pro Sign Cards in dieser Serie!<\/li>\n<li>Jordan\u2019s MVP Moments Inserts in dieser Serie!<\/li>\n<li>Finde originale Karten der NBA Legenden aus dem Jahr 1999 wie Kobe Bryant, Michael Jordan, Charles Barkley, Kevin Garnett, Patrick Ewing oder Shaquille O\u2019Neal. Die Serie enth\u00e4lt zudem Rookie Cards sp\u00e4terer NBA Superstars aus dem NBA Draft von 1999 wie Shawn Marion, Steve Francis oder Andre Miller .<\/li>\n<li>MVP Autographs, Memorabilia Cards &#038; Special Inserts von 1999:\n<ul style=\"list-style-type: circle;\">\n<li>Pro Sign Autograph Cards <\/li>\n<li>Game Used Memorabilia Cards<\/li>\n<li>Jordan\u2019s MVP Moments<\/li>\n<li>Gold Scripts<\/li>\n<li>Super Scripts<\/li>\n<li>Electrifying<\/li>\n<li>MVP Theatre<\/li>\n<li>Jam Time<\/li>\n<li>21s Century<\/li>\n<li>Dynamics Inserts<\/li>\n<li>Draw Your Own Contest Cards<\/li>\n<\/ul>\n<\/li>\n<li>Background Infos 1999: Im letzten Jahr des 20. Jahrhunderts bereitet sich die Menschheit auf das Millenium vor. Ger\u00fcchte \u00fcber den Zusammenbruch von IT-Systemen und andere Szenarien machen die Runde, werden sich aber zum Jahreswechsel als falsch erweisen. Eishockey-Legende Wayne Gretzky beendet seine Karriere und gilt bis heute als bester NHL Spieler aller Zeiten. In den Kinos werden auch weiterhin Klassiker wie \u201eBlair Witch Project\u201c oder \u201eMatrix\u201c produziert und in den Charts sind Lieder von Britney Spears, den Backstreet Boys oder Destiny\u2019s Child zu finden. Unsere \u201eVintage\u201c Trading Cards sind ein Traum f\u00fcr jeden Nostalgiker und f\u00fcr jeden Sammler, da es sich nicht um Nachproduktionen der fr\u00fcheren Karten handelt, sondern alle P\u00e4ckchen original aus der Zeit entstammen, in der sie damals ver\u00f6ffentlicht wurden.<\/li>\n<\/ul>\n<p>Mehr Trading Cards von fr\u00fcher findest du <strong><a href=\"https:\/\/memorabilia-germany.de\/de\/trading-cards\">hier<\/a><\/strong>.<\/p>\n","protected":false},"featured_media":57229,"template":"","meta":{"_acf_changed":false,"ocean_post_layout":"","ocean_both_sidebars_style":"","ocean_both_sidebars_content_width":0,"ocean_both_sidebars_sidebars_width":0,"ocean_sidebar":"0","ocean_second_sidebar":"0","ocean_disable_margins":"enable","ocean_add_body_class":"","ocean_shortcode_before_top_bar":"","ocean_shortcode_after_top_bar":"","ocean_shortcode_before_header":"","ocean_shortcode_after_header":"","ocean_has_shortcode":"","ocean_shortcode_after_title":"","ocean_shortcode_before_footer_widgets":"","ocean_shortcode_after_footer_widgets":"","ocean_shortcode_before_footer_bottom":"","ocean_shortcode_after_footer_bottom":"","ocean_display_top_bar":"default","ocean_display_header":"default","ocean_header_style":"","ocean_center_header_left_menu":"0","ocean_custom_header_template":"0","ocean_custom_logo":0,"ocean_custom_retina_logo":0,"ocean_custom_logo_max_width":0,"ocean_custom_logo_tablet_max_width":0,"ocean_custom_logo_mobile_max_width":0,"ocean_custom_logo_max_height":0,"ocean_custom_logo_tablet_max_height":0,"ocean_custom_logo_mobile_max_height":0,"ocean_header_custom_menu":"0","ocean_menu_typo_font_family":"0","ocean_menu_typo_font_subset":"","ocean_menu_typo_font_size":0,"ocean_menu_typo_font_size_tablet":0,"ocean_menu_typo_font_size_mobile":0,"ocean_menu_typo_font_size_unit":"px","ocean_menu_typo_font_weight":"","ocean_menu_typo_font_weight_tablet":"","ocean_menu_typo_font_weight_mobile":"","ocean_menu_typo_transform":"","ocean_menu_typo_transform_tablet":"","ocean_menu_typo_transform_mobile":"","ocean_menu_typo_line_height":0,"ocean_menu_typo_line_height_tablet":0,"ocean_menu_typo_line_height_mobile":0,"ocean_menu_typo_line_height_unit":"","ocean_menu_typo_spacing":0,"ocean_menu_typo_spacing_tablet":0,"ocean_menu_typo_spacing_mobile":0,"ocean_menu_typo_spacing_unit":"","ocean_menu_link_color":"","ocean_menu_link_color_hover":"","ocean_menu_link_color_active":"","ocean_menu_link_background":"","ocean_menu_link_hover_background":"","ocean_menu_link_active_background":"","ocean_menu_social_links_bg":"","ocean_menu_social_hover_links_bg":"","ocean_menu_social_links_color":"","ocean_menu_social_hover_links_color":"","ocean_disable_title":"default","ocean_disable_heading":"default","ocean_post_title":"","ocean_post_subheading":"","ocean_post_title_style":"","ocean_post_title_background_color":"","ocean_post_title_background":0,"ocean_post_title_bg_image_position":"","ocean_post_title_bg_image_attachment":"","ocean_post_title_bg_image_repeat":"","ocean_post_title_bg_image_size":"","ocean_post_title_height":0,"ocean_post_title_bg_overlay":0.5,"ocean_post_title_bg_overlay_color":"","ocean_disable_breadcrumbs":"default","ocean_breadcrumbs_color":"","ocean_breadcrumbs_separator_color":"","ocean_breadcrumbs_links_color":"","ocean_breadcrumbs_links_hover_color":"","ocean_display_footer_widgets":"default","ocean_display_footer_bottom":"default","ocean_custom_footer_template":"0","ofc_enable_fullscreen":"disable","ofc_fullscreen_speed":0,"ofc_fullscreen_nav":"enable","ofc_fullscreen_nav_pos":"right","ofc_fullscreen_nav_color":"","ofc_fullscreen_nav_tooltip_color":"","ofc_fullscreen_responsive":0},"product_brand":[],"product_cat":[3769],"product_tag":[],"class_list":{"0":"post-57257","1":"product","2":"type-product","3":"status-publish","4":"has-post-thumbnail","6":"product_cat-1999-upper-deck-mvp-basketball-single-pack-hobby-box","7":"product_shipping_class-versandklasse_b","9":"entry","10":"has-media","12":"first","13":"instock","14":"taxable","15":"shipping-taxable","16":"purchasable","17":"product-type-simple","18":"col","19":"span_1_of_4","20":"owp-content-center","21":"owp-thumbs-layout-horizontal","22":"owp-btn-normal","23":"owp-tabs-layout-horizontal"},"acf":[],"_links":{"self":[{"href":"https:\/\/memorabilia-germany.de\/de\/wp-json\/wp\/v2\/product\/57257","targetHints":{"allow":["GET"]}}],"collection":[{"href":"https:\/\/memorabilia-germany.de\/de\/wp-json\/wp\/v2\/product"}],"about":[{"href":"https:\/\/memorabilia-germany.de\/de\/wp-json\/wp\/v2\/types\/product"}],"version-history":[{"count":0,"href":"https:\/\/memorabilia-germany.de\/de\/wp-json\/wp\/v2\/product\/57257\/revisions"}],"wp:featuredmedia":[{"embeddable":true,"href":"https:\/\/memorabilia-germany.de\/de\/wp-json\/wp\/v2\/media\/57229"}],"wp:attachment":[{"href":"https:\/\/memorabilia-germany.de\/de\/wp-json\/wp\/v2\/media?parent=57257"}],"wp:term":[{"taxonomy":"product_brand","embeddable":true,"href":"https:\/\/memorabilia-germany.de\/de\/wp-json\/wp\/v2\/product_brand?post=57257"},{"taxonomy":"product_cat","embeddable":true,"href":"https:\/\/memorabilia-germany.de\/de\/wp-json\/wp\/v2\/product_cat?post=57257"},{"taxonomy":"product_tag","embeddable":true,"href":"https:\/\/memorabilia-germany.de\/de\/wp-json\/wp\/v2\/product_tag?post=57257"}],"curies":[{"name":"wp","href":"https:\/\/api.w.org\/{rel}","templated":true}]}}