{"id":57000,"date":"2025-02-19T13:41:46","date_gmt":"2025-02-19T12:41:46","guid":{"rendered":"https:\/\/memorabilia-germany.de\/?post_type=product&#038;p=57000"},"modified":"2026-03-12T21:04:20","modified_gmt":"2026-03-12T20:04:20","slug":"2002-topps-nba-basketball-cardsretail-pack","status":"publish","type":"product","link":"https:\/\/memorabilia-germany.de\/de\/produkt\/2002-topps-nba-basketball-cardsretail-pack\/","title":{"rendered":"2002 topps NBA Basketball Cards<\/br>Retail Pack"},"content":{"rendered":"","protected":false},"excerpt":{"rendered":"<p><strong>Unge\u00f6ffnetes P\u00e4ckchen NBA Trading Cards, original aus dem Jahr 2002 mit einer Chance auf Superstar Autographs und Shaq Attack Relic Memorabilia Cards. Die gro\u00dfe \u00dcberschrift der NBA Saison 2002\/03 war wohl \u201eMichael Jordan\u2019s last dance\u201c \u2013 es war die letze Saison des gr\u00f6\u00dften Spielers aller Zeiten, der zwischen 2001 und 2003 noch einmal f\u00fcr die Washington Wizards angriff. Am 16. April 2003 verabschiedete sich die Legende beim Spiel in Philadelphia f\u00fcr immer vom aktiven Basketball. Zudem war es die erste Saison seit 1998\/99, in der die Los Angeles Lakers nicht in den NBA Finals standen. Die Spurs schlugen die New Jersey Nets in 6 Spielen, Tim Duncan wurde Finals MVP. Weitere Infos siehe unten.<\/strong><\/p>\n<ul style=\"list-style-type: square;\">\n<li>Inhalt des P\u00e4ckchens: 10 Karten<\/li>\n<li>Erscheinungsjahr: 2002<\/li>\n<li>Marke: topps<\/li>\n<li>Land: USA<\/li>\n<li>Das P\u00e4ckchen (\u201eRetail Pack\u201c) stammt aus einer durch Memorabilia Germany ge\u00f6ffneten \u201eRetail Box\u201c, die insgesamt 36 P\u00e4ckchen enth\u00e4lt. Alle P\u00e4ckchen sind trotz ihres Alters in einem makellosen Zustand.<\/li>\n<li>Die Retail Serie ist gl\u00e4nzt mit vielen Autograph &#038; Memorabilia Cards, wie Shaq Attack, Slam Duncan oder Dirk Nowitzki Relics.<\/li>\n<li>Michael Jordan\u2019s Final Season Wizards Cards in dieser Serie!<\/li>\n<li>Finde Yao Ming Rookie Cards in dieser Serie!<\/li>\n<li>Topps 2002 Autographs, Memorabilia Cards &#038; Parallels:\n<ul style=\"list-style-type: circle;\">\n<li>Superstar Autographs <\/li>\n<li>Shaq Attack + Slam Duncan Relics <\/li>\n<li>All-Star Remnants Relics<\/li>\n<li>Coast to Coast Inserts<\/li>\n<li>Verticality Inserts<\/li>\n<li>Top Tandems<\/li>\n<li>Black Border Parallels<\/li>\n<li>Around the World<\/li>\n<\/ul>\n<\/li>\n<li>Finde originale Karten der NBA Legenden aus dem Jahr 2002 wie Kobe Bryant, Tim Duncan, Allen Iverson, Kevin Garnett, Shaquille O\u2019Neal, Dirk Nowitzki oder Michael Jordan. Die Serie enth\u00e4lt zudem Rookie Cards sp\u00e4terer NBA Superstars wie Yao Ming, Caron Butler oder Amar&#8217;e Stoudemire!<\/li>\n<li>Background Infos 2002: In 12 von 15 EU L\u00e4ndern wird der Euro offizielles Zahlungsmittel. Die meistbesuchte Website der Welt ist AOL, die durchschnittliche Website ben\u00f6tigte \u2013 kleiner Fun Fact \u2013 allerdings auch 16 Sekunden Ladezeit. In der Formel 1 wird Michael Schumacher zum f\u00fcnften Mal Weltmeister und die Br\u00fcder Klitschko hauen alles um, was nicht schnell genug rennen kann.<\/li>\n<\/ul>\n<p>Mehr Trading Cards von fr\u00fcher findest du <strong><a href=\"https:\/\/memorabilia-germany.de\/de\/trading-cards\">hier<\/a><\/strong>.<\/p>\n","protected":false},"featured_media":56972,"template":"","meta":{"_acf_changed":false,"ocean_post_layout":"","ocean_both_sidebars_style":"","ocean_both_sidebars_content_width":0,"ocean_both_sidebars_sidebars_width":0,"ocean_sidebar":"0","ocean_second_sidebar":"0","ocean_disable_margins":"enable","ocean_add_body_class":"","ocean_shortcode_before_top_bar":"","ocean_shortcode_after_top_bar":"","ocean_shortcode_before_header":"","ocean_shortcode_after_header":"","ocean_has_shortcode":"","ocean_shortcode_after_title":"","ocean_shortcode_before_footer_widgets":"","ocean_shortcode_after_footer_widgets":"","ocean_shortcode_before_footer_bottom":"","ocean_shortcode_after_footer_bottom":"","ocean_display_top_bar":"default","ocean_display_header":"default","ocean_header_style":"","ocean_center_header_left_menu":"0","ocean_custom_header_template":"0","ocean_custom_logo":0,"ocean_custom_retina_logo":0,"ocean_custom_logo_max_width":0,"ocean_custom_logo_tablet_max_width":0,"ocean_custom_logo_mobile_max_width":0,"ocean_custom_logo_max_height":0,"ocean_custom_logo_tablet_max_height":0,"ocean_custom_logo_mobile_max_height":0,"ocean_header_custom_menu":"0","ocean_menu_typo_font_family":"0","ocean_menu_typo_font_subset":"","ocean_menu_typo_font_size":0,"ocean_menu_typo_font_size_tablet":0,"ocean_menu_typo_font_size_mobile":0,"ocean_menu_typo_font_size_unit":"px","ocean_menu_typo_font_weight":"","ocean_menu_typo_font_weight_tablet":"","ocean_menu_typo_font_weight_mobile":"","ocean_menu_typo_transform":"","ocean_menu_typo_transform_tablet":"","ocean_menu_typo_transform_mobile":"","ocean_menu_typo_line_height":0,"ocean_menu_typo_line_height_tablet":0,"ocean_menu_typo_line_height_mobile":0,"ocean_menu_typo_line_height_unit":"","ocean_menu_typo_spacing":0,"ocean_menu_typo_spacing_tablet":0,"ocean_menu_typo_spacing_mobile":0,"ocean_menu_typo_spacing_unit":"","ocean_menu_link_color":"","ocean_menu_link_color_hover":"","ocean_menu_link_color_active":"","ocean_menu_link_background":"","ocean_menu_link_hover_background":"","ocean_menu_link_active_background":"","ocean_menu_social_links_bg":"","ocean_menu_social_hover_links_bg":"","ocean_menu_social_links_color":"","ocean_menu_social_hover_links_color":"","ocean_disable_title":"default","ocean_disable_heading":"default","ocean_post_title":"","ocean_post_subheading":"","ocean_post_title_style":"","ocean_post_title_background_color":"","ocean_post_title_background":0,"ocean_post_title_bg_image_position":"","ocean_post_title_bg_image_attachment":"","ocean_post_title_bg_image_repeat":"","ocean_post_title_bg_image_size":"","ocean_post_title_height":0,"ocean_post_title_bg_overlay":0.5,"ocean_post_title_bg_overlay_color":"","ocean_disable_breadcrumbs":"default","ocean_breadcrumbs_color":"","ocean_breadcrumbs_separator_color":"","ocean_breadcrumbs_links_color":"","ocean_breadcrumbs_links_hover_color":"","ocean_display_footer_widgets":"default","ocean_display_footer_bottom":"default","ocean_custom_footer_template":"0","ofc_enable_fullscreen":"disable","ofc_fullscreen_speed":0,"ofc_fullscreen_nav":"enable","ofc_fullscreen_nav_pos":"right","ofc_fullscreen_nav_color":"","ofc_fullscreen_nav_tooltip_color":"","ofc_fullscreen_responsive":0},"product_brand":[],"product_cat":[37],"product_tag":[],"class_list":{"0":"post-57000","1":"product","2":"type-product","3":"status-publish","4":"has-post-thumbnail","6":"product_cat-unkategorisiert","7":"product_shipping_class-versandklasse_b","9":"entry","10":"has-media","12":"first","13":"instock","14":"taxable","15":"shipping-taxable","16":"purchasable","17":"product-type-simple","18":"col","19":"span_1_of_4","20":"owp-content-center","21":"owp-thumbs-layout-horizontal","22":"owp-btn-normal","23":"owp-tabs-layout-horizontal"},"acf":[],"_links":{"self":[{"href":"https:\/\/memorabilia-germany.de\/de\/wp-json\/wp\/v2\/product\/57000","targetHints":{"allow":["GET"]}}],"collection":[{"href":"https:\/\/memorabilia-germany.de\/de\/wp-json\/wp\/v2\/product"}],"about":[{"href":"https:\/\/memorabilia-germany.de\/de\/wp-json\/wp\/v2\/types\/product"}],"version-history":[{"count":0,"href":"https:\/\/memorabilia-germany.de\/de\/wp-json\/wp\/v2\/product\/57000\/revisions"}],"wp:featuredmedia":[{"embeddable":true,"href":"https:\/\/memorabilia-germany.de\/de\/wp-json\/wp\/v2\/media\/56972"}],"wp:attachment":[{"href":"https:\/\/memorabilia-germany.de\/de\/wp-json\/wp\/v2\/media?parent=57000"}],"wp:term":[{"taxonomy":"product_brand","embeddable":true,"href":"https:\/\/memorabilia-germany.de\/de\/wp-json\/wp\/v2\/product_brand?post=57000"},{"taxonomy":"product_cat","embeddable":true,"href":"https:\/\/memorabilia-germany.de\/de\/wp-json\/wp\/v2\/product_cat?post=57000"},{"taxonomy":"product_tag","embeddable":true,"href":"https:\/\/memorabilia-germany.de\/de\/wp-json\/wp\/v2\/product_tag?post=57000"}],"curies":[{"name":"wp","href":"https:\/\/api.w.org\/{rel}","templated":true}]}}