{"id":56948,"date":"2025-02-17T18:05:13","date_gmt":"2025-02-17T17:05:13","guid":{"rendered":"https:\/\/memorabilia-germany.de\/?post_type=product&#038;p=56948"},"modified":"2026-03-31T08:10:25","modified_gmt":"2026-03-31T06:10:25","slug":"2005-upper-deck-basketball-cardssingle-pack-hobby-box","status":"publish","type":"product","link":"https:\/\/memorabilia-germany.de\/de\/produkt\/2005-upper-deck-basketball-cardssingle-pack-hobby-box\/","title":{"rendered":"2005 Upper Deck Basketball Cards<\/br>Single Pack (Hobby Box)"},"content":{"rendered":"","protected":false},"excerpt":{"rendered":"<p><strong>Unge\u00f6ffnetes P\u00e4ckchen NBA Trading Cards, original aus dem Jahr 2005 mit einer Chance auf Lebron James Signature Sensations &amp; Michael Jordan Buy Backs.<\/strong><br \/>\n<strong>Die Saison von 2005\/06 war die 60. Jubil\u00e4umssaison der NBA. Season MVP wurde Steve Nash, der mit den Suns bereits in der ersten Playoff Runde auf die Lakers traf, die neben Shaquille O\u2019Neal nat\u00fcrlich den Season Top Scorer Kobe Bryant in den Reihen hatten. Trotzdem musste sich Los Angeles \u00fcber 7 Spiele geschlagen geben. Aber auch die Suns bekamen sp\u00e4ter ein Ticket nachhause, ausgestellt von Dirk Nowitzki und den Dallas Mavericks. Dallas gewann das Conference Final und unterlag am Ende den Miami Heat den Finals. Finals MVP wurde Dwyane Wade. Weitere Infos siehe unten.<\/strong><\/p>\n<ul style=\"list-style-type: square;\">\n<li>Inhalt des P\u00e4ckchens: 8 Karten<\/li>\n<li>Erscheinungsjahr: 2005<\/li>\n<li>Marke: Upper Deck<\/li>\n<li>Land: USA<\/li>\n<li>Das P\u00e4ckchen (\u201eHobby Pack\u201c) stammt aus einer durch Memorabilia Germany ge\u00f6ffneten \u201eHobby Box\u201c, die insgesamt 24 P\u00e4ckchen enth\u00e4lt. Alle P\u00e4ckchen sind trotz ihres Alters in einem makellosen Zustand<\/li>\n<li>Diese Serie ist vollgestoppft mit Autograph &#038; Memorabilia Cards, wie Signature Sensations, All-Star Authentics oder Rookie Review Materials.<\/li>\n<li>Finde LeBron James Autograph und Memorabilia Cards in dieser Serie!<\/li>\n<li>Upper Deck 2005 MVP Autographs, Memorabilia Cards &#038; Parallels:\n<ul style=\"list-style-type: circle;\">\n<li>Signature Sensations <\/li>\n<li>Performance Clause Autograph Jersey Redemption <\/li>\n<li>Rookie Review Materials <\/li>\n<li>All-StarAuthentics <\/li>\n<li>Performance Clause Jersey Redemption<\/li>\n<li>UD Game Jerseys<\/li>\n<li>UD Game Patches<\/li>\n<li>UD Materials<\/li>\n<li>Star Rookies Gold Parallels<\/li>\n<li>Star Rookies Silver Spectrum Parallels<\/li>\n<li>Regular Player Gold Parallels<\/li>\n<\/ul>\n<\/li>\n<li>Finde originale Karten der NBA Legenden aus dem Jahr 2005 wie LeBron James, Kobe Bryant, Tim Duncan, Allen Iverson, Dwyane Wade, Shaquille O\u2019Neal oder Dirk Nowitzki. Die Serie enth\u00e4lt zudem Rookie Cards sp\u00e4terer NBA Superstars wie Andrew Bogut oder Chris Paul!<\/li>\n<li>Background Infos 2005: Obwohl sich historische Ereignisse abspielten, etwa, dass Joseph Ratzinger zum Papst gew\u00e4hlt wurde oder die Plattform youtube erstmals online ging, bleibt vielen wohl am ehesten eine Naturkatastrophe in Erinnerung, wenn sie an das Jahr 2005 zur\u00fcckdenken. Hurrikan Katrina bildet sich Ende August \u00fcber den Bahamas und wird zun\u00e4chst als \u201egem\u00e4\u00dfigt\u201c eingestuft. Der Sturm wird allerdings Kurs auf die USA nehmen und sich innerhalb k\u00fcrzester Zeit zu einem der heftigsten Wirbelst\u00fcrme entwickeln, die jemals aufgezeichnet wurden. In Louisiana und Florida wird der Hurrikan ganze Landstriche zerst\u00f6ren und vor allem in der Gro\u00dfstadt New Orleans f\u00fcr eine Zerst\u00f6rung von historischem Ausma\u00df sorgen.<\/li>\n<\/ul>\n<p>Mehr Trading Cards von fr\u00fcher findest du <strong><a href=\"https:\/\/memorabilia-germany.de\/de\/trading-cards\">hier<\/a><\/strong>.<\/p>\n","protected":false},"featured_media":56920,"template":"","meta":{"_acf_changed":false,"ocean_post_layout":"","ocean_both_sidebars_style":"","ocean_both_sidebars_content_width":0,"ocean_both_sidebars_sidebars_width":0,"ocean_sidebar":"0","ocean_second_sidebar":"0","ocean_disable_margins":"enable","ocean_add_body_class":"","ocean_shortcode_before_top_bar":"","ocean_shortcode_after_top_bar":"","ocean_shortcode_before_header":"","ocean_shortcode_after_header":"","ocean_has_shortcode":"","ocean_shortcode_after_title":"","ocean_shortcode_before_footer_widgets":"","ocean_shortcode_after_footer_widgets":"","ocean_shortcode_before_footer_bottom":"","ocean_shortcode_after_footer_bottom":"","ocean_display_top_bar":"default","ocean_display_header":"default","ocean_header_style":"","ocean_center_header_left_menu":"0","ocean_custom_header_template":"0","ocean_custom_logo":0,"ocean_custom_retina_logo":0,"ocean_custom_logo_max_width":0,"ocean_custom_logo_tablet_max_width":0,"ocean_custom_logo_mobile_max_width":0,"ocean_custom_logo_max_height":0,"ocean_custom_logo_tablet_max_height":0,"ocean_custom_logo_mobile_max_height":0,"ocean_header_custom_menu":"0","ocean_menu_typo_font_family":"0","ocean_menu_typo_font_subset":"","ocean_menu_typo_font_size":0,"ocean_menu_typo_font_size_tablet":0,"ocean_menu_typo_font_size_mobile":0,"ocean_menu_typo_font_size_unit":"px","ocean_menu_typo_font_weight":"","ocean_menu_typo_font_weight_tablet":"","ocean_menu_typo_font_weight_mobile":"","ocean_menu_typo_transform":"","ocean_menu_typo_transform_tablet":"","ocean_menu_typo_transform_mobile":"","ocean_menu_typo_line_height":0,"ocean_menu_typo_line_height_tablet":0,"ocean_menu_typo_line_height_mobile":0,"ocean_menu_typo_line_height_unit":"","ocean_menu_typo_spacing":0,"ocean_menu_typo_spacing_tablet":0,"ocean_menu_typo_spacing_mobile":0,"ocean_menu_typo_spacing_unit":"","ocean_menu_link_color":"","ocean_menu_link_color_hover":"","ocean_menu_link_color_active":"","ocean_menu_link_background":"","ocean_menu_link_hover_background":"","ocean_menu_link_active_background":"","ocean_menu_social_links_bg":"","ocean_menu_social_hover_links_bg":"","ocean_menu_social_links_color":"","ocean_menu_social_hover_links_color":"","ocean_disable_title":"default","ocean_disable_heading":"default","ocean_post_title":"","ocean_post_subheading":"","ocean_post_title_style":"","ocean_post_title_background_color":"","ocean_post_title_background":0,"ocean_post_title_bg_image_position":"","ocean_post_title_bg_image_attachment":"","ocean_post_title_bg_image_repeat":"","ocean_post_title_bg_image_size":"","ocean_post_title_height":0,"ocean_post_title_bg_overlay":0.5,"ocean_post_title_bg_overlay_color":"","ocean_disable_breadcrumbs":"default","ocean_breadcrumbs_color":"","ocean_breadcrumbs_separator_color":"","ocean_breadcrumbs_links_color":"","ocean_breadcrumbs_links_hover_color":"","ocean_display_footer_widgets":"default","ocean_display_footer_bottom":"default","ocean_custom_footer_template":"0","ofc_enable_fullscreen":"disable","ofc_fullscreen_speed":0,"ofc_fullscreen_nav":"enable","ofc_fullscreen_nav_pos":"right","ofc_fullscreen_nav_color":"","ofc_fullscreen_nav_tooltip_color":"","ofc_fullscreen_responsive":0},"product_brand":[],"product_cat":[3745],"product_tag":[],"class_list":{"0":"post-56948","1":"product","2":"type-product","3":"status-publish","4":"has-post-thumbnail","6":"product_cat-2005-upper-deck-basketball-cards-single-pack-hobby-box","7":"product_shipping_class-versandklasse_b","9":"entry","10":"has-media","12":"first","13":"instock","14":"taxable","15":"shipping-taxable","16":"purchasable","17":"product-type-simple","18":"col","19":"span_1_of_4","20":"owp-content-center","21":"owp-thumbs-layout-horizontal","22":"owp-btn-normal","23":"owp-tabs-layout-horizontal"},"acf":[],"_links":{"self":[{"href":"https:\/\/memorabilia-germany.de\/de\/wp-json\/wp\/v2\/product\/56948","targetHints":{"allow":["GET"]}}],"collection":[{"href":"https:\/\/memorabilia-germany.de\/de\/wp-json\/wp\/v2\/product"}],"about":[{"href":"https:\/\/memorabilia-germany.de\/de\/wp-json\/wp\/v2\/types\/product"}],"version-history":[{"count":0,"href":"https:\/\/memorabilia-germany.de\/de\/wp-json\/wp\/v2\/product\/56948\/revisions"}],"wp:featuredmedia":[{"embeddable":true,"href":"https:\/\/memorabilia-germany.de\/de\/wp-json\/wp\/v2\/media\/56920"}],"wp:attachment":[{"href":"https:\/\/memorabilia-germany.de\/de\/wp-json\/wp\/v2\/media?parent=56948"}],"wp:term":[{"taxonomy":"product_brand","embeddable":true,"href":"https:\/\/memorabilia-germany.de\/de\/wp-json\/wp\/v2\/product_brand?post=56948"},{"taxonomy":"product_cat","embeddable":true,"href":"https:\/\/memorabilia-germany.de\/de\/wp-json\/wp\/v2\/product_cat?post=56948"},{"taxonomy":"product_tag","embeddable":true,"href":"https:\/\/memorabilia-germany.de\/de\/wp-json\/wp\/v2\/product_tag?post=56948"}],"curies":[{"name":"wp","href":"https:\/\/api.w.org\/{rel}","templated":true}]}}