{"id":56831,"date":"2025-02-17T15:34:14","date_gmt":"2025-02-17T14:34:14","guid":{"rendered":"https:\/\/memorabilia-germany.de\/?post_type=product&#038;p=56831"},"modified":"2026-02-28T15:09:07","modified_gmt":"2026-02-28T14:09:07","slug":"2000-upper-deck-sp-authentic-basketball-cards-single-pack-hobby-box","status":"publish","type":"product","link":"https:\/\/memorabilia-germany.de\/de\/produkt\/2000-upper-deck-sp-authentic-basketball-cards-single-pack-hobby-box\/","title":{"rendered":"2000 Upper Deck SP Authentic Basketball Cards<\/br>Single Pack (Hobby Box)"},"content":{"rendered":"","protected":false},"excerpt":{"rendered":"<p><strong>Unge\u00f6ffnetes P\u00e4ckchen NBA Trading Cards, original aus dem Jahr 2000 mit einer Chance auf Michael Jordan, Dirk Nowitzki und Kobe Bryant Sign of the Times Autographs. Legenden wie Allen Iverson, Reggie Miller oder Kobe Bryant spielten in der NBA und auch im neuen Jahrtausend gelang den Lakers am Ende der Saison ein Sieg in den NBA Finals. Back-to-back als amtierender Champion. Diesmal gegen die Philadelphia 76ers. Shaq und Kobe\u2018s Lakers stellten einen neuen Postseason Record von 15-1 auf, der erst in der Saison 2016\/17 von den Golden State Warriors gebrochen werden sollte. Weitere Infos siehe unten.<\/strong><\/p>\n<ul style=\"list-style-type: square;\">\n<li>Inhalt des P\u00e4ckchens: 5 Karten<\/li>\n<li>Erscheinungsjahr: 2000<\/li>\n<li>Marke: Upper Deck SP Authentic<\/li>\n<li>Land: USA<\/li>\n<li>Das P\u00e4ckchen (\u201eHobby Pack\u201c) stammt aus einer durch Memorabilia Germany ge\u00f6ffneten \u201eHobby Box\u201c, die insgesamt 24 P\u00e4ckchen enth\u00e4lt. Alle P\u00e4ckchen sind trotz ihres Alters in einem makellosen Zustand.<\/li>\n<li>Finde Sign of the Times Autograph Cards aus dem Jahr 2000 in dieser Serie. Inklusive Namen wie Michael Jordan, Shaq, Reggie Miller, Dirk Nowitzki oder Kobe Bryant. Gegradete Karten dieser Serie haben bei Auktionen bereits mehr als 40.000 Dollar eingebracht! Nat\u00fcrlich pro St\u00fcck.<\/li>\n<li>Finde Autograph Buy Back Cards in dieser Serie!<\/li>\n<li>SP Authentic Autograph &#038; Memorabilia Card Inserts:\n<ul style=\"list-style-type: circle;\">\n<li>Sign of the Times Autographs (incl. Doubles &#038; Triples)<\/li>\n<li>Sign of the Times Platinum<\/li>\n<li>Rookie F\/X Autographs<\/li>\n<li>Numbered Rookie F\/X Cards<\/li>\n<li>SP Athletic<\/li>\n<li>Buy Backs <\/li>\n<li>SPecial Forces<\/li>\n<li>SP Supremacy<\/li>\n<li>SP First Class<\/li>\n<li>Premier Powers<\/li>\n<li>SPectacular<\/li>\n<\/ul>\n<\/li>\n<li>Finde originale Karten der NBA Legenden aus dem Jahr 2000 wie Kobe Bryant, Allen Iverson, Shaquille O\u2019Neal, Michael Jordan oder Reggie Miller. Die Serie enth\u00e4lt zudem Rookie Cards sp\u00e4terer NBA Superstars aus dem NBA Draft von 2000.<\/li>\n<li>Background Infos 2000: Entgegen der Erwartungen einiger Sekten ging die Welt zum Jahreswechsel ins neue Millenium nicht unter. Auch die Computerwelt \u00fcberlebte die Umstellung in die 00er Jahre gut. George W. Bush \u00fcbernahm das Amt des US Pr\u00e4sidenten von Bill Clinton und Bill Gates beendete sein Amt als Microsoft CEO. American Pie und American Beauty z\u00e4hlten zu den erfolgreichsten Kinofilmen und Destiny\u2019s Child, Linkin Park und die Black Eyed Peas waren in den Charts ganz oben vertreten. Unsere \u201eVintage\u201c Trading Cards sind ein Traum f\u00fcr jeden Nostalgiker und f\u00fcr jeden Sammler, da es sich nicht um Nachproduktionen der fr\u00fcheren Karten handelt, sondern alle P\u00e4ckchen original aus der Zeit entstammen, in der sie damals ver\u00f6ffentlicht wurden.<\/li>\n<\/ul>\n<p>Mehr Trading Cards von fr\u00fcher findest du <strong><a href=\"https:\/\/memorabilia-germany.de\/de\/trading-cards\">hier<\/a><\/strong>.<\/p>\n","protected":false},"featured_media":56803,"template":"","meta":{"_acf_changed":false,"ocean_post_layout":"","ocean_both_sidebars_style":"","ocean_both_sidebars_content_width":0,"ocean_both_sidebars_sidebars_width":0,"ocean_sidebar":"0","ocean_second_sidebar":"0","ocean_disable_margins":"enable","ocean_add_body_class":"","ocean_shortcode_before_top_bar":"","ocean_shortcode_after_top_bar":"","ocean_shortcode_before_header":"","ocean_shortcode_after_header":"","ocean_has_shortcode":"","ocean_shortcode_after_title":"","ocean_shortcode_before_footer_widgets":"","ocean_shortcode_after_footer_widgets":"","ocean_shortcode_before_footer_bottom":"","ocean_shortcode_after_footer_bottom":"","ocean_display_top_bar":"default","ocean_display_header":"default","ocean_header_style":"","ocean_center_header_left_menu":"0","ocean_custom_header_template":"0","ocean_custom_logo":0,"ocean_custom_retina_logo":0,"ocean_custom_logo_max_width":0,"ocean_custom_logo_tablet_max_width":0,"ocean_custom_logo_mobile_max_width":0,"ocean_custom_logo_max_height":0,"ocean_custom_logo_tablet_max_height":0,"ocean_custom_logo_mobile_max_height":0,"ocean_header_custom_menu":"0","ocean_menu_typo_font_family":"0","ocean_menu_typo_font_subset":"","ocean_menu_typo_font_size":0,"ocean_menu_typo_font_size_tablet":0,"ocean_menu_typo_font_size_mobile":0,"ocean_menu_typo_font_size_unit":"px","ocean_menu_typo_font_weight":"","ocean_menu_typo_font_weight_tablet":"","ocean_menu_typo_font_weight_mobile":"","ocean_menu_typo_transform":"","ocean_menu_typo_transform_tablet":"","ocean_menu_typo_transform_mobile":"","ocean_menu_typo_line_height":0,"ocean_menu_typo_line_height_tablet":0,"ocean_menu_typo_line_height_mobile":0,"ocean_menu_typo_line_height_unit":"","ocean_menu_typo_spacing":0,"ocean_menu_typo_spacing_tablet":0,"ocean_menu_typo_spacing_mobile":0,"ocean_menu_typo_spacing_unit":"","ocean_menu_link_color":"","ocean_menu_link_color_hover":"","ocean_menu_link_color_active":"","ocean_menu_link_background":"","ocean_menu_link_hover_background":"","ocean_menu_link_active_background":"","ocean_menu_social_links_bg":"","ocean_menu_social_hover_links_bg":"","ocean_menu_social_links_color":"","ocean_menu_social_hover_links_color":"","ocean_disable_title":"default","ocean_disable_heading":"default","ocean_post_title":"","ocean_post_subheading":"","ocean_post_title_style":"","ocean_post_title_background_color":"","ocean_post_title_background":0,"ocean_post_title_bg_image_position":"","ocean_post_title_bg_image_attachment":"","ocean_post_title_bg_image_repeat":"","ocean_post_title_bg_image_size":"","ocean_post_title_height":0,"ocean_post_title_bg_overlay":0.5,"ocean_post_title_bg_overlay_color":"","ocean_disable_breadcrumbs":"default","ocean_breadcrumbs_color":"","ocean_breadcrumbs_separator_color":"","ocean_breadcrumbs_links_color":"","ocean_breadcrumbs_links_hover_color":"","ocean_display_footer_widgets":"default","ocean_display_footer_bottom":"default","ocean_custom_footer_template":"0","ofc_enable_fullscreen":"disable","ofc_fullscreen_speed":0,"ofc_fullscreen_nav":"enable","ofc_fullscreen_nav_pos":"right","ofc_fullscreen_nav_color":"","ofc_fullscreen_nav_tooltip_color":"","ofc_fullscreen_responsive":0},"product_brand":[],"product_cat":[3733],"product_tag":[],"class_list":{"0":"post-56831","1":"product","2":"type-product","3":"status-publish","4":"has-post-thumbnail","6":"product_cat-2000-upper-deck-sp-authentic-basketball-cards-single-pack-hobby-box","7":"product_shipping_class-versandklasse_b","9":"entry","10":"has-media","12":"first","13":"instock","14":"taxable","15":"shipping-taxable","16":"purchasable","17":"product-type-simple","18":"col","19":"span_1_of_4","20":"owp-content-center","21":"owp-thumbs-layout-horizontal","22":"owp-btn-normal","23":"owp-tabs-layout-horizontal"},"acf":[],"_links":{"self":[{"href":"https:\/\/memorabilia-germany.de\/de\/wp-json\/wp\/v2\/product\/56831","targetHints":{"allow":["GET"]}}],"collection":[{"href":"https:\/\/memorabilia-germany.de\/de\/wp-json\/wp\/v2\/product"}],"about":[{"href":"https:\/\/memorabilia-germany.de\/de\/wp-json\/wp\/v2\/types\/product"}],"version-history":[{"count":0,"href":"https:\/\/memorabilia-germany.de\/de\/wp-json\/wp\/v2\/product\/56831\/revisions"}],"wp:featuredmedia":[{"embeddable":true,"href":"https:\/\/memorabilia-germany.de\/de\/wp-json\/wp\/v2\/media\/56803"}],"wp:attachment":[{"href":"https:\/\/memorabilia-germany.de\/de\/wp-json\/wp\/v2\/media?parent=56831"}],"wp:term":[{"taxonomy":"product_brand","embeddable":true,"href":"https:\/\/memorabilia-germany.de\/de\/wp-json\/wp\/v2\/product_brand?post=56831"},{"taxonomy":"product_cat","embeddable":true,"href":"https:\/\/memorabilia-germany.de\/de\/wp-json\/wp\/v2\/product_cat?post=56831"},{"taxonomy":"product_tag","embeddable":true,"href":"https:\/\/memorabilia-germany.de\/de\/wp-json\/wp\/v2\/product_tag?post=56831"}],"curies":[{"name":"wp","href":"https:\/\/api.w.org\/{rel}","templated":true}]}}