{"id":54519,"date":"2025-01-11T14:37:02","date_gmt":"2025-01-11T13:37:02","guid":{"rendered":"https:\/\/memorabilia-germany.de\/?post_type=product&#038;p=54519"},"modified":"2026-03-29T15:21:59","modified_gmt":"2026-03-29T13:21:59","slug":"nfl-mini-helmet-mystery-box-down-to-business-2025","status":"publish","type":"product","link":"https:\/\/memorabilia-germany.de\/de\/produkt\/nfl-mini-helmet-mystery-box-down-to-business-2025\/","title":{"rendered":"NFL Mini Helmet Mystery Box: Down to Business 2025"},"content":{"rendered":"<p><strong>Weitere Informationen zu dieser Mini Helm Mystery Box Serie :<\/strong><\/p>\n<ul style=\"list-style-type: square;\">\n<li>Mehr als die H\u00e4lfte der Boxen dieser Serie enthalten Riddell Limited Edition NFL Mini Helme aus Editionen wie: \u201eSlate\u201d, \u201eEclipse\u201c, \u201eSalute to Service\u201d, \u201eCamo\u201c, \u201eFlash\u201c \u201eAMP\u201c oder \u201eMatte\u201c. Alle Mini Helme sind offizielle Helme von NFL Teams.<\/li>\n<li>Die Helme wurden per Zufallsprinzip auf die Boxen verteilt.<\/li>\n<li>Alle Memorabilia in einer Mini Helm Mystery Box wurden von einem der marktf\u00fchrenden US Authenticator verifiziert und kommen mit seriennummerierten Sicherheitsmerkmalen (Certificate of Authenticity und\/oder Sicherheitshologramm). Authenticator sind ausschlie\u00dflich: Beckett, James Spence Authentication, PSA\/DNA oder Fanatics. Mehr Infos zum wichtigen Thema Authentifizierung findet ihr <strong><a href=\"https:\/\/memorabilia-germany.de\/de\/signatur-authentifizierung\/\">hier<\/a><\/strong>.<\/li>\n<li>Bei uns bekommt ihr eine VOLLST\u00c4NDIGE \u00dcbersicht \u00fcber die Liste der Spieler, die in dieser Mystery Box Serie enthalten sind:<\/li>\n<\/ul>\n<p style=\"text-align: center;\">Patrick Mahomes<br \/>\nJoe Montana<br \/>\nJordan Love<br \/>\nBo Nix<br \/>\nBaker Mayfield<br \/>\nJ.J. McCarthy<br \/>\nDak Prescott<br \/>\nJalen Hurts<br \/>\nD.K. Metcalf<br \/>\nAmon-Ra St Brown<br \/>\nJared Goff<br \/>\nO.J. Simpson<br \/>\nBijan Robinson<br \/>\nGeorge Kittle<br \/>\nJerry Rice<br \/>\nAlvin Kamara<br \/>\nTravis Kelce<br \/>\nMinkah Fitzpatrick<br \/>\nTyreek Hill<br \/>\nKyler Murray<br \/>\nNajee Harris<br \/>\nDrake Maye<br \/>\nTravis Etienne Jr.<br \/>\nAaron Jones<br \/>\nDavante Adams<br \/>\nJames Cook<br \/>\nMalik Nabers<br \/>\nPuka Nacua<br \/>\nMichael Pittman Jr.<br \/>\nJaxon Smith-Njigba<br \/>\nBrock Bowers<br \/>\nAdam Thielen<br \/>\nJayden Reed<br \/>\nDeion Sanders<br \/>\nOdell Beckham Jr.<br \/>\nLuke Kuechly<br \/>\nKyren Williams<br \/>\nTank Dell<br \/>\nJameson Williams<br \/>\nJerry Jeudy<br \/>\nTony Pollard<br \/>\nTee Higgins<br \/>\nTyler Conklin<br \/>\nDe\u2019Von Achane<br \/>\nTerry McLaurin<br \/>\nZay Flowers<br \/>\nTerry McLaurin<br \/>\nSam Darnold<br \/>\nKurt Warner<br \/>\nRicky Pearsall<br \/>\nNick Bosa<br \/>\nJakobi Meyers<br \/>\nAmari Cooper<br \/>\nJoey Bosa<br \/>\nDevon Witherspoon<br \/>\nChris Olave<br \/>\nAustin Ekeler<br \/>\nDarius Slayton<br \/>\nKeenan Allen<br \/>\nAaron Donald<br \/>\nJavonte Williams<br \/>\nEd McCaffrey<br \/>\nJaylen Waddle<br \/>\nJoe Theismann<br \/>\nRomeo Doubs<br \/>\nFrank Gore<br \/>\nDre Greenlaw<br \/>\nMike Singletary<br \/>\nDaunte Culpepper<br \/>\nTrevon Diggs<br \/>\nD.J. Moore<br \/>\nLeo Chenal<br \/>\nBob Griese<br \/>\nSteve Largent<br \/>\nRicky Williams<\/p>\n<p>Sollte eine Serie mehr als ein Football Memorabilia vom gleichen Spieler beinhalten, bekommt ihr eine \u201eNo Double Option\u201c. Das hei\u00dft, dass ihr mit Sicherheit keinen Spieler doppelt erhaltet, wenn ihr mehr als eine Box kauft.<\/p>\n<p>Wie funktioniert eine Mini Helm Mystery Box?<br \/>\nInfos dazu findet ihr in unseren <strong><a href=\"https:\/\/memorabilia-germany.de\/de\/sport-memorabilia-faq\/#memorabilia-mystery-box\"><u>FAQ<\/u><\/a><\/strong>!<\/p>\n<p>Mehr Football Memorabilia findest du <strong><a href=\"https:\/\/memorabilia-germany.de\/de\/football-memorabilia\"><u>hier<\/u><\/a><\/strong>!<\/p>\n","protected":false},"excerpt":{"rendered":"<p><strong>Diese Serie ist auf insgesamt 100 Mini Helm <a href=\"https:\/\/memorabilia-germany.de\/de\/sport-memorabilia-faq\/#memorabilia-mystery-box\"><u>Mystery Boxen<\/u><\/a> limitiert. Jede Box hat eine Seriennummer. Finde NFL Mini Helme von NFL Superstars aller 32 NFL Teams! Namen wie Patrick Mahomes, Bo Nix oder Joe Montana in dieser Serie!<\/strong><\/p>\n<p><strong>Schnell\u00fcbersicht:<\/strong><\/p>\n<ul style=\"list-style-type: square;\">\n<li>Inhalt jeder Box: lizenzierter &amp; signierter NFL Mini Helm von Riddell. Die Bilder gestatten euch einen kleinen Einblick in das Geheimnis der Serie!<\/li>\n<li>Alle Helme sind von einem aktuellen NFL Star oder einer NFL Legende signiert. Dar\u00fcber hinaus sind viele Helme zus\u00e4tzlich mit Inscriptions der Spieler signiert!<\/li>\n<li>Mehr als 50 von 100 Boxen dieser Serie beinhalten Limited Edition Helme (weitere Infos siehe unten).<\/li>\n<li>Die Serie beinhaltet Mini Helme von allen 32 NFL Teams.<\/li>\n<li>Authentifizierung der Autogramme (ausschlie\u00dflich): <strong><a href=\"https:\/\/memorabilia-germany.de\/de\/signatur-authentifizierung\/#signatur-authentifizierung-beckett\">Beckett<\/a><\/strong>, <strong><a href=\"https:\/\/memorabilia-germany.de\/de\/signatur-authentifizierung\/#signatur-authentifizierung-james-spence\">James Spence Authentication<\/a><\/strong>, <strong><a href=\"https:\/\/memorabilia-germany.de\/de\/signatur-authentifizierung\/#signatur-authentifizierung-psa-dna\">PSA\/DNA<\/a><\/strong> oder <strong><a href=\"https:\/\/memorabilia-germany.de\/de\/signatur-authentifizierung\/#signatur-authentifizierung-fanatics\">Fanatics<\/a><\/strong>.<\/li>\n<\/ul>\n","protected":false},"featured_media":22006,"template":"","meta":{"_acf_changed":false,"ocean_post_layout":"","ocean_both_sidebars_style":"","ocean_both_sidebars_content_width":0,"ocean_both_sidebars_sidebars_width":0,"ocean_sidebar":"0","ocean_second_sidebar":"0","ocean_disable_margins":"enable","ocean_add_body_class":"","ocean_shortcode_before_top_bar":"","ocean_shortcode_after_top_bar":"","ocean_shortcode_before_header":"","ocean_shortcode_after_header":"","ocean_has_shortcode":"","ocean_shortcode_after_title":"","ocean_shortcode_before_footer_widgets":"","ocean_shortcode_after_footer_widgets":"","ocean_shortcode_before_footer_bottom":"","ocean_shortcode_after_footer_bottom":"","ocean_display_top_bar":"default","ocean_display_header":"default","ocean_header_style":"","ocean_center_header_left_menu":"0","ocean_custom_header_template":"0","ocean_custom_logo":0,"ocean_custom_retina_logo":0,"ocean_custom_logo_max_width":0,"ocean_custom_logo_tablet_max_width":0,"ocean_custom_logo_mobile_max_width":0,"ocean_custom_logo_max_height":0,"ocean_custom_logo_tablet_max_height":0,"ocean_custom_logo_mobile_max_height":0,"ocean_header_custom_menu":"0","ocean_menu_typo_font_family":"0","ocean_menu_typo_font_subset":"","ocean_menu_typo_font_size":0,"ocean_menu_typo_font_size_tablet":0,"ocean_menu_typo_font_size_mobile":0,"ocean_menu_typo_font_size_unit":"px","ocean_menu_typo_font_weight":"","ocean_menu_typo_font_weight_tablet":"","ocean_menu_typo_font_weight_mobile":"","ocean_menu_typo_transform":"","ocean_menu_typo_transform_tablet":"","ocean_menu_typo_transform_mobile":"","ocean_menu_typo_line_height":0,"ocean_menu_typo_line_height_tablet":0,"ocean_menu_typo_line_height_mobile":0,"ocean_menu_typo_line_height_unit":"","ocean_menu_typo_spacing":0,"ocean_menu_typo_spacing_tablet":0,"ocean_menu_typo_spacing_mobile":0,"ocean_menu_typo_spacing_unit":"","ocean_menu_link_color":"","ocean_menu_link_color_hover":"","ocean_menu_link_color_active":"","ocean_menu_link_background":"","ocean_menu_link_hover_background":"","ocean_menu_link_active_background":"","ocean_menu_social_links_bg":"","ocean_menu_social_hover_links_bg":"","ocean_menu_social_links_color":"","ocean_menu_social_hover_links_color":"","ocean_disable_title":"default","ocean_disable_heading":"default","ocean_post_title":"","ocean_post_subheading":"","ocean_post_title_style":"","ocean_post_title_background_color":"","ocean_post_title_background":0,"ocean_post_title_bg_image_position":"","ocean_post_title_bg_image_attachment":"","ocean_post_title_bg_image_repeat":"","ocean_post_title_bg_image_size":"","ocean_post_title_height":0,"ocean_post_title_bg_overlay":0.5,"ocean_post_title_bg_overlay_color":"","ocean_disable_breadcrumbs":"default","ocean_breadcrumbs_color":"","ocean_breadcrumbs_separator_color":"","ocean_breadcrumbs_links_color":"","ocean_breadcrumbs_links_hover_color":"","ocean_display_footer_widgets":"default","ocean_display_footer_bottom":"default","ocean_custom_footer_template":"0","ofc_enable_fullscreen":"disable","ofc_fullscreen_speed":0,"ofc_fullscreen_nav":"enable","ofc_fullscreen_nav_pos":"right","ofc_fullscreen_nav_color":"","ofc_fullscreen_nav_tooltip_color":"","ofc_fullscreen_responsive":0},"product_brand":[],"product_cat":[3639],"product_tag":[],"class_list":{"0":"post-54519","1":"product","2":"type-product","3":"status-publish","4":"has-post-thumbnail","6":"product_cat-nfl-mini-helmet-mystery-box-down-to-business-2025","7":"product_shipping_class-versandklasse_a","9":"entry","10":"has-media","12":"first","13":"instock","14":"taxable","15":"shipping-taxable","16":"purchasable","17":"product-type-simple","18":"col","19":"span_1_of_4","20":"owp-content-center","21":"owp-thumbs-layout-horizontal","22":"owp-btn-normal","23":"owp-tabs-layout-horizontal"},"acf":[],"_links":{"self":[{"href":"https:\/\/memorabilia-germany.de\/de\/wp-json\/wp\/v2\/product\/54519","targetHints":{"allow":["GET"]}}],"collection":[{"href":"https:\/\/memorabilia-germany.de\/de\/wp-json\/wp\/v2\/product"}],"about":[{"href":"https:\/\/memorabilia-germany.de\/de\/wp-json\/wp\/v2\/types\/product"}],"version-history":[{"count":0,"href":"https:\/\/memorabilia-germany.de\/de\/wp-json\/wp\/v2\/product\/54519\/revisions"}],"wp:featuredmedia":[{"embeddable":true,"href":"https:\/\/memorabilia-germany.de\/de\/wp-json\/wp\/v2\/media\/22006"}],"wp:attachment":[{"href":"https:\/\/memorabilia-germany.de\/de\/wp-json\/wp\/v2\/media?parent=54519"}],"wp:term":[{"taxonomy":"product_brand","embeddable":true,"href":"https:\/\/memorabilia-germany.de\/de\/wp-json\/wp\/v2\/product_brand?post=54519"},{"taxonomy":"product_cat","embeddable":true,"href":"https:\/\/memorabilia-germany.de\/de\/wp-json\/wp\/v2\/product_cat?post=54519"},{"taxonomy":"product_tag","embeddable":true,"href":"https:\/\/memorabilia-germany.de\/de\/wp-json\/wp\/v2\/product_tag?post=54519"}],"curies":[{"name":"wp","href":"https:\/\/api.w.org\/{rel}","templated":true}]}}