{"id":54065,"date":"2024-12-28T14:44:58","date_gmt":"2024-12-28T13:44:58","guid":{"rendered":"https:\/\/memorabilia-germany.de\/?post_type=product&#038;p=54065"},"modified":"2026-02-09T00:52:06","modified_gmt":"2026-02-08T23:52:06","slug":"nfl-trading-cards-pocket-pack-black-edition-2024-25-5-unopened-packs","status":"publish","type":"product","link":"https:\/\/memorabilia-germany.de\/de\/produkt\/nfl-trading-cards-pocket-pack-black-edition-2024-25-5-unopened-packs\/","title":{"rendered":"NFL Trading Cards Pocket Pack<\/br>\u201cBlack Edition 2024-25\u201d<\/br>(5 unopened packs)"},"content":{"rendered":"<p style=\"text-align: center;\"><strong>Alle P\u00e4ckchen dieser Serie stammen ausschlie\u00dflich aus folgenden Trading Card Boxes:<\/strong><br \/>\n2024 Panini Donruss Elite Football (Hobby Box)<br \/>\n2001 Upper Deck MVP Football (Hobby Box)<br \/>\n2004 Upper Deck Foundations Football (Hobby Box)<br \/>\n2001 Upper Deck Top Tier Football (Hobby Box)<br \/>\n2000 Topps Football (Hobby Box)<br \/>\n2024 Panini Prestige Football (Hobby H2 Box)<br \/>\n2024 Panini Score Football (Hobby Box)<br \/>\n1999 Topps Football Cards (Hobby Box)<br \/>\n1996\/97 Upper Deck Football (Hobby Box)<br \/>\n2008 Upper Deck SP Football (Retail Box)<br \/>\n2024 Panini Mosaic Football (Mega Box)<br \/>\n2024 Panini Score Football (Retail Box)<br \/>\n1990 Action Packed All-Madden Football (Hobby Box)<br \/>\n1999 Upper Deck Football (Retail Box)<br \/>\n2024 Panini Prestige Football (Retail Box)<br \/>\n2024 Panini Donruss Elite Football (Blaster Box)<br \/>\n2013 Panini Rookies &#038; Stars Football (Multi Box)<br \/>\n1993 Action Packed Monday Night Football (Hobby Box)<br \/>\n1995 Collector\u2019s Edge Black Label NFL Trading Cards (Hobby Box)<br \/>\n1990 NFL Pro Set \u2013 The Official NFL Card (Wax Box)<br \/>\n1993 Bowman Football (Hobby Box)<br \/>\n1996 Score Select Football (Hobby Box)<br \/>\n1991 NFL Pacific Pro Football Plus Player Cards (Wax Box)<br \/>\n1994 Classic\u2019s NFL Experience Collection (Hobby Box)<br \/>\n1991 Upper Deck NFL Football Premiere Edition (Hobby Box)<br \/>\n1996 Donruss Football (Retail Box)<br \/>\n1992 Upper Deck NFL Football Cards (Hobby Box)<br \/>\n1989 Pro Set Football Cards (Wax Box)<br \/>\n1992 Topps Football Picture Cards (Wax Box)<br \/>\n1990 Score NFL Football (Wax Box)<br \/>\n1991 Pinnacle NFL Football Player Cards (Hobby Box)<br \/>\n1994 Skybox Premium Football (Hobby Box)<br \/>\n1996 Leaf Football Cards (Hobby Box)<br \/>\n1991 Upper Deck NFL Football Premiere Edition (Hobby Box)<br \/>\n1992 Topps Stadium Club Football (Hobby Box)\n<\/p>\n<p><strong>Hinweis:<\/strong> Alle Trading Card P\u00e4ckchen wurden von Memorabilia Germany auf ihren Zustand kontrolliert und die Mystery Boxen enthalten ausnahmslos P\u00e4ckchen in neuwertigem Zustand, die nie ge\u00f6ffnet wurden. Bitte beachtet trotzdem, dass die Karten bis zu 35 Jahre alt sind und wir daher keine Garantie \u00fcber den Zustand innerhalb der P\u00e4ckchen \u00fcbernehmen k\u00f6nnen.<\/p>\n<p>Wie funktioniert eine Mystery Box?<br \/>\nInfos dazu findet ihr in unseren <strong><a href=\"https:\/\/memorabilia-germany.de\/de\/sport-memorabilia-faq\/#memorabilia-mystery-box\"><u>FAQ<\/u><\/a><\/strong>!<\/p>\n","protected":false},"excerpt":{"rendered":"<p><strong>Diese Serie ist auf insgesamt 100 NFL Trading Cards Pocket Packs limitiert. Jedes Pack ist versiegelt und hat eine Seriennummer. Die Packs enthalten unge\u00f6ffnete P\u00e4ckchen der exklusivsten Trading Card Editions von heute sowie von weltweit ausverkauften Editionen aus l\u00e4ngst vergangenen Jahrzehnten. Du kannst hier genauso seltene Karten aus den 80er, 90er und 2000er Jahren, zum Beispiel von Joe Montana, Tom Brady, Peyton Manning oder Dan Marino finden, wie top aktuelle Autograph Cards, Parallels oder andere Inserts der Superstars von heute!<\/strong><\/p>\n<p><strong>Produktinfos:<\/strong><\/p>\n<ul style=\"list-style-type: square;\">\n<li>Inhalt jedes Packs: 5 unge\u00f6ffnete P\u00e4ckchen aus dem Zeitraum der sp\u00e4ten 1980er bis zur aktuellen NFL Season (detaillierte Liste siehe unten).<\/li>\n<li>Ausschlie\u00dflich alle P\u00e4ckchen stammen aus \u201efactory sealed\u201c Boxen.<\/li>\n<li>Finde originale Trading Cards der NFL Stars von den 80er Jahren bis zur aktuellen Saison von 2024-25. Die Karten umfassen Namen wie Joe Montana, Tom Brady, Dan Marino, Patrick Mahomes, Peyton Manning, Bo Nix, Caleb Williams, John Elway, Christian McCaffrey, DK Metcalf, Aaron Rodgers, Drew Brees, Rob Gronkowski, CJ Stroud, Travis Kelce, Joe Burrow oder Jayden Daniels.<\/li>\n<\/ul>\n<p>&nbsp;<\/p>\n<p><strong>Highlight Chances:<\/strong><\/p>\n<ul style=\"list-style-type: square;\">\n<li>2024 Panini Donruss Elite Autographs, Memorabilia Cards &#038; Rookie Parallels:\n<ul style=\"list-style-type: circle;\">\n<li>Pen Pals Signatures (incl. Doubles, Triples &#038; Quads!)<\/li>\n<li>Turn of the Century Autographs<\/li>\n<li>Passing the Torch Signatures<\/li>\n<li>Rookie Status Die-Cut Parallels (incl. Bo Nix, Caleb Williams, Michael Penix Jr. &#038; Jayden Daniels)<\/li>\n<li>Throwback Threads (Singles &#038; Doubles)<\/li>\n<li>Spellbounds + First Class<\/li>\n<\/ul>\n<\/li>\n<li>2001 Upper Deck MVP Football Autographs, Memorabilia Cards &#038; Souvenirs:\n<ul style=\"list-style-type: circle;\">\n<li>NFL Stars Game Worn College Jersey Campus Classics <\/li>\n<li>Autograph Parallels incl. Peyton Manning, Drew Brees &#038; Troy Aikman<\/li>\n<li>MVP Souvenir Memorabilia Cards<\/li>\n<li>Single + Double Game Used Football Autographs<\/li>\n<li>American Hero Pat Tillman + Drew Brees Rookie Cards<\/li>\n<\/ul>\n<\/li>\n<li>2004 Upper Deck Foundations Autographs, Limited Edition Jersey Inserts &#038; Patch Cards:\n<ul style=\"list-style-type: circle;\">\n<li>Rookie Foundations Rainbow Silver numbered to 10<\/li>\n<li>Rookie Foundations Autographed Patches numbered to 25<\/li>\n<li>Dual Endorsements Autographs: Rookie + Rookie &#038; Rookie + Veteran<\/li>\n<li>Signature Foundations<\/li>\n<li>Rookie Cards with a piece of a 2004 Rookie Photo Shoot worn jersey<\/li>\n<\/ul>\n<\/li>\n<li>2001 Upper Deck Top Tier Football Memorabilia Cards &#038; Numbered RC\u2019s:\n<ul style=\"list-style-type: circle;\">\n<li>Multiple Swatch Memorabilia Cards<\/li>\n<li>Tri-Stars Triple Ball Cards<\/li>\n<li>Then and Now Combo Jersey Cards<\/li>\n<li>Home and Away Combo Jersey Cards<\/li>\n<li>Two of a Kind Dual Ball Cards<\/li>\n<li>Rookie Duo Combo Ball Cards<\/li>\n<\/ul>\n<\/li>\n<li>2000 Topps Football Autographs, Memorabilia Cards &#038; Parallels:\n<ul style=\"list-style-type: circle;\">\n<li>Hall of Fame Autographs<\/li>\n<li>Player Worn Pro Bowl Jersey Cards<\/li>\n<li>Johnny Unitas Reprints &#038; Autographs<\/li>\n<li>NFL Superstar Autographs<\/li>\n<li>MVP Promotions<\/li>\n<li>Rookie Premier Autographs<\/li>\n<\/ul>\n<\/li>\n<\/ul>\n","protected":false},"featured_media":55602,"template":"","meta":{"_acf_changed":false,"ocean_post_layout":"","ocean_both_sidebars_style":"","ocean_both_sidebars_content_width":0,"ocean_both_sidebars_sidebars_width":0,"ocean_sidebar":"0","ocean_second_sidebar":"0","ocean_disable_margins":"enable","ocean_add_body_class":"","ocean_shortcode_before_top_bar":"","ocean_shortcode_after_top_bar":"","ocean_shortcode_before_header":"","ocean_shortcode_after_header":"","ocean_has_shortcode":"","ocean_shortcode_after_title":"","ocean_shortcode_before_footer_widgets":"","ocean_shortcode_after_footer_widgets":"","ocean_shortcode_before_footer_bottom":"","ocean_shortcode_after_footer_bottom":"","ocean_display_top_bar":"default","ocean_display_header":"default","ocean_header_style":"","ocean_center_header_left_menu":"0","ocean_custom_header_template":"0","ocean_custom_logo":0,"ocean_custom_retina_logo":0,"ocean_custom_logo_max_width":0,"ocean_custom_logo_tablet_max_width":0,"ocean_custom_logo_mobile_max_width":0,"ocean_custom_logo_max_height":0,"ocean_custom_logo_tablet_max_height":0,"ocean_custom_logo_mobile_max_height":0,"ocean_header_custom_menu":"0","ocean_menu_typo_font_family":"0","ocean_menu_typo_font_subset":"","ocean_menu_typo_font_size":0,"ocean_menu_typo_font_size_tablet":0,"ocean_menu_typo_font_size_mobile":0,"ocean_menu_typo_font_size_unit":"px","ocean_menu_typo_font_weight":"","ocean_menu_typo_font_weight_tablet":"","ocean_menu_typo_font_weight_mobile":"","ocean_menu_typo_transform":"","ocean_menu_typo_transform_tablet":"","ocean_menu_typo_transform_mobile":"","ocean_menu_typo_line_height":0,"ocean_menu_typo_line_height_tablet":0,"ocean_menu_typo_line_height_mobile":0,"ocean_menu_typo_line_height_unit":"","ocean_menu_typo_spacing":0,"ocean_menu_typo_spacing_tablet":0,"ocean_menu_typo_spacing_mobile":0,"ocean_menu_typo_spacing_unit":"","ocean_menu_link_color":"","ocean_menu_link_color_hover":"","ocean_menu_link_color_active":"","ocean_menu_link_background":"","ocean_menu_link_hover_background":"","ocean_menu_link_active_background":"","ocean_menu_social_links_bg":"","ocean_menu_social_hover_links_bg":"","ocean_menu_social_links_color":"","ocean_menu_social_hover_links_color":"","ocean_disable_title":"default","ocean_disable_heading":"default","ocean_post_title":"","ocean_post_subheading":"","ocean_post_title_style":"","ocean_post_title_background_color":"","ocean_post_title_background":0,"ocean_post_title_bg_image_position":"","ocean_post_title_bg_image_attachment":"","ocean_post_title_bg_image_repeat":"","ocean_post_title_bg_image_size":"","ocean_post_title_height":0,"ocean_post_title_bg_overlay":0.5,"ocean_post_title_bg_overlay_color":"","ocean_disable_breadcrumbs":"default","ocean_breadcrumbs_color":"","ocean_breadcrumbs_separator_color":"","ocean_breadcrumbs_links_color":"","ocean_breadcrumbs_links_hover_color":"","ocean_display_footer_widgets":"default","ocean_display_footer_bottom":"default","ocean_custom_footer_template":"0","ofc_enable_fullscreen":"disable","ofc_fullscreen_speed":0,"ofc_fullscreen_nav":"enable","ofc_fullscreen_nav_pos":"right","ofc_fullscreen_nav_color":"","ofc_fullscreen_nav_tooltip_color":"","ofc_fullscreen_responsive":0},"product_brand":[],"product_cat":[3623],"product_tag":[],"class_list":{"0":"post-54065","1":"product","2":"type-product","3":"status-publish","4":"has-post-thumbnail","6":"product_cat-nfl-trading-cards-pocket-pack-black-edition-2024-25-5-unopened-packs","7":"product_shipping_class-versandklasse_a","9":"entry","10":"has-media","12":"first","13":"instock","14":"taxable","15":"shipping-taxable","16":"purchasable","17":"product-type-simple","18":"col","19":"span_1_of_4","20":"owp-content-center","21":"owp-thumbs-layout-horizontal","22":"owp-btn-normal","23":"owp-tabs-layout-horizontal"},"acf":[],"_links":{"self":[{"href":"https:\/\/memorabilia-germany.de\/de\/wp-json\/wp\/v2\/product\/54065","targetHints":{"allow":["GET"]}}],"collection":[{"href":"https:\/\/memorabilia-germany.de\/de\/wp-json\/wp\/v2\/product"}],"about":[{"href":"https:\/\/memorabilia-germany.de\/de\/wp-json\/wp\/v2\/types\/product"}],"version-history":[{"count":0,"href":"https:\/\/memorabilia-germany.de\/de\/wp-json\/wp\/v2\/product\/54065\/revisions"}],"wp:featuredmedia":[{"embeddable":true,"href":"https:\/\/memorabilia-germany.de\/de\/wp-json\/wp\/v2\/media\/55602"}],"wp:attachment":[{"href":"https:\/\/memorabilia-germany.de\/de\/wp-json\/wp\/v2\/media?parent=54065"}],"wp:term":[{"taxonomy":"product_brand","embeddable":true,"href":"https:\/\/memorabilia-germany.de\/de\/wp-json\/wp\/v2\/product_brand?post=54065"},{"taxonomy":"product_cat","embeddable":true,"href":"https:\/\/memorabilia-germany.de\/de\/wp-json\/wp\/v2\/product_cat?post=54065"},{"taxonomy":"product_tag","embeddable":true,"href":"https:\/\/memorabilia-germany.de\/de\/wp-json\/wp\/v2\/product_tag?post=54065"}],"curies":[{"name":"wp","href":"https:\/\/api.w.org\/{rel}","templated":true}]}}