{"id":52996,"date":"2024-11-29T17:36:41","date_gmt":"2024-11-29T16:36:41","guid":{"rendered":"https:\/\/memorabilia-germany.de\/?post_type=product&#038;p=52996"},"modified":"2026-02-09T15:28:42","modified_gmt":"2026-02-09T14:28:42","slug":"nba-trading-cards-mystery-box-modern-superstars-alternate-edition-2024-25-10-unopened-packs","status":"publish","type":"product","link":"https:\/\/memorabilia-germany.de\/de\/produkt\/nba-trading-cards-mystery-box-modern-superstars-alternate-edition-2024-25-10-unopened-packs\/","title":{"rendered":"NBA Trading Cards Mystery Box<\/br>\u201cModern Superstars ALTERNATE Edition 2024-25\u201d<\/br>(10 unopened packs)"},"content":{"rendered":"<p style=\"text-align: center;\"><strong>Alle P\u00e4ckchen dieser Serie stammen ausschlie\u00dflich aus folgenden Trading Card Boxes:<\/strong><\/br><br \/>\n2000\/01 Upper Deck SP Authentic Basketball (Hobby Box)<br \/>\n2005\/06 Upper Deck Basketball (Hobby Box)<br \/>\n2023\/24 Donruss Optic Basketball (Hobby Box)<br \/>\n2023\/24 NBA HOOPS (Hobby Box)<br \/>\n2002\/03 Topps Basketball (Retail Box)<br \/>\n1992\/93 Upper Deck NBA Basketball Cards (Hobby Box)<br \/>\n1990 Fleer Basketball Player Photo Cards (Wax Box)<br \/>\n1994\/95 Fleer Ultra Basketball (Hobby Box)<br \/>\n2023\/24 Panini Select Basketball (Mega Box)<br \/>\n2023\/24 Panini Donruss Basketball (Retail Box)<br \/>\n1993\/94 Fleer Basketball Cards (Hobby Box)<br \/>\n1994\/95 Upper Deck NBA Basketball Cards (Hobby Box)<br \/>\n2023\/24 Panini Prizm Basketball (Blaster Box)<br \/>\n2023\/24 NBA HOOPS (Retail Box)<br \/>\n2023\/24 Panini Donruss Optic Basketball Cards (Blaster Box)<br \/>\n1992\/93 SkyBox Basketball Cards (Hobby Box)<br \/>\n1993\/94 SkyBox Premium Edition Basketball Cards (Hobby Box)<br \/>\n1990\/91 NBA HOOPS (Wax Box)<br \/>\n1991\/92 NBA HOOPS (Wax Box)<br \/>\n1992\/93 NBA HOOPS (Wax Box)<br \/>\n1993\/94 NBA HOOPS (Wax Box)<br \/>\n2023\/24 NBA HOOPS (Blaster Box)<br \/>\n1991\/92 Upper Deck NBA Basketball Cards Inaugual Edition (Hobby Box)<br \/>\n1994\/95 Skybox Premium Basketball Cards (Hobby Box)<br \/>\n1990\/91 SkyBox Inaugural Edition Basketball Cards (Wax Box)<br \/>\n1993\/94 SkyBox Premium Edition Basketball Cards (Hobby Box)<br \/>\n1994 Topps Stadium Club NBA Basketball Cards (Hobby Box)<br \/>\n1991 Fleer Basketball Player Photo Cards (Wax Box)\n<\/p>\n<p><strong>Hinweis:<\/strong> : Alle Trading Card P\u00e4ckchen wurden von Memorabilia Germany auf ihren Zustand kontrolliert und die Mystery Boxen enthalten ausnahmslos P\u00e4ckchen in neuwertigem Zustand, die nie ge\u00f6ffnet wurden. Bitte beachtet trotzdem, dass die Karten bis zu 35 Jahre alt sind und wir daher keine Garantie \u00fcber den Zustand innerhalb der P\u00e4ckchen \u00fcbernehmen k\u00f6nnen.<\/p>\n<p>Wie funktioniert eine Mystery Box?<br \/>\nInfos dazu findet ihr in unseren <strong><a href=\"https:\/\/memorabilia-germany.de\/de\/sport-memorabilia-faq\/#memorabilia-mystery-box\"><u>FAQ<\/u><\/a><\/strong>!<\/p>\n","protected":false},"excerpt":{"rendered":"<p><strong>Diese Serie ist auf insgesamt 100 NBA Trading Cards <a href=\"https:\/\/memorabilia-germany.de\/de\/sport-memorabilia-faq\/#memorabilia-mystery-box\"><u>Mystery Boxen<\/u><\/a> limitiert. Jede Box ist versiegelt und hat eine Seriennummer. Die Boxen enthalten unge\u00f6ffnete P\u00e4ckchen aus dem Zeitraum der 90er Jahre bis heute. Finde P\u00e4ckchen aus weltweit ausverkauften Boxen der Vergangenheit sowie top modernen High-End Boxen von heute. Von Donruss Optic bis Upper Deck SP und von Fleer Ultra bis NBA HOOPS. Dar\u00fcber hinaus enthalten einige Boxen Memorabilia <a href=\"https:\/\/memorabilia-germany.de\/de\/sport-memorabilia-faq\/#redemption\"><u>Redemption Vouchers<\/u><\/a> f\u00fcr signierte Basketb\u00e4lle!<\/strong><\/p>\n<p><strong>Produktinfos:<\/strong><\/p>\n<ul style=\"list-style-type: square;\">\n<li>Inhalt jeder Box: 10 unge\u00f6ffnete P\u00e4ckchen aus dem Zeitraum von 1990 bis heute (detaillierte Liste siehe unten).<\/li>\n<li>Ausschlie\u00dflich alle P\u00e4ckchen stammen aus \u201efactory sealed\u201c Boxen.<\/li>\n<li>3 von 100 Boxen enthalten zus\u00e4tzlich einen Memorabilia <a href=\"https:\/\/memorabilia-germany.de\/de\/sport-memorabilia-faq\/#redemption\"><strong><u>Redemption Voucher<\/u><\/strong><\/a> f\u00fcr einen original signierten NBA Basketball von Wilson mit Autogramm von Franz Wagner, Giannis Antetokounmpo oder Shaquille O\u2018Neal! Alle B\u00e4lle wurden von Beckett oder James Spence Authentication authentifiziert und haben eine Seriennummer, die online verifiziert werden kann.<\/li>\n<li>Finde originale Trading Cards der NBA Stars wie Michael Jordan, LeBron James, Kobe Bryant, Shaquille O\u2019Neal, Larry Bird, Magic Johnson, Ja Morant, Steph Curry, James Harden, Nikola Jokic, Dennis Rodman, Grant Hill, Giannis Antetokounmpo oder Luka Doncic.<\/li>\n<\/ul>\n<p>&nbsp;<\/p>\n<p><strong>Highlight Chances:<\/strong><\/p>\n<ul style=\"list-style-type: square;\">\n<li><a href=\"https:\/\/memorabilia-germany.de\/de\/sport-memorabilia-faq\/#redemption\"><strong><u>Redemption Vouchers<\/u><\/strong><\/a>: Wilson Basketb\u00e4lle mit Autogramm von Franz Wagner, Giannis Antetokounmpo oder Shaquille O\u2018Neal<\/li>\n<li>2000\/01 Upper Deck SP Authentic Basketball Single &#038; Double \u201cSign of the Time\u201d Autograph Cards incl. Kobe Bryant &#038; Michael Jordan Authentics<\/li>\n<li>2000\/01 Upper Deck SP Authentic Basketball Autographs, Relics &#038; Inserts:\n<ul style=\"list-style-type: circle;\">\n<li>Buy Backs (SP Autographs)<\/li>\n<li>First Class<\/li>\n<li>Premier Powers<\/li>\n<li>SPectacular<\/li>\n<li>Special Forces<\/li>\n<li>Supremacy<\/li>\n<\/ul>\n<\/li>\n<li>2005\/06 Upper Deck Basketball Signature &#038; Memorabilia Cards incl. Michael Jordan &#038; LeBron James:\n<ul style=\"list-style-type: circle;\">\n<li>Signature Sensations<\/li>\n<li>Performance Clause Autograph Jersey Redemption<\/li>\n<li>UD Game Jerseys &#038; Materials<\/li>\n<li>Rookie Review Materials<\/li>\n<li>All-StarAuthentics &#038; NBA Game Patches<\/li>\n<li>Star Rookies &#038; Regular Player Gold Parallels<\/li>\n<\/ul>\n<\/li>\n<li>2023\/24 Panini Donruss Optic Hobby-Exclusive Autographs, Parallels &#038; Inserts:\n<ul style=\"list-style-type: circle;\">\n<li>Rated Rookie Signatures (incl. Victor Wembanyama)<\/li>\n<li>Rookie Dual Signatures (incl. Victor Wembanyama)<\/li>\n<li>Slammy! Gold SSPs<\/li>\n<li>Optix SSPs<\/li>\n<li>Photon Parallels &#038; SPPs<\/li>\n<li>Elite Dominators, The Rookies, Lights Out &#038; Raining 3s<\/li>\n<li>Rising Suns + Red Hot Rookies Pink Velocity<\/li>\n<li>One-of-One Gold Vinyls<\/li>\n<\/ul>\n<\/li>\n<li>2023\/24 NBA HOOPS Autographs &#038; Inserts:\n<ul style=\"list-style-type: circle;\">\n<li>Hoops Art Signatures, Rookie Inks &#038; Hot Signatures Rookies (incl. Victor Wembanyama)<\/li>\n<li>Attack the Rack Artist Proof, Sheesh Holo Artist Proof + Ignitions (incl. hobby-exclusive JAM-tastics, Hoops Throwbacks, Spark Plugs &#038; HIPnotizeds)<\/li>\n<li>Presentations, Extreme Team &#038; Road to the Final Hobby Exclusives<\/li>\n<li>One-of-one Artist Proof Black Parallels<\/li>\n<\/ul>\n<\/li>\n<li>2002\/03 Topps Basketball Autographs &#038; Inserts:\n<ul style=\"list-style-type: circle;\">\n<li>Superstar Autographs<\/li>\n<li>Slam Duncan &#038; Shaq Attack Relics<\/li>\n<\/ul>\n<\/li>\n<li>1993 Michael Jordan Center Stage Cards<\/li>\n<li>1992 Larry Bird &#038; Magic Johnson Retirement Insert Cards<\/li>\n<li>1994 Fleer Ultra Inside\/Outside Hobby-Exclusive Inserts<\/li>\n<\/ul>\n","protected":false},"featured_media":55160,"template":"","meta":{"_acf_changed":false,"ocean_post_layout":"","ocean_both_sidebars_style":"","ocean_both_sidebars_content_width":0,"ocean_both_sidebars_sidebars_width":0,"ocean_sidebar":"0","ocean_second_sidebar":"0","ocean_disable_margins":"enable","ocean_add_body_class":"","ocean_shortcode_before_top_bar":"","ocean_shortcode_after_top_bar":"","ocean_shortcode_before_header":"","ocean_shortcode_after_header":"","ocean_has_shortcode":"","ocean_shortcode_after_title":"","ocean_shortcode_before_footer_widgets":"","ocean_shortcode_after_footer_widgets":"","ocean_shortcode_before_footer_bottom":"","ocean_shortcode_after_footer_bottom":"","ocean_display_top_bar":"default","ocean_display_header":"default","ocean_header_style":"","ocean_center_header_left_menu":"0","ocean_custom_header_template":"0","ocean_custom_logo":0,"ocean_custom_retina_logo":0,"ocean_custom_logo_max_width":0,"ocean_custom_logo_tablet_max_width":0,"ocean_custom_logo_mobile_max_width":0,"ocean_custom_logo_max_height":0,"ocean_custom_logo_tablet_max_height":0,"ocean_custom_logo_mobile_max_height":0,"ocean_header_custom_menu":"0","ocean_menu_typo_font_family":"0","ocean_menu_typo_font_subset":"","ocean_menu_typo_font_size":0,"ocean_menu_typo_font_size_tablet":0,"ocean_menu_typo_font_size_mobile":0,"ocean_menu_typo_font_size_unit":"px","ocean_menu_typo_font_weight":"","ocean_menu_typo_font_weight_tablet":"","ocean_menu_typo_font_weight_mobile":"","ocean_menu_typo_transform":"","ocean_menu_typo_transform_tablet":"","ocean_menu_typo_transform_mobile":"","ocean_menu_typo_line_height":0,"ocean_menu_typo_line_height_tablet":0,"ocean_menu_typo_line_height_mobile":0,"ocean_menu_typo_line_height_unit":"","ocean_menu_typo_spacing":0,"ocean_menu_typo_spacing_tablet":0,"ocean_menu_typo_spacing_mobile":0,"ocean_menu_typo_spacing_unit":"","ocean_menu_link_color":"","ocean_menu_link_color_hover":"","ocean_menu_link_color_active":"","ocean_menu_link_background":"","ocean_menu_link_hover_background":"","ocean_menu_link_active_background":"","ocean_menu_social_links_bg":"","ocean_menu_social_hover_links_bg":"","ocean_menu_social_links_color":"","ocean_menu_social_hover_links_color":"","ocean_disable_title":"default","ocean_disable_heading":"default","ocean_post_title":"","ocean_post_subheading":"","ocean_post_title_style":"","ocean_post_title_background_color":"","ocean_post_title_background":0,"ocean_post_title_bg_image_position":"","ocean_post_title_bg_image_attachment":"","ocean_post_title_bg_image_repeat":"","ocean_post_title_bg_image_size":"","ocean_post_title_height":0,"ocean_post_title_bg_overlay":0.5,"ocean_post_title_bg_overlay_color":"","ocean_disable_breadcrumbs":"default","ocean_breadcrumbs_color":"","ocean_breadcrumbs_separator_color":"","ocean_breadcrumbs_links_color":"","ocean_breadcrumbs_links_hover_color":"","ocean_display_footer_widgets":"default","ocean_display_footer_bottom":"default","ocean_custom_footer_template":"0","ofc_enable_fullscreen":"disable","ofc_fullscreen_speed":0,"ofc_fullscreen_nav":"enable","ofc_fullscreen_nav_pos":"right","ofc_fullscreen_nav_color":"","ofc_fullscreen_nav_tooltip_color":"","ofc_fullscreen_responsive":0},"product_brand":[],"product_cat":[3579],"product_tag":[],"class_list":{"0":"post-52996","1":"product","2":"type-product","3":"status-publish","4":"has-post-thumbnail","6":"product_cat-nba-trading-cards-mystery-box-modern-superstars-alternate-edition-2024-25-10-unopened-packs","7":"product_shipping_class-versandklasse_a","9":"entry","10":"has-media","12":"first","13":"outofstock","14":"taxable","15":"shipping-taxable","16":"purchasable","17":"product-type-simple","18":"col","19":"span_1_of_4","20":"owp-content-center","21":"owp-thumbs-layout-horizontal","22":"owp-btn-normal","23":"owp-tabs-layout-horizontal"},"acf":[],"_links":{"self":[{"href":"https:\/\/memorabilia-germany.de\/de\/wp-json\/wp\/v2\/product\/52996","targetHints":{"allow":["GET"]}}],"collection":[{"href":"https:\/\/memorabilia-germany.de\/de\/wp-json\/wp\/v2\/product"}],"about":[{"href":"https:\/\/memorabilia-germany.de\/de\/wp-json\/wp\/v2\/types\/product"}],"version-history":[{"count":0,"href":"https:\/\/memorabilia-germany.de\/de\/wp-json\/wp\/v2\/product\/52996\/revisions"}],"wp:featuredmedia":[{"embeddable":true,"href":"https:\/\/memorabilia-germany.de\/de\/wp-json\/wp\/v2\/media\/55160"}],"wp:attachment":[{"href":"https:\/\/memorabilia-germany.de\/de\/wp-json\/wp\/v2\/media?parent=52996"}],"wp:term":[{"taxonomy":"product_brand","embeddable":true,"href":"https:\/\/memorabilia-germany.de\/de\/wp-json\/wp\/v2\/product_brand?post=52996"},{"taxonomy":"product_cat","embeddable":true,"href":"https:\/\/memorabilia-germany.de\/de\/wp-json\/wp\/v2\/product_cat?post=52996"},{"taxonomy":"product_tag","embeddable":true,"href":"https:\/\/memorabilia-germany.de\/de\/wp-json\/wp\/v2\/product_tag?post=52996"}],"curies":[{"name":"wp","href":"https:\/\/api.w.org\/{rel}","templated":true}]}}