{"id":52728,"date":"2024-11-21T15:19:32","date_gmt":"2024-11-21T14:19:32","guid":{"rendered":"https:\/\/memorabilia-germany.de\/?post_type=product&#038;p=52728"},"modified":"2026-04-14T17:15:35","modified_gmt":"2026-04-14T15:15:35","slug":"football-trikot-mystery-box-2024-25-man-in-motion-series-special-insert-chances","status":"publish","type":"product","link":"https:\/\/memorabilia-germany.de\/de\/produkt\/football-trikot-mystery-box-2024-25-man-in-motion-series-special-insert-chances\/","title":{"rendered":"Football Trikot Mystery Box: 2024-25 MAN IN MOTION Series (Special Insert Chances!)"},"content":{"rendered":"<p><strong>Weitere Informationen zu dieser Trikot Mystery Box Serie:<\/strong><\/p>\n<ul style=\"list-style-type: square;\">\n<li>Hinweis: Custom Football Trikots sind Autogramm-Trikots zum Sammeln oder Rahmen, die keine Teamlogos oder Labels zeigen. Die Unterschiede zu Authentic Trikots findet ihr <a href=\"https:\/\/memorabilia-germany.de\/de\/sport-memorabilia-faq\/#faq-trikot-arten\"><strong><u>hier<\/u><\/strong><\/a>.<u><\/u><\/li>\n<li>Die Trikots wurden per Zufallsprinzip auf die Boxen verteilt.<\/li>\n<li>Alle Memorabilia in einer Trikot Mystery Box wurden von einem der marktf\u00fchrenden US Authenticator verifiziert und kommen mit seriennummerierten Sicherheitsmerkmalen (Certificate of Authenticity und\/oder Sicherheitshologramm). Authenticator sind ausschlie\u00dflich: Beckett, James Spence Authentication, PSA\/DNA oder Fanatics. Mehr Infos zum wichtigen Thema Authentifizierung findet ihr <strong><a href=\"https:\/\/memorabilia-germany.de\/de\/signatur-authentifizierung\/\">hier<\/a><\/strong>.<\/li>\n<li>Bei uns bekommt ihr eine VOLLST\u00c4NDIGE \u00dcbersicht \u00fcber die Liste der Spieler, die in dieser Mystery Box Serie enthalten sind:<\/li>\n<\/ul>\n<p style=\"text-align: center;\">Brock Purdy<br \/>\nJordan Love<br \/>\nDan Marino<br \/>\nBrett Favre, Barry Sanders und C. J. Stroud Special Inserts<br \/>\nJa&#8217;Marr Chase<br \/>\nBo Nix<br \/>\nAmon-Ra St. Brown<br \/>\nJustin Jefferson<br \/>\nChristian McCaffrey<br \/>\nJohn Elway<br \/>\nDavante Adams<br \/>\nTua Tagovailoa<br \/>\nTravis Kelce<br \/>\nDak Prescott<br \/>\nTyreek Hill<br \/>\nBaker Mayfield<br \/>\nRicky Pearsall<br \/>\nAlvin Kamara<br \/>\nJustin Fields<br \/>\nBijan Robinson<br \/>\nCeeDee Lamb<br \/>\nD.K. Metcalf<br \/>\nAidan Hutchinson<br \/>\nTee Higgins<br \/>\nMarquise \u201cHollywood\u201d Brown<br \/>\nTony Pollard<br \/>\nDeebo Samuel<br \/>\nOdell Beckham Jr.<br \/>\nGarrett Wilson<br \/>\nCooper Kupp<br \/>\nJames Cook<br \/>\nDeAndre Hopkins<br \/>\nJakobi Meyers<br \/>\nTank Dell<br \/>\nJerry Jeudy<br \/>\nJaxon Smith-Njigba<br \/>\nTrevon Diggs<br \/>\nDeshaun Watson<br \/>\nDavid Montgomery<br \/>\nDaniel Jones<br \/>\nMinkah Fitzpatrick<br \/>\nKenneth Walker III<br \/>\nJoe Mixon<br \/>\nBob Lilly<br \/>\nKyren Williams<br \/>\nJordan Davis<br \/>\nSteve Largent<br \/>\nBrian Urlacher<br \/>\nChristian Watson<br \/>\nDrake London<br \/>\nCharvarius Ward<br \/>\nNolan Smith Jr.<br \/>\nKeeanu Benton<br \/>\nJustin Tucker<br \/>\nMel Renfro<br \/>\nDrew Bledsoe<br \/>\nMichael Vick<br \/>\nDaunte Culpepper<br \/>\nWarren Moon<br \/>\nRicky Williams<br \/>\nEarl Campbell<br \/>\nMike Singletary<br \/>\nJoe Theismann\n<\/p>\n<p>Sollte eine Serie mehr als ein Football Memorabilia vom gleichen Spieler beinhalten, bekommt ihr eine \u201eNo Double Option\u201c. Das hei\u00dft, dass ihr mit Sicherheit keinen Spieler doppelt erhaltet, wenn ihr mehr als eine Box kauft.<\/p>\n<p>Wie funktioniert eine Trikot Mystery Box?<\/p>\n<p>Infos dazu findet ihr in unseren <strong><a href=\"https:\/\/memorabilia-germany.de\/de\/sport-memorabilia-faq\/#memorabilia-mystery-box\"><u>FAQ<\/u><\/a><\/strong>!<\/p>\n<p>Was ist der Unterschied zwischen Custom Trikots und Authentic Trikots?<\/p>\n<p>Infos dazu findet ihr in unseren <strong><a href=\"https:\/\/memorabilia-germany.de\/de\/sport-memorabilia-faq\/#faq-trikot-arten\"><u>FAQ<\/u><\/a><\/strong>!<\/p>\n<p>Mehr Football Memorabilia findest du <strong><a href=\"https:\/\/memorabilia-germany.de\/de\/football-memorabilia\/\">hier<\/a><\/strong>.<\/p>\n","protected":false},"excerpt":{"rendered":"<p><strong>Diese Serie ist auf insgesamt 100 Trikot <a href=\"https:\/\/memorabilia-germany.de\/de\/sport-memorabilia-faq\/#memorabilia-mystery-box\"><u>Mystery Boxen<\/u><\/a> limitiert.<br \/>\nJede Box hat eine Seriennummer.<br \/>\nFinde signierte Football Trikots von aktuellen NFL Superstars wie Jordan Love, Christian McCaffrey oder Travis Kelce und NFL Legenden wie Dan Marino oder John Elway in dieser Serie.<\/strong><\/p>\n<p><strong>Schnell\u00fcbersicht:<\/strong><\/p>\n<ul style=\"list-style-type: square;\">\n<li>Inhalt jeder Box: signiertes <a href=\"https:\/\/memorabilia-germany.de\/de\/sport-memorabilia-faq\/#faq-trikot-arten\"><strong><u>Custom Football Trikot<\/u><\/strong><\/a>. Die Bilder gestatten euch einen kleinen Einblick in das Geheimnis der Serie!<\/li>\n<li>Alle Trikots sind von mindestens einem aktuellen NFL Star oder einer NFL Legende signiert. Dar\u00fcber hinaus sind viele Trikots zus\u00e4tzlich mit Inscriptions der Spieler signiert!<\/li>\n<li>Finde eines von drei Special Inserts, signiert von Brett Favre, Barry Sanders und C. J. Stroud zus\u00e4tzlich zu einem Trikot in drei der Boxen!<\/li>\n<li>Authentifizierung der Autogramme (ausschlie\u00dflich): <strong><a href=\"https:\/\/memorabilia-germany.de\/de\/signatur-authentifizierung\/#signatur-authentifizierung-beckett\">Beckett<\/a><\/strong>, <strong><a href=\"https:\/\/memorabilia-germany.de\/de\/signatur-authentifizierung\/#signatur-authentifizierung-james-spence\">James Spence Authentication<\/a><\/strong>, <strong><a href=\"https:\/\/memorabilia-germany.de\/de\/signatur-authentifizierung\/#signatur-authentifizierung-psa-dna\">PSA\/DNA<\/a><\/strong> oder <strong><a href=\"https:\/\/memorabilia-germany.de\/de\/signatur-authentifizierung\/#signatur-authentifizierung-fanatics\">Fanatics<\/a><\/strong>.<\/li>\n<\/ul>\n","protected":false},"featured_media":65642,"template":"","meta":{"_acf_changed":false,"ocean_post_layout":"","ocean_both_sidebars_style":"","ocean_both_sidebars_content_width":0,"ocean_both_sidebars_sidebars_width":0,"ocean_sidebar":"0","ocean_second_sidebar":"0","ocean_disable_margins":"enable","ocean_add_body_class":"","ocean_shortcode_before_top_bar":"","ocean_shortcode_after_top_bar":"","ocean_shortcode_before_header":"","ocean_shortcode_after_header":"","ocean_has_shortcode":"","ocean_shortcode_after_title":"","ocean_shortcode_before_footer_widgets":"","ocean_shortcode_after_footer_widgets":"","ocean_shortcode_before_footer_bottom":"","ocean_shortcode_after_footer_bottom":"","ocean_display_top_bar":"default","ocean_display_header":"default","ocean_header_style":"","ocean_center_header_left_menu":"0","ocean_custom_header_template":"0","ocean_custom_logo":0,"ocean_custom_retina_logo":0,"ocean_custom_logo_max_width":0,"ocean_custom_logo_tablet_max_width":0,"ocean_custom_logo_mobile_max_width":0,"ocean_custom_logo_max_height":0,"ocean_custom_logo_tablet_max_height":0,"ocean_custom_logo_mobile_max_height":0,"ocean_header_custom_menu":"0","ocean_menu_typo_font_family":"0","ocean_menu_typo_font_subset":"","ocean_menu_typo_font_size":0,"ocean_menu_typo_font_size_tablet":0,"ocean_menu_typo_font_size_mobile":0,"ocean_menu_typo_font_size_unit":"px","ocean_menu_typo_font_weight":"","ocean_menu_typo_font_weight_tablet":"","ocean_menu_typo_font_weight_mobile":"","ocean_menu_typo_transform":"","ocean_menu_typo_transform_tablet":"","ocean_menu_typo_transform_mobile":"","ocean_menu_typo_line_height":0,"ocean_menu_typo_line_height_tablet":0,"ocean_menu_typo_line_height_mobile":0,"ocean_menu_typo_line_height_unit":"","ocean_menu_typo_spacing":0,"ocean_menu_typo_spacing_tablet":0,"ocean_menu_typo_spacing_mobile":0,"ocean_menu_typo_spacing_unit":"","ocean_menu_link_color":"","ocean_menu_link_color_hover":"","ocean_menu_link_color_active":"","ocean_menu_link_background":"","ocean_menu_link_hover_background":"","ocean_menu_link_active_background":"","ocean_menu_social_links_bg":"","ocean_menu_social_hover_links_bg":"","ocean_menu_social_links_color":"","ocean_menu_social_hover_links_color":"","ocean_disable_title":"default","ocean_disable_heading":"default","ocean_post_title":"","ocean_post_subheading":"","ocean_post_title_style":"","ocean_post_title_background_color":"","ocean_post_title_background":0,"ocean_post_title_bg_image_position":"","ocean_post_title_bg_image_attachment":"","ocean_post_title_bg_image_repeat":"","ocean_post_title_bg_image_size":"","ocean_post_title_height":0,"ocean_post_title_bg_overlay":0.5,"ocean_post_title_bg_overlay_color":"","ocean_disable_breadcrumbs":"default","ocean_breadcrumbs_color":"","ocean_breadcrumbs_separator_color":"","ocean_breadcrumbs_links_color":"","ocean_breadcrumbs_links_hover_color":"","ocean_display_footer_widgets":"default","ocean_display_footer_bottom":"default","ocean_custom_footer_template":"0","ofc_enable_fullscreen":"disable","ofc_fullscreen_speed":0,"ofc_fullscreen_nav":"enable","ofc_fullscreen_nav_pos":"right","ofc_fullscreen_nav_color":"","ofc_fullscreen_nav_tooltip_color":"","ofc_fullscreen_responsive":0},"product_brand":[],"product_cat":[3555],"product_tag":[],"class_list":{"0":"post-52728","1":"product","2":"type-product","3":"status-publish","4":"has-post-thumbnail","6":"product_cat-football-trikot-mystery-box-2024-25-man-in-motion-series-special-insert-chances","7":"product_shipping_class-versandklasse_a","9":"entry","10":"has-media","12":"first","13":"instock","14":"taxable","15":"shipping-taxable","16":"purchasable","17":"product-type-simple","18":"col","19":"span_1_of_4","20":"owp-content-center","21":"owp-thumbs-layout-horizontal","22":"owp-btn-normal","23":"owp-tabs-layout-horizontal"},"acf":[],"_links":{"self":[{"href":"https:\/\/memorabilia-germany.de\/de\/wp-json\/wp\/v2\/product\/52728","targetHints":{"allow":["GET"]}}],"collection":[{"href":"https:\/\/memorabilia-germany.de\/de\/wp-json\/wp\/v2\/product"}],"about":[{"href":"https:\/\/memorabilia-germany.de\/de\/wp-json\/wp\/v2\/types\/product"}],"version-history":[{"count":0,"href":"https:\/\/memorabilia-germany.de\/de\/wp-json\/wp\/v2\/product\/52728\/revisions"}],"wp:featuredmedia":[{"embeddable":true,"href":"https:\/\/memorabilia-germany.de\/de\/wp-json\/wp\/v2\/media\/65642"}],"wp:attachment":[{"href":"https:\/\/memorabilia-germany.de\/de\/wp-json\/wp\/v2\/media?parent=52728"}],"wp:term":[{"taxonomy":"product_brand","embeddable":true,"href":"https:\/\/memorabilia-germany.de\/de\/wp-json\/wp\/v2\/product_brand?post=52728"},{"taxonomy":"product_cat","embeddable":true,"href":"https:\/\/memorabilia-germany.de\/de\/wp-json\/wp\/v2\/product_cat?post=52728"},{"taxonomy":"product_tag","embeddable":true,"href":"https:\/\/memorabilia-germany.de\/de\/wp-json\/wp\/v2\/product_tag?post=52728"}],"curies":[{"name":"wp","href":"https:\/\/api.w.org\/{rel}","templated":true}]}}