{"id":50982,"date":"2024-08-11T13:13:57","date_gmt":"2024-08-11T11:13:57","guid":{"rendered":"https:\/\/memorabilia-germany.de\/?post_type=product&#038;p=50982"},"modified":"2024-08-11T13:33:46","modified_gmt":"2024-08-11T11:33:46","slug":"michael-buble-team-buble-band-signiertes-album-higher","status":"publish","type":"product","link":"https:\/\/memorabilia-germany.de\/de\/produkt\/michael-buble-team-buble-band-signiertes-album-higher\/","title":{"rendered":"MICHAEL BUBL\u00c9 (Team Bubl\u00e9 Band) signiertes Album,<\/br>Higher"},"content":{"rendered":"","protected":false},"excerpt":{"rendered":"<p><strong>Signiertes Exemplar des UK Nummer 1 Albums \u201eHigher\u201d. Autogramm des mehrfachen Grammy-Preistr\u00e4gers Michael Bubl\u00e9 auf dem Inlet der CD.<br \/>\nMit weltweit mehr als 75 Millionen verkauften Alben z\u00e4hlt Michael Bubl\u00e9 zu den ganz gro\u00dfen K\u00fcnstlern unserer Zeit. Seine Alben belegen regelm\u00e4\u00dfig die Nummer 1 der Charts verschiedenster L\u00e4nder, wie USA, Kanada oder UK. Mit mittlerweile 5 Grammy Awards und vielen weiteren Auszeichnungen geh\u00f6rt Bubl\u00e9 bereits jetzt zu den gro\u00dfen Namen in der Geschichte des \u201eEasy Listenings\u201c. Alle Autogramme von Musikern sind authentifiziert und verf\u00fcgen \u00fcber eine Seriennummer. Weitere Infos siehe unten.<\/strong><\/p>\n<ul style=\"list-style-type: square;\">\n<li>Name des Albums: Higher<\/li>\n<li>Art des Tontr\u00e4gers: CD<\/li>\n<li>Autogramm: Michael Bubl\u00e9, goldener Farbstift<\/li>\n<li>Platzierung des Autogramms: CD Inlet<\/li>\n<li>Authentifizierung: Beckett Authentication (mit Seriennummer)<\/li>\n<li>Dokumente: Digital Certificate of Authenticity + QR Code Sicherheitshologramm auf dem Inlet<\/li>\n<li>Jedes signierte Musik Memorabilia wird von einem der marktf\u00fchrenden US Authenticator verifiziert und kommt mit seriennummerierten Sicherheitsmerkmalen, die die Echtheit des Autogramms best\u00e4tigen (Certificate\/Letter of Authenticity und\/oder Sicherheitshologramm).  Authenticator von Musiker Autogrammen sind bei Memorabilia Germany ausschlie\u00dflich: <strong><a href=\"https:\/\/memorabilia-germany.de\/de\/signatur-authentifizierung\/#signatur-authentifizierung-beckett\">Beckett<\/a><\/strong>, <strong><a href=\"https:\/\/memorabilia-germany.de\/de\/signatur-authentifizierung\/#signatur-authentifizierung-james-spence\">James Spence Authentication<\/a><\/strong>, <strong><a href=\"https:\/\/memorabilia-germany.de\/de\/signatur-authentifizierung\/#signatur-authentifizierung-psa-dna\">PSA\/DNA<\/a><\/strong> oder <strong><a href=\"https:\/\/memorabilia-germany.de\/de\/signatur-authentifizierung\/#signatur-authentifizierung-fanatics\">Fanatics<\/a><\/strong>. Mehr Infos zum wichtigen Thema Authentifizierung findet ihr <strong><a href=\"https:\/\/memorabilia-germany.de\/de\/signatur-authentifizierung\/\">hier<\/a><\/strong>.<\/li>\n<\/ul>\n<p>Mehr Musik Memorabilia findest du <strong><a href=\"https:\/\/memorabilia-germany.de\/de\/musik-memorabilia\/\">hier<\/a><\/strong>.<\/p>\n","protected":false},"featured_media":50942,"template":"","meta":{"_acf_changed":false,"ocean_post_layout":"","ocean_both_sidebars_style":"","ocean_both_sidebars_content_width":0,"ocean_both_sidebars_sidebars_width":0,"ocean_sidebar":"0","ocean_second_sidebar":"0","ocean_disable_margins":"enable","ocean_add_body_class":"","ocean_shortcode_before_top_bar":"","ocean_shortcode_after_top_bar":"","ocean_shortcode_before_header":"","ocean_shortcode_after_header":"","ocean_has_shortcode":"","ocean_shortcode_after_title":"","ocean_shortcode_before_footer_widgets":"","ocean_shortcode_after_footer_widgets":"","ocean_shortcode_before_footer_bottom":"","ocean_shortcode_after_footer_bottom":"","ocean_display_top_bar":"default","ocean_display_header":"default","ocean_header_style":"","ocean_center_header_left_menu":"0","ocean_custom_header_template":"0","ocean_custom_logo":0,"ocean_custom_retina_logo":0,"ocean_custom_logo_max_width":0,"ocean_custom_logo_tablet_max_width":0,"ocean_custom_logo_mobile_max_width":0,"ocean_custom_logo_max_height":0,"ocean_custom_logo_tablet_max_height":0,"ocean_custom_logo_mobile_max_height":0,"ocean_header_custom_menu":"0","ocean_menu_typo_font_family":"0","ocean_menu_typo_font_subset":"","ocean_menu_typo_font_size":0,"ocean_menu_typo_font_size_tablet":0,"ocean_menu_typo_font_size_mobile":0,"ocean_menu_typo_font_size_unit":"px","ocean_menu_typo_font_weight":"","ocean_menu_typo_font_weight_tablet":"","ocean_menu_typo_font_weight_mobile":"","ocean_menu_typo_transform":"","ocean_menu_typo_transform_tablet":"","ocean_menu_typo_transform_mobile":"","ocean_menu_typo_line_height":0,"ocean_menu_typo_line_height_tablet":0,"ocean_menu_typo_line_height_mobile":0,"ocean_menu_typo_line_height_unit":"","ocean_menu_typo_spacing":0,"ocean_menu_typo_spacing_tablet":0,"ocean_menu_typo_spacing_mobile":0,"ocean_menu_typo_spacing_unit":"","ocean_menu_link_color":"","ocean_menu_link_color_hover":"","ocean_menu_link_color_active":"","ocean_menu_link_background":"","ocean_menu_link_hover_background":"","ocean_menu_link_active_background":"","ocean_menu_social_links_bg":"","ocean_menu_social_hover_links_bg":"","ocean_menu_social_links_color":"","ocean_menu_social_hover_links_color":"","ocean_disable_title":"default","ocean_disable_heading":"default","ocean_post_title":"","ocean_post_subheading":"","ocean_post_title_style":"","ocean_post_title_background_color":"","ocean_post_title_background":0,"ocean_post_title_bg_image_position":"","ocean_post_title_bg_image_attachment":"","ocean_post_title_bg_image_repeat":"","ocean_post_title_bg_image_size":"","ocean_post_title_height":0,"ocean_post_title_bg_overlay":0.5,"ocean_post_title_bg_overlay_color":"","ocean_disable_breadcrumbs":"default","ocean_breadcrumbs_color":"","ocean_breadcrumbs_separator_color":"","ocean_breadcrumbs_links_color":"","ocean_breadcrumbs_links_hover_color":"","ocean_display_footer_widgets":"default","ocean_display_footer_bottom":"default","ocean_custom_footer_template":"0","ofc_enable_fullscreen":"disable","ofc_fullscreen_speed":0,"ofc_fullscreen_nav":"enable","ofc_fullscreen_nav_pos":"right","ofc_fullscreen_nav_color":"","ofc_fullscreen_nav_tooltip_color":"","ofc_fullscreen_responsive":0},"product_brand":[],"product_cat":[3447],"product_tag":[],"class_list":{"0":"post-50982","1":"product","2":"type-product","3":"status-publish","4":"has-post-thumbnail","6":"product_cat-michael-buble-team-buble-band-signiertes-album-higher","7":"product_shipping_class-versandklasse_b","9":"entry","10":"has-media","12":"first","13":"instock","14":"taxable","15":"shipping-taxable","16":"purchasable","17":"product-type-simple","18":"col","19":"span_1_of_4","20":"owp-content-center","21":"owp-thumbs-layout-horizontal","22":"owp-btn-normal","23":"owp-tabs-layout-horizontal"},"acf":[],"_links":{"self":[{"href":"https:\/\/memorabilia-germany.de\/de\/wp-json\/wp\/v2\/product\/50982","targetHints":{"allow":["GET"]}}],"collection":[{"href":"https:\/\/memorabilia-germany.de\/de\/wp-json\/wp\/v2\/product"}],"about":[{"href":"https:\/\/memorabilia-germany.de\/de\/wp-json\/wp\/v2\/types\/product"}],"version-history":[{"count":0,"href":"https:\/\/memorabilia-germany.de\/de\/wp-json\/wp\/v2\/product\/50982\/revisions"}],"wp:featuredmedia":[{"embeddable":true,"href":"https:\/\/memorabilia-germany.de\/de\/wp-json\/wp\/v2\/media\/50942"}],"wp:attachment":[{"href":"https:\/\/memorabilia-germany.de\/de\/wp-json\/wp\/v2\/media?parent=50982"}],"wp:term":[{"taxonomy":"product_brand","embeddable":true,"href":"https:\/\/memorabilia-germany.de\/de\/wp-json\/wp\/v2\/product_brand?post=50982"},{"taxonomy":"product_cat","embeddable":true,"href":"https:\/\/memorabilia-germany.de\/de\/wp-json\/wp\/v2\/product_cat?post=50982"},{"taxonomy":"product_tag","embeddable":true,"href":"https:\/\/memorabilia-germany.de\/de\/wp-json\/wp\/v2\/product_tag?post=50982"}],"curies":[{"name":"wp","href":"https:\/\/api.w.org\/{rel}","templated":true}]}}