{"id":50912,"date":"2024-08-08T16:46:52","date_gmt":"2024-08-08T14:46:52","guid":{"rendered":"https:\/\/memorabilia-germany.de\/?post_type=product&#038;p=50912"},"modified":"2024-08-08T17:37:48","modified_gmt":"2024-08-08T15:37:48","slug":"b-b-king-the-king-of-the-blues-signierte-gitarre-les-paul-epiphone","status":"publish","type":"product","link":"https:\/\/memorabilia-germany.de\/de\/produkt\/b-b-king-the-king-of-the-blues-signierte-gitarre-les-paul-epiphone\/","title":{"rendered":"B.B. KING (The King of the Blues)<\/br>signierte Gitarre, Les Paul Epiphone"},"content":{"rendered":"","protected":false},"excerpt":{"rendered":"<p><strong>Signierte E-Gitarre der Gibson Marke \u201eLes Paul Epiphone\u201c mit Autogramm vom \u201eKing of Blues\u201c B.B. King auf dem Gitarren-Pickguard. Die Gitarre ist auf dem Korpus mit einem Gem\u00e4lde von B.B. King verziert.<\/strong><\/p>\n<p><strong>Der 1925 geborene B.B. King gilt zusammen mit anderen Legenden wie Jimi Hendrix oder Eric Clapton als einer der gr\u00f6\u00dften Gitarristen aller Zeiten. Er wurde bereits 1980 in die Blues Hall of Fame und sieben Jahre sp\u00e4ter auch in die Rock and Roll Hall of Fame aufgenommen. Seine Alben schafften es auf insgesamt 15 Grammy Awards, er bekam einen Stern auf dem Hollywood Walk of Fame und erhielt im Jahr 2006 sogar die Presidential Medal of Freedom, die h\u00f6chste zivile Auszeichnung der Vereinigten Staaten. 2015 starb BB King im Alter von knapp 90 Jahren, aber seine Musik und sein Einfluss auf die gesamte Musikgeschichte lassen den \u201eBlues Boy\u201c f\u00fcr immer leben.<\/strong><\/p>\n<ul style=\"list-style-type: square;\">\n<li>Art der Gitarre: E-Gitarre<\/li>\n<li>Marke: Les Paul (Gibson), Epiphone<\/li>\n<li>Modell: Epiphone Junior Model, Full Size (das Modell hei\u00dft \u201cJunior\u201d, die Gitarre ist aber Full Size)<\/li>\n<li>Autogramm: B. B. King (\u201eRiley B. King\u201c), silberner Farbstift<\/li>\n<li>Platzierung des Autogramms: Gitarren-Pickguard<\/li>\n<li>Authentifizierung: James Spence Authentication (mit Seriennummer)<\/li>\n<li>Dokumente: Letter of Authenticity (vollseitiges Dokument, circa DIN A4 mit Unterschriften des James Spence Pr\u00e4sidenten sowie eines staatlichen Notars des US Staates New Jersey auf James Spence Sicherheitspapier).<\/li>\n<li>Besonderheit: die Les Paul Gitarre wurde mit einem Gem\u00e4lde von B.B. King verziert, das das Instrument zusammen mit der Signatur perfekt in Szene setzt.<\/li>\n<li>Jedes signierte Musik Memorabilia wird von einem der marktf\u00fchrenden US Authenticator verifiziert und kommt mit seriennummerierten Sicherheitsmerkmalen, die die Echtheit des Autogramms best\u00e4tigen (Certificate of Authenticity und\/oder Sicherheitshologramm). Authenticator von Musiker Autogrammen sind bei Memorabilia Germany ausschlie\u00dflich: <strong><a href=\"https:\/\/memorabilia-germany.de\/de\/signatur-authentifizierung\/#signatur-authentifizierung-beckett\">Beckett<\/a><\/strong>, <strong><a href=\"https:\/\/memorabilia-germany.de\/de\/signatur-authentifizierung\/#signatur-authentifizierung-james-spence\">James Spence Authentication<\/a><\/strong>, <strong><a href=\"https:\/\/memorabilia-germany.de\/de\/signatur-authentifizierung\/#signatur-authentifizierung-psa-dna\">PSA\/DNA<\/a><\/strong> oder <strong><a href=\"https:\/\/memorabilia-germany.de\/de\/signatur-authentifizierung\/#signatur-authentifizierung-fanatics\">Fanatics<\/a><\/strong>. Mehr Infos zum wichtigen Thema Authentifizierung findet ihr <strong><a href=\"https:\/\/memorabilia-germany.de\/de\/signatur-authentifizierung\/\">hier<\/a><\/strong>.<\/li>\n<\/ul>\n<p>Mehr Musik Memorabilia findest du <strong><a href=\"https:\/\/memorabilia-germany.de\/de\/musik-memorabilia\/\">hier<\/a><\/strong>.<\/p>\n","protected":false},"featured_media":50838,"template":"","meta":{"_acf_changed":false,"ocean_post_layout":"","ocean_both_sidebars_style":"","ocean_both_sidebars_content_width":0,"ocean_both_sidebars_sidebars_width":0,"ocean_sidebar":"0","ocean_second_sidebar":"0","ocean_disable_margins":"enable","ocean_add_body_class":"","ocean_shortcode_before_top_bar":"","ocean_shortcode_after_top_bar":"","ocean_shortcode_before_header":"","ocean_shortcode_after_header":"","ocean_has_shortcode":"","ocean_shortcode_after_title":"","ocean_shortcode_before_footer_widgets":"","ocean_shortcode_after_footer_widgets":"","ocean_shortcode_before_footer_bottom":"","ocean_shortcode_after_footer_bottom":"","ocean_display_top_bar":"default","ocean_display_header":"default","ocean_header_style":"","ocean_center_header_left_menu":"0","ocean_custom_header_template":"0","ocean_custom_logo":0,"ocean_custom_retina_logo":0,"ocean_custom_logo_max_width":0,"ocean_custom_logo_tablet_max_width":0,"ocean_custom_logo_mobile_max_width":0,"ocean_custom_logo_max_height":0,"ocean_custom_logo_tablet_max_height":0,"ocean_custom_logo_mobile_max_height":0,"ocean_header_custom_menu":"0","ocean_menu_typo_font_family":"0","ocean_menu_typo_font_subset":"","ocean_menu_typo_font_size":0,"ocean_menu_typo_font_size_tablet":0,"ocean_menu_typo_font_size_mobile":0,"ocean_menu_typo_font_size_unit":"px","ocean_menu_typo_font_weight":"","ocean_menu_typo_font_weight_tablet":"","ocean_menu_typo_font_weight_mobile":"","ocean_menu_typo_transform":"","ocean_menu_typo_transform_tablet":"","ocean_menu_typo_transform_mobile":"","ocean_menu_typo_line_height":0,"ocean_menu_typo_line_height_tablet":0,"ocean_menu_typo_line_height_mobile":0,"ocean_menu_typo_line_height_unit":"","ocean_menu_typo_spacing":0,"ocean_menu_typo_spacing_tablet":0,"ocean_menu_typo_spacing_mobile":0,"ocean_menu_typo_spacing_unit":"","ocean_menu_link_color":"","ocean_menu_link_color_hover":"","ocean_menu_link_color_active":"","ocean_menu_link_background":"","ocean_menu_link_hover_background":"","ocean_menu_link_active_background":"","ocean_menu_social_links_bg":"","ocean_menu_social_hover_links_bg":"","ocean_menu_social_links_color":"","ocean_menu_social_hover_links_color":"","ocean_disable_title":"default","ocean_disable_heading":"default","ocean_post_title":"","ocean_post_subheading":"","ocean_post_title_style":"","ocean_post_title_background_color":"","ocean_post_title_background":0,"ocean_post_title_bg_image_position":"","ocean_post_title_bg_image_attachment":"","ocean_post_title_bg_image_repeat":"","ocean_post_title_bg_image_size":"","ocean_post_title_height":0,"ocean_post_title_bg_overlay":0.5,"ocean_post_title_bg_overlay_color":"","ocean_disable_breadcrumbs":"default","ocean_breadcrumbs_color":"","ocean_breadcrumbs_separator_color":"","ocean_breadcrumbs_links_color":"","ocean_breadcrumbs_links_hover_color":"","ocean_display_footer_widgets":"default","ocean_display_footer_bottom":"default","ocean_custom_footer_template":"0","ofc_enable_fullscreen":"disable","ofc_fullscreen_speed":0,"ofc_fullscreen_nav":"enable","ofc_fullscreen_nav_pos":"right","ofc_fullscreen_nav_color":"","ofc_fullscreen_nav_tooltip_color":"","ofc_fullscreen_responsive":0},"product_brand":[],"product_cat":[3443],"product_tag":[],"class_list":{"0":"post-50912","1":"product","2":"type-product","3":"status-publish","4":"has-post-thumbnail","6":"product_cat-b-b-king-the-king-of-the-blues-signierte-gitarre-les-paul-epiphone","7":"product_shipping_class-versandklasse_a","9":"entry","10":"has-media","12":"first","13":"instock","14":"taxable","15":"shipping-taxable","16":"purchasable","17":"product-type-simple","18":"col","19":"span_1_of_4","20":"owp-content-center","21":"owp-thumbs-layout-horizontal","22":"owp-btn-normal","23":"owp-tabs-layout-horizontal"},"acf":[],"_links":{"self":[{"href":"https:\/\/memorabilia-germany.de\/de\/wp-json\/wp\/v2\/product\/50912","targetHints":{"allow":["GET"]}}],"collection":[{"href":"https:\/\/memorabilia-germany.de\/de\/wp-json\/wp\/v2\/product"}],"about":[{"href":"https:\/\/memorabilia-germany.de\/de\/wp-json\/wp\/v2\/types\/product"}],"version-history":[{"count":0,"href":"https:\/\/memorabilia-germany.de\/de\/wp-json\/wp\/v2\/product\/50912\/revisions"}],"wp:featuredmedia":[{"embeddable":true,"href":"https:\/\/memorabilia-germany.de\/de\/wp-json\/wp\/v2\/media\/50838"}],"wp:attachment":[{"href":"https:\/\/memorabilia-germany.de\/de\/wp-json\/wp\/v2\/media?parent=50912"}],"wp:term":[{"taxonomy":"product_brand","embeddable":true,"href":"https:\/\/memorabilia-germany.de\/de\/wp-json\/wp\/v2\/product_brand?post=50912"},{"taxonomy":"product_cat","embeddable":true,"href":"https:\/\/memorabilia-germany.de\/de\/wp-json\/wp\/v2\/product_cat?post=50912"},{"taxonomy":"product_tag","embeddable":true,"href":"https:\/\/memorabilia-germany.de\/de\/wp-json\/wp\/v2\/product_tag?post=50912"}],"curies":[{"name":"wp","href":"https:\/\/api.w.org\/{rel}","templated":true}]}}