{"id":50274,"date":"2024-07-18T16:46:45","date_gmt":"2024-07-18T14:46:45","guid":{"rendered":"https:\/\/memorabilia-germany.de\/?post_type=product&#038;p=50274"},"modified":"2025-07-08T17:56:49","modified_gmt":"2025-07-08T15:56:49","slug":"muhammad-ali-vs-joe-frazier-historic-boxing-showcase-boxhandschuhe-everlast-authentic-xxl-historic","status":"publish","type":"product","link":"https:\/\/memorabilia-germany.de\/de\/produkt\/muhammad-ali-vs-joe-frazier-historic-boxing-showcase-boxhandschuhe-everlast-authentic-xxl-historic\/","title":{"rendered":"MUHAMMAD ALI vs. JOE FRAZIER<\/br>Historic Boxing Showcase<\/br>Boxhandschuhe (Everlast AUTHENTIC) XXL Historic"},"content":{"rendered":"<ul style=\"list-style-type: square;\">\n<li>Marke des Boxhandschuhs: Everlast<\/li>\n<li>Modell: AUTHENTIC Gold Boxing Gloves, Full Size (massive Boxhandschuhe f\u00fcr den Einsatz im Profisport)<\/li>\n<li>Autogramme: Muhammad Ali + Joe Frazier, schwarzer Farbstift (verteilt auf jeweils einen Handschuh)<\/li>\n<li>Inscription: \u201e68\/500\u201c (Muhammad Ali hat diese Seriennummer handschriftlich angebracht, weitere Modelle sind uns als H\u00e4ndler unbekannt)<\/li>\n<li>Authentifizierung: Beckett Authentication (mit Seriennummer)<\/li>\n<li>Dokumente: 2 Letter of Authenticity (1 LOA pro Handschuh; vollseitige Dokumente mit Bild und Sicherheitshologramm, circa DIN A4 mit Unterschrift eines Beckett F\u00fchrungsmitglieds auf Beckett Authentication Sicherheitspapier)<\/li>\n<li>Gr\u00f6\u00dfe Showcase: circa 55x33x37cm (XXL)<\/li>\n<li>Die Boxhandschuhe kommen mit einem XXL Boxing Showcase zu Ausstellungszwecken; das Showcase ist von massiver und robuster Qualit\u00e4t. Das Glas ist aus Acryl, der Boden und die R\u00fcckwand sind schwarz gehalten, um die Boxhandschuhe ideal zur Geltung zu bringen. Das Showcase ist wertig verschraubt und schlie\u00dft komplett. Das Name Plate an der Vorderseite ist aus Aluminium und listet die historischen Boxk\u00e4mpfe der Rivalen. Zudem wird im Case mit einer Empore gearbeitet, um beide Handschuhe ideal pr\u00e4sentieren zu k\u00f6nnen. Der Look wird um zwei Plakate zum \u201eFight of the Century\u201c sowie zum \u201eThrilla in Manila\u201c erg\u00e4nzt, die jeweils Postkartengr\u00f6\u00dfe besitzen.<\/li>\n<li>Alle signierten Boxhandschuhe werden von einem der marktf\u00fchrenden US Authenticator verifiziert und kommen mit seriennummerierten Sicherheitsmerkmalen, die die Echtheit der Autogramme best\u00e4tigen (Certificate of Authenticity und\/oder Sicherheitshologramm). Authenticator von Autogrammen von Boxern sind bei <strong><a href=\"https:\/\/memorabilia-germany.de\/de\/wir-memorabilia-germany\/\">Memorabilia Germany<\/a><\/strong> ausschlie\u00dflich: <strong><a href=\"https:\/\/memorabilia-germany.de\/de\/signatur-authentifizierung\/#signatur-authentifizierung-beckett\">Beckett<\/a><\/strong>, <strong><a href=\"https:\/\/memorabilia-germany.de\/de\/signatur-authentifizierung\/#signatur-authentifizierung-james-spence\">James Spence Authentication<\/a><\/strong>, <strong><a href=\"https:\/\/memorabilia-germany.de\/de\/signatur-authentifizierung\/#signatur-authentifizierung-psa-dna\">PSA\/DNA<\/a><\/strong> oder <strong><a href=\"https:\/\/memorabilia-germany.de\/de\/signatur-authentifizierung\/#signatur-authentifizierung-fanatics\">Fanatics<\/a><\/strong>. Mehr Infos zum wichtigen Thema Authentifizierung findet ihr <strong><a href=\"https:\/\/memorabilia-germany.de\/de\/signatur-authentifizierung\/\">hier<\/a><\/strong>.<\/li>\n<\/ul>\n<p><\/br><\/p>\n<p>Mehr Boxing Showcases findest du <strong><a href=\"https:\/\/memorabilia-germany.de\/de\/produkt-kategorie\/boxing-memorabilia\/boxing-showcase\/\">hier<\/a><\/strong>.<\/p>\n","protected":false},"excerpt":{"rendered":"<p><strong>Boxing Showcase aus Sicherheitsglas im XXL-Format. Boxhandschuhe von Everlast im Case. Autogramme der Boxlegenden Muhammad Ali und Joe Frazier auf den Boxhandschuhen. Die Boxhandschuhe sind ein passendes Paar. Sie sind massiv und gro\u00df. Handschriftliche Seriennummer von Muhammad Ali auf dem linken Handschuh. Alle Autogramme von Boxern sind authentifiziert und verf\u00fcgen \u00fcber eine Seriennummer. Weitere Infos siehe unten.<\/strong><\/p>\n<p>\nDieses Showcase w\u00fcrdigt die gr\u00f6\u00dfte Rivalit\u00e4t, die der Boxsport in seiner Geschichte jemals gesehen hat. Ali und \u201eSmokin Joe\u201c Frazier lieferten sich zwischen 1971 und 1975 insgesamt drei historische Mega-Fights. Am 08. M\u00e4rz 1971 standen sie sich dabei im Madison Square Garden in New York City zum ersten Mal gegen\u00fcber. Der sogenannte \u201eFight of the Century\u201c gilt als der gr\u00f6\u00dfte Boxkampf aller Zeiten. Der Kampf wird noch heute als das meist erwartete Sportevent in der Geschichte gehandelt, da sich zum ersten Mal zwei ungeschlagene Schwergewichtsweltmeister gegen\u00fcber standen, die zudem auch politisch im Streit lagen. Hintergrund ist, dass Ali seine Weltmeistertitel 1967 wegen Wehrdienstverweigerung zur Zeit des Vietnamkriegs abgeben musste und bis 1970 f\u00fcr den Boxsport gesperrt blieb. Aufgrund seiner politischen Haltung wurde Ali schnell zu einer Symbolfigur des Anti-Establishments. Joe Frazier dagegen galt als Unterst\u00fctzer des US Milit\u00e4rs und versuchte gleich vier Mal als Soldat der US Army verpflichtet zu werden. Er wurde jedoch aufgrund verschiedener Faktoren abgelehnt. Die Army versuchte verheiratete M\u00e4nner mit Kindern vom Krieg fern zu halten. Frazier ging also als Weltmeister und Titelverteidiger in den Kampf. Die beiden K\u00e4mpfer lieferten sich einen harten Schlagabtausch \u00fcber volle 15 Runden. Dem Weltmeister Joe Frazier gelang am Ende die Titelverteidigung einstimmig nach Punkten. Die erste Niederlage von Muhammad Ali war besiegelt.\n<\/p>\n<p>\nDie beiden Boxer blieben \u00fcber viele Jahre hinweg erbitterte Feinde. Nachdem sich Ali im Januar 1974 mit einem Punktsieg \u00fcber Frazier revanchieren konnte, gipfelte die sportliche Rivalit\u00e4t am 01. Oktober 1975 in einem weiteren historischen Ereignis. Dem \u201eThrilla in Manila\u201c, dem finalen Showdown der beiden Legenden. Der Kampf wurde vom bekannten Box-Promoter Don King nach Quezon City auf den Phillipinen gelegt, um den strengeren Box-Regularien der USA zu entgehen. Der Kampf war erneut sehr hart und beide Seiten agierten hier und da auch mit Unsportlichkeiten. Aufgrund eines zugeschwollenen Auges konnte Frazier in der 14. Runde nicht mehr richtig sehen und kassierte ununterbrochen Kopftreffer, ging aber nicht zu Boden. Sein Trainer Eddie Futch sah sich in der Pause allerdings gezwungen, den Kampf abzubrechen, obwohl Frazier heftig Einspruch einlegte und bei den Ringrichtern nach Punkten vorne lag. Ali gewann den Kampf also denkbarst knapp und wurde sp\u00e4ter mit den Worten \u201eWir kamen als junge Champions nach Manila und gingen als alte M\u00e4nner\u201c zitiert.<\/p>\n","protected":false},"featured_media":50308,"template":"","meta":{"_acf_changed":false,"ocean_post_layout":"","ocean_both_sidebars_style":"","ocean_both_sidebars_content_width":0,"ocean_both_sidebars_sidebars_width":0,"ocean_sidebar":"0","ocean_second_sidebar":"0","ocean_disable_margins":"enable","ocean_add_body_class":"","ocean_shortcode_before_top_bar":"","ocean_shortcode_after_top_bar":"","ocean_shortcode_before_header":"","ocean_shortcode_after_header":"","ocean_has_shortcode":"","ocean_shortcode_after_title":"","ocean_shortcode_before_footer_widgets":"","ocean_shortcode_after_footer_widgets":"","ocean_shortcode_before_footer_bottom":"","ocean_shortcode_after_footer_bottom":"","ocean_display_top_bar":"default","ocean_display_header":"default","ocean_header_style":"","ocean_center_header_left_menu":"0","ocean_custom_header_template":"0","ocean_custom_logo":0,"ocean_custom_retina_logo":0,"ocean_custom_logo_max_width":0,"ocean_custom_logo_tablet_max_width":0,"ocean_custom_logo_mobile_max_width":0,"ocean_custom_logo_max_height":0,"ocean_custom_logo_tablet_max_height":0,"ocean_custom_logo_mobile_max_height":0,"ocean_header_custom_menu":"0","ocean_menu_typo_font_family":"0","ocean_menu_typo_font_subset":"","ocean_menu_typo_font_size":0,"ocean_menu_typo_font_size_tablet":0,"ocean_menu_typo_font_size_mobile":0,"ocean_menu_typo_font_size_unit":"px","ocean_menu_typo_font_weight":"","ocean_menu_typo_font_weight_tablet":"","ocean_menu_typo_font_weight_mobile":"","ocean_menu_typo_transform":"","ocean_menu_typo_transform_tablet":"","ocean_menu_typo_transform_mobile":"","ocean_menu_typo_line_height":0,"ocean_menu_typo_line_height_tablet":0,"ocean_menu_typo_line_height_mobile":0,"ocean_menu_typo_line_height_unit":"","ocean_menu_typo_spacing":0,"ocean_menu_typo_spacing_tablet":0,"ocean_menu_typo_spacing_mobile":0,"ocean_menu_typo_spacing_unit":"","ocean_menu_link_color":"","ocean_menu_link_color_hover":"","ocean_menu_link_color_active":"","ocean_menu_link_background":"","ocean_menu_link_hover_background":"","ocean_menu_link_active_background":"","ocean_menu_social_links_bg":"","ocean_menu_social_hover_links_bg":"","ocean_menu_social_links_color":"","ocean_menu_social_hover_links_color":"","ocean_disable_title":"default","ocean_disable_heading":"default","ocean_post_title":"","ocean_post_subheading":"","ocean_post_title_style":"","ocean_post_title_background_color":"","ocean_post_title_background":0,"ocean_post_title_bg_image_position":"","ocean_post_title_bg_image_attachment":"","ocean_post_title_bg_image_repeat":"","ocean_post_title_bg_image_size":"","ocean_post_title_height":0,"ocean_post_title_bg_overlay":0.5,"ocean_post_title_bg_overlay_color":"","ocean_disable_breadcrumbs":"default","ocean_breadcrumbs_color":"","ocean_breadcrumbs_separator_color":"","ocean_breadcrumbs_links_color":"","ocean_breadcrumbs_links_hover_color":"","ocean_display_footer_widgets":"default","ocean_display_footer_bottom":"default","ocean_custom_footer_template":"0","ofc_enable_fullscreen":"disable","ofc_fullscreen_speed":0,"ofc_fullscreen_nav":"enable","ofc_fullscreen_nav_pos":"right","ofc_fullscreen_nav_color":"","ofc_fullscreen_nav_tooltip_color":"","ofc_fullscreen_responsive":0},"product_brand":[],"product_cat":[2987],"product_tag":[],"class_list":{"0":"post-50274","1":"product","2":"type-product","3":"status-publish","4":"has-post-thumbnail","6":"product_cat-muhammad-ali-vs-joe-frazier-historic-boxing-showcase-boxhandschuhe-everlast-authentic-xxl-historic","7":"product_shipping_class-versandklasse_a","9":"entry","10":"has-media","12":"first","13":"instock","14":"taxable","15":"shipping-taxable","16":"purchasable","17":"product-type-simple","18":"col","19":"span_1_of_4","20":"owp-content-center","21":"owp-thumbs-layout-horizontal","22":"owp-btn-normal","23":"owp-tabs-layout-horizontal"},"acf":[],"_links":{"self":[{"href":"https:\/\/memorabilia-germany.de\/de\/wp-json\/wp\/v2\/product\/50274","targetHints":{"allow":["GET"]}}],"collection":[{"href":"https:\/\/memorabilia-germany.de\/de\/wp-json\/wp\/v2\/product"}],"about":[{"href":"https:\/\/memorabilia-germany.de\/de\/wp-json\/wp\/v2\/types\/product"}],"version-history":[{"count":0,"href":"https:\/\/memorabilia-germany.de\/de\/wp-json\/wp\/v2\/product\/50274\/revisions"}],"wp:featuredmedia":[{"embeddable":true,"href":"https:\/\/memorabilia-germany.de\/de\/wp-json\/wp\/v2\/media\/50308"}],"wp:attachment":[{"href":"https:\/\/memorabilia-germany.de\/de\/wp-json\/wp\/v2\/media?parent=50274"}],"wp:term":[{"taxonomy":"product_brand","embeddable":true,"href":"https:\/\/memorabilia-germany.de\/de\/wp-json\/wp\/v2\/product_brand?post=50274"},{"taxonomy":"product_cat","embeddable":true,"href":"https:\/\/memorabilia-germany.de\/de\/wp-json\/wp\/v2\/product_cat?post=50274"},{"taxonomy":"product_tag","embeddable":true,"href":"https:\/\/memorabilia-germany.de\/de\/wp-json\/wp\/v2\/product_tag?post=50274"}],"curies":[{"name":"wp","href":"https:\/\/api.w.org\/{rel}","templated":true}]}}