{"id":49544,"date":"2024-07-08T18:39:38","date_gmt":"2024-07-08T16:39:38","guid":{"rendered":"https:\/\/memorabilia-germany.de\/?post_type=product&#038;p=49544"},"modified":"2024-07-08T18:51:09","modified_gmt":"2024-07-08T16:51:09","slug":"pierce-brosnan-jonathan-pryce-james-bond-007-der-morgen-stirbt-nie-signiertes-filmposter","status":"publish","type":"product","link":"https:\/\/memorabilia-germany.de\/de\/produkt\/pierce-brosnan-jonathan-pryce-james-bond-007-der-morgen-stirbt-nie-signiertes-filmposter\/","title":{"rendered":"PIERCE BROSNAN &#038; JONATHAN PRYCE (James Bond 007 \u2013 Der Morgen stirbt nie) signiertes Filmposter"},"content":{"rendered":"","protected":false},"excerpt":{"rendered":"<p><strong>Signiertes und gerahmtes Filmposter vom Film \u201eJames Bond 007 \u2013 Der Morgen stirbt nie\u201c mit Autogrammen der Hauptdarsteller Pierce Brosnan und Jonathan Pryce. Alle Movie Star Autogramme sind authentifiziert und verf\u00fcgen \u00fcber eine Seriennummer. Weitere Infos siehe unten.<\/strong><\/p>\n<ul style=\"list-style-type: square;\">\n<li>Film: James Bond 007 \u2013 Tomorrow Never Dies (Deutschland: \u201eDer Morgen stirbt nie\u201c)<\/li>\n<li>Gr\u00f6\u00dfe Movie Poster: circa 30x46cm<\/li>\n<li>Gr\u00f6\u00dfe inklusive Rahmen: circa 37x53cm<\/li>\n<li>Signaturen: Pierce Brosnan (\u201eJames Bond\u201d) + Jonathan Pryce (\u201eElliot Carver\u201c), silberner und schwarzer Farbstift<\/li>\n<li>Authentication: Beckett Authentication (mit Seriennummer)<\/li>\n<li>Dokumente: Digital Certificate of Authenticity + QR Code Sicherheitshologramm auf dem Filmposter<\/li>\n<li>Alle Movie Poster sind auf dickes Fotomaterial gedruckt.<\/li>\n<li>Das Movie Poster ist in einem schwarzen Holzrahmen mit Wandaufh\u00e4ngung gerahmt, der das St\u00fcck optimal zur Geltung bringt. Der Rahmen verf\u00fcgt aus Sicherheitsgr\u00fcnden \u00fcber eine Scheibe aus Acrylglas, die f\u00fcr den perfekten Look entspiegelt ist (\u201eAntireflex\u201c).<\/li>\n<li>Alle signierten Filmposter werden von einem der marktf\u00fchrenden US Authenticator verifiziert und kommen mit seriennummerierten Sicherheitsmerkmalen, die die Echtheit der Autogramme best\u00e4tigen (Certificate of Authenticity und\/oder Sicherheitshologramm). Authenticator von Star Autogrammen sind bei <strong><a href=\"https:\/\/memorabilia-germany.de\/de\/wir-memorabilia-germany\/\">Memorabilia Germany<\/a><\/strong> ausschlie\u00dflich: <strong><a href=\"https:\/\/memorabilia-germany.de\/de\/signatur-authentifizierung\/#signatur-authentifizierung-beckett\">Beckett<\/a><\/strong>, <strong><a href=\"https:\/\/memorabilia-germany.de\/de\/signatur-authentifizierung\/#signatur-authentifizierung-james-spence\">James Spence Authentication<\/a><\/strong>, <strong><a href=\"https:\/\/memorabilia-germany.de\/de\/signatur-authentifizierung\/#signatur-authentifizierung-psa-dna\">PSA\/DNA<\/a><\/strong> oder <strong><a href=\"https:\/\/memorabilia-germany.de\/de\/signatur-authentifizierung\/#signatur-authentifizierung-fanatics\">Fanatics<\/a><\/strong>. Mehr Infos zum wichtigen Thema Authentifizierung findet ihr <strong><a href=\"https:\/\/memorabilia-germany.de\/de\/signatur-authentifizierung\/\">hier<\/a><\/strong>.<\/li>\n<\/ul>\n<p>Mehr signierte Filmposter findest du <strong><a href=\"https:\/\/memorabilia-germany.de\/de\/produkt-kategorie\/entertainment-memorabilia\/star-autogramme\/\">hier<\/a><\/strong>.<\/p>\n","protected":false},"featured_media":49508,"template":"","meta":{"_acf_changed":false,"ocean_post_layout":"","ocean_both_sidebars_style":"","ocean_both_sidebars_content_width":0,"ocean_both_sidebars_sidebars_width":0,"ocean_sidebar":"0","ocean_second_sidebar":"0","ocean_disable_margins":"enable","ocean_add_body_class":"","ocean_shortcode_before_top_bar":"","ocean_shortcode_after_top_bar":"","ocean_shortcode_before_header":"","ocean_shortcode_after_header":"","ocean_has_shortcode":"","ocean_shortcode_after_title":"","ocean_shortcode_before_footer_widgets":"","ocean_shortcode_after_footer_widgets":"","ocean_shortcode_before_footer_bottom":"","ocean_shortcode_after_footer_bottom":"","ocean_display_top_bar":"default","ocean_display_header":"default","ocean_header_style":"","ocean_center_header_left_menu":"0","ocean_custom_header_template":"0","ocean_custom_logo":0,"ocean_custom_retina_logo":0,"ocean_custom_logo_max_width":0,"ocean_custom_logo_tablet_max_width":0,"ocean_custom_logo_mobile_max_width":0,"ocean_custom_logo_max_height":0,"ocean_custom_logo_tablet_max_height":0,"ocean_custom_logo_mobile_max_height":0,"ocean_header_custom_menu":"0","ocean_menu_typo_font_family":"0","ocean_menu_typo_font_subset":"","ocean_menu_typo_font_size":0,"ocean_menu_typo_font_size_tablet":0,"ocean_menu_typo_font_size_mobile":0,"ocean_menu_typo_font_size_unit":"px","ocean_menu_typo_font_weight":"","ocean_menu_typo_font_weight_tablet":"","ocean_menu_typo_font_weight_mobile":"","ocean_menu_typo_transform":"","ocean_menu_typo_transform_tablet":"","ocean_menu_typo_transform_mobile":"","ocean_menu_typo_line_height":0,"ocean_menu_typo_line_height_tablet":0,"ocean_menu_typo_line_height_mobile":0,"ocean_menu_typo_line_height_unit":"","ocean_menu_typo_spacing":0,"ocean_menu_typo_spacing_tablet":0,"ocean_menu_typo_spacing_mobile":0,"ocean_menu_typo_spacing_unit":"","ocean_menu_link_color":"","ocean_menu_link_color_hover":"","ocean_menu_link_color_active":"","ocean_menu_link_background":"","ocean_menu_link_hover_background":"","ocean_menu_link_active_background":"","ocean_menu_social_links_bg":"","ocean_menu_social_hover_links_bg":"","ocean_menu_social_links_color":"","ocean_menu_social_hover_links_color":"","ocean_disable_title":"default","ocean_disable_heading":"default","ocean_post_title":"","ocean_post_subheading":"","ocean_post_title_style":"","ocean_post_title_background_color":"","ocean_post_title_background":0,"ocean_post_title_bg_image_position":"","ocean_post_title_bg_image_attachment":"","ocean_post_title_bg_image_repeat":"","ocean_post_title_bg_image_size":"","ocean_post_title_height":0,"ocean_post_title_bg_overlay":0.5,"ocean_post_title_bg_overlay_color":"","ocean_disable_breadcrumbs":"default","ocean_breadcrumbs_color":"","ocean_breadcrumbs_separator_color":"","ocean_breadcrumbs_links_color":"","ocean_breadcrumbs_links_hover_color":"","ocean_display_footer_widgets":"default","ocean_display_footer_bottom":"default","ocean_custom_footer_template":"0","ofc_enable_fullscreen":"disable","ofc_fullscreen_speed":0,"ofc_fullscreen_nav":"enable","ofc_fullscreen_nav_pos":"right","ofc_fullscreen_nav_color":"","ofc_fullscreen_nav_tooltip_color":"","ofc_fullscreen_responsive":0},"product_brand":[],"product_cat":[2931],"product_tag":[],"class_list":{"0":"post-49544","1":"product","2":"type-product","3":"status-publish","4":"has-post-thumbnail","6":"product_cat-pierce-brosnan-jonathan-pryce-james-bond-007-der-morgen-stirbt-nie-signiertes-filmposter","7":"product_shipping_class-versandklasse_a","9":"entry","10":"has-media","12":"first","13":"outofstock","14":"taxable","15":"shipping-taxable","16":"purchasable","17":"product-type-simple","18":"col","19":"span_1_of_4","20":"owp-content-center","21":"owp-thumbs-layout-horizontal","22":"owp-btn-normal","23":"owp-tabs-layout-horizontal"},"acf":[],"_links":{"self":[{"href":"https:\/\/memorabilia-germany.de\/de\/wp-json\/wp\/v2\/product\/49544","targetHints":{"allow":["GET"]}}],"collection":[{"href":"https:\/\/memorabilia-germany.de\/de\/wp-json\/wp\/v2\/product"}],"about":[{"href":"https:\/\/memorabilia-germany.de\/de\/wp-json\/wp\/v2\/types\/product"}],"version-history":[{"count":0,"href":"https:\/\/memorabilia-germany.de\/de\/wp-json\/wp\/v2\/product\/49544\/revisions"}],"wp:featuredmedia":[{"embeddable":true,"href":"https:\/\/memorabilia-germany.de\/de\/wp-json\/wp\/v2\/media\/49508"}],"wp:attachment":[{"href":"https:\/\/memorabilia-germany.de\/de\/wp-json\/wp\/v2\/media?parent=49544"}],"wp:term":[{"taxonomy":"product_brand","embeddable":true,"href":"https:\/\/memorabilia-germany.de\/de\/wp-json\/wp\/v2\/product_brand?post=49544"},{"taxonomy":"product_cat","embeddable":true,"href":"https:\/\/memorabilia-germany.de\/de\/wp-json\/wp\/v2\/product_cat?post=49544"},{"taxonomy":"product_tag","embeddable":true,"href":"https:\/\/memorabilia-germany.de\/de\/wp-json\/wp\/v2\/product_tag?post=49544"}],"curies":[{"name":"wp","href":"https:\/\/api.w.org\/{rel}","templated":true}]}}