{"id":46509,"date":"2024-06-05T15:42:21","date_gmt":"2024-06-05T13:42:21","guid":{"rendered":"https:\/\/memorabilia-germany.de\/?post_type=product&#038;p=46509"},"modified":"2026-02-03T22:48:49","modified_gmt":"2026-02-03T21:48:49","slug":"uefa-fussball-trading-cards-pocket-pack-double-2-unopened-packs","status":"publish","type":"product","link":"https:\/\/memorabilia-germany.de\/de\/produkt\/uefa-fussball-trading-cards-pocket-pack-double-2-unopened-packs\/","title":{"rendered":"UEFA Fu\u00dfball Trading Cards Pocket Pack<\/br>\u201cDouble\u201d<\/br>(2 unopened packs)"},"content":{"rendered":"<p style=\"text-align: center;\"><strong>Die P\u00e4ckchen dieser Serie stammen aus folgenden und im Wert vergleichbaren Trading Card Boxes:<\/strong><br \/>\n2023\/24 Panini Prizm Premier League (Hobby &amp; Retail Box)<br \/>\n2023\/24 Topps UEFA Club Competitions Finest Soccer (Hobby Box)<br \/>\n2023\/24 Topps Finest Road to UEFA Euro Soccer (Hobby Box)<br \/>\n2023 Topps Jamal Musiala Platinum Curated Set Soccer (Hobby Box)<br \/>\n2022\/23 Topps Chrome UEFA Club Competitions Soccer (Hobby Box)<br \/>\n2022\/23 Panini Donruss FIFA Soccer (Hobby Box)<br \/>\n2022\/23 Topps UEFA Club Competitions Merlin Chrome Soccer (Hobby Box)<br \/>\n2022\/23 Topps Finest UEFA Club Competitions Soccer (Hobby Box)<br \/>\n2022\/23 Topps Stadium Club Chrome UEFA Club Competitions Soccer (Hobby Box)<br \/>\n2022\/23 Panini Donruss Elite FIFA Soccer (Retail Box)<br \/>\n2022\/23 Topps Finest Bundesliga Soccer (Hobby Box)<br \/>\n2022\/23 Topps UEFA Champions League Gold (Hobby Box)<br \/>\n2022\/23 Panini Revolution Premier League EPL Soccer (Hobby Box)<br \/>\n2022\/23 Topps Jade Edition Bundesliga Soccer (Hobby Box)<br \/>\n2022\/23 Topps Bundesliga International Stars Soccer (Hobby Box)<br \/>\n2023\/24 Topps Bundesliga Match Attax (Display Box)<br \/>\n2022\/23 Panini Donruss Elite Premier League Soccer (Retail Box)<br \/>\n2022\/23 Topps Carnaval Edition UEFA Club Competitions Soccer (Hobby Box)<br \/>\n2022\/23 Panini PRIZM Premier League (Retail Box)<br \/>\n2022\/23 Panini Score Serie A Soccer (Retail Box)<br \/>\n2022\/23 Topps Finest Bundesliga Soccer (Hobby Box)<br \/>\n2022\/23 Panini Select Premier League Soccer (Mega Box)<br \/>\n2022\/23 Topps Chrome UEFA Club Competitions Soccer (Hobby Box Lite)<br \/>\n2022\/23 Topps Stadium Club Chrome UEFA Club Competitions Soccer (Giant Box)<br \/>\n2022\/23 Topps UEFA Club Competitions Soccer (Hobby Box)<br \/>\n2022\/23 Topps Chrome Bundesliga Soccer (Hobby Box)<br \/>\n2022\/23 Panini Score FIFA Soccer (Retail Box)<br \/>\n2022\/23 Panini Score Premier League Soccer (Retail Box)<br \/>\n2022\/23 Panini Donruss Soccer (Blaster Box)<br \/>\n2022\/23 Merlin Topps UEFA Club Competitions Chrome Soccer (Blaster Box)<br \/>\n2022\/23 Panini Select La Liga Soccer (Blaster Box)<br \/>\n2022\/23 Panini Select Premier League (Blaster Box)<\/p>\n<p>Wie funktioniert eine Mystery Box?<br \/>\nInfos dazu findet ihr in unseren <strong><a href=\"https:\/\/memorabilia-germany.de\/de\/sport-memorabilia-faq\/#memorabilia-mystery-box\"><u>FAQ<\/u><\/a><\/strong>!<\/p>\n","protected":false},"excerpt":{"rendered":"<p><strong>Die Double Packs sind unsere Unlimited Series unter den Mystery Items. Jedes Pack ist versiegelt und enth\u00e4lt zwei unge\u00f6ffnete P\u00e4ckchen der weltweit exklusivsten Trading Card Editions. Finde P\u00e4ckchen mit Karten der Stars aus der Champions League, der europ\u00e4ischen Top Ligen, der Nationalmannschaften und der UEFA Europe und Conference League. Von Donruss bis Prizm und von Chrome bis Select haben wir eine wundersch\u00f6ne Selektion der Top-Marken von topps und Panini dabei. <\/strong><\/p>\n<p><strong>Produktinfos:<\/strong><\/p>\n<ul style=\"list-style-type: square;\">\n<li>Inhalt jedes Packs: 2 unge\u00f6ffnete P\u00e4ckchen der aktuellsten Karten-Serien (detaillierte Liste siehe unten).<\/li>\n<li>Ausschlie\u00dflich alle P\u00e4ckchen stammen aus \u201efactory sealed\u201c Boxen.<\/li>\n<li>Viele P\u00e4ckchen dieser Serie enthalten Signature- oder Memorabilia Cards, Parallels und andere seltene Variations.<\/li>\n<li>Finde originale Trading Cards der Fu\u00dfball Stars wie Erling Haaland, Ronaldo, Messi, Robert Lewandowski, Thomas M\u00fcller, Kylian Mbapp\u00e9, Toni Kroos, Mohamed Salah, Gianluigi Donnarumma, Victor Osimhen, Vinicius Junior, Harry Kane oder Rafael Leao sowie von Fu\u00dfball-Legenden wie David Beckham.<\/li>\n<\/ul>\n","protected":false},"featured_media":46484,"template":"","meta":{"_acf_changed":false,"ocean_post_layout":"","ocean_both_sidebars_style":"","ocean_both_sidebars_content_width":0,"ocean_both_sidebars_sidebars_width":0,"ocean_sidebar":"0","ocean_second_sidebar":"0","ocean_disable_margins":"enable","ocean_add_body_class":"","ocean_shortcode_before_top_bar":"","ocean_shortcode_after_top_bar":"","ocean_shortcode_before_header":"","ocean_shortcode_after_header":"","ocean_has_shortcode":"","ocean_shortcode_after_title":"","ocean_shortcode_before_footer_widgets":"","ocean_shortcode_after_footer_widgets":"","ocean_shortcode_before_footer_bottom":"","ocean_shortcode_after_footer_bottom":"","ocean_display_top_bar":"default","ocean_display_header":"default","ocean_header_style":"","ocean_center_header_left_menu":"0","ocean_custom_header_template":"0","ocean_custom_logo":0,"ocean_custom_retina_logo":0,"ocean_custom_logo_max_width":0,"ocean_custom_logo_tablet_max_width":0,"ocean_custom_logo_mobile_max_width":0,"ocean_custom_logo_max_height":0,"ocean_custom_logo_tablet_max_height":0,"ocean_custom_logo_mobile_max_height":0,"ocean_header_custom_menu":"0","ocean_menu_typo_font_family":"0","ocean_menu_typo_font_subset":"","ocean_menu_typo_font_size":0,"ocean_menu_typo_font_size_tablet":0,"ocean_menu_typo_font_size_mobile":0,"ocean_menu_typo_font_size_unit":"px","ocean_menu_typo_font_weight":"","ocean_menu_typo_font_weight_tablet":"","ocean_menu_typo_font_weight_mobile":"","ocean_menu_typo_transform":"","ocean_menu_typo_transform_tablet":"","ocean_menu_typo_transform_mobile":"","ocean_menu_typo_line_height":0,"ocean_menu_typo_line_height_tablet":0,"ocean_menu_typo_line_height_mobile":0,"ocean_menu_typo_line_height_unit":"","ocean_menu_typo_spacing":0,"ocean_menu_typo_spacing_tablet":0,"ocean_menu_typo_spacing_mobile":0,"ocean_menu_typo_spacing_unit":"","ocean_menu_link_color":"","ocean_menu_link_color_hover":"","ocean_menu_link_color_active":"","ocean_menu_link_background":"","ocean_menu_link_hover_background":"","ocean_menu_link_active_background":"","ocean_menu_social_links_bg":"","ocean_menu_social_hover_links_bg":"","ocean_menu_social_links_color":"","ocean_menu_social_hover_links_color":"","ocean_disable_title":"default","ocean_disable_heading":"default","ocean_post_title":"","ocean_post_subheading":"","ocean_post_title_style":"","ocean_post_title_background_color":"","ocean_post_title_background":0,"ocean_post_title_bg_image_position":"","ocean_post_title_bg_image_attachment":"","ocean_post_title_bg_image_repeat":"","ocean_post_title_bg_image_size":"","ocean_post_title_height":0,"ocean_post_title_bg_overlay":0.5,"ocean_post_title_bg_overlay_color":"","ocean_disable_breadcrumbs":"default","ocean_breadcrumbs_color":"","ocean_breadcrumbs_separator_color":"","ocean_breadcrumbs_links_color":"","ocean_breadcrumbs_links_hover_color":"","ocean_display_footer_widgets":"default","ocean_display_footer_bottom":"default","ocean_custom_footer_template":"0","ofc_enable_fullscreen":"disable","ofc_fullscreen_speed":0,"ofc_fullscreen_nav":"enable","ofc_fullscreen_nav_pos":"right","ofc_fullscreen_nav_color":"","ofc_fullscreen_nav_tooltip_color":"","ofc_fullscreen_responsive":0},"product_brand":[],"product_cat":[2686],"product_tag":[],"class_list":{"0":"post-46509","1":"product","2":"type-product","3":"status-publish","4":"has-post-thumbnail","6":"product_cat-uefa-fussball-trading-cards-pocket-pack-double","7":"product_shipping_class-versandklasse_a","9":"entry","10":"has-media","12":"first","13":"instock","14":"taxable","15":"shipping-taxable","16":"purchasable","17":"product-type-simple","18":"col","19":"span_1_of_4","20":"owp-content-center","21":"owp-thumbs-layout-horizontal","22":"owp-btn-normal","23":"owp-tabs-layout-horizontal"},"acf":[],"_links":{"self":[{"href":"https:\/\/memorabilia-germany.de\/de\/wp-json\/wp\/v2\/product\/46509","targetHints":{"allow":["GET"]}}],"collection":[{"href":"https:\/\/memorabilia-germany.de\/de\/wp-json\/wp\/v2\/product"}],"about":[{"href":"https:\/\/memorabilia-germany.de\/de\/wp-json\/wp\/v2\/types\/product"}],"version-history":[{"count":0,"href":"https:\/\/memorabilia-germany.de\/de\/wp-json\/wp\/v2\/product\/46509\/revisions"}],"wp:featuredmedia":[{"embeddable":true,"href":"https:\/\/memorabilia-germany.de\/de\/wp-json\/wp\/v2\/media\/46484"}],"wp:attachment":[{"href":"https:\/\/memorabilia-germany.de\/de\/wp-json\/wp\/v2\/media?parent=46509"}],"wp:term":[{"taxonomy":"product_brand","embeddable":true,"href":"https:\/\/memorabilia-germany.de\/de\/wp-json\/wp\/v2\/product_brand?post=46509"},{"taxonomy":"product_cat","embeddable":true,"href":"https:\/\/memorabilia-germany.de\/de\/wp-json\/wp\/v2\/product_cat?post=46509"},{"taxonomy":"product_tag","embeddable":true,"href":"https:\/\/memorabilia-germany.de\/de\/wp-json\/wp\/v2\/product_tag?post=46509"}],"curies":[{"name":"wp","href":"https:\/\/api.w.org\/{rel}","templated":true}]}}