{"id":46468,"date":"2024-06-05T14:35:08","date_gmt":"2024-06-05T12:35:08","guid":{"rendered":"https:\/\/memorabilia-germany.de\/?post_type=product&#038;p=46468"},"modified":"2026-02-14T20:31:25","modified_gmt":"2026-02-14T19:31:25","slug":"nba-trading-cards-pocket-pack-double-2-unopened-packs","status":"publish","type":"product","link":"https:\/\/memorabilia-germany.de\/de\/produkt\/nba-trading-cards-pocket-pack-double-2-unopened-packs\/","title":{"rendered":"NBA Trading Cards<\/br>Pocket Pack \u201cDouble\u201d<\/br>(2 unopened packs)"},"content":{"rendered":"<p style=\"text-align: center;\"><strong>Die P\u00e4ckchen dieser Serie stammen aus folgenden und im Wert vergleichbaren Trading Card Boxes:<\/strong><br \/>\n1996\/97 Upper Deck Basketball (Hobby Box)<br \/>\n1998\/99 topps Stadium Club Basketball (HTA\/Jumbo Box)<br \/>\n1999\/2000 Upper Deck SP Authentic Basketball (Hobby Box)<br \/>\n1989\/90 NBA HOOPS (Wax Box)<br \/>\n2000\/01 topps Stadium Club Basketball (Hobby Box)<br \/>\n1993\/94 Upper Deck Pro View 3D Basketball (Hobby Box)<br \/>\n1992\/93 Upper Deck NBA Basketball Cards (Hobby Box)<br \/>\n2006\/07 Upper Deck Basketball (Hobby Box)<br \/>\n2008\/09 Fleer Basketball Cards (Retail Box)<br \/>\n1994\/95 Fleer Ultra Basketball Cards (Hobby Box)<br \/>\n1993\/94 Upper Deck NBA Basketball Cards (Retail Box)<br \/>\n1996 Skybox USA Basketball (Hobby Box)<br \/>\n1997\/98 NBA HOOPS (Retail Box)<br \/>\n1996\/97 NBA HOOPS (Hobby Box)<br \/>\n1995\/96 NBA HOOPS (Hobby Box)<br \/>\n1991\/92 Upper Deck NBA Basketball Edition (Hobby Box)<br \/>\n1990 Fleer Basketball Player Photo Cards (Wax Box)<br \/>\n1990\/91 NBA HOOPS (Wax Box)<br \/>\n1991\/92 NBA HOOPS (Wax Box)<br \/>\n1992\/93 NBA HOOPS (Wax Box)<br \/>\n1993\/94 NBA HOOPS (Wax Box)<br \/>\n1994\/95 Skybox Premium Basketball Cards (Hobby Box)<br \/>\n1992\/93 Skybox NBA Basketball Cards (Hobby Box)<br \/>\n1990\/91 SkyBox Inaugural Edition Basketball Cards (Wax Box)<br \/>\n1991 Fleer Basketball Player Photo Cards (Wax Box)<br \/>\n1993 \u2013 94 Skybox Premium Edition Basketball Cards (Hobby Box)<br \/>\n1994 topps Stadium Club NBA Basketball Cards (Hobby Box)<\/p>\n<p>Hinweis: Alle Trading Card P\u00e4ckchen wurden von Memorabilia Germany auf ihren Zustand kontrolliert und die Mystery Boxen enthalten ausnahmslos P\u00e4ckchen in neuwertigem Zustand, die nie ge\u00f6ffnet wurden. Bitte beachtet trotzdem, dass die Karten bis zu 35 Jahre alt sind und wir daher keine Garantie \u00fcber den Zustand innerhalb der P\u00e4ckchen \u00fcbernehmen k\u00f6nnen.<\/p>\n<p>Wie funktioniert eine Mystery Box?<br \/>\nInfos dazu findet ihr in unseren <strong><a href=\"https:\/\/memorabilia-germany.de\/de\/sport-memorabilia-faq\/#memorabilia-mystery-box\"><u>FAQ<\/u><\/a><\/strong>!<\/p>\n","protected":false},"excerpt":{"rendered":"<p><strong>Die Double Packs sind unsere Unlimited Series unter den Mystery Items. Jedes Pack ist versiegelt und enth\u00e4lt zwei unge\u00f6ffnete P\u00e4ckchen aus dem Zeitraum der sp\u00e4ten 80er Jahre bis zum Jahr 2010. Finde P\u00e4ckchen aus weltweit ausverkauften Boxen der Vergangenheit! Von Panini bis Upper Deck und von topps bis SkyBox.<\/strong><\/p>\n<p><strong>Produktinfos:<\/strong><\/p>\n<ul style=\"list-style-type: square;\">\n<li>Inhalt jedes Packs: 2 unge\u00f6ffnete P\u00e4ckchen aus dem Zeitraum der sp\u00e4ten 80er Jahre bis 2010 (detaillierte Liste siehe unten).<\/li>\n<li>Ausschlie\u00dflich alle P\u00e4ckchen stammen aus \u201efactory sealed\u201c Boxen.<\/li>\n<li>Viele P\u00e4ckchen dieser Serie enthalten originale Signature- oder Memorabilia Cards, Parallels und Rookie- sowie All Star Cards.<\/li>\n<li>Finde originale Trading Cards der NBA Stars wie Michael Jordan, LeBron James, Kobe Bryant, Shaquille O\u2019Neal, Larry Bird, Magic Johnson, Patrick Ewing, Jerry West, Dennis Rodman, Grant Hill, Karl Malone, Allen Iverson, Dirk Nowitzki oder Hakeem Olajuwon. <\/li>\n<\/ul>\n","protected":false},"featured_media":46440,"template":"","meta":{"_acf_changed":false,"ocean_post_layout":"","ocean_both_sidebars_style":"","ocean_both_sidebars_content_width":0,"ocean_both_sidebars_sidebars_width":0,"ocean_sidebar":"0","ocean_second_sidebar":"0","ocean_disable_margins":"enable","ocean_add_body_class":"","ocean_shortcode_before_top_bar":"","ocean_shortcode_after_top_bar":"","ocean_shortcode_before_header":"","ocean_shortcode_after_header":"","ocean_has_shortcode":"","ocean_shortcode_after_title":"","ocean_shortcode_before_footer_widgets":"","ocean_shortcode_after_footer_widgets":"","ocean_shortcode_before_footer_bottom":"","ocean_shortcode_after_footer_bottom":"","ocean_display_top_bar":"default","ocean_display_header":"default","ocean_header_style":"","ocean_center_header_left_menu":"0","ocean_custom_header_template":"0","ocean_custom_logo":0,"ocean_custom_retina_logo":0,"ocean_custom_logo_max_width":0,"ocean_custom_logo_tablet_max_width":0,"ocean_custom_logo_mobile_max_width":0,"ocean_custom_logo_max_height":0,"ocean_custom_logo_tablet_max_height":0,"ocean_custom_logo_mobile_max_height":0,"ocean_header_custom_menu":"0","ocean_menu_typo_font_family":"0","ocean_menu_typo_font_subset":"","ocean_menu_typo_font_size":0,"ocean_menu_typo_font_size_tablet":0,"ocean_menu_typo_font_size_mobile":0,"ocean_menu_typo_font_size_unit":"px","ocean_menu_typo_font_weight":"","ocean_menu_typo_font_weight_tablet":"","ocean_menu_typo_font_weight_mobile":"","ocean_menu_typo_transform":"","ocean_menu_typo_transform_tablet":"","ocean_menu_typo_transform_mobile":"","ocean_menu_typo_line_height":0,"ocean_menu_typo_line_height_tablet":0,"ocean_menu_typo_line_height_mobile":0,"ocean_menu_typo_line_height_unit":"","ocean_menu_typo_spacing":0,"ocean_menu_typo_spacing_tablet":0,"ocean_menu_typo_spacing_mobile":0,"ocean_menu_typo_spacing_unit":"","ocean_menu_link_color":"","ocean_menu_link_color_hover":"","ocean_menu_link_color_active":"","ocean_menu_link_background":"","ocean_menu_link_hover_background":"","ocean_menu_link_active_background":"","ocean_menu_social_links_bg":"","ocean_menu_social_hover_links_bg":"","ocean_menu_social_links_color":"","ocean_menu_social_hover_links_color":"","ocean_disable_title":"default","ocean_disable_heading":"default","ocean_post_title":"","ocean_post_subheading":"","ocean_post_title_style":"","ocean_post_title_background_color":"","ocean_post_title_background":0,"ocean_post_title_bg_image_position":"","ocean_post_title_bg_image_attachment":"","ocean_post_title_bg_image_repeat":"","ocean_post_title_bg_image_size":"","ocean_post_title_height":0,"ocean_post_title_bg_overlay":0.5,"ocean_post_title_bg_overlay_color":"","ocean_disable_breadcrumbs":"default","ocean_breadcrumbs_color":"","ocean_breadcrumbs_separator_color":"","ocean_breadcrumbs_links_color":"","ocean_breadcrumbs_links_hover_color":"","ocean_display_footer_widgets":"default","ocean_display_footer_bottom":"default","ocean_custom_footer_template":"0","ofc_enable_fullscreen":"disable","ofc_fullscreen_speed":0,"ofc_fullscreen_nav":"enable","ofc_fullscreen_nav_pos":"right","ofc_fullscreen_nav_color":"","ofc_fullscreen_nav_tooltip_color":"","ofc_fullscreen_responsive":0},"product_brand":[],"product_cat":[2683],"product_tag":[],"class_list":{"0":"post-46468","1":"product","2":"type-product","3":"status-publish","4":"has-post-thumbnail","6":"product_cat-nba-trading-cards-pocket-pack-double","7":"product_shipping_class-versandklasse_a","9":"entry","10":"has-media","12":"first","13":"instock","14":"taxable","15":"shipping-taxable","16":"purchasable","17":"product-type-simple","18":"col","19":"span_1_of_4","20":"owp-content-center","21":"owp-thumbs-layout-horizontal","22":"owp-btn-normal","23":"owp-tabs-layout-horizontal"},"acf":[],"_links":{"self":[{"href":"https:\/\/memorabilia-germany.de\/de\/wp-json\/wp\/v2\/product\/46468","targetHints":{"allow":["GET"]}}],"collection":[{"href":"https:\/\/memorabilia-germany.de\/de\/wp-json\/wp\/v2\/product"}],"about":[{"href":"https:\/\/memorabilia-germany.de\/de\/wp-json\/wp\/v2\/types\/product"}],"version-history":[{"count":0,"href":"https:\/\/memorabilia-germany.de\/de\/wp-json\/wp\/v2\/product\/46468\/revisions"}],"wp:featuredmedia":[{"embeddable":true,"href":"https:\/\/memorabilia-germany.de\/de\/wp-json\/wp\/v2\/media\/46440"}],"wp:attachment":[{"href":"https:\/\/memorabilia-germany.de\/de\/wp-json\/wp\/v2\/media?parent=46468"}],"wp:term":[{"taxonomy":"product_brand","embeddable":true,"href":"https:\/\/memorabilia-germany.de\/de\/wp-json\/wp\/v2\/product_brand?post=46468"},{"taxonomy":"product_cat","embeddable":true,"href":"https:\/\/memorabilia-germany.de\/de\/wp-json\/wp\/v2\/product_cat?post=46468"},{"taxonomy":"product_tag","embeddable":true,"href":"https:\/\/memorabilia-germany.de\/de\/wp-json\/wp\/v2\/product_tag?post=46468"}],"curies":[{"name":"wp","href":"https:\/\/api.w.org\/{rel}","templated":true}]}}