{"id":41882,"date":"2024-04-06T14:26:48","date_gmt":"2024-04-06T12:26:48","guid":{"rendered":"https:\/\/memorabilia-germany.de\/?post_type=product&#038;p=41882"},"modified":"2025-02-08T16:16:44","modified_gmt":"2025-02-08T15:16:44","slug":"avengers-1-stan-lee","status":"publish","type":"product","link":"https:\/\/memorabilia-germany.de\/de\/produkt\/avengers-1-stan-lee\/","title":{"rendered":"AVENGERS #1<\/br>(Stan Lee)"},"content":{"rendered":"","protected":false},"excerpt":{"rendered":"<p><strong>Signiertes und gegradetes Comic Buch aus der \u201eCGC Signature Series\u201c. Autogramm von MARVEL Gr\u00fcnder und Comic Legende Stan Lee auf dem Cover. Alle Signaturen auf den CGC Comics dieser Serie wurden in Anwesenheit eines CGC Experten abgegeben und bezeugt. Weitere Infos siehe unten.<\/strong><\/p>\n<ul style=\"list-style-type: square;\">\n<li>Marke der Grading Company: Certified Guaranty Company (CGC)<\/li>\n<li>Titel: Avengers #1<\/li>\n<li>Publisher: MARVEL Comics<\/li>\n<li>Erscheinungsjahr: 2013<\/li>\n<li>Grading Note: 9.8<\/li>\n<li>Signatur: Stan Lee, schwarzer Farbstift<\/li>\n<li>Datum der Signatur: 20.04.2013<\/li>\n<li>Artist Info: Stan Lee war nicht nur Gr\u00fcnder von MARVEL Comics, er pr\u00e4gte die gesamte Szene und gilt als wichtigste Person der Comicwelt aller Zeiten. Zusammen mit anderen legend\u00e4ren Comicartists wie Jack Kirby oder Steve Ditko erfand Stan Lee Comic-Charaktere wie Spider-Man, Iron Man, Thor, Black Panther, Daredevil, die X-Men, den Hulk oder die Fantastic Four. Auch f\u00fcr seine Cameo Auftritte in den MARVEL Filmen wurde Lee regelm\u00e4\u00dfig gefeiert. Neben seinen zahlreichen Auszeichnungen erhielt er 2011 sogar einen Stern auf dem Hollywood Walk of Fame. Im November 2018 verstarb der MARVEL Vater in Los Angeles, aber die Legende lebt weiter!<\/li>\n<\/ul>\n<p>Mehr CGC Comics findest du <strong><a href=\"https:\/\/memorabilia-germany.de\/de\/cgc-comics\/\">hier<\/a><\/strong>.<\/p>\n","protected":false},"featured_media":41850,"template":"","meta":{"_acf_changed":false,"ocean_post_layout":"","ocean_both_sidebars_style":"","ocean_both_sidebars_content_width":0,"ocean_both_sidebars_sidebars_width":0,"ocean_sidebar":"0","ocean_second_sidebar":"0","ocean_disable_margins":"enable","ocean_add_body_class":"","ocean_shortcode_before_top_bar":"","ocean_shortcode_after_top_bar":"","ocean_shortcode_before_header":"","ocean_shortcode_after_header":"","ocean_has_shortcode":"","ocean_shortcode_after_title":"","ocean_shortcode_before_footer_widgets":"","ocean_shortcode_after_footer_widgets":"","ocean_shortcode_before_footer_bottom":"","ocean_shortcode_after_footer_bottom":"","ocean_display_top_bar":"default","ocean_display_header":"default","ocean_header_style":"","ocean_center_header_left_menu":"0","ocean_custom_header_template":"0","ocean_custom_logo":0,"ocean_custom_retina_logo":0,"ocean_custom_logo_max_width":0,"ocean_custom_logo_tablet_max_width":0,"ocean_custom_logo_mobile_max_width":0,"ocean_custom_logo_max_height":0,"ocean_custom_logo_tablet_max_height":0,"ocean_custom_logo_mobile_max_height":0,"ocean_header_custom_menu":"0","ocean_menu_typo_font_family":"0","ocean_menu_typo_font_subset":"","ocean_menu_typo_font_size":0,"ocean_menu_typo_font_size_tablet":0,"ocean_menu_typo_font_size_mobile":0,"ocean_menu_typo_font_size_unit":"px","ocean_menu_typo_font_weight":"","ocean_menu_typo_font_weight_tablet":"","ocean_menu_typo_font_weight_mobile":"","ocean_menu_typo_transform":"","ocean_menu_typo_transform_tablet":"","ocean_menu_typo_transform_mobile":"","ocean_menu_typo_line_height":0,"ocean_menu_typo_line_height_tablet":0,"ocean_menu_typo_line_height_mobile":0,"ocean_menu_typo_line_height_unit":"","ocean_menu_typo_spacing":0,"ocean_menu_typo_spacing_tablet":0,"ocean_menu_typo_spacing_mobile":0,"ocean_menu_typo_spacing_unit":"","ocean_menu_link_color":"","ocean_menu_link_color_hover":"","ocean_menu_link_color_active":"","ocean_menu_link_background":"","ocean_menu_link_hover_background":"","ocean_menu_link_active_background":"","ocean_menu_social_links_bg":"","ocean_menu_social_hover_links_bg":"","ocean_menu_social_links_color":"","ocean_menu_social_hover_links_color":"","ocean_disable_title":"default","ocean_disable_heading":"default","ocean_post_title":"","ocean_post_subheading":"","ocean_post_title_style":"","ocean_post_title_background_color":"","ocean_post_title_background":0,"ocean_post_title_bg_image_position":"","ocean_post_title_bg_image_attachment":"","ocean_post_title_bg_image_repeat":"","ocean_post_title_bg_image_size":"","ocean_post_title_height":0,"ocean_post_title_bg_overlay":0.5,"ocean_post_title_bg_overlay_color":"","ocean_disable_breadcrumbs":"default","ocean_breadcrumbs_color":"","ocean_breadcrumbs_separator_color":"","ocean_breadcrumbs_links_color":"","ocean_breadcrumbs_links_hover_color":"","ocean_display_footer_widgets":"default","ocean_display_footer_bottom":"default","ocean_custom_footer_template":"0","ofc_enable_fullscreen":"disable","ofc_fullscreen_speed":0,"ofc_fullscreen_nav":"enable","ofc_fullscreen_nav_pos":"right","ofc_fullscreen_nav_color":"","ofc_fullscreen_nav_tooltip_color":"","ofc_fullscreen_responsive":0},"product_brand":[],"product_cat":[2522],"product_tag":[],"class_list":{"0":"post-41882","1":"product","2":"type-product","3":"status-publish","4":"has-post-thumbnail","6":"product_cat-avengers-1-stan-lee","7":"product_shipping_class-versandklasse_a","9":"entry","10":"has-media","12":"first","13":"outofstock","14":"taxable","15":"shipping-taxable","16":"purchasable","17":"product-type-simple","18":"col","19":"span_1_of_4","20":"owp-content-center","21":"owp-thumbs-layout-horizontal","22":"owp-btn-normal","23":"owp-tabs-layout-horizontal"},"acf":[],"_links":{"self":[{"href":"https:\/\/memorabilia-germany.de\/de\/wp-json\/wp\/v2\/product\/41882","targetHints":{"allow":["GET"]}}],"collection":[{"href":"https:\/\/memorabilia-germany.de\/de\/wp-json\/wp\/v2\/product"}],"about":[{"href":"https:\/\/memorabilia-germany.de\/de\/wp-json\/wp\/v2\/types\/product"}],"version-history":[{"count":0,"href":"https:\/\/memorabilia-germany.de\/de\/wp-json\/wp\/v2\/product\/41882\/revisions"}],"wp:featuredmedia":[{"embeddable":true,"href":"https:\/\/memorabilia-germany.de\/de\/wp-json\/wp\/v2\/media\/41850"}],"wp:attachment":[{"href":"https:\/\/memorabilia-germany.de\/de\/wp-json\/wp\/v2\/media?parent=41882"}],"wp:term":[{"taxonomy":"product_brand","embeddable":true,"href":"https:\/\/memorabilia-germany.de\/de\/wp-json\/wp\/v2\/product_brand?post=41882"},{"taxonomy":"product_cat","embeddable":true,"href":"https:\/\/memorabilia-germany.de\/de\/wp-json\/wp\/v2\/product_cat?post=41882"},{"taxonomy":"product_tag","embeddable":true,"href":"https:\/\/memorabilia-germany.de\/de\/wp-json\/wp\/v2\/product_tag?post=41882"}],"curies":[{"name":"wp","href":"https:\/\/api.w.org\/{rel}","templated":true}]}}