{"id":40669,"date":"2024-03-19T17:28:07","date_gmt":"2024-03-19T16:28:07","guid":{"rendered":"https:\/\/memorabilia-germany.de\/?post_type=product&#038;p=40669"},"modified":"2025-11-19T10:23:02","modified_gmt":"2025-11-19T09:23:02","slug":"one-piece-card-game-pocket-pack-gold-edition-5-unopened-packs","status":"publish","type":"product","link":"https:\/\/memorabilia-germany.de\/de\/produkt\/one-piece-card-game-pocket-pack-gold-edition-5-unopened-packs\/","title":{"rendered":"One Piece Card Game Pocket Pack<\/br>\u201cGold Edition\u201d<\/br>(5 unopened packs)"},"content":{"rendered":"<p style=\"text-align: center;\"><strong>Alle P\u00e4ckchen dieser Serie stammen ausschlie\u00dflich aus folgenden One Piece Card Game Booster Boxes:<\/strong><\/p>\n<p style=\"text-align: center;\">\nRomance Dawn Booster Box OP-01<br \/>\nParamount War Booster Box OP-02<br \/>\nPillars of Strength Booster Box OP-03<br \/>\nKingdoms of Intrigue Booster Box OP-04<br \/>\nAwakening of the New Era Booster Box OP-05<br \/>\nWings of the Captain Booster Box OP-06<\/p>\n<p>Wie funktioniert eine Mystery Box?<br \/>\nInfos dazu findet ihr in unseren <strong><a href=\"https:\/\/memorabilia-germany.de\/de\/sport-memorabilia-faq\/#memorabilia-mystery-box\"><u>FAQ<\/u><\/a><\/strong>!<\/p>\n","protected":false},"excerpt":{"rendered":"<p><strong>Diese Serie ist auf insgesamt 50 One Piece Card Game Pocket Packs limitiert. Jedes Pack ist versiegelt und hat eine Seriennummer. Die Pocket Packs enthalten unge\u00f6ffnete Booster Packs aus allen bisher von Bandai ver\u00f6ffentlichten Card Game Sets der englischsprachigen Version. Von den allerersten Editionen wie \u201eRomance Dawn\u201c oder \u201eParamount War\u201c bis hin zum neuesten Titel \u201eWings Of The Captain\u201c \u2013 hier kannst du seltenste Sch\u00e4tze aus der Welt des beliebten Bandai-Kartenspiels rund um die Abenteuer von Monkey D. Ruffy und seiner Strohhut-Piratenbande heben!<\/strong><\/p>\n<p><strong>Diese Pocket Pack Serie enth\u00e4lt ausschlie\u00dflich Packs der weltweit fast durchg\u00e4ngig ausverkauften Englischen Karten-Version. Dar\u00fcber hinaus k\u00f6nnt ihr in dieser Serie einen <a href=\"https:\/\/memorabilia-germany.de\/de\/sport-memorabilia-faq\/#redemption\"><u>Redemption Voucher<\/u><\/a> finden, den ihr gegen eine komplette One Piece Card Game Box eintauschen k\u00f6nnt. Nat\u00fcrlich original verschwei\u00dft, also \u201efactory sealed\u201c.<\/strong><\/p>\n<p><i><strong>Hinweis:<\/strong>Diese Serie ist streng limitiert und beinhaltet ausschlie\u00dflich Booster Packs aus den unten gelisteten Boxen. Alle 50 Pocket Packs sind also hochwertig best\u00fcckt.<\/i><\/p>\n<p><strong>Produktinfos:<\/strong><\/p>\n<ul style=\"list-style-type: square;\">\n<li>Inhalt jedes Packs: 5 unge\u00f6ffnete One Piece Card Game Booster Packs aus den Sets \u201eOP-01: Romance Dawn\u201c bis \u201eOP-06: Wings of the Captain\u201c (detaillierte Liste siehe unten).<\/li>\n<li>Ausschlie\u00dflich alle Packs stammen aus \u201efactory sealed\u201c Booster Boxen der Firma Bandai.<\/li>\n<li>Die Karten dieser Serie sind ausschlie\u00dflich in englischer Sprache.<\/li>\n<li>Ein Pack enth\u00e4lt zus\u00e4tzlich zu den 5 Booster Packs auch einen Memorabilia Germany <a href=\"https:\/\/memorabilia-germany.de\/de\/sport-memorabilia-faq\/#redemption\"><strong><u>Redemption Voucher<\/u><\/strong><\/a> f\u00fcr eine komplette \u201efactory sealed\u201c One Piece Card Game Box.<\/li>\n<li>Promotion Card Specials in mehreren Pocket Packs der Serie.<\/li>\n<li>Finde One Piece Sammelkarten aus weltweit ausverkauften Editionen sowie top aktuelle Karten, die gerade erst ver\u00f6ffentlicht wurden und trotzdem schon \u00fcberall vergriffen sind. Egal ob \u201erare\u201c, \u201esuper rare\u201c oder \u201esecret rare\u201c \u2013 hier kannst du seltenste Sch\u00e4tze des Bandai One Piece Card Games entdecken!<\/li>\n<\/ul>\n<p>&nbsp;<\/p>\n<p><strong>Highlight Chances:<\/strong><\/p>\n<ul style=\"list-style-type: square;\">\n<li>Finde unge\u00f6ffnete Booster Packs aus weltweit ausverkauften Sets wie \u201eRomance Dawn\u201c oder \u201eParamount War\u201c!<\/li>\n<li><a href=\"https:\/\/memorabilia-germany.de\/de\/sport-memorabilia-faq\/#redemption\"><strong><u>Redemption Vouchers<\/u><\/strong><\/a>: finde einen Redemption Voucher und l\u00f6se ihn gegen eine komplette One Piece Card Game Box ein!<\/li>\n<li>Promotion Card Specials: in manche Pocket Packs haben wir original verpackte Promotion Card Packs aus verschiedenen Booster Boxen gepackt, die wir f\u00fcr das F\u00fcllen dieser Pocket Pack Serie verwendet haben.<\/li>\n<li>Alternative Art &#038; Parallel Design Cards aus allen bisher erschienenen One Piece Card Game Editions. Einige Highlights sind:\n<ul style=\"list-style-type: circle;\">\n<li>Shanks OP-01 Manga Alternate Art Card<\/li>\n<li>Monkey D. Luffy OP-05 Manga Alternate Art Card<\/li>\n<li>Portgas.D.Ace OP-02 Manga Alternate Art Card<\/li>\n<li>Yamato Green Secret Rare Foil Parallel Card<\/li>\n<li>Sabo OP-04 Manga Alternate Art Card<\/li>\n<li>Roronoa Zoro OP-06 Manga Alternate Art Card<\/li>\n<li>Sogeking OP-03 Manga Alternate Art Card<\/li>\n<li>Eustass &#8222;Captain&#8220; Kid OP-03 Manga Alternate Art Card<\/li>\n<li>Nami OP-01 Alternate Art Card<\/li>\n<li>Trafalgar Law OP-05 Manga Alternate Art Card<\/li>\n<li>Donquixote Doflamingo OP-01 Leader Parallel Alternate<\/li>\n<\/ul>\n<\/li>\n<\/ul>\n","protected":false},"featured_media":40633,"template":"","meta":{"_acf_changed":false,"ocean_post_layout":"","ocean_both_sidebars_style":"","ocean_both_sidebars_content_width":0,"ocean_both_sidebars_sidebars_width":0,"ocean_sidebar":"0","ocean_second_sidebar":"0","ocean_disable_margins":"enable","ocean_add_body_class":"","ocean_shortcode_before_top_bar":"","ocean_shortcode_after_top_bar":"","ocean_shortcode_before_header":"","ocean_shortcode_after_header":"","ocean_has_shortcode":"","ocean_shortcode_after_title":"","ocean_shortcode_before_footer_widgets":"","ocean_shortcode_after_footer_widgets":"","ocean_shortcode_before_footer_bottom":"","ocean_shortcode_after_footer_bottom":"","ocean_display_top_bar":"default","ocean_display_header":"default","ocean_header_style":"","ocean_center_header_left_menu":"0","ocean_custom_header_template":"0","ocean_custom_logo":0,"ocean_custom_retina_logo":0,"ocean_custom_logo_max_width":0,"ocean_custom_logo_tablet_max_width":0,"ocean_custom_logo_mobile_max_width":0,"ocean_custom_logo_max_height":0,"ocean_custom_logo_tablet_max_height":0,"ocean_custom_logo_mobile_max_height":0,"ocean_header_custom_menu":"0","ocean_menu_typo_font_family":"0","ocean_menu_typo_font_subset":"","ocean_menu_typo_font_size":0,"ocean_menu_typo_font_size_tablet":0,"ocean_menu_typo_font_size_mobile":0,"ocean_menu_typo_font_size_unit":"px","ocean_menu_typo_font_weight":"","ocean_menu_typo_font_weight_tablet":"","ocean_menu_typo_font_weight_mobile":"","ocean_menu_typo_transform":"","ocean_menu_typo_transform_tablet":"","ocean_menu_typo_transform_mobile":"","ocean_menu_typo_line_height":0,"ocean_menu_typo_line_height_tablet":0,"ocean_menu_typo_line_height_mobile":0,"ocean_menu_typo_line_height_unit":"","ocean_menu_typo_spacing":0,"ocean_menu_typo_spacing_tablet":0,"ocean_menu_typo_spacing_mobile":0,"ocean_menu_typo_spacing_unit":"","ocean_menu_link_color":"","ocean_menu_link_color_hover":"","ocean_menu_link_color_active":"","ocean_menu_link_background":"","ocean_menu_link_hover_background":"","ocean_menu_link_active_background":"","ocean_menu_social_links_bg":"","ocean_menu_social_hover_links_bg":"","ocean_menu_social_links_color":"","ocean_menu_social_hover_links_color":"","ocean_disable_title":"default","ocean_disable_heading":"default","ocean_post_title":"","ocean_post_subheading":"","ocean_post_title_style":"","ocean_post_title_background_color":"","ocean_post_title_background":0,"ocean_post_title_bg_image_position":"","ocean_post_title_bg_image_attachment":"","ocean_post_title_bg_image_repeat":"","ocean_post_title_bg_image_size":"","ocean_post_title_height":0,"ocean_post_title_bg_overlay":0.5,"ocean_post_title_bg_overlay_color":"","ocean_disable_breadcrumbs":"default","ocean_breadcrumbs_color":"","ocean_breadcrumbs_separator_color":"","ocean_breadcrumbs_links_color":"","ocean_breadcrumbs_links_hover_color":"","ocean_display_footer_widgets":"default","ocean_display_footer_bottom":"default","ocean_custom_footer_template":"0","ofc_enable_fullscreen":"disable","ofc_fullscreen_speed":0,"ofc_fullscreen_nav":"enable","ofc_fullscreen_nav_pos":"right","ofc_fullscreen_nav_color":"","ofc_fullscreen_nav_tooltip_color":"","ofc_fullscreen_responsive":0},"product_brand":[],"product_cat":[1849],"product_tag":[],"class_list":{"0":"post-40669","1":"product","2":"type-product","3":"status-publish","4":"has-post-thumbnail","6":"product_cat-one-piece-card-game-pocket-pack-gold-edition","7":"product_shipping_class-versandklasse_a","9":"entry","10":"has-media","12":"first","13":"outofstock","14":"taxable","15":"shipping-taxable","16":"purchasable","17":"product-type-simple","18":"col","19":"span_1_of_4","20":"owp-content-center","21":"owp-thumbs-layout-horizontal","22":"owp-btn-normal","23":"owp-tabs-layout-horizontal"},"acf":[],"_links":{"self":[{"href":"https:\/\/memorabilia-germany.de\/de\/wp-json\/wp\/v2\/product\/40669","targetHints":{"allow":["GET"]}}],"collection":[{"href":"https:\/\/memorabilia-germany.de\/de\/wp-json\/wp\/v2\/product"}],"about":[{"href":"https:\/\/memorabilia-germany.de\/de\/wp-json\/wp\/v2\/types\/product"}],"version-history":[{"count":0,"href":"https:\/\/memorabilia-germany.de\/de\/wp-json\/wp\/v2\/product\/40669\/revisions"}],"wp:featuredmedia":[{"embeddable":true,"href":"https:\/\/memorabilia-germany.de\/de\/wp-json\/wp\/v2\/media\/40633"}],"wp:attachment":[{"href":"https:\/\/memorabilia-germany.de\/de\/wp-json\/wp\/v2\/media?parent=40669"}],"wp:term":[{"taxonomy":"product_brand","embeddable":true,"href":"https:\/\/memorabilia-germany.de\/de\/wp-json\/wp\/v2\/product_brand?post=40669"},{"taxonomy":"product_cat","embeddable":true,"href":"https:\/\/memorabilia-germany.de\/de\/wp-json\/wp\/v2\/product_cat?post=40669"},{"taxonomy":"product_tag","embeddable":true,"href":"https:\/\/memorabilia-germany.de\/de\/wp-json\/wp\/v2\/product_tag?post=40669"}],"curies":[{"name":"wp","href":"https:\/\/api.w.org\/{rel}","templated":true}]}}