{"id":35843,"date":"2024-01-27T16:19:11","date_gmt":"2024-01-27T15:19:11","guid":{"rendered":"https:\/\/memorabilia-germany.de\/?post_type=product&#038;p=35843"},"modified":"2024-12-05T18:19:27","modified_gmt":"2024-12-05T17:19:27","slug":"pokemon-tcg-pocket-pack-scarlet-violet-edition-5-unopened-packs","status":"publish","type":"product","link":"https:\/\/memorabilia-germany.de\/de\/produkt\/pokemon-tcg-pocket-pack-scarlet-violet-edition-5-unopened-packs\/","title":{"rendered":"Pok\u00e9mon TCG Pocket Pack<\/br>\u201cScarlet &#038; Violet Edition\u201d (5 unopened packs)"},"content":{"rendered":"<p style=\"text-align: center;\"><strong>Alle P\u00e4ckchen dieser Serie stammen ausschlie\u00dflich aus folgenden Pok\u00e9mon Trading Card Boxes:<\/strong><br \/>\nScarlet &#038; Violet: Paldean Fates (Elite Trainer Box)<br \/>\nScarlet &#038; Violet: 151 Ultra (Premium Collection Box)<br \/>\nScarlet &#038; Violet: Paradox Rift (Booster Box)<br \/>\nScarlet &#038; Violet: Obsidian Flames (Elite Trainer Box)<br \/>\nScarlet &#038; Violet (Elite Trainer Box)<br \/>\nScarlet &#038; Violet (Booster Box)<br \/>\nScarlet &#038; Violet: Paldea Evolved (Booster Box)<br \/>\nScarlet &#038; Violet: Paradox Rift (Elite Trainer Box)<\/p>\n<p>Wie funktioniert eine Mystery Box?<br \/>\nInfos dazu findet ihr in unseren <strong><a href=\"https:\/\/memorabilia-germany.de\/de\/sport-memorabilia-faq\/#memorabilia-mystery-box\"><u>FAQ<\/u><\/a><\/strong>!<\/p>\n","protected":false},"excerpt":{"rendered":"<p><strong>Diese Serie ist auf insgesamt 50 Pok\u00e9mon TCG Pocket Packs limitiert. Jedes Pack ist versiegelt und hat eine Seriennummer. Diese Serie dreht sich voll und ganz um die aktuellste Erweiterung des Pok\u00e9mon Sammelkartenspiels: Scarlet &#038; Violet (in Deutschland \u201eKarmesin &#038; Purpur). Finde die seltensten Pok\u00e9mon aus der Paldea-Region und entdecke neue Pok\u00e9mon-ex, fast 20 Jahre nach ihrem Erscheinen bei EX Ruby and Sapphire (EX Rubin &#038; Saphir).<\/strong><\/p>\n<p><strong>Die Packs enthalten unge\u00f6ffnete Booster Packs aus verschiedensten Scarlet &#038; Violet Boxen bis hin zur top aktuellen \u201ePaldean Fates\u201c Edition. Dar\u00fcber hinaus k\u00f6nnt ihr in dieser Serie <a href=\"https:\/\/memorabilia-germany.de\/de\/sport-memorabilia-faq\/#redemption\"><u>Redemption Voucher<\/u><\/a> finden, die ihr gegen eine komplette Pok\u00e9mon Box aus der Scarlet &#038; Violet Erweiterung eintauschen k\u00f6nnt. Gotta catch &#8218;em all!<\/strong> <\/p>\n<p><i><strong>Hinweis:<\/strong> : Der Pok\u00e9mon Markt bietet unz\u00e4hlige Mystery Boxen zum Sammelkartenspiel. Diese Boxen sind \u2013 wir formulieren es einmal vorsichtig \u2013 nicht mit dieser Pocket Pack Serie zu vergleichen. Diese Serie ist streng limitiert und beinhaltet ausschlie\u00dflich Booster Packs aus den unten gelisteten Boxen. Alle 50 Pocket Packs sind also hochwertig best\u00fcckt.<\/i><\/p>\n<p><strong>Produktinfos:<\/strong><\/p>\n<ul style=\"list-style-type: square;\">\n<li>Inhalt jedes Packs: 5 unge\u00f6ffnete Booster Packs aus Boxen der aktuellen Pok\u00e9mon TCG Erweiterung Scarlet &#038; Violet (detaillierte Liste siehe unten).<\/li>\n<li>Ausschlie\u00dflich alle P\u00e4ckchen stammen aus \u201efactory sealed\u201c Boxen.<\/li>\n<li>Alle Karten in dieser Serie sind in englischer Sprache (maximaler Sammlerwert).<\/li>\n<li>2 von 50 Boxen enthalten zus\u00e4tzlich zu den 5 Booster Packs auch einen Memorabilia Germany <a href=\"https:\/\/memorabilia-germany.de\/de\/sport-memorabilia-faq\/#redemption\"><strong><u>Redemption Voucher<\/u><\/strong><\/a>. Ein Voucher kann bei uns gegen verschiedene komplette \u201efactory sealed\u201c Scarlet &#038; Violet Boxen mit bis zu 36 Booster Packs eingetauscht werden.<\/li>\n<\/ul>\n<p><strong>Highlight Chances:<\/strong><\/p>\n<ul style=\"list-style-type: square;\">\n<li><a href=\"https:\/\/memorabilia-germany.de\/de\/sport-memorabilia-faq\/#redemption\"><strong><u>Redemption Vouchers<\/u><\/strong><\/a>: finde Redemption Vouchers und l\u00f6se sie gegen komplette Pok\u00e9mon Scarlet &#038; Violet TCG Boxen mit zahlreichen Booster Packs ein!<\/li>\n<li>Scarlet &#038; Violet: 151 Ultra Premium Collection:\n<ul style=\"list-style-type: circle;\">\n<li>Mew Specials (inkl. Mex-ex)<\/li>\n<li>Alle Pok\u00e9mon aus der Kanto Region: neu interpretiert in Paldea!<\/li>\n<\/ul>\n<\/li>\n<li>Scarlet &#038; Violet: Paldean Fates:\n<ul style=\"list-style-type: circle;\">\n<li>Shiny Pikachu, Shiny Ceruledge, Shiny Tinkaton, Shiny Dondozo &#038; Shiny Tatsugiri<\/li>\n<li>Shiny Tera Pokemon ex: Charizard, Forretress &#038; Espathra<\/li>\n<\/ul>\n<\/li>\n<li>Scarlet &#038; Violet Elite Trainer Box:\n<ul style=\"list-style-type: circle;\">\n<li>Seltene Pok\u00e9mon Art Work Cards!<\/li>\n<li>Pok\u00e9mon Koraidon &#038; Miraidon als Pokemon ex<\/li>\n<li>Arcanine, Gyarados, Sprigatito, Fuecoco &#038; Quaxly<\/li>\n<\/ul>\n<\/li>\n<li>Scarlet &#038; Violet: Paradox Rift:\n<ul style=\"list-style-type: circle;\">\n<li>Roaring Moon ex, Mela, Gholdengo ex, Iron Valiant &#038; Iron Hands ex<\/li>\n<li>Garchomp ex, Mewtwo ex, Armarouge ex &#038; Gholdengo ex<\/li>\n<\/ul>\n<\/li>\n<\/ul>\n","protected":false},"featured_media":35823,"template":"","meta":{"_acf_changed":false,"ocean_post_layout":"","ocean_both_sidebars_style":"","ocean_both_sidebars_content_width":0,"ocean_both_sidebars_sidebars_width":0,"ocean_sidebar":"0","ocean_second_sidebar":"0","ocean_disable_margins":"enable","ocean_add_body_class":"","ocean_shortcode_before_top_bar":"","ocean_shortcode_after_top_bar":"","ocean_shortcode_before_header":"","ocean_shortcode_after_header":"","ocean_has_shortcode":"","ocean_shortcode_after_title":"","ocean_shortcode_before_footer_widgets":"","ocean_shortcode_after_footer_widgets":"","ocean_shortcode_before_footer_bottom":"","ocean_shortcode_after_footer_bottom":"","ocean_display_top_bar":"default","ocean_display_header":"default","ocean_header_style":"","ocean_center_header_left_menu":"0","ocean_custom_header_template":"0","ocean_custom_logo":0,"ocean_custom_retina_logo":0,"ocean_custom_logo_max_width":0,"ocean_custom_logo_tablet_max_width":0,"ocean_custom_logo_mobile_max_width":0,"ocean_custom_logo_max_height":0,"ocean_custom_logo_tablet_max_height":0,"ocean_custom_logo_mobile_max_height":0,"ocean_header_custom_menu":"0","ocean_menu_typo_font_family":"0","ocean_menu_typo_font_subset":"","ocean_menu_typo_font_size":0,"ocean_menu_typo_font_size_tablet":0,"ocean_menu_typo_font_size_mobile":0,"ocean_menu_typo_font_size_unit":"px","ocean_menu_typo_font_weight":"","ocean_menu_typo_font_weight_tablet":"","ocean_menu_typo_font_weight_mobile":"","ocean_menu_typo_transform":"","ocean_menu_typo_transform_tablet":"","ocean_menu_typo_transform_mobile":"","ocean_menu_typo_line_height":0,"ocean_menu_typo_line_height_tablet":0,"ocean_menu_typo_line_height_mobile":0,"ocean_menu_typo_line_height_unit":"","ocean_menu_typo_spacing":0,"ocean_menu_typo_spacing_tablet":0,"ocean_menu_typo_spacing_mobile":0,"ocean_menu_typo_spacing_unit":"","ocean_menu_link_color":"","ocean_menu_link_color_hover":"","ocean_menu_link_color_active":"","ocean_menu_link_background":"","ocean_menu_link_hover_background":"","ocean_menu_link_active_background":"","ocean_menu_social_links_bg":"","ocean_menu_social_hover_links_bg":"","ocean_menu_social_links_color":"","ocean_menu_social_hover_links_color":"","ocean_disable_title":"default","ocean_disable_heading":"default","ocean_post_title":"","ocean_post_subheading":"","ocean_post_title_style":"","ocean_post_title_background_color":"","ocean_post_title_background":0,"ocean_post_title_bg_image_position":"","ocean_post_title_bg_image_attachment":"","ocean_post_title_bg_image_repeat":"","ocean_post_title_bg_image_size":"","ocean_post_title_height":0,"ocean_post_title_bg_overlay":0.5,"ocean_post_title_bg_overlay_color":"","ocean_disable_breadcrumbs":"default","ocean_breadcrumbs_color":"","ocean_breadcrumbs_separator_color":"","ocean_breadcrumbs_links_color":"","ocean_breadcrumbs_links_hover_color":"","ocean_display_footer_widgets":"default","ocean_display_footer_bottom":"default","ocean_custom_footer_template":"0","ofc_enable_fullscreen":"disable","ofc_fullscreen_speed":0,"ofc_fullscreen_nav":"enable","ofc_fullscreen_nav_pos":"right","ofc_fullscreen_nav_color":"","ofc_fullscreen_nav_tooltip_color":"","ofc_fullscreen_responsive":0},"product_brand":[],"product_cat":[1716],"product_tag":[],"class_list":{"0":"post-35843","1":"product","2":"type-product","3":"status-publish","4":"has-post-thumbnail","6":"product_cat-pokemon-tcg-pocket-pack-scarlet-violet-edition-5-unopened-packs","7":"product_shipping_class-versandklasse_a","9":"entry","10":"has-media","12":"first","13":"outofstock","14":"taxable","15":"shipping-taxable","16":"purchasable","17":"product-type-simple","18":"col","19":"span_1_of_4","20":"owp-content-center","21":"owp-thumbs-layout-horizontal","22":"owp-btn-normal","23":"owp-tabs-layout-horizontal"},"acf":[],"_links":{"self":[{"href":"https:\/\/memorabilia-germany.de\/de\/wp-json\/wp\/v2\/product\/35843","targetHints":{"allow":["GET"]}}],"collection":[{"href":"https:\/\/memorabilia-germany.de\/de\/wp-json\/wp\/v2\/product"}],"about":[{"href":"https:\/\/memorabilia-germany.de\/de\/wp-json\/wp\/v2\/types\/product"}],"version-history":[{"count":0,"href":"https:\/\/memorabilia-germany.de\/de\/wp-json\/wp\/v2\/product\/35843\/revisions"}],"wp:featuredmedia":[{"embeddable":true,"href":"https:\/\/memorabilia-germany.de\/de\/wp-json\/wp\/v2\/media\/35823"}],"wp:attachment":[{"href":"https:\/\/memorabilia-germany.de\/de\/wp-json\/wp\/v2\/media?parent=35843"}],"wp:term":[{"taxonomy":"product_brand","embeddable":true,"href":"https:\/\/memorabilia-germany.de\/de\/wp-json\/wp\/v2\/product_brand?post=35843"},{"taxonomy":"product_cat","embeddable":true,"href":"https:\/\/memorabilia-germany.de\/de\/wp-json\/wp\/v2\/product_cat?post=35843"},{"taxonomy":"product_tag","embeddable":true,"href":"https:\/\/memorabilia-germany.de\/de\/wp-json\/wp\/v2\/product_tag?post=35843"}],"curies":[{"name":"wp","href":"https:\/\/api.w.org\/{rel}","templated":true}]}}