{"id":35785,"date":"2024-01-27T14:32:09","date_gmt":"2024-01-27T13:32:09","guid":{"rendered":"https:\/\/memorabilia-germany.de\/?post_type=product&#038;p=35785"},"modified":"2024-09-24T17:39:29","modified_gmt":"2024-09-24T15:39:29","slug":"pokemon-tcg-pocket-pack-gold-edition-5-unopened-packs","status":"publish","type":"product","link":"https:\/\/memorabilia-germany.de\/de\/produkt\/pokemon-tcg-pocket-pack-gold-edition-5-unopened-packs\/","title":{"rendered":"Pok\u00e9mon TCG Pocket Pack<\/br>\u201cGold Edition\u201d (5 unopened packs)"},"content":{"rendered":"<p style=\"text-align: center;\"><strong>Alle P\u00e4ckchen dieser Serie stammen ausschlie\u00dflich aus folgenden Pok\u00e9mon Trading Card Boxes:<\/strong><br \/>\nSun &amp; Moon: Celestial Storm (Booster Box)<br \/>\nXY Evolutions: Mega Charizard (Elite Trainer Box)<br \/>\nXY Fates Collide (Booster Box)<br \/>\nScarlet &amp; Violet: Paldean Fates (Elite Trainer Box)<br \/>\nSun &amp; Moon (Elite Trainer Box)<br \/>\nPokemon Go (Center Elite Trainer Box Plus)<br \/>\nSun &amp; Moon (Booster Box)<br \/>\nCelebrations Collection: Dark Sylveon V Box<br \/>\nSword &amp; Shield: Chilling Reign (Elite Trainer Box)<br \/>\nSun &amp; Moon: Crimson Invasion (Booster Box)<br \/>\nShining Fates: Dragapult (Premium Box)<br \/>\nScarlet &amp; Violet: Paradox Rift (Booster Box)<br \/>\nScarlet &amp; Violet: Obsidian Flames (Elite Trainer Box)<br \/>\nSword &amp; Shield: Vivid Voltage (Booster Box)<br \/>\nCrown Zenith (Elite Trainer Box)<br \/>\nPok\u00e9mon Go (Elite Trainer Box)<br \/>\nScarlet &amp; Violet (Elite Trainer Box)<br \/>\nSword &amp; Shield: Silver Tempest (Booster Box)<br \/>\nScarlet &amp; Violet (Booster Box)<br \/>\nScarlet &amp; Violet: Paldea Evolved (Booster Box)<br \/>\nSword &amp; Shield: Battle Styles (Booster Box)<br \/>\nScarlet &amp; Violet: Paradox Rift (Elite Trainer Box)<\/p>\n<p>Wie funktioniert eine Mystery Box?<br \/>\nInfos dazu findet ihr in unseren <strong><a href=\"https:\/\/memorabilia-germany.de\/de\/sport-memorabilia-faq\/#memorabilia-mystery-box\"><u>FAQ<\/u><\/a><\/strong>!<\/p>\n","protected":false},"excerpt":{"rendered":"<p><strong>Diese Serie ist auf insgesamt 50 Pok\u00e9mon TCG Pocket Packs limitiert. Jedes Pack ist versiegelt und hat eine Seriennummer. Die Packs enthalten unge\u00f6ffnete Booster Packs aus weltweit ausverkauften Editionen des Pok\u00e9mon Sammelkartenspiels vergangener Jahre sowie aus top aktuellen Pok\u00e9mon TCG Erweiterungen von 2024. Von \u201eXY Fates Collide\u201c bis \u201eSun &amp; Moon: Celestial Storm\u201c und von \u201eXY Evolutions: Mega Charizard\u201c bis \u201eScarlet &amp; Violet: Paldean Fates\u201c \u2013 hier kannst du wahre Sch\u00e4tze des Pok\u00e9mon Trading Card Games entdecken!<\/strong><br \/>\n<strong>Dar\u00fcber hinaus k\u00f6nnt ihr in dieser Serie einen <a href=\"https:\/\/memorabilia-germany.de\/de\/sport-memorabilia-faq\/#redemption\"><u>Redemption Voucher<\/u><\/a> finden, den ihr gegen eine komplette Pok\u00e9mon TCG Box mit vielen Booster Packs eintauschen k\u00f6nnt. Gotta catch &#8218;em all!<\/strong><\/p>\n<p><i><strong>Hinweis:<\/strong> : Der Pok\u00e9mon Markt bietet unz\u00e4hlige Mystery Boxen zum Sammelkartenspiel. Diese Boxen sind \u2013 wir formulieren es einmal vorsichtig \u2013 nicht mit dieser Pocket Pack Serie zu vergleichen. Diese Serie ist streng limitiert und beinhaltet ausschlie\u00dflich Booster Packs aus den unten gelisteten Boxen. Alle 50 Pocket Packs sind also hochwertig best\u00fcckt.<\/i><\/p>\n<p><strong>Produktinfos:<\/strong><\/p>\n<ul style=\"list-style-type: square;\">\n<li>Inhalt jedes Packs: 5 unge\u00f6ffnete Booster Packs aus dem Zeitraum der circa letzten 10 Jahre bis heute (detaillierte Liste siehe unten).<\/li>\n<li>Ausschlie\u00dflich alle P\u00e4ckchen stammen aus \u201efactory sealed\u201c Boxen.<\/li>\n<li>Alle Karten in dieser Serie sind in englischer Sprache (maximaler Sammlerwert).<\/li>\n<li>Ein Pack enth\u00e4lt zus\u00e4tzlich zu den 5 Booster Packs auch einen Memorabilia Germany <a href=\"https:\/\/memorabilia-germany.de\/de\/sport-memorabilia-faq\/#redemption\"><strong><u>Redemption Voucher<\/u><\/strong><\/a> f\u00fcr eine komplette \u201efactory sealed\u201c Pok\u00e9mon TCG Box.<\/li>\n<li>Online Special: Zwei Boxen der Serie enthalten zus\u00e4tzlich auch verschiedene Code Cards unterschiedlichster Trainer Boxen f\u00fcr das Online Game Pok\u00e9mon TCG Live!<\/li>\n<li>Finde Pok\u00e9mon Sammelkarten aus weltweit ausverkauften Editionen vergangener Jahre sowie top aktuelle Karten, die erst im Jahr 2024 ver\u00f6ffentlicht wurden. Egal ob \u201erare\u201c, \u201esecret rare\u201c oder \u201eultra rare\u201c \u2013 hier kannst du wahre Sch\u00e4tze des Pok\u00e9mon TCG entdecken!<\/li>\n<\/ul>\n<p>&nbsp;<\/p>\n<p><strong>Highlight Chances:<\/strong><\/p>\n<ul style=\"list-style-type: square;\">\n<li><a href=\"https:\/\/memorabilia-germany.de\/de\/sport-memorabilia-faq\/#redemption\"><strong><u>Redemption Vouchers<\/u><\/strong><\/a>: finde einen Redemption Voucher und l\u00f6se ihn gegen eine komplette Pok\u00e9mon TCG Box mit zahlreichen Booster Packs ein!<\/li>\n<li>Sun &amp; Moon: Celestial Storm:\n<ul style=\"list-style-type: circle;\">\n<li>Rayquaza-GX, Articuno-GX, Blaziken-GX, Scizor-GX &amp; Stakataka-GX<\/li>\n<li>New Prism Star Cards inkl. Latios, Latias &amp; Jirachi<\/li>\n<li>Ultra Beasts, Celestial Storm Trainer Cards &amp; Rainbow-Energy Karten<\/li>\n<\/ul>\n<\/li>\n<li>Pok\u00e9mon XY Fates Collide:\n<ul style=\"list-style-type: circle;\">\n<li>M Alakazam EX, Umbreon EX, Glaceon EX, Team Rocket&#8217;s Handiwork &amp; Lugia BREAK<\/li>\n<li>New Fates Collide Pok\u00e9mon TURBO<\/li>\n<\/ul>\n<\/li>\n<li>Scarlet &amp; Violet: Paldean Fates:\n<ul style=\"list-style-type: circle;\">\n<li>Shiny Pikachu, Shiny Ceruledge, Shiny Tinkaton, Shiny Dondozo &amp; Shiny Tatsugiri<\/li>\n<li>Shiny Tera Pokemon ex: Charizard, Forretress &amp; Espathra<\/li>\n<\/ul>\n<\/li>\n<li>XY Evolutions Mega Charizard:\n<ul style=\"list-style-type: circle;\">\n<li>Mega Venusaur EX, Mega Charizard EX &amp; Mega Blastoise EX<\/li>\n<li>Dragonite EX, Ninetales BREAK, Machamp BREAK &amp; Mega Slowbro EX<\/li>\n<\/ul>\n<\/li>\n<li>Sun &amp; Moon:\n<ul style=\"list-style-type: circle;\">\n<li>Solgaleo GX &amp; Lunala GX<\/li>\n<li>Alola Region Specials: Rowlet, Litten &amp; Popplio<\/li>\n<li>Ultra Ball, Lillie, Umbreon GX, Espeon GX &amp; Psychic Energy<\/li>\n<\/ul>\n<\/li>\n<\/ul>\n","protected":false},"featured_media":35761,"template":"","meta":{"_acf_changed":false,"ocean_post_layout":"","ocean_both_sidebars_style":"","ocean_both_sidebars_content_width":0,"ocean_both_sidebars_sidebars_width":0,"ocean_sidebar":"0","ocean_second_sidebar":"0","ocean_disable_margins":"enable","ocean_add_body_class":"","ocean_shortcode_before_top_bar":"","ocean_shortcode_after_top_bar":"","ocean_shortcode_before_header":"","ocean_shortcode_after_header":"","ocean_has_shortcode":"","ocean_shortcode_after_title":"","ocean_shortcode_before_footer_widgets":"","ocean_shortcode_after_footer_widgets":"","ocean_shortcode_before_footer_bottom":"","ocean_shortcode_after_footer_bottom":"","ocean_display_top_bar":"default","ocean_display_header":"default","ocean_header_style":"","ocean_center_header_left_menu":"0","ocean_custom_header_template":"0","ocean_custom_logo":0,"ocean_custom_retina_logo":0,"ocean_custom_logo_max_width":0,"ocean_custom_logo_tablet_max_width":0,"ocean_custom_logo_mobile_max_width":0,"ocean_custom_logo_max_height":0,"ocean_custom_logo_tablet_max_height":0,"ocean_custom_logo_mobile_max_height":0,"ocean_header_custom_menu":"0","ocean_menu_typo_font_family":"0","ocean_menu_typo_font_subset":"","ocean_menu_typo_font_size":0,"ocean_menu_typo_font_size_tablet":0,"ocean_menu_typo_font_size_mobile":0,"ocean_menu_typo_font_size_unit":"px","ocean_menu_typo_font_weight":"","ocean_menu_typo_font_weight_tablet":"","ocean_menu_typo_font_weight_mobile":"","ocean_menu_typo_transform":"","ocean_menu_typo_transform_tablet":"","ocean_menu_typo_transform_mobile":"","ocean_menu_typo_line_height":0,"ocean_menu_typo_line_height_tablet":0,"ocean_menu_typo_line_height_mobile":0,"ocean_menu_typo_line_height_unit":"","ocean_menu_typo_spacing":0,"ocean_menu_typo_spacing_tablet":0,"ocean_menu_typo_spacing_mobile":0,"ocean_menu_typo_spacing_unit":"","ocean_menu_link_color":"","ocean_menu_link_color_hover":"","ocean_menu_link_color_active":"","ocean_menu_link_background":"","ocean_menu_link_hover_background":"","ocean_menu_link_active_background":"","ocean_menu_social_links_bg":"","ocean_menu_social_hover_links_bg":"","ocean_menu_social_links_color":"","ocean_menu_social_hover_links_color":"","ocean_disable_title":"default","ocean_disable_heading":"default","ocean_post_title":"","ocean_post_subheading":"","ocean_post_title_style":"","ocean_post_title_background_color":"","ocean_post_title_background":0,"ocean_post_title_bg_image_position":"","ocean_post_title_bg_image_attachment":"","ocean_post_title_bg_image_repeat":"","ocean_post_title_bg_image_size":"","ocean_post_title_height":0,"ocean_post_title_bg_overlay":0.5,"ocean_post_title_bg_overlay_color":"","ocean_disable_breadcrumbs":"default","ocean_breadcrumbs_color":"","ocean_breadcrumbs_separator_color":"","ocean_breadcrumbs_links_color":"","ocean_breadcrumbs_links_hover_color":"","ocean_display_footer_widgets":"default","ocean_display_footer_bottom":"default","ocean_custom_footer_template":"0","ofc_enable_fullscreen":"disable","ofc_fullscreen_speed":0,"ofc_fullscreen_nav":"enable","ofc_fullscreen_nav_pos":"right","ofc_fullscreen_nav_color":"","ofc_fullscreen_nav_tooltip_color":"","ofc_fullscreen_responsive":0},"product_brand":[],"product_cat":[1712],"product_tag":[],"class_list":{"0":"post-35785","1":"product","2":"type-product","3":"status-publish","4":"has-post-thumbnail","6":"product_cat-pokemon-tcg-pocket-pack-gold-edition-5-unopened-packs","7":"product_shipping_class-versandklasse_a","9":"entry","10":"has-media","12":"first","13":"outofstock","14":"taxable","15":"shipping-taxable","16":"purchasable","17":"product-type-simple","18":"col","19":"span_1_of_4","20":"owp-content-center","21":"owp-thumbs-layout-horizontal","22":"owp-btn-normal","23":"owp-tabs-layout-horizontal"},"acf":[],"_links":{"self":[{"href":"https:\/\/memorabilia-germany.de\/de\/wp-json\/wp\/v2\/product\/35785","targetHints":{"allow":["GET"]}}],"collection":[{"href":"https:\/\/memorabilia-germany.de\/de\/wp-json\/wp\/v2\/product"}],"about":[{"href":"https:\/\/memorabilia-germany.de\/de\/wp-json\/wp\/v2\/types\/product"}],"version-history":[{"count":0,"href":"https:\/\/memorabilia-germany.de\/de\/wp-json\/wp\/v2\/product\/35785\/revisions"}],"wp:featuredmedia":[{"embeddable":true,"href":"https:\/\/memorabilia-germany.de\/de\/wp-json\/wp\/v2\/media\/35761"}],"wp:attachment":[{"href":"https:\/\/memorabilia-germany.de\/de\/wp-json\/wp\/v2\/media?parent=35785"}],"wp:term":[{"taxonomy":"product_brand","embeddable":true,"href":"https:\/\/memorabilia-germany.de\/de\/wp-json\/wp\/v2\/product_brand?post=35785"},{"taxonomy":"product_cat","embeddable":true,"href":"https:\/\/memorabilia-germany.de\/de\/wp-json\/wp\/v2\/product_cat?post=35785"},{"taxonomy":"product_tag","embeddable":true,"href":"https:\/\/memorabilia-germany.de\/de\/wp-json\/wp\/v2\/product_tag?post=35785"}],"curies":[{"name":"wp","href":"https:\/\/api.w.org\/{rel}","templated":true}]}}