{"id":35744,"date":"2024-01-27T13:15:37","date_gmt":"2024-01-27T12:15:37","guid":{"rendered":"https:\/\/memorabilia-germany.de\/?post_type=product&#038;p=35744"},"modified":"2024-09-26T14:08:46","modified_gmt":"2024-09-26T12:08:46","slug":"gaming-trading-cards-mystery-box-pokemon-tcg-edition-10-unopened-packs","status":"publish","type":"product","link":"https:\/\/memorabilia-germany.de\/de\/produkt\/gaming-trading-cards-mystery-box-pokemon-tcg-edition-10-unopened-packs\/","title":{"rendered":"Gaming Trading Cards Mystery Box<\/br>\u201cPok\u00e9mon TCG Edition\u201d (10 unopened packs)"},"content":{"rendered":"<p style=\"text-align: center;\"><strong>Alle P\u00e4ckchen dieser Serie stammen ausschlie\u00dflich aus folgenden Pok\u00e9mon Trading Card Boxes:<\/strong><br \/>\nSun &amp; Moon: Celestial Storm (Booster Box)<br \/>\nXY Fates Collide (Booster Box)<br \/>\nScarlet &amp; Violet: Paldean Fates (Elite Trainer Box)<br \/>\nSword &amp; Shield: Rebel Clash (Elite Trainer Box)<br \/>\nSword &amp; Shield: Evolving Skies (Booster Box)<br \/>\nPokemon Go (Center Elite Trainer Box Plus)<br \/>\nSun &amp; Moon (Booster Box)<br \/>\nCelebrations Collection: Lance&#8217;s Charizard V Box<br \/>\nSword &amp; Shield: Chilling Reign (Elite Trainer Box)<br \/>\nSun &amp; Moon: Crimson Invasion (Booster Box)<br \/>\nShining Fates: Crobat (Premium Box)<br \/>\nScarlet &amp; Violet: Paradox Rift (Booster Box)<br \/>\nShining Fates (Elite Trainer Box)<br \/>\nScarlet &amp; Violet: Obsidian Flames (Elite Trainer Box)<br \/>\nSword &amp; Shield: Vivid Voltage (Booster Box)<br \/>\nCrown Zenith (Elite Trainer Box)<br \/>\nPok\u00e9mon Go (Elite Trainer Box)<br \/>\nScarlet &amp; Violet (Elite Trainer Box)<br \/>\nSword &amp; Shield: Silver Tempest (Booster Box)<br \/>\nScarlet &amp; Violet (Booster Box)<br \/>\nScarlet &amp; Violet: Paldea Evolved (Booster Box)<br \/>\nSword &amp; Shield: Battle Styles (Booster Box)<br \/>\nScarlet &amp; Violet: Paradox Rift (Elite Trainer Box)<\/p>\n<p>Wie funktioniert eine Mystery Box?<br \/>\nInfos dazu findet ihr in unseren <strong><a href=\"https:\/\/memorabilia-germany.de\/de\/sport-memorabilia-faq\/#memorabilia-mystery-box\"><u>FAQ<\/u><\/a><\/strong>!<\/p>\n","protected":false},"excerpt":{"rendered":"<p><strong>Diese Serie ist auf insgesamt 50 Pok\u00e9mon TCG <a href=\"https:\/\/memorabilia-germany.de\/de\/sport-memorabilia-faq\/#memorabilia-mystery-box\"><u>Mystery Boxen<\/u><\/a> limitiert. Jede Box ist versiegelt und hat eine Seriennummer. Die Boxen enthalten unge\u00f6ffnete Booster Packs aus weltweit ausverkauften Editionen des Pok\u00e9mon Sammelkartenspiels vergangener Jahre sowie aus top aktuellen Pok\u00e9mon TCG Erweiterungen von 2024. Von \u201eXY Fates Collide\u201c bis \u201eSun &amp; Moon: Celestial Storm\u201c und von \u201eSword &amp; Shield: Rebel Clash\u201c bis \u201eScarlet &amp; Violet: Paldean Fates\u201c \u2013 hier kannst du wahre Sch\u00e4tze des Pok\u00e9mon Trading Card Games entdecken!<\/strong><br \/>\n<strong>Einige Boxen enthalten zus\u00e4tzlich zu dem eigentlichen Inhalt sogar <a href=\"https:\/\/memorabilia-germany.de\/de\/sport-memorabilia-faq\/#redemption\"><u>Redemption Vouchers<\/u><\/a> f\u00fcr euch bereit. Redemption Vouchers kommen eigentlich aus der Sport Trading Cards Branche und k\u00f6nnen bei uns gegen komplette Pok\u00e9mon TCG Boxen mit bis zu 36 Booster Packs eingetauscht werden. Nat\u00fcrlich original verschwei\u00dft, also \u201efactory sealed\u201c. Gotta catch &#8218;em all!<\/strong><\/p>\n<p><i><strong>Hinweis:<\/strong> Der Pok\u00e9mon Markt bietet unz\u00e4hlige Mystery Boxen zum Sammelkartenspiel. Diese Boxen sind \u2013 wir formulieren es einmal vorsichtig \u2013 nicht mit dieser Mystery Box Serie zu vergleichen. Diese Serie ist streng limitiert und beinhaltet ausschlie\u00dflich Booster Packs aus den unten gelisteten Boxen. Alle 50 Boxen sind also hochwertig best\u00fcckt.<\/i><\/p>\n<p><strong>Produktinfos:<\/strong><\/p>\n<ul style=\"list-style-type: square;\">\n<li>Inhalt jeder Box: 10 unge\u00f6ffnete Booster Packs aus dem Zeitraum der circa letzten 10 Jahre bis heute (detaillierte Liste siehe unten).<\/li>\n<li>Ausschlie\u00dflich alle Booster Packs stammen aus \u201efactory sealed\u201c Boxen.<\/li>\n<li>Alle Karten in dieser Serie sind in englischer Sprache (maximaler Sammlerwert).<\/li>\n<li>3 von 50 Boxen enthalten zus\u00e4tzlich zu den 10 Booster Packs auch einen Memorabilia Germany <a href=\"https:\/\/memorabilia-germany.de\/de\/sport-memorabilia-faq\/#redemption\"><strong><u>Redemption Voucher<\/u><\/strong><\/a>. Ein Voucher kann bei uns gegen verschiedene komplette \u201efactory sealed\u201c Boxen mit bis zu 36 Booster Packs eingetauscht werden.<\/li>\n<li>Online Special: Eine Box der Serie enth\u00e4lt zus\u00e4tzlich auch diverse Code Cards unterschiedlichster Trainer Boxen f\u00fcr das Online Game Pok\u00e9mon TCG Live!<\/li>\n<li>Viele Boxen der Serie enthalten zus\u00e4tzlich auch Pok\u00e9mon TCG Gaming Material wie W\u00fcrfel, seltene Coins, TCG Energy Cards oder Promo Cards.<\/li>\n<li>Finde Pok\u00e9mon Sammelkarten aus weltweit ausverkauften Editionen vergangener Jahre sowie top aktuelle Karten, die erst im Jahr 2024 ver\u00f6ffentlicht wurden. Egal ob \u201erare\u201c, \u201esecret rare\u201c oder \u201eultra rare\u201c \u2013 hier kannst du wahre Sch\u00e4tze des Pok\u00e9mon TCG entdecken! Beispiele f\u00fcr Karten, die sich in den Mystery Boxen verbergen k\u00f6nnen sind Rayquaza GX, Lisia, Copycat, Blaziken GX, Scizor GX, Umbreon EX, M Alakazam EX, Glaceon EX, Team Rocket&#8217;s Handiwork, Lugia BREAK, Umbreon VMAX, Sylveon VMAX, Dragapult VMAX oder Copperajah VMAX.<\/li>\n<\/ul>\n<p>&nbsp;<\/p>\n<p><strong>Highlight Chances:<\/strong><\/p>\n<ul style=\"list-style-type: square;\">\n<li><a href=\"https:\/\/memorabilia-germany.de\/de\/sport-memorabilia-faq\/#redemption\"><strong><u>Redemption Vouchers<\/u><\/strong><\/a>: finde Redemption Vouchers und l\u00f6se sie gegen komplette Pok\u00e8mon Boxen ein!<\/li>\n<li>Sun &amp; Moon: Celestial Storm:\n<ul style=\"list-style-type: circle;\">\n<li>Rayquaza-GX, Articuno-GX, Blaziken-GX, Scizor-GX &amp; Stakataka-GX<\/li>\n<li>New Prism Star Cards inkl. Latios, Latias &amp; Jirachi<\/li>\n<li>Ultra Beasts, Celestial Storm Trainer Cards &amp; Rainbow-Energy Karten<\/li>\n<\/ul>\n<\/li>\n<li>Pok\u00e9mon XY Fates Collide:\n<ul style=\"list-style-type: circle;\">\n<li>M Alakazam EX, Umbreon EX, Glaceon EX, Team Rocket&#8217;s Handiwork &amp; Lugia BREAK<\/li>\n<li>New Fates Collide Pok\u00e9mon TURBO<\/li>\n<\/ul>\n<\/li>\n<li>Scarlet &amp; Violet: Paldean Fates:\n<ul style=\"list-style-type: circle;\">\n<li>Shiny Pikachu, Shiny Ceruledge, Shiny Tinkaton, Shiny Dondozo &amp; Shiny Tatsugiri<\/li>\n<li>Shiny Tera Pokemon ex: Charizard, Forretress &amp; Espathra<\/li>\n<\/ul>\n<\/li>\n<li>Sword &amp; Shield: Rebel Clash:\n<ul style=\"list-style-type: circle;\">\n<li>Rebel Clash Pok\u00e9mon V: Toxtricity V, Dubwool V, Boltund V &amp; Sandaconda V<\/li>\n<li>Copperajah VMAX + Dragapult VMAX<\/li>\n<\/ul>\n<\/li>\n<li>Sword &amp; Shield: Evolving Skies:\n<ul style=\"list-style-type: circle;\">\n<li>Rayquaza VMAX, Duraludon VMAX, Umbreon VMAX, Sylveon VMAX, Glaceon VMAX &amp; Leafeon VMAX<\/li>\n<li>Evolving Skies Pok\u00e9mon V Cards<\/li>\n<\/ul>\n<\/li>\n<li>Sun &amp; Moon:\n<ul style=\"list-style-type: circle;\">\n<li>Ultra Ball, Lillie, Umbreon GX, Espeon GX &amp; Psychic Energy<\/li>\n<\/ul>\n<\/li>\n<\/ul>\n","protected":false},"featured_media":35728,"template":"","meta":{"_acf_changed":false,"ocean_post_layout":"","ocean_both_sidebars_style":"","ocean_both_sidebars_content_width":0,"ocean_both_sidebars_sidebars_width":0,"ocean_sidebar":"0","ocean_second_sidebar":"0","ocean_disable_margins":"enable","ocean_add_body_class":"","ocean_shortcode_before_top_bar":"","ocean_shortcode_after_top_bar":"","ocean_shortcode_before_header":"","ocean_shortcode_after_header":"","ocean_has_shortcode":"","ocean_shortcode_after_title":"","ocean_shortcode_before_footer_widgets":"","ocean_shortcode_after_footer_widgets":"","ocean_shortcode_before_footer_bottom":"","ocean_shortcode_after_footer_bottom":"","ocean_display_top_bar":"default","ocean_display_header":"default","ocean_header_style":"","ocean_center_header_left_menu":"0","ocean_custom_header_template":"0","ocean_custom_logo":0,"ocean_custom_retina_logo":0,"ocean_custom_logo_max_width":0,"ocean_custom_logo_tablet_max_width":0,"ocean_custom_logo_mobile_max_width":0,"ocean_custom_logo_max_height":0,"ocean_custom_logo_tablet_max_height":0,"ocean_custom_logo_mobile_max_height":0,"ocean_header_custom_menu":"0","ocean_menu_typo_font_family":"0","ocean_menu_typo_font_subset":"","ocean_menu_typo_font_size":0,"ocean_menu_typo_font_size_tablet":0,"ocean_menu_typo_font_size_mobile":0,"ocean_menu_typo_font_size_unit":"px","ocean_menu_typo_font_weight":"","ocean_menu_typo_font_weight_tablet":"","ocean_menu_typo_font_weight_mobile":"","ocean_menu_typo_transform":"","ocean_menu_typo_transform_tablet":"","ocean_menu_typo_transform_mobile":"","ocean_menu_typo_line_height":0,"ocean_menu_typo_line_height_tablet":0,"ocean_menu_typo_line_height_mobile":0,"ocean_menu_typo_line_height_unit":"","ocean_menu_typo_spacing":0,"ocean_menu_typo_spacing_tablet":0,"ocean_menu_typo_spacing_mobile":0,"ocean_menu_typo_spacing_unit":"","ocean_menu_link_color":"","ocean_menu_link_color_hover":"","ocean_menu_link_color_active":"","ocean_menu_link_background":"","ocean_menu_link_hover_background":"","ocean_menu_link_active_background":"","ocean_menu_social_links_bg":"","ocean_menu_social_hover_links_bg":"","ocean_menu_social_links_color":"","ocean_menu_social_hover_links_color":"","ocean_disable_title":"default","ocean_disable_heading":"default","ocean_post_title":"","ocean_post_subheading":"","ocean_post_title_style":"","ocean_post_title_background_color":"","ocean_post_title_background":0,"ocean_post_title_bg_image_position":"","ocean_post_title_bg_image_attachment":"","ocean_post_title_bg_image_repeat":"","ocean_post_title_bg_image_size":"","ocean_post_title_height":0,"ocean_post_title_bg_overlay":0.5,"ocean_post_title_bg_overlay_color":"","ocean_disable_breadcrumbs":"default","ocean_breadcrumbs_color":"","ocean_breadcrumbs_separator_color":"","ocean_breadcrumbs_links_color":"","ocean_breadcrumbs_links_hover_color":"","ocean_display_footer_widgets":"default","ocean_display_footer_bottom":"default","ocean_custom_footer_template":"0","ofc_enable_fullscreen":"disable","ofc_fullscreen_speed":0,"ofc_fullscreen_nav":"enable","ofc_fullscreen_nav_pos":"right","ofc_fullscreen_nav_color":"","ofc_fullscreen_nav_tooltip_color":"","ofc_fullscreen_responsive":0},"product_brand":[],"product_cat":[1257,1710],"product_tag":[],"class_list":{"0":"post-35744","1":"product","2":"type-product","3":"status-publish","4":"has-post-thumbnail","6":"product_cat-absolute-carnage-1-ryan-stegman-donny-cates","7":"product_cat-gaming-trading-cards-mystery-box-pokemon-tcg-edition-10-unopened-packs","8":"product_shipping_class-versandklasse_a","10":"entry","11":"has-media","13":"first","14":"outofstock","15":"taxable","16":"shipping-taxable","17":"purchasable","18":"product-type-simple","19":"col","20":"span_1_of_4","21":"owp-content-center","22":"owp-thumbs-layout-horizontal","23":"owp-btn-normal","24":"owp-tabs-layout-horizontal"},"acf":[],"_links":{"self":[{"href":"https:\/\/memorabilia-germany.de\/de\/wp-json\/wp\/v2\/product\/35744","targetHints":{"allow":["GET"]}}],"collection":[{"href":"https:\/\/memorabilia-germany.de\/de\/wp-json\/wp\/v2\/product"}],"about":[{"href":"https:\/\/memorabilia-germany.de\/de\/wp-json\/wp\/v2\/types\/product"}],"version-history":[{"count":0,"href":"https:\/\/memorabilia-germany.de\/de\/wp-json\/wp\/v2\/product\/35744\/revisions"}],"wp:featuredmedia":[{"embeddable":true,"href":"https:\/\/memorabilia-germany.de\/de\/wp-json\/wp\/v2\/media\/35728"}],"wp:attachment":[{"href":"https:\/\/memorabilia-germany.de\/de\/wp-json\/wp\/v2\/media?parent=35744"}],"wp:term":[{"taxonomy":"product_brand","embeddable":true,"href":"https:\/\/memorabilia-germany.de\/de\/wp-json\/wp\/v2\/product_brand?post=35744"},{"taxonomy":"product_cat","embeddable":true,"href":"https:\/\/memorabilia-germany.de\/de\/wp-json\/wp\/v2\/product_cat?post=35744"},{"taxonomy":"product_tag","embeddable":true,"href":"https:\/\/memorabilia-germany.de\/de\/wp-json\/wp\/v2\/product_tag?post=35744"}],"curies":[{"name":"wp","href":"https:\/\/api.w.org\/{rel}","templated":true}]}}