{"id":35411,"date":"2024-01-16T13:50:38","date_gmt":"2024-01-16T12:50:38","guid":{"rendered":"https:\/\/memorabilia-germany.de\/?post_type=product&#038;p=35411"},"modified":"2026-01-23T09:40:22","modified_gmt":"2026-01-23T08:40:22","slug":"1999-2000-upper-deck-sp-authentic-hockey-single-pack","status":"publish","type":"product","link":"https:\/\/memorabilia-germany.de\/de\/produkt\/1999-2000-upper-deck-sp-authentic-hockey-single-pack\/","title":{"rendered":"1999\/2000 Upper Deck SP Authentic Hockey, Single Pack"},"content":{"rendered":"","protected":false},"excerpt":{"rendered":"<p><strong>Unge\u00f6ffnetes P\u00e4ckchen NHL Trading Cards, original aus dem Jahr 1999. Legenden wie Jaromir Jagr, Chris Pronger, Pavel Bure oder Scott Stevens spielten in der NHL, die zu dieser Saison zum ersten Mal einen Punkt f\u00fcr eine Niederlage in der Overtime vergab. Die New Jersey Devils besiegten die Dallas Stars am Ende der Saison in den Stanley Cup Finals. Zudem war die Saison von 1999 die erste Saison des neu in die NHL aufgenommen Teams Atlanta Thrashers, das aber nur bis zum Jahr 2011 in der NHL verbleiben sollte. Im sp\u00e4teren Verlauf der Saison wurde die Nummer 99, die Nummer der frisch in Rente gegangenen Legende Wayne Gretzky, in der gesamten Liga \u201eretired\u201c. Weitere Infos siehe unten.<\/strong><\/p>\n<ul style=\"list-style-type: square;\">\n<li>Inhalt des P\u00e4ckchens: 5 NHL Trading Cards<\/li>\n<li>Erscheinungsjahr: 1999<\/li>\n<li>Marke: Upper Deck<\/li>\n<li>Land: USA<\/li>\n<li>Das P\u00e4ckchen (\u201eSingle Pack\u201c) stammt aus einer durch Memorabilia Germany ge\u00f6ffneten \u201eHobby Box\u201c, die insgesamt 24 P\u00e4ckchen enth\u00e4lt. Alle P\u00e4ckchen sind trotz ihres Alters in einem makellosen Zustand.<\/li>\n<li>Diese Serie ist vollgepackt mit seltenen Autograph &#038; Memorabilia Cards von hohem Wert.<\/li>\n<li>Finde Brett Hull und Bobby Hull \u201cFather &#038; Son 500 Goal Club: A Piece of History\u201d Autographs in dieser Serie!<\/li>\n<li>Upper Deck SP Authentic Autograph &#038; Memorabilia Card Highlights:\n<ul style=\"list-style-type: circle;\">\n<li>500 Goal Club: A Piece of History Inserts<\/li>\n<li>500 Goal Club: A Piece of History Autographs<\/li>\n<li>Buyback Vintage SP Autographs &#8211; differently numbered (inkl. Authentication Certificate!)<\/li>\n<li>Honor Roll <\/li>\n<li>Legendary Heroes<\/li>\n<li>Sign of the Times<\/li>\n<li>Sign of the Times Gold &#8211; differently numbered<\/li>\n<li>Special Forces<\/li>\n<li>Tomorrow&#8217;s Headliners<\/li>\n<li>Supreme Skill<\/li>\n<\/ul>\n<\/li>\n<li>Au\u00dferdem enth\u00e4lt die Serie legend\u00e4re nummerierte Future Watch Inserts, original von 1999!<\/li>\n<\/li>\n<li>Die Rookie Class von 1999 gilt als eine der st\u00e4rksten Jahrg\u00e4nge aller Zeiten und umfasst zahlreiche Namen sp\u00e4terer NHL Superstars wie Brian Campbell, Ladislav Nagy, Mike Fisher, Nikolai Antropov, Jochen Hecht, John Grahame, Patrik Stefan, Brian Rafalski, John Madden, Jason Krog, Oleg Saprykin, Kyle Calder oder Dan Hinote.<\/li>\n<li>Background Infos 1999: Im letzten Jahr des 20. Jahrhunderts bereitet sich die Menschheit auf das Millenium vor. Ger\u00fcchte \u00fcber den Zusammenbruch von IT-Systemen und andere Szenarien machen die Runde, werden sich aber zum Jahreswechsel als falsch erweisen. Eishockey-Legende Wayne Gretzky beendet seine Karriere und gilt bis heute als bester NHL Spieler aller Zeiten. In den Kinos werden auch weiterhin Klassiker wie \u201eBlair Witch Project\u201c oder \u201eMatrix\u201c produziert und in den Charts sind Lieder von Britney Spears, den Backstreet Boys oder Destiny\u2019s Child zu finden. Unsere \u201eVintage\u201c Trading Cards sind ein Traum f\u00fcr jeden Nostalgiker und f\u00fcr jeden Sammler, da es sich nicht um Nachproduktionen der fr\u00fcheren Karten handelt, sondern alle P\u00e4ckchen original aus der Zeit entstammen, in der sie damals ver\u00f6ffentlicht wurden.<\/li>\n<\/ul>\n<p>Mehr Trading Cards von fr\u00fcher findest du <strong><a href=\"https:\/\/memorabilia-germany.de\/de\/trading-cards\">hier<\/a><\/strong>.<\/p>\n","protected":false},"featured_media":35397,"template":"","meta":{"_acf_changed":false,"ocean_post_layout":"","ocean_both_sidebars_style":"","ocean_both_sidebars_content_width":0,"ocean_both_sidebars_sidebars_width":0,"ocean_sidebar":"0","ocean_second_sidebar":"0","ocean_disable_margins":"enable","ocean_add_body_class":"","ocean_shortcode_before_top_bar":"","ocean_shortcode_after_top_bar":"","ocean_shortcode_before_header":"","ocean_shortcode_after_header":"","ocean_has_shortcode":"","ocean_shortcode_after_title":"","ocean_shortcode_before_footer_widgets":"","ocean_shortcode_after_footer_widgets":"","ocean_shortcode_before_footer_bottom":"","ocean_shortcode_after_footer_bottom":"","ocean_display_top_bar":"default","ocean_display_header":"default","ocean_header_style":"","ocean_center_header_left_menu":"0","ocean_custom_header_template":"0","ocean_custom_logo":0,"ocean_custom_retina_logo":0,"ocean_custom_logo_max_width":0,"ocean_custom_logo_tablet_max_width":0,"ocean_custom_logo_mobile_max_width":0,"ocean_custom_logo_max_height":0,"ocean_custom_logo_tablet_max_height":0,"ocean_custom_logo_mobile_max_height":0,"ocean_header_custom_menu":"0","ocean_menu_typo_font_family":"0","ocean_menu_typo_font_subset":"","ocean_menu_typo_font_size":0,"ocean_menu_typo_font_size_tablet":0,"ocean_menu_typo_font_size_mobile":0,"ocean_menu_typo_font_size_unit":"px","ocean_menu_typo_font_weight":"","ocean_menu_typo_font_weight_tablet":"","ocean_menu_typo_font_weight_mobile":"","ocean_menu_typo_transform":"","ocean_menu_typo_transform_tablet":"","ocean_menu_typo_transform_mobile":"","ocean_menu_typo_line_height":0,"ocean_menu_typo_line_height_tablet":0,"ocean_menu_typo_line_height_mobile":0,"ocean_menu_typo_line_height_unit":"","ocean_menu_typo_spacing":0,"ocean_menu_typo_spacing_tablet":0,"ocean_menu_typo_spacing_mobile":0,"ocean_menu_typo_spacing_unit":"","ocean_menu_link_color":"","ocean_menu_link_color_hover":"","ocean_menu_link_color_active":"","ocean_menu_link_background":"","ocean_menu_link_hover_background":"","ocean_menu_link_active_background":"","ocean_menu_social_links_bg":"","ocean_menu_social_hover_links_bg":"","ocean_menu_social_links_color":"","ocean_menu_social_hover_links_color":"","ocean_disable_title":"default","ocean_disable_heading":"default","ocean_post_title":"","ocean_post_subheading":"","ocean_post_title_style":"","ocean_post_title_background_color":"","ocean_post_title_background":0,"ocean_post_title_bg_image_position":"","ocean_post_title_bg_image_attachment":"","ocean_post_title_bg_image_repeat":"","ocean_post_title_bg_image_size":"","ocean_post_title_height":0,"ocean_post_title_bg_overlay":0.5,"ocean_post_title_bg_overlay_color":"","ocean_disable_breadcrumbs":"default","ocean_breadcrumbs_color":"","ocean_breadcrumbs_separator_color":"","ocean_breadcrumbs_links_color":"","ocean_breadcrumbs_links_hover_color":"","ocean_display_footer_widgets":"default","ocean_display_footer_bottom":"default","ocean_custom_footer_template":"0","ofc_enable_fullscreen":"disable","ofc_fullscreen_speed":0,"ofc_fullscreen_nav":"enable","ofc_fullscreen_nav_pos":"right","ofc_fullscreen_nav_color":"","ofc_fullscreen_nav_tooltip_color":"","ofc_fullscreen_responsive":0},"product_brand":[],"product_cat":[1685],"product_tag":[],"class_list":{"0":"post-35411","1":"product","2":"type-product","3":"status-publish","4":"has-post-thumbnail","6":"product_cat-1999-2000-upper-deck-sp-authentic-hockey-single-pack","7":"product_shipping_class-versandklasse_b","9":"entry","10":"has-media","12":"first","13":"instock","14":"taxable","15":"shipping-taxable","16":"purchasable","17":"product-type-simple","18":"col","19":"span_1_of_4","20":"owp-content-center","21":"owp-thumbs-layout-horizontal","22":"owp-btn-normal","23":"owp-tabs-layout-horizontal"},"acf":[],"_links":{"self":[{"href":"https:\/\/memorabilia-germany.de\/de\/wp-json\/wp\/v2\/product\/35411","targetHints":{"allow":["GET"]}}],"collection":[{"href":"https:\/\/memorabilia-germany.de\/de\/wp-json\/wp\/v2\/product"}],"about":[{"href":"https:\/\/memorabilia-germany.de\/de\/wp-json\/wp\/v2\/types\/product"}],"version-history":[{"count":0,"href":"https:\/\/memorabilia-germany.de\/de\/wp-json\/wp\/v2\/product\/35411\/revisions"}],"wp:featuredmedia":[{"embeddable":true,"href":"https:\/\/memorabilia-germany.de\/de\/wp-json\/wp\/v2\/media\/35397"}],"wp:attachment":[{"href":"https:\/\/memorabilia-germany.de\/de\/wp-json\/wp\/v2\/media?parent=35411"}],"wp:term":[{"taxonomy":"product_brand","embeddable":true,"href":"https:\/\/memorabilia-germany.de\/de\/wp-json\/wp\/v2\/product_brand?post=35411"},{"taxonomy":"product_cat","embeddable":true,"href":"https:\/\/memorabilia-germany.de\/de\/wp-json\/wp\/v2\/product_cat?post=35411"},{"taxonomy":"product_tag","embeddable":true,"href":"https:\/\/memorabilia-germany.de\/de\/wp-json\/wp\/v2\/product_tag?post=35411"}],"curies":[{"name":"wp","href":"https:\/\/api.w.org\/{rel}","templated":true}]}}