{"id":35391,"date":"2024-01-16T13:22:24","date_gmt":"2024-01-16T12:22:24","guid":{"rendered":"https:\/\/memorabilia-germany.de\/?post_type=product&#038;p=35391"},"modified":"2024-08-29T14:55:40","modified_gmt":"2024-08-29T12:55:40","slug":"1994-95-upper-deck-sp-hockey-single-pack","status":"publish","type":"product","link":"https:\/\/memorabilia-germany.de\/de\/produkt\/1994-95-upper-deck-sp-hockey-single-pack\/","title":{"rendered":"1994\/95 Upper Deck SP Hockey, Single Pack"},"content":{"rendered":"","protected":false},"excerpt":{"rendered":"<p><strong>Unge\u00f6ffnetes P\u00e4ckchen NHL Trading Cards, original aus dem Jahr 1994. Legenden wie Wayne Gretzky, Claude Lemieux oder Jaromir Jagr spielten in der NHL und die New Jersey Devils konnten die hoch favorisierten Detroit Red Wings um Sergei Fedorov per Sweep im Stanley Cup Finale nach hause schicken. In der Liga spielten noch Teams wie die Hartford Whalers oder Quebec Nordiques, die Vorg\u00e4nger der heutigen Carolina Hurricanes bzw. Colorado Avalanche. Au\u00dferdem spielten gleich mehrere Teams ihre letzte Saison in der bisherigen Heimat. Unter anderem war es die letzte Saison der Bruins im legend\u00e4ren Boston Garden. Weitere Infos siehe unten.<\/strong><\/p>\n<ul style=\"list-style-type: square;\">\n<li>Inhalt des P\u00e4ckchens: 8 NHL Trading Cards<\/li>\n<li>Erscheinungsjahr: 1994<\/li>\n<li>Marke: Upper Deck<\/li>\n<li>Land: USA<\/li>\n<li>Das P\u00e4ckchen (\u201eSingle Pack\u201c) stammt aus einer durch Memorabilia Germany ge\u00f6ffneten \u201eHobby Box\u201c, die insgesamt 32 P\u00e4ckchen enth\u00e4lt. Alle P\u00e4ckchen sind trotz ihres Alters in einem makellosen Zustand.<\/li>\n<li>Diese \u201eInaugural\u201c Edition ist die allerste SP Hockey Card Serie, die Upper Deck jemals auf den Markt gebracht hat.<\/li>\n<li>Finde Wayne Gretzky 2500 Point Insert Cards in dieser Serie!<\/li>\n<li>Upper Deck SP Insert &#038; Paralles Highlights (differently numbered):\n<ul style=\"list-style-type: circle;\">\n<li>Upper Deck SP Die-Cut Parallels<\/li>\n<li>Upper Deck SP Inserts<\/li>\n<li>Upper Deck Premier SP Inserts<\/li>\n<li>Upper Deck Premier SP Die-Cut Parallels<\/li>\n<\/ul>\n<\/li>\n<li>Finde originale Karten der NHL Legenden aus dem Jahr 1994 wie Wayne Gretzky, Claude Lemieux oder Jaromir Jagr in dieser Serie.<\/li>\n<li>Background Infos 1994: Nelson Mandela wird Pr\u00e4sident S\u00fcdafrikas, Sony bringt in Japan die allererste PlayStation auf den Markt, Michael Schumacher wird erster deutscher Formel 1 Weltmeister und im Fernsehen l\u00e4uft die erste Folge von \u201eFriends\u201c. Unsere \u201eVintage\u201c Trading Cards sind ein Traum f\u00fcr jeden Nostalgiker und f\u00fcr jeden Sammler, da es sich nicht um Nachproduktionen der fr\u00fcheren Karten handelt, sondern alle P\u00e4ckchen original aus der Zeit entstammen, in der sie damals ver\u00f6ffentlicht wurden.<\/li>\n<\/ul>\n<p>Mehr Trading Cards von fr\u00fcher findest du <strong><a href=\"https:\/\/memorabilia-germany.de\/de\/trading-cards\">hier<\/a><\/strong>.<\/p>\n","protected":false},"featured_media":35377,"template":"","meta":{"_acf_changed":false,"ocean_post_layout":"","ocean_both_sidebars_style":"","ocean_both_sidebars_content_width":0,"ocean_both_sidebars_sidebars_width":0,"ocean_sidebar":"0","ocean_second_sidebar":"0","ocean_disable_margins":"enable","ocean_add_body_class":"","ocean_shortcode_before_top_bar":"","ocean_shortcode_after_top_bar":"","ocean_shortcode_before_header":"","ocean_shortcode_after_header":"","ocean_has_shortcode":"","ocean_shortcode_after_title":"","ocean_shortcode_before_footer_widgets":"","ocean_shortcode_after_footer_widgets":"","ocean_shortcode_before_footer_bottom":"","ocean_shortcode_after_footer_bottom":"","ocean_display_top_bar":"default","ocean_display_header":"default","ocean_header_style":"","ocean_center_header_left_menu":"0","ocean_custom_header_template":"0","ocean_custom_logo":0,"ocean_custom_retina_logo":0,"ocean_custom_logo_max_width":0,"ocean_custom_logo_tablet_max_width":0,"ocean_custom_logo_mobile_max_width":0,"ocean_custom_logo_max_height":0,"ocean_custom_logo_tablet_max_height":0,"ocean_custom_logo_mobile_max_height":0,"ocean_header_custom_menu":"0","ocean_menu_typo_font_family":"0","ocean_menu_typo_font_subset":"","ocean_menu_typo_font_size":0,"ocean_menu_typo_font_size_tablet":0,"ocean_menu_typo_font_size_mobile":0,"ocean_menu_typo_font_size_unit":"px","ocean_menu_typo_font_weight":"","ocean_menu_typo_font_weight_tablet":"","ocean_menu_typo_font_weight_mobile":"","ocean_menu_typo_transform":"","ocean_menu_typo_transform_tablet":"","ocean_menu_typo_transform_mobile":"","ocean_menu_typo_line_height":0,"ocean_menu_typo_line_height_tablet":0,"ocean_menu_typo_line_height_mobile":0,"ocean_menu_typo_line_height_unit":"","ocean_menu_typo_spacing":0,"ocean_menu_typo_spacing_tablet":0,"ocean_menu_typo_spacing_mobile":0,"ocean_menu_typo_spacing_unit":"","ocean_menu_link_color":"","ocean_menu_link_color_hover":"","ocean_menu_link_color_active":"","ocean_menu_link_background":"","ocean_menu_link_hover_background":"","ocean_menu_link_active_background":"","ocean_menu_social_links_bg":"","ocean_menu_social_hover_links_bg":"","ocean_menu_social_links_color":"","ocean_menu_social_hover_links_color":"","ocean_disable_title":"default","ocean_disable_heading":"default","ocean_post_title":"","ocean_post_subheading":"","ocean_post_title_style":"","ocean_post_title_background_color":"","ocean_post_title_background":0,"ocean_post_title_bg_image_position":"","ocean_post_title_bg_image_attachment":"","ocean_post_title_bg_image_repeat":"","ocean_post_title_bg_image_size":"","ocean_post_title_height":0,"ocean_post_title_bg_overlay":0.5,"ocean_post_title_bg_overlay_color":"","ocean_disable_breadcrumbs":"default","ocean_breadcrumbs_color":"","ocean_breadcrumbs_separator_color":"","ocean_breadcrumbs_links_color":"","ocean_breadcrumbs_links_hover_color":"","ocean_display_footer_widgets":"default","ocean_display_footer_bottom":"default","ocean_custom_footer_template":"0","ofc_enable_fullscreen":"disable","ofc_fullscreen_speed":0,"ofc_fullscreen_nav":"enable","ofc_fullscreen_nav_pos":"right","ofc_fullscreen_nav_color":"","ofc_fullscreen_nav_tooltip_color":"","ofc_fullscreen_responsive":0},"product_brand":[],"product_cat":[1683],"product_tag":[],"class_list":{"0":"post-35391","1":"product","2":"type-product","3":"status-publish","4":"has-post-thumbnail","6":"product_cat-1994-95-upper-deck-sp-hockey-single-pack","7":"product_shipping_class-versandklasse_b","9":"entry","10":"has-media","12":"first","13":"instock","14":"taxable","15":"shipping-taxable","16":"purchasable","17":"product-type-simple","18":"col","19":"span_1_of_4","20":"owp-content-center","21":"owp-thumbs-layout-horizontal","22":"owp-btn-normal","23":"owp-tabs-layout-horizontal"},"acf":[],"_links":{"self":[{"href":"https:\/\/memorabilia-germany.de\/de\/wp-json\/wp\/v2\/product\/35391","targetHints":{"allow":["GET"]}}],"collection":[{"href":"https:\/\/memorabilia-germany.de\/de\/wp-json\/wp\/v2\/product"}],"about":[{"href":"https:\/\/memorabilia-germany.de\/de\/wp-json\/wp\/v2\/types\/product"}],"version-history":[{"count":0,"href":"https:\/\/memorabilia-germany.de\/de\/wp-json\/wp\/v2\/product\/35391\/revisions"}],"wp:featuredmedia":[{"embeddable":true,"href":"https:\/\/memorabilia-germany.de\/de\/wp-json\/wp\/v2\/media\/35377"}],"wp:attachment":[{"href":"https:\/\/memorabilia-germany.de\/de\/wp-json\/wp\/v2\/media?parent=35391"}],"wp:term":[{"taxonomy":"product_brand","embeddable":true,"href":"https:\/\/memorabilia-germany.de\/de\/wp-json\/wp\/v2\/product_brand?post=35391"},{"taxonomy":"product_cat","embeddable":true,"href":"https:\/\/memorabilia-germany.de\/de\/wp-json\/wp\/v2\/product_cat?post=35391"},{"taxonomy":"product_tag","embeddable":true,"href":"https:\/\/memorabilia-germany.de\/de\/wp-json\/wp\/v2\/product_tag?post=35391"}],"curies":[{"name":"wp","href":"https:\/\/api.w.org\/{rel}","templated":true}]}}